{"id":11153,"date":"2015-11-12T15:39:17","date_gmt":"2015-11-12T14:39:17","guid":{"rendered":"https:\/\/tubi.net\/?page_id=11153"},"modified":"2021-05-24T16:53:55","modified_gmt":"2021-05-24T14:53:55","slug":"centraltubi","status":"publish","type":"page","link":"https:\/\/tubi.net\/fr\/downloads-system-group\/centraltubi","title":{"rendered":"Centraltubi"},"content":{"rendered":"<div class=\"fusion-fullwidth fullwidth-box fusion-builder-row-1 nonhundred-percent-fullwidth non-hundred-percent-height-scrolling\" style=\"--awb-background-position:left top;--awb-border-sizes-top:0px;--awb-border-sizes-bottom:0px;--awb-border-sizes-left:0px;--awb-border-sizes-right:0px;--awb-border-radius-top-left:0px;--awb-border-radius-top-right:0px;--awb-border-radius-bottom-right:0px;--awb-border-radius-bottom-left:0px;--awb-padding-top:20px;--awb-padding-right:0px;--awb-padding-bottom:20px;--awb-padding-left:0px;--awb-flex-wrap:wrap;\" ><div class=\"fusion-builder-row fusion-row\"><div class=\"fusion-layout-column fusion_builder_column fusion-builder-column-0 fusion_builder_column_1_1 1_1 fusion-one-full fusion-column-first fusion-column-last fusion-column-no-min-height\" style=\"--awb-bg-size:cover;--awb-margin-bottom:0px;\"><div class=\"fusion-column-wrapper fusion-flex-column-wrapper-legacy\"><div class=\"fusion-recent-works fusion-portfolio-element fusion-portfolio fusion-portfolio-1 fusion-portfolio-grid fusion-portfolio-paging-pagination fusion-portfolio-six fusion-portfolio-no_text fusion-portfolio-rollover\" data-id=\"-rw-1\" data-columns=\"six\"><div><ul class=\"fusion-filters\" role=\"menu\" aria-label=\"Portfolio Filters\"><li role=\"presentation\" class=\"fusion-filter fusion-filter-all fusion-active\"><a href=\"#\" data-filter=\"*\" role=\"menuitem\">All<\/a><\/li><li role=\"presentation\" class=\"fusion-filter fusion-hidden\"><a href=\"#\" data-filter=\".catalogues-centraltubi\" role=\"menuitem\">Catalogues Centraltubi<\/a><\/li><li role=\"presentation\" class=\"fusion-filter fusion-hidden\"><a href=\"#\" data-filter=\".liste-des-prix-centraltubi\" role=\"menuitem\">Liste des prix Centraltubi<\/a><\/li><\/ul><\/div><style type=\"text\/css\">.fusion-portfolio-1 .fusion-portfolio-wrapper .fusion-col-spacing{padding:15px;}<\/style><div class=\"fusion-portfolio-wrapper\" id=\"fusion-portfolio-1\" data-picturesize=\"auto\" data-pages=\"1\" style=\"margin:-15px;\"><article id=\"portfolio-1-post-19352\" class=\"fusion-portfolio-post catalogues-centraltubi catalogues-systemes-de-gravite fusion-col-spacing post-19352\"><div class=\"fusion-portfolio-content-wrapper\" style=\"border:none;\"><span class=\"entry-title rich-snippet-hidden\">Tubes Spirales Poly\u00e9thyl\u00e8ne Polypropyl\u00e8ne \u2013 Centraltubi<\/span><span class=\"vcard rich-snippet-hidden\"><span class=\"fn\"><a href=\"https:\/\/tubi.net\/fr\/author\/admin-2tubinet\" title=\"Articles par Admin-2@tubiNet\" rel=\"author\">Admin-2@tubiNet<\/a><\/span><\/span><span class=\"updated rich-snippet-hidden\">2024-09-19T10:14:36+02:00<\/span><div  class=\"fusion-image-wrapper\" aria-haspopup=\"true\">\n\t\t\t\t<img decoding=\"async\" width=\"400\" height=\"600\" src=\"https:\/\/tubi.net\/wp-content\/uploads\/2017\/11\/SGK-PE-PP-SPIRAL-PIPES.jpg\" class=\"attachment-full size-full wp-post-image\" alt=\"\" srcset=\"https:\/\/tubi.net\/wp-content\/uploads\/2017\/11\/SGK-PE-PP-SPIRAL-PIPES-200x300.jpg 200w, https:\/\/tubi.net\/wp-content\/uploads\/2017\/11\/SGK-PE-PP-SPIRAL-PIPES.jpg 400w\" sizes=\"(min-width: 2200px) 100vw, (min-width: 1099px) 158px, (min-width: 1007px) 190px, (min-width: 915px) 238px, (min-width: 824px) 317px, (min-width: 732px) 475px, (min-width: 640px) 732px, \" \/><div class=\"fusion-rollover\">\n\t<div class=\"fusion-rollover-content\">\n\n\t\t\t\t\t\t\t\t\t\t\t\t\t\t<a class=\"fusion-rollover-link\" href=\"https:\/\/tubi.net\/wp-content\/uploads\/2017\/11\/SGK-ENG-FRA.pdf\" target=\"_blank\">https:\/\/tubi.net\/wp-content\/uploads\/2017\/11\/SGK-ENG-FRA.pdf<\/a>\n\t\t\t\n\t\t\t\t\t\t\t\t\n\t\t\n\t\t\t\t\t\t\t\t\n\t\t\t\t\t\t\t\t\n\t\t\n\t\t\t\t\t\t<a class=\"fusion-link-wrapper\" href=\"https:\/\/tubi.net\/wp-content\/uploads\/2017\/11\/SGK-ENG-FRA.pdf\" target=\"_blank\" aria-label=\"Tubes Spirales Poly\u00e9thyl\u00e8ne Polypropyl\u00e8ne \u2013 Centraltubi\"><\/a>\n\t<\/div>\n<\/div>\n<\/div>\n<\/div><\/article><article id=\"portfolio-1-post-18958\" class=\"fusion-portfolio-post liste-des-prix-centraltubi fusion-col-spacing post-18958\"><div class=\"fusion-portfolio-content-wrapper\" style=\"border:none;\"><span class=\"entry-title rich-snippet-hidden\">List Des Prix Tubes Polyathylene \u2013 Centraltubi<\/span><span class=\"vcard rich-snippet-hidden\"><span class=\"fn\"><\/span><\/span><span class=\"updated rich-snippet-hidden\">2021-05-24T13:04:12+02:00<\/span><div  class=\"fusion-image-wrapper\" aria-haspopup=\"true\">\n\t\t\t\t<img decoding=\"async\" width=\"400\" height=\"600\" src=\"https:\/\/tubi.net\/wp-content\/uploads\/2017\/07\/POLYETYLENE-SMOOTH-PIPES-e1499762983544.jpg\" class=\"attachment-full size-full wp-post-image\" alt=\"\" srcset=\"https:\/\/tubi.net\/wp-content\/uploads\/2017\/07\/POLYETYLENE-SMOOTH-PIPES-e1499762983544-200x300.jpg 200w, https:\/\/tubi.net\/wp-content\/uploads\/2017\/07\/POLYETYLENE-SMOOTH-PIPES-e1499762983544.jpg 400w\" sizes=\"(min-width: 2200px) 100vw, (min-width: 1099px) 158px, (min-width: 1007px) 190px, (min-width: 915px) 238px, (min-width: 824px) 317px, (min-width: 732px) 475px, (min-width: 640px) 732px, \" \/><div class=\"fusion-rollover\">\n\t<div class=\"fusion-rollover-content\">\n\n\t\t\t\t\t\t\t\t\t\t\t\t\t\t<a class=\"fusion-rollover-link\" href=\"https:\/\/tubi.net\/wp-content\/uploads\/2017\/07\/LISTINO-CTU-TUBI-LISCI-ENG-FRA.pdf\" target=\"_blank\">https:\/\/tubi.net\/wp-content\/uploads\/2017\/07\/LISTINO-CTU-TUBI-LISCI-ENG-FRA.pdf<\/a>\n\t\t\t\n\t\t\t\t\t\t\t\t\n\t\t\n\t\t\t\t\t\t\t\t\n\t\t\t\t\t\t\t\t\n\t\t\n\t\t\t\t\t\t<a class=\"fusion-link-wrapper\" href=\"https:\/\/tubi.net\/wp-content\/uploads\/2017\/07\/LISTINO-CTU-TUBI-LISCI-ENG-FRA.pdf\" target=\"_blank\" aria-label=\"List Des Prix Tubes Polyathylene \u2013 Centraltubi\"><\/a>\n\t<\/div>\n<\/div>\n<\/div>\n<\/div><\/article><article id=\"portfolio-1-post-21502\" class=\"fusion-portfolio-post catalogues-centraltubi fusion-col-spacing post-21502\"><div class=\"fusion-portfolio-content-wrapper\" style=\"border:none;\"><span class=\"entry-title rich-snippet-hidden\">Pipe Tracer &#8211; Identification localisation, detection<\/span><span class=\"vcard rich-snippet-hidden\"><span class=\"fn\"><\/span><\/span><span class=\"updated rich-snippet-hidden\">2021-05-24T13:03:44+02:00<\/span><div  class=\"fusion-image-wrapper\" aria-haspopup=\"true\">\n\t\t\t\t<img decoding=\"async\" width=\"400\" height=\"600\" src=\"https:\/\/tubi.net\/wp-content\/uploads\/2018\/11\/PIPE-TRACER-Identification-localisation-detection.jpg\" class=\"attachment-full size-full wp-post-image\" alt=\"PIPE-TRACER-Identification-localisation,-detection\" srcset=\"https:\/\/tubi.net\/wp-content\/uploads\/2018\/11\/PIPE-TRACER-Identification-localisation-detection-200x300.jpg 200w, https:\/\/tubi.net\/wp-content\/uploads\/2018\/11\/PIPE-TRACER-Identification-localisation-detection.jpg 400w\" sizes=\"(min-width: 2200px) 100vw, (min-width: 1099px) 158px, (min-width: 1007px) 190px, (min-width: 915px) 238px, (min-width: 824px) 317px, (min-width: 732px) 475px, (min-width: 640px) 732px, \" \/><div class=\"fusion-rollover\">\n\t<div class=\"fusion-rollover-content\">\n\n\t\t\t\t\t\t\t\t\t\t\t\t\t\t<a class=\"fusion-rollover-link\" href=\"https:\/\/tubi.net\/wp-content\/uploads\/2018\/11\/DEPLIANT-PIPE-TRACER-ENG-FRA.pdf\" target=\"_blank\">https:\/\/tubi.net\/wp-content\/uploads\/2018\/11\/DEPLIANT-PIPE-TRACER-ENG-FRA.pdf<\/a>\n\t\t\t\n\t\t\t\t\t\t\t\t\n\t\t\n\t\t\t\t\t\t\t\t\n\t\t\t\t\t\t\t\t\n\t\t\n\t\t\t\t\t\t<a class=\"fusion-link-wrapper\" href=\"https:\/\/tubi.net\/wp-content\/uploads\/2018\/11\/DEPLIANT-PIPE-TRACER-ENG-FRA.pdf\" target=\"_blank\" aria-label=\"Pipe Tracer &#8211; Identification localisation, detection\"><\/a>\n\t<\/div>\n<\/div>\n<\/div>\n<\/div><\/article><article id=\"portfolio-1-post-11170\" class=\"fusion-portfolio-post liste-des-prix-centraltubi liste-des-prix-futura fusion-col-spacing post-11170\"><div class=\"fusion-portfolio-content-wrapper\" style=\"border:none;\"><span class=\"entry-title rich-snippet-hidden\">Liste De Prix Tube Lisse \u00e0 Embo\u00eetement Tulip\u00e9 Plug&#038; Play<\/span><span class=\"vcard rich-snippet-hidden\"><span class=\"fn\"><\/span><\/span><span class=\"updated rich-snippet-hidden\">2021-05-24T13:09:03+02:00<\/span><div  class=\"fusion-image-wrapper\" aria-haspopup=\"true\">\n\t\t\t\t<img decoding=\"async\" width=\"400\" height=\"600\" src=\"https:\/\/tubi.net\/wp-content\/uploads\/2015\/11\/LISTINO-CTU-PLUGPLAY-02.jpg\" class=\"attachment-full size-full wp-post-image\" alt=\"LISTINO CTU PLUG&amp;PLAY 02\" srcset=\"https:\/\/tubi.net\/wp-content\/uploads\/2015\/11\/LISTINO-CTU-PLUGPLAY-02-200x300.jpg 200w, https:\/\/tubi.net\/wp-content\/uploads\/2015\/11\/LISTINO-CTU-PLUGPLAY-02.jpg 400w\" sizes=\"(min-width: 2200px) 100vw, (min-width: 1099px) 158px, (min-width: 1007px) 190px, (min-width: 915px) 238px, (min-width: 824px) 317px, (min-width: 732px) 475px, (min-width: 640px) 732px, \" \/><div class=\"fusion-rollover\">\n\t<div class=\"fusion-rollover-content\">\n\n\t\t\t\t\t\t\t\t\t\t\t\t\t\t<a class=\"fusion-rollover-link\" href=\"https:\/\/tubi.net\/wp-content\/uploads\/2015\/09\/LISTINO-CTU-PLUGPLAY-SYSTEM-02.2015-ING-FRA.pdf\" target=\"_blank\">https:\/\/tubi.net\/wp-content\/uploads\/2015\/09\/LISTINO-CTU-PLUGPLAY-SYSTEM-02.2015-ING-FRA.pdf<\/a>\n\t\t\t\n\t\t\t\t\t\t\t\t\n\t\t\n\t\t\t\t\t\t\t\t\n\t\t\t\t\t\t\t\t\n\t\t\n\t\t\t\t\t\t<a class=\"fusion-link-wrapper\" href=\"https:\/\/tubi.net\/wp-content\/uploads\/2015\/09\/LISTINO-CTU-PLUGPLAY-SYSTEM-02.2015-ING-FRA.pdf\" target=\"_blank\" aria-label=\"Liste De Prix Tube Lisse \u00e0 Embo\u00eetement Tulip\u00e9 Plug&#038; Play\"><\/a>\n\t<\/div>\n<\/div>\n<\/div>\n<\/div><\/article><article id=\"portfolio-1-post-13303\" class=\"fusion-portfolio-post liste-des-prix-centraltubi fusion-col-spacing post-13303\"><div class=\"fusion-portfolio-content-wrapper\" style=\"border:none;\"><span class=\"entry-title rich-snippet-hidden\">Tuyauterie en PE100 de haute flexibilit\u00e9 Centraltubi<\/span><span class=\"vcard rich-snippet-hidden\"><span class=\"fn\"><\/span><\/span><span class=\"updated rich-snippet-hidden\">2021-05-24T13:05:17+02:00<\/span><div  class=\"fusion-image-wrapper\" aria-haspopup=\"true\">\n\t\t\t\t<img decoding=\"async\" width=\"400\" height=\"600\" src=\"https:\/\/tubi.net\/wp-content\/uploads\/2016\/03\/LISTINO-CTU-PE100-FLEX-ENG-FRA-1-e1499762733397.jpg\" class=\"attachment-full size-full wp-post-image\" alt=\"LISTINO CTU PE100 FLEX ENG FRA-1\" srcset=\"https:\/\/tubi.net\/wp-content\/uploads\/2016\/03\/LISTINO-CTU-PE100-FLEX-ENG-FRA-1-e1499762733397-200x300.jpg 200w, https:\/\/tubi.net\/wp-content\/uploads\/2016\/03\/LISTINO-CTU-PE100-FLEX-ENG-FRA-1-e1499762733397.jpg 400w\" sizes=\"(min-width: 2200px) 100vw, (min-width: 1099px) 158px, (min-width: 1007px) 190px, (min-width: 915px) 238px, (min-width: 824px) 317px, (min-width: 732px) 475px, (min-width: 640px) 732px, \" \/><div class=\"fusion-rollover\">\n\t<div class=\"fusion-rollover-content\">\n\n\t\t\t\t\t\t\t\t\t\t\t\t\t\t<a class=\"fusion-rollover-link\" href=\"https:\/\/tubi.net\/wp-content\/uploads\/2016\/03\/LISTINO-CTU-PE100-FLEX-ENG-FRA.pdf\" target=\"_blank\">https:\/\/tubi.net\/wp-content\/uploads\/2016\/03\/LISTINO-CTU-PE100-FLEX-ENG-FRA.pdf<\/a>\n\t\t\t\n\t\t\t\t\t\t\t\t\n\t\t\n\t\t\t\t\t\t\t\t\n\t\t\t\t\t\t\t\t\n\t\t\n\t\t\t\t\t\t<a class=\"fusion-link-wrapper\" href=\"https:\/\/tubi.net\/wp-content\/uploads\/2016\/03\/LISTINO-CTU-PE100-FLEX-ENG-FRA.pdf\" target=\"_blank\" aria-label=\"Tuyauterie en PE100 de haute flexibilit\u00e9 Centraltubi\"><\/a>\n\t<\/div>\n<\/div>\n<\/div>\n<\/div><\/article><article id=\"portfolio-1-post-11345\" class=\"fusion-portfolio-post catalogues-centraltubi fusion-col-spacing post-11345\"><div class=\"fusion-portfolio-content-wrapper\" style=\"border:none;\"><span class=\"entry-title rich-snippet-hidden\">Catalogues Tubes Composites PE ACIER SGS &#8211; Centraltubi<\/span><span class=\"vcard rich-snippet-hidden\"><span class=\"fn\"><\/span><\/span><span class=\"updated rich-snippet-hidden\">2021-05-24T13:08:38+02:00<\/span><div  class=\"fusion-image-wrapper\" aria-haspopup=\"true\">\n\t\t\t\t<img decoding=\"async\" width=\"400\" height=\"600\" src=\"https:\/\/tubi.net\/wp-content\/uploads\/2015\/11\/LISTINO-CTU-SGS-ESTERO-11-e1499762796910.jpg\" class=\"attachment-full size-full wp-post-image\" alt=\"\" srcset=\"https:\/\/tubi.net\/wp-content\/uploads\/2015\/11\/LISTINO-CTU-SGS-ESTERO-11-e1499762796910-200x300.jpg 200w, https:\/\/tubi.net\/wp-content\/uploads\/2015\/11\/LISTINO-CTU-SGS-ESTERO-11-e1499762796910.jpg 400w\" sizes=\"(min-width: 2200px) 100vw, (min-width: 1099px) 158px, (min-width: 1007px) 190px, (min-width: 915px) 238px, (min-width: 824px) 317px, (min-width: 732px) 475px, (min-width: 640px) 732px, \" \/><div class=\"fusion-rollover\">\n\t<div class=\"fusion-rollover-content\">\n\n\t\t\t\t\t\t\t\t\t\t\t\t\t\t<a class=\"fusion-rollover-link\" href=\"https:\/\/tubi.net\/wp-content\/uploads\/2015\/11\/LISTINO-CTU-SGS-ESTERO-11.2012-ING-FRA-corretto.pdf\" target=\"_blank\">https:\/\/tubi.net\/wp-content\/uploads\/2015\/11\/LISTINO-CTU-SGS-ESTERO-11.2012-ING-FRA-corretto.pdf<\/a>\n\t\t\t\n\t\t\t\t\t\t\t\t\n\t\t\n\t\t\t\t\t\t\t\t\n\t\t\t\t\t\t\t\t\n\t\t\n\t\t\t\t\t\t<a class=\"fusion-link-wrapper\" href=\"https:\/\/tubi.net\/wp-content\/uploads\/2015\/11\/LISTINO-CTU-SGS-ESTERO-11.2012-ING-FRA-corretto.pdf\" target=\"_blank\" aria-label=\"Catalogues Tubes Composites PE ACIER SGS &#8211; Centraltubi\"><\/a>\n\t<\/div>\n<\/div>\n<\/div>\n<\/div><\/article><article id=\"portfolio-1-post-11339\" class=\"fusion-portfolio-post liste-des-prix-centraltubi fusion-col-spacing post-11339\"><div class=\"fusion-portfolio-content-wrapper\" style=\"border:none;\"><span class=\"entry-title rich-snippet-hidden\">List des prix Tubes Poly\u00e9thyl\u00e8ne PE100 Hautes Performances &#8211; Centraltubi<\/span><span class=\"vcard rich-snippet-hidden\"><span class=\"fn\"><\/span><\/span><span class=\"updated rich-snippet-hidden\">2021-05-24T13:08:39+02:00<\/span><div  class=\"fusion-image-wrapper\" aria-haspopup=\"true\">\n\t\t\t\t<img decoding=\"async\" width=\"300\" height=\"450\" src=\"https:\/\/tubi.net\/wp-content\/uploads\/2015\/11\/LISTINO-CTU-SAFE-EVOLUTION-EXPORT-02-e1499762813142.jpg\" class=\"attachment-full size-full wp-post-image\" alt=\"\" \/><div class=\"fusion-rollover\">\n\t<div class=\"fusion-rollover-content\">\n\n\t\t\t\t\t\t\t\t\t\t\t\t\t\t<a class=\"fusion-rollover-link\" href=\"https:\/\/tubi.net\/wp-content\/uploads\/2015\/11\/LISTINO-CTU-SAFE-EVOLUTION-EXPORT-02.2011-ING-FRA-TED.pdf\" target=\"_blank\">https:\/\/tubi.net\/wp-content\/uploads\/2015\/11\/LISTINO-CTU-SAFE-EVOLUTION-EXPORT-02.2011-ING-FRA-TED.pdf<\/a>\n\t\t\t\n\t\t\t\t\t\t\t\t\n\t\t\n\t\t\t\t\t\t\t\t\n\t\t\t\t\t\t\t\t\n\t\t\n\t\t\t\t\t\t<a class=\"fusion-link-wrapper\" href=\"https:\/\/tubi.net\/wp-content\/uploads\/2015\/11\/LISTINO-CTU-SAFE-EVOLUTION-EXPORT-02.2011-ING-FRA-TED.pdf\" target=\"_blank\" aria-label=\"List des prix Tubes Poly\u00e9thyl\u00e8ne PE100 Hautes Performances &#8211; Centraltubi\"><\/a>\n\t<\/div>\n<\/div>\n<\/div>\n<\/div><\/article><\/div><\/div><div class=\"fusion-clearfix\"><\/div><\/div><\/div><\/div><\/div>\n","protected":false},"excerpt":{"rendered":"","protected":false},"author":1,"featured_media":0,"parent":11124,"menu_order":3,"comment_status":"open","ping_status":"open","template":"100-width.php","meta":{"_acf_changed":false,"footnotes":""},"class_list":["post-11153","page","type-page","status-publish","hentry"],"acf":[],"_links":{"self":[{"href":"https:\/\/tubi.net\/fr\/wp-json\/wp\/v2\/pages\/11153","targetHints":{"allow":["GET"]}}],"collection":[{"href":"https:\/\/tubi.net\/fr\/wp-json\/wp\/v2\/pages"}],"about":[{"href":"https:\/\/tubi.net\/fr\/wp-json\/wp\/v2\/types\/page"}],"author":[{"embeddable":true,"href":"https:\/\/tubi.net\/fr\/wp-json\/wp\/v2\/users\/1"}],"replies":[{"embeddable":true,"href":"https:\/\/tubi.net\/fr\/wp-json\/wp\/v2\/comments?post=11153"}],"version-history":[{"count":0,"href":"https:\/\/tubi.net\/fr\/wp-json\/wp\/v2\/pages\/11153\/revisions"}],"up":[{"embeddable":true,"href":"https:\/\/tubi.net\/fr\/wp-json\/wp\/v2\/pages\/11124"}],"wp:attachment":[{"href":"https:\/\/tubi.net\/fr\/wp-json\/wp\/v2\/media?parent=11153"}],"curies":[{"name":"wp","href":"https:\/\/api.w.org\/{rel}","templated":true}]}}