{"id":11182,"date":"2015-11-12T17:19:12","date_gmt":"2015-11-12T16:19:12","guid":{"rendered":"https:\/\/tubi.net\/?page_id=11182"},"modified":"2021-05-24T16:54:47","modified_gmt":"2021-05-24T14:54:47","slug":"italiana-corrugati","status":"publish","type":"page","link":"https:\/\/tubi.net\/fr\/downloads-system-group\/italiana-corrugati","title":{"rendered":"Italiana Corrugati"},"content":{"rendered":"<div class=\"fusion-fullwidth fullwidth-box fusion-builder-row-1 nonhundred-percent-fullwidth non-hundred-percent-height-scrolling\" style=\"--awb-background-position:left top;--awb-border-sizes-top:0px;--awb-border-sizes-bottom:0px;--awb-border-sizes-left:0px;--awb-border-sizes-right:0px;--awb-border-radius-top-left:0px;--awb-border-radius-top-right:0px;--awb-border-radius-bottom-right:0px;--awb-border-radius-bottom-left:0px;--awb-padding-top:20px;--awb-padding-right:0px;--awb-padding-bottom:20px;--awb-padding-left:0px;--awb-flex-wrap:wrap;\" ><div class=\"fusion-builder-row fusion-row\"><div class=\"fusion-layout-column fusion_builder_column fusion-builder-column-0 fusion_builder_column_1_1 1_1 fusion-one-full fusion-column-first fusion-column-last fusion-column-no-min-height\" style=\"--awb-bg-size:cover;--awb-margin-bottom:0px;\"><div class=\"fusion-column-wrapper fusion-flex-column-wrapper-legacy\"><div class=\"fusion-recent-works fusion-portfolio-element fusion-portfolio fusion-portfolio-1 fusion-portfolio-grid fusion-portfolio-paging-pagination fusion-portfolio-six fusion-portfolio-no_text fusion-portfolio-rollover\" data-id=\"-rw-1\" data-columns=\"six\"><div><ul class=\"fusion-filters\" role=\"menu\" aria-label=\"Portfolio Filters\"><li role=\"presentation\" class=\"fusion-filter fusion-filter-all fusion-active\"><a href=\"#\" data-filter=\"*\" role=\"menuitem\">All<\/a><\/li><li role=\"presentation\" class=\"fusion-filter fusion-hidden\"><a href=\"#\" data-filter=\".catalogues-italiana-corrugati\" role=\"menuitem\">Catalogues Italiana Corrugati<\/a><\/li><li role=\"presentation\" class=\"fusion-filter fusion-hidden\"><a href=\"#\" data-filter=\".documents-italiana-corrugati\" role=\"menuitem\">Documents Italiana Corrugati<\/a><\/li><li role=\"presentation\" class=\"fusion-filter fusion-hidden\"><a href=\"#\" data-filter=\".liste-des-prix-italiana-corrugati\" role=\"menuitem\">Liste des prix Italiana Corrugati<\/a><\/li><\/ul><\/div><style type=\"text\/css\">.fusion-portfolio-1 .fusion-portfolio-wrapper .fusion-col-spacing{padding:15px;}<\/style><div class=\"fusion-portfolio-wrapper\" id=\"fusion-portfolio-1\" data-picturesize=\"auto\" data-pages=\"1\" style=\"margin:-15px;\"><article id=\"portfolio-1-post-46073\" class=\"fusion-portfolio-post documents-italiana-corrugati manuels-techniques-et-dutilisation fusion-col-spacing post-46073\"><div class=\"fusion-portfolio-content-wrapper\" style=\"border:none;\"><span class=\"entry-title rich-snippet-hidden\">Manuels techniques Magnum &#8211; Italiana Corrugati<\/span><span class=\"vcard rich-snippet-hidden\"><span class=\"fn\"><a href=\"https:\/\/tubi.net\/fr\/author\/admin-2tubinet\" title=\"Articles par Admin-2@tubiNet\" rel=\"author\">Admin-2@tubiNet<\/a><\/span><\/span><span class=\"updated rich-snippet-hidden\">2024-09-17T15:11:31+02:00<\/span><div  class=\"fusion-image-wrapper\" aria-haspopup=\"true\">\n\t\t\t\t<img decoding=\"async\" width=\"400\" height=\"600\" src=\"https:\/\/tubi.net\/wp-content\/uploads\/2015\/10\/MANUALE-MAGNUM.jpg\" class=\"attachment-full size-full wp-post-image\" alt=\"MANUALE MAGNUM\" srcset=\"https:\/\/tubi.net\/wp-content\/uploads\/2015\/10\/MANUALE-MAGNUM-200x300.jpg 200w, https:\/\/tubi.net\/wp-content\/uploads\/2015\/10\/MANUALE-MAGNUM.jpg 400w\" sizes=\"(min-width: 2200px) 100vw, (min-width: 1099px) 158px, (min-width: 1007px) 190px, (min-width: 915px) 238px, (min-width: 824px) 317px, (min-width: 732px) 475px, (min-width: 640px) 732px, \" \/><div class=\"fusion-rollover\">\n\t<div class=\"fusion-rollover-content\">\n\n\t\t\t\t\t\t\t\t\t\t\t\t\t\t<a class=\"fusion-rollover-link\" href=\"https:\/\/tubi.net\/wp-content\/uploads\/2020\/10\/MANUALE-TECNICO-TUBI-CORRUGATI-POLIETILENE_.pdf\" target=\"_blank\">https:\/\/tubi.net\/wp-content\/uploads\/2020\/10\/MANUALE-TECNICO-TUBI-CORRUGATI-POLIETILENE_.pdf<\/a>\n\t\t\t\n\t\t\t\t\t\t\t\t\n\t\t\n\t\t\t\t\t\t\t\t\n\t\t\t\t\t\t\t\t\n\t\t\n\t\t\t\t\t\t<a class=\"fusion-link-wrapper\" href=\"https:\/\/tubi.net\/wp-content\/uploads\/2020\/10\/MANUALE-TECNICO-TUBI-CORRUGATI-POLIETILENE_.pdf\" target=\"_blank\" aria-label=\"Manuels techniques Magnum &#8211; Italiana Corrugati\"><\/a>\n\t<\/div>\n<\/div>\n<\/div>\n<\/div><\/article><article id=\"portfolio-1-post-11187\" class=\"fusion-portfolio-post biogaz-et-decharges-catalogues catalogues-italiana-corrugati catalogues-systemes-de-gravite telecom-energie-et-vmc-catalogues fusion-col-spacing post-11187\"><div class=\"fusion-portfolio-content-wrapper\" style=\"border:none;\"><span class=\"entry-title rich-snippet-hidden\">Catalogues Tubes annel\u00e9s en poly\u00e9thyl\u00e8ne &#8211; Italiana Corrugati<\/span><span class=\"vcard rich-snippet-hidden\"><span class=\"fn\"><a href=\"https:\/\/tubi.net\/fr\/author\/admin-2tubinet\" title=\"Articles par Admin-2@tubiNet\" rel=\"author\">Admin-2@tubiNet<\/a><\/span><\/span><span class=\"updated rich-snippet-hidden\">2024-09-17T12:46:26+02:00<\/span><div  class=\"fusion-image-wrapper\" aria-haspopup=\"true\">\n\t\t\t\t<img decoding=\"async\" width=\"400\" height=\"600\" src=\"https:\/\/tubi.net\/wp-content\/uploads\/2015\/09\/CAVIDOTTO-EXPORT-e1499766545843.jpg\" class=\"attachment-full size-full wp-post-image\" alt=\"\" srcset=\"https:\/\/tubi.net\/wp-content\/uploads\/2015\/09\/CAVIDOTTO-EXPORT-e1499766545843-200x300.jpg 200w, https:\/\/tubi.net\/wp-content\/uploads\/2015\/09\/CAVIDOTTO-EXPORT-e1499766545843.jpg 400w\" sizes=\"(min-width: 2200px) 100vw, (min-width: 1099px) 158px, (min-width: 1007px) 190px, (min-width: 915px) 238px, (min-width: 824px) 317px, (min-width: 732px) 475px, (min-width: 640px) 732px, \" \/><div class=\"fusion-rollover\">\n\t<div class=\"fusion-rollover-content\">\n\n\t\t\t\t\t\t\t\t\t\t\t\t\t\t<a class=\"fusion-rollover-link\" href=\"https:\/\/tubi.net\/wp-content\/uploads\/2015\/09\/CAVIDOTTO-ESTERO.pdf\" target=\"_blank\">https:\/\/tubi.net\/wp-content\/uploads\/2015\/09\/CAVIDOTTO-ESTERO.pdf<\/a>\n\t\t\t\n\t\t\t\t\t\t\t\t\n\t\t\n\t\t\t\t\t\t\t\t\n\t\t\t\t\t\t\t\t\n\t\t\n\t\t\t\t\t\t<a class=\"fusion-link-wrapper\" href=\"https:\/\/tubi.net\/wp-content\/uploads\/2015\/09\/CAVIDOTTO-ESTERO.pdf\" target=\"_blank\" aria-label=\"Catalogues Tubes annel\u00e9s en poly\u00e9thyl\u00e8ne &#8211; Italiana Corrugati\"><\/a>\n\t<\/div>\n<\/div>\n<\/div>\n<\/div><\/article><article id=\"portfolio-1-post-20751\" class=\"fusion-portfolio-post catalogues-italiana-corrugati liste-des-prix-italiana-corrugati telecom-energie-et-vmc-catalogues fusion-col-spacing post-20751\"><div class=\"fusion-portfolio-content-wrapper\" style=\"border:none;\"><span class=\"entry-title rich-snippet-hidden\">Tuyaux annel\u00e9s pour VMC Ventilation m\u00e9canique contr\u00f4l\u00e9e<\/span><span class=\"vcard rich-snippet-hidden\"><span class=\"fn\"><a href=\"https:\/\/tubi.net\/fr\/author\/admin-2tubinet\" title=\"Articles par Admin-2@tubiNet\" rel=\"author\">Admin-2@tubiNet<\/a><\/span><\/span><span class=\"updated rich-snippet-hidden\">2024-09-19T15:53:01+02:00<\/span><div  class=\"fusion-image-wrapper\" aria-haspopup=\"true\">\n\t\t\t\t<img decoding=\"async\" width=\"400\" height=\"600\" src=\"https:\/\/tubi.net\/wp-content\/uploads\/2018\/05\/TUYAU-ANNELLE-POUR-VMC.jpg\" class=\"attachment-full size-full wp-post-image\" alt=\"\" srcset=\"https:\/\/tubi.net\/wp-content\/uploads\/2018\/05\/TUYAU-ANNELLE-POUR-VMC-200x300.jpg 200w, https:\/\/tubi.net\/wp-content\/uploads\/2018\/05\/TUYAU-ANNELLE-POUR-VMC.jpg 400w\" sizes=\"(min-width: 2200px) 100vw, (min-width: 1099px) 158px, (min-width: 1007px) 190px, (min-width: 915px) 238px, (min-width: 824px) 317px, (min-width: 732px) 475px, (min-width: 640px) 732px, \" \/><div class=\"fusion-rollover\">\n\t<div class=\"fusion-rollover-content\">\n\n\t\t\t\t\t\t\t\t\t\t\t\t\t\t<a class=\"fusion-rollover-link\" href=\"https:\/\/tubi.net\/wp-content\/uploads\/2020\/05\/AIRCOR-CATALOGUES-FRA.pdf\" target=\"_blank\">https:\/\/tubi.net\/wp-content\/uploads\/2020\/05\/AIRCOR-CATALOGUES-FRA.pdf<\/a>\n\t\t\t\n\t\t\t\t\t\t\t\t\n\t\t\n\t\t\t\t\t\t\t\t\n\t\t\t\t\t\t\t\t\n\t\t\n\t\t\t\t\t\t<a class=\"fusion-link-wrapper\" href=\"https:\/\/tubi.net\/wp-content\/uploads\/2020\/05\/AIRCOR-CATALOGUES-FRA.pdf\" target=\"_blank\" aria-label=\"Tuyaux annel\u00e9s pour VMC Ventilation m\u00e9canique contr\u00f4l\u00e9e\"><\/a>\n\t<\/div>\n<\/div>\n<\/div>\n<\/div><\/article><article id=\"portfolio-1-post-11617\" class=\"fusion-portfolio-post liste-des-prix-italiana-corrugati fusion-col-spacing post-11617\"><div class=\"fusion-portfolio-content-wrapper\" style=\"border:none;\"><span class=\"entry-title rich-snippet-hidden\">Liste des prix Syst\u00e8mes Complets Pour Canalisations D\u2019Assainissement Enterr\u00e9es &#8211; Italiana Corrugati<\/span><span class=\"vcard rich-snippet-hidden\"><span class=\"fn\"><\/span><\/span><span class=\"updated rich-snippet-hidden\">2021-05-24T13:08:12+02:00<\/span><div  class=\"fusion-image-wrapper\" aria-haspopup=\"true\">\n\t\t\t\t<img decoding=\"async\" width=\"300\" height=\"450\" src=\"https:\/\/tubi.net\/wp-content\/uploads\/2015\/11\/LISTINO-ITC-MAGNUM-01-e1499766143697.jpg\" class=\"attachment-full size-full wp-post-image\" alt=\"\" \/><div class=\"fusion-rollover\">\n\t<div class=\"fusion-rollover-content\">\n\n\t\t\t\t\t\t\t\t\t\t\t\t\t\t<a class=\"fusion-rollover-link\" href=\"https:\/\/tubi.net\/wp-content\/uploads\/2015\/11\/LISTINO-ITC-MAGNUM-01.2013-ING-FRA-TED.pdf\" target=\"_blank\">https:\/\/tubi.net\/wp-content\/uploads\/2015\/11\/LISTINO-ITC-MAGNUM-01.2013-ING-FRA-TED.pdf<\/a>\n\t\t\t\n\t\t\t\t\t\t\t\t\n\t\t\n\t\t\t\t\t\t\t\t\n\t\t\t\t\t\t\t\t\n\t\t\n\t\t\t\t\t\t<a class=\"fusion-link-wrapper\" href=\"https:\/\/tubi.net\/wp-content\/uploads\/2015\/11\/LISTINO-ITC-MAGNUM-01.2013-ING-FRA-TED.pdf\" target=\"_blank\" aria-label=\"Liste des prix Syst\u00e8mes Complets Pour Canalisations D\u2019Assainissement Enterr\u00e9es &#8211; Italiana Corrugati\"><\/a>\n\t<\/div>\n<\/div>\n<\/div>\n<\/div><\/article><article id=\"portfolio-1-post-20760\" class=\"fusion-portfolio-post catalogues-italiana-corrugati fusion-col-spacing post-20760\"><div class=\"fusion-portfolio-content-wrapper\" style=\"border:none;\"><span class=\"entry-title rich-snippet-hidden\">Conduites d\u2019assainissement avec joint m\u00e9canique \u00e0 double coquille Cor+<\/span><span class=\"vcard rich-snippet-hidden\"><span class=\"fn\"><\/span><\/span><span class=\"updated rich-snippet-hidden\">2021-05-24T13:03:55+02:00<\/span><div  class=\"fusion-image-wrapper\" aria-haspopup=\"true\">\n\t\t\t\t<img decoding=\"async\" width=\"400\" height=\"600\" src=\"https:\/\/tubi.net\/wp-content\/uploads\/2018\/05\/COR-1.jpg\" class=\"attachment-full size-full wp-post-image\" alt=\"COR+\" srcset=\"https:\/\/tubi.net\/wp-content\/uploads\/2018\/05\/COR-1-200x300.jpg 200w, https:\/\/tubi.net\/wp-content\/uploads\/2018\/05\/COR-1.jpg 400w\" sizes=\"(min-width: 2200px) 100vw, (min-width: 1099px) 158px, (min-width: 1007px) 190px, (min-width: 915px) 238px, (min-width: 824px) 317px, (min-width: 732px) 475px, (min-width: 640px) 732px, \" \/><div class=\"fusion-rollover\">\n\t<div class=\"fusion-rollover-content\">\n\n\t\t\t\t\t\t\t\t\t\t\t\t\t\t<a class=\"fusion-rollover-link\" href=\"https:\/\/tubi.net\/wp-content\/uploads\/2018\/05\/Conduites-d\u2019assainissement-avec-joint-m\u00e9canique-\u00e0-double-coquille-Cor.pdf\" target=\"_blank\">https:\/\/tubi.net\/wp-content\/uploads\/2018\/05\/Conduites-d\u2019assainissement-avec-joint-m\u00e9canique-\u00e0-double-coquille-Cor.pdf<\/a>\n\t\t\t\n\t\t\t\t\t\t\t\t\n\t\t\n\t\t\t\t\t\t\t\t\n\t\t\t\t\t\t\t\t\n\t\t\n\t\t\t\t\t\t<a class=\"fusion-link-wrapper\" href=\"https:\/\/tubi.net\/wp-content\/uploads\/2018\/05\/Conduites-d\u2019assainissement-avec-joint-m\u00e9canique-\u00e0-double-coquille-Cor.pdf\" target=\"_blank\" aria-label=\"Conduites d\u2019assainissement avec joint m\u00e9canique \u00e0 double coquille Cor+\"><\/a>\n\t<\/div>\n<\/div>\n<\/div>\n<\/div><\/article><\/div><\/div><div class=\"fusion-clearfix\"><\/div><\/div><\/div><\/div><\/div>\n","protected":false},"excerpt":{"rendered":"","protected":false},"author":1,"featured_media":0,"parent":11124,"menu_order":4,"comment_status":"open","ping_status":"open","template":"100-width.php","meta":{"_acf_changed":false,"footnotes":""},"class_list":["post-11182","page","type-page","status-publish","hentry"],"acf":[],"_links":{"self":[{"href":"https:\/\/tubi.net\/fr\/wp-json\/wp\/v2\/pages\/11182","targetHints":{"allow":["GET"]}}],"collection":[{"href":"https:\/\/tubi.net\/fr\/wp-json\/wp\/v2\/pages"}],"about":[{"href":"https:\/\/tubi.net\/fr\/wp-json\/wp\/v2\/types\/page"}],"author":[{"embeddable":true,"href":"https:\/\/tubi.net\/fr\/wp-json\/wp\/v2\/users\/1"}],"replies":[{"embeddable":true,"href":"https:\/\/tubi.net\/fr\/wp-json\/wp\/v2\/comments?post=11182"}],"version-history":[{"count":0,"href":"https:\/\/tubi.net\/fr\/wp-json\/wp\/v2\/pages\/11182\/revisions"}],"up":[{"embeddable":true,"href":"https:\/\/tubi.net\/fr\/wp-json\/wp\/v2\/pages\/11124"}],"wp:attachment":[{"href":"https:\/\/tubi.net\/fr\/wp-json\/wp\/v2\/media?parent=11182"}],"curies":[{"name":"wp","href":"https:\/\/api.w.org\/{rel}","templated":true}]}}