{"id":11226,"date":"2015-11-12T19:40:57","date_gmt":"2015-11-12T18:40:57","guid":{"rendered":"https:\/\/tubi.net\/?page_id=11226"},"modified":"2021-07-21T08:14:52","modified_gmt":"2021-07-21T06:14:52","slug":"futura","status":"publish","type":"page","link":"https:\/\/tubi.net\/fr\/downloads-system-group\/futura","title":{"rendered":"Futura"},"content":{"rendered":"<div class=\"fusion-fullwidth fullwidth-box fusion-builder-row-1 nonhundred-percent-fullwidth non-hundred-percent-height-scrolling\" style=\"--awb-background-position:left top;--awb-border-sizes-top:0px;--awb-border-sizes-bottom:0px;--awb-border-sizes-left:0px;--awb-border-sizes-right:0px;--awb-border-radius-top-left:0px;--awb-border-radius-top-right:0px;--awb-border-radius-bottom-right:0px;--awb-border-radius-bottom-left:0px;--awb-padding-top:20px;--awb-padding-right:0px;--awb-padding-bottom:20px;--awb-padding-left:0px;--awb-flex-wrap:wrap;\" ><div class=\"fusion-builder-row fusion-row\"><div class=\"fusion-layout-column fusion_builder_column fusion-builder-column-0 fusion_builder_column_1_1 1_1 fusion-one-full fusion-column-first fusion-column-last fusion-column-no-min-height\" style=\"--awb-bg-size:cover;--awb-margin-bottom:0px;\"><div class=\"fusion-column-wrapper fusion-flex-column-wrapper-legacy\"><div class=\"fusion-recent-works fusion-portfolio-element fusion-portfolio fusion-portfolio-1 fusion-portfolio-grid fusion-portfolio-paging-pagination fusion-portfolio-six fusion-portfolio-no_text fusion-portfolio-rollover\" data-id=\"-rw-1\" data-columns=\"six\"><div><ul class=\"fusion-filters\" role=\"menu\" aria-label=\"Portfolio Filters\"><li role=\"presentation\" class=\"fusion-filter fusion-filter-all fusion-active\"><a href=\"#\" data-filter=\"*\" role=\"menuitem\">All<\/a><\/li><li role=\"presentation\" class=\"fusion-filter fusion-hidden\"><a href=\"#\" data-filter=\".catalogues-futura\" role=\"menuitem\">Catalogues Futura<\/a><\/li><li role=\"presentation\" class=\"fusion-filter fusion-hidden\"><a href=\"#\" data-filter=\".liste-des-prix-futura\" role=\"menuitem\">Liste des prix Futura<\/a><\/li><\/ul><\/div><style type=\"text\/css\">.fusion-portfolio-1 .fusion-portfolio-wrapper .fusion-col-spacing{padding:15px;}<\/style><div class=\"fusion-portfolio-wrapper\" id=\"fusion-portfolio-1\" data-picturesize=\"auto\" data-pages=\"1\" style=\"margin:-15px;\"><article id=\"portfolio-1-post-46148\" class=\"fusion-portfolio-post aquaculture-en catalogues-systemes-de-gravite liste-des-prix-futura marine-aquaculture-et-dragage-catalogues reseaux-de-pression-catalogues fusion-col-spacing post-46148\"><div class=\"fusion-portfolio-content-wrapper\" style=\"border:none;\"><span class=\"entry-title rich-snippet-hidden\">Catalogue Produits et services<\/span><span class=\"vcard rich-snippet-hidden\"><span class=\"fn\"><a href=\"https:\/\/tubi.net\/fr\/author\/admintubi\" title=\"Articles par admin@tubi\" rel=\"author\">admin@tubi<\/a><\/span><\/span><span class=\"updated rich-snippet-hidden\">2024-09-19T16:34:20+02:00<\/span><div  class=\"fusion-image-wrapper\" aria-haspopup=\"true\">\n\t\t\t\t<img decoding=\"async\" width=\"400\" height=\"600\" src=\"https:\/\/tubi.net\/wp-content\/uploads\/2021\/07\/PRODUITS-ET-SERVICES.jpg\" class=\"attachment-full size-full wp-post-image\" alt=\"\" srcset=\"https:\/\/tubi.net\/wp-content\/uploads\/2021\/07\/PRODUITS-ET-SERVICES-200x300.jpg 200w, https:\/\/tubi.net\/wp-content\/uploads\/2021\/07\/PRODUITS-ET-SERVICES.jpg 400w\" sizes=\"(min-width: 2200px) 100vw, (min-width: 1099px) 158px, (min-width: 1007px) 190px, (min-width: 915px) 238px, (min-width: 824px) 317px, (min-width: 732px) 475px, (min-width: 640px) 732px, \" \/><div class=\"fusion-rollover\">\n\t<div class=\"fusion-rollover-content\">\n\n\t\t\t\t\t\t\t\t\t\t\t\t\t\t<a class=\"fusion-rollover-link\" href=\"https:\/\/tubi.net\/wp-content\/uploads\/2021\/07\/PRODUITS-ET-SERVICES.pdf\" target=\"_blank\">https:\/\/tubi.net\/wp-content\/uploads\/2021\/07\/PRODUITS-ET-SERVICES.pdf<\/a>\n\t\t\t\n\t\t\t\t\t\t\t\t\n\t\t\n\t\t\t\t\t\t\t\t\n\t\t\t\t\t\t\t\t\n\t\t\n\t\t\t\t\t\t<a class=\"fusion-link-wrapper\" href=\"https:\/\/tubi.net\/wp-content\/uploads\/2021\/07\/PRODUITS-ET-SERVICES.pdf\" target=\"_blank\" aria-label=\"Catalogue Produits et services\"><\/a>\n\t<\/div>\n<\/div>\n<\/div>\n<\/div><\/article><article id=\"portfolio-1-post-11170\" class=\"fusion-portfolio-post liste-des-prix-centraltubi liste-des-prix-futura fusion-col-spacing post-11170\"><div class=\"fusion-portfolio-content-wrapper\" style=\"border:none;\"><span class=\"entry-title rich-snippet-hidden\">Liste De Prix Tube Lisse \u00e0 Embo\u00eetement Tulip\u00e9 Plug&#038; Play<\/span><span class=\"vcard rich-snippet-hidden\"><span class=\"fn\"><\/span><\/span><span class=\"updated rich-snippet-hidden\">2021-05-24T13:09:03+02:00<\/span><div  class=\"fusion-image-wrapper\" aria-haspopup=\"true\">\n\t\t\t\t<img decoding=\"async\" width=\"400\" height=\"600\" src=\"https:\/\/tubi.net\/wp-content\/uploads\/2015\/11\/LISTINO-CTU-PLUGPLAY-02.jpg\" class=\"attachment-full size-full wp-post-image\" alt=\"LISTINO CTU PLUG&amp;PLAY 02\" srcset=\"https:\/\/tubi.net\/wp-content\/uploads\/2015\/11\/LISTINO-CTU-PLUGPLAY-02-200x300.jpg 200w, https:\/\/tubi.net\/wp-content\/uploads\/2015\/11\/LISTINO-CTU-PLUGPLAY-02.jpg 400w\" sizes=\"(min-width: 2200px) 100vw, (min-width: 1099px) 158px, (min-width: 1007px) 190px, (min-width: 915px) 238px, (min-width: 824px) 317px, (min-width: 732px) 475px, (min-width: 640px) 732px, \" \/><div class=\"fusion-rollover\">\n\t<div class=\"fusion-rollover-content\">\n\n\t\t\t\t\t\t\t\t\t\t\t\t\t\t<a class=\"fusion-rollover-link\" href=\"https:\/\/tubi.net\/wp-content\/uploads\/2015\/09\/LISTINO-CTU-PLUGPLAY-SYSTEM-02.2015-ING-FRA.pdf\" target=\"_blank\">https:\/\/tubi.net\/wp-content\/uploads\/2015\/09\/LISTINO-CTU-PLUGPLAY-SYSTEM-02.2015-ING-FRA.pdf<\/a>\n\t\t\t\n\t\t\t\t\t\t\t\t\n\t\t\n\t\t\t\t\t\t\t\t\n\t\t\t\t\t\t\t\t\n\t\t\n\t\t\t\t\t\t<a class=\"fusion-link-wrapper\" href=\"https:\/\/tubi.net\/wp-content\/uploads\/2015\/09\/LISTINO-CTU-PLUGPLAY-SYSTEM-02.2015-ING-FRA.pdf\" target=\"_blank\" aria-label=\"Liste De Prix Tube Lisse \u00e0 Embo\u00eetement Tulip\u00e9 Plug&#038; Play\"><\/a>\n\t<\/div>\n<\/div>\n<\/div>\n<\/div><\/article><article id=\"portfolio-1-post-11232\" class=\"fusion-portfolio-post liste-des-prix-futura fusion-col-spacing post-11232\"><div class=\"fusion-portfolio-content-wrapper\" style=\"border:none;\"><span class=\"entry-title rich-snippet-hidden\">Liste Des Prix Canyon &#8211; Futura<\/span><span class=\"vcard rich-snippet-hidden\"><span class=\"fn\"><\/span><\/span><span class=\"updated rich-snippet-hidden\">2021-05-24T13:08:52+02:00<\/span><div  class=\"fusion-image-wrapper\" aria-haspopup=\"true\">\n\t\t\t\t<img decoding=\"async\" width=\"400\" height=\"600\" src=\"https:\/\/tubi.net\/wp-content\/uploads\/2015\/09\/LISTINO-FUT-CANYON-ESTERO-01-e1448457473899.jpg\" class=\"attachment-full size-full wp-post-image\" alt=\"Drainage channels in pe for road surface run-off\" srcset=\"https:\/\/tubi.net\/wp-content\/uploads\/2015\/09\/LISTINO-FUT-CANYON-ESTERO-01-e1448457473899-200x300.jpg 200w, https:\/\/tubi.net\/wp-content\/uploads\/2015\/09\/LISTINO-FUT-CANYON-ESTERO-01-e1448457473899.jpg 400w\" sizes=\"(min-width: 2200px) 100vw, (min-width: 1099px) 158px, (min-width: 1007px) 190px, (min-width: 915px) 238px, (min-width: 824px) 317px, (min-width: 732px) 475px, (min-width: 640px) 732px, \" \/><div class=\"fusion-rollover\">\n\t<div class=\"fusion-rollover-content\">\n\n\t\t\t\t\t\t\t\t\t\t\t\t\t\t<a class=\"fusion-rollover-link\" href=\"https:\/\/tubi.net\/wp-content\/uploads\/2015\/09\/CANYON-EXPORT.pdf\" target=\"_blank\">https:\/\/tubi.net\/wp-content\/uploads\/2015\/09\/CANYON-EXPORT.pdf<\/a>\n\t\t\t\n\t\t\t\t\t\t\t\t\n\t\t\n\t\t\t\t\t\t\t\t\n\t\t\t\t\t\t\t\t\n\t\t\n\t\t\t\t\t\t<a class=\"fusion-link-wrapper\" href=\"https:\/\/tubi.net\/wp-content\/uploads\/2015\/09\/CANYON-EXPORT.pdf\" target=\"_blank\" aria-label=\"Liste Des Prix Canyon &#8211; Futura\"><\/a>\n\t<\/div>\n<\/div>\n<\/div>\n<\/div><\/article><article id=\"portfolio-1-post-13090\" class=\"fusion-portfolio-post catalogues-futura fusion-col-spacing post-13090\"><div class=\"fusion-portfolio-content-wrapper\" style=\"border:none;\"><span class=\"entry-title rich-snippet-hidden\">Raccords inject\u00e9s pour tubes annel\u00e9s en PE et PP<\/span><span class=\"vcard rich-snippet-hidden\"><span class=\"fn\"><a href=\"https:\/\/tubi.net\/fr\/author\/admin-2tubinet\" title=\"Articles par Admin-2@tubiNet\" rel=\"author\">Admin-2@tubiNet<\/a><\/span><\/span><span class=\"updated rich-snippet-hidden\">2021-07-21T08:14:14+02:00<\/span><div  class=\"fusion-image-wrapper\" aria-haspopup=\"true\">\n\t\t\t\t<img decoding=\"async\" width=\"400\" height=\"600\" src=\"https:\/\/tubi.net\/wp-content\/uploads\/2021\/07\/Injection-moulded-fittings-for-PE-and-PP-corrugated-pipeline-catalogues-Futura.jpg\" class=\"attachment-full size-full wp-post-image\" alt=\"\" srcset=\"https:\/\/tubi.net\/wp-content\/uploads\/2021\/07\/Injection-moulded-fittings-for-PE-and-PP-corrugated-pipeline-catalogues-Futura-200x300.jpg 200w, https:\/\/tubi.net\/wp-content\/uploads\/2021\/07\/Injection-moulded-fittings-for-PE-and-PP-corrugated-pipeline-catalogues-Futura.jpg 400w\" sizes=\"(min-width: 2200px) 100vw, (min-width: 1099px) 158px, (min-width: 1007px) 190px, (min-width: 915px) 238px, (min-width: 824px) 317px, (min-width: 732px) 475px, (min-width: 640px) 732px, \" \/><div class=\"fusion-rollover\">\n\t<div class=\"fusion-rollover-content\">\n\n\t\t\t\t\t\t\t\t\t\t\t\t\t\t<a class=\"fusion-rollover-link\" href=\"https:\/\/tubi.net\/wp-content\/uploads\/2016\/03\/CATALOGO-FUT-RACCORDI-ING-FRA.pdf\" target=\"_blank\">https:\/\/tubi.net\/wp-content\/uploads\/2016\/03\/CATALOGO-FUT-RACCORDI-ING-FRA.pdf<\/a>\n\t\t\t\n\t\t\t\t\t\t\t\t\n\t\t\n\t\t\t\t\t\t\t\t\n\t\t\t\t\t\t\t\t\n\t\t\n\t\t\t\t\t\t<a class=\"fusion-link-wrapper\" href=\"https:\/\/tubi.net\/wp-content\/uploads\/2016\/03\/CATALOGO-FUT-RACCORDI-ING-FRA.pdf\" target=\"_blank\" aria-label=\"Raccords inject\u00e9s pour tubes annel\u00e9s en PE et PP\"><\/a>\n\t<\/div>\n<\/div>\n<\/div>\n<\/div><\/article><\/div><\/div><div class=\"fusion-clearfix\"><\/div><\/div><\/div><\/div><\/div>\n","protected":false},"excerpt":{"rendered":"","protected":false},"author":11,"featured_media":0,"parent":11124,"menu_order":7,"comment_status":"open","ping_status":"open","template":"100-width.php","meta":{"_acf_changed":false,"footnotes":""},"class_list":["post-11226","page","type-page","status-publish","hentry"],"acf":[],"_links":{"self":[{"href":"https:\/\/tubi.net\/fr\/wp-json\/wp\/v2\/pages\/11226","targetHints":{"allow":["GET"]}}],"collection":[{"href":"https:\/\/tubi.net\/fr\/wp-json\/wp\/v2\/pages"}],"about":[{"href":"https:\/\/tubi.net\/fr\/wp-json\/wp\/v2\/types\/page"}],"author":[{"embeddable":true,"href":"https:\/\/tubi.net\/fr\/wp-json\/wp\/v2\/users\/11"}],"replies":[{"embeddable":true,"href":"https:\/\/tubi.net\/fr\/wp-json\/wp\/v2\/comments?post=11226"}],"version-history":[{"count":1,"href":"https:\/\/tubi.net\/fr\/wp-json\/wp\/v2\/pages\/11226\/revisions"}],"predecessor-version":[{"id":37148,"href":"https:\/\/tubi.net\/fr\/wp-json\/wp\/v2\/pages\/11226\/revisions\/37148"}],"up":[{"embeddable":true,"href":"https:\/\/tubi.net\/fr\/wp-json\/wp\/v2\/pages\/11124"}],"wp:attachment":[{"href":"https:\/\/tubi.net\/fr\/wp-json\/wp\/v2\/media?parent=11226"}],"curies":[{"name":"wp","href":"https:\/\/api.w.org\/{rel}","templated":true}]}}