{"id":11710,"date":"2015-09-25T13:19:10","date_gmt":"2015-09-25T11:19:10","guid":{"rendered":"https:\/\/tubi.net\/societes\/system-group-pvc\/"},"modified":"2024-06-18T15:29:23","modified_gmt":"2024-06-18T13:29:23","slug":"system-group-pvc","status":"publish","type":"page","link":"https:\/\/tubi.net\/fr\/societes\/system-group-pvc","title":{"rendered":"System Group PVC"},"content":{"rendered":"<div class=\"fusion-fullwidth fullwidth-box fusion-builder-row-1 nonhundred-percent-fullwidth non-hundred-percent-height-scrolling\" style=\"--awb-background-position:left top;--awb-border-sizes-top:0px;--awb-border-sizes-bottom:0px;--awb-border-sizes-left:0px;--awb-border-sizes-right:0px;--awb-border-radius-top-left:0px;--awb-border-radius-top-right:0px;--awb-border-radius-bottom-right:0px;--awb-border-radius-bottom-left:0px;--awb-padding-top:20px;--awb-padding-right:20px;--awb-padding-bottom:20px;--awb-padding-left:20px;--awb-flex-wrap:wrap;\" ><div class=\"fusion-builder-row fusion-row\"><div class=\"fusion-layout-column fusion_builder_column fusion-builder-column-0 fusion_builder_column_1_1 1_1 fusion-one-full fusion-column-first fusion-column-last\" style=\"--awb-bg-color:#ffffff;--awb-bg-color-hover:#ffffff;--awb-bg-size:cover;\"><div class=\"fusion-column-wrapper fusion-flex-column-wrapper-legacy\"><div class=\"video-wrapper\"><video style=\"object-fit: cover;\" preload=\"auto\" autoplay=\"autoplay\" loop=\"loop\" muted=\"false\" controls=\"controls\" width=\"100%\" height=\"600\"><source src=\"https:\/\/tubi.net\/wp-content\/uploads\/2024\/06\/SYSTEM-GROUP-PVC.mp4\" \/>Sorry, your browser doesn't support embedded videos.<\/video><\/div><div class=\"fusion-clearfix\"><\/div><\/div><\/div><div class=\"fusion-layout-column fusion_builder_column fusion-builder-column-1 fusion_builder_column_1_1 1_1 fusion-one-full fusion-column-first fusion-column-last\" style=\"--awb-bg-color:#ffffff;--awb-bg-color-hover:#ffffff;--awb-bg-size:cover;\"><div class=\"fusion-column-wrapper fusion-flex-column-wrapper-legacy\"><div class=\"fusion-text fusion-text-1\"><p style=\"text-align: justify;\"><span style=\"color: #000000;\"><strong>System Group PVC<\/strong> a \u00e9t\u00e9 fond\u00e9e en 1971 \u00e0 Certaldo, en Toscane, et acquise par la suite par System Group. <\/span><span style=\"color: #000000;\">L\u2019entreprise est sp\u00e9cialis\u00e9e dans la production de syst\u00e8mes de canalisations en PVC pour l&rsquo;eau, l\u2019assainissement et les puit.<\/span><\/p>\n<\/div><div class=\"fusion-clearfix\"><\/div><\/div><\/div><div class=\"fusion-layout-column fusion_builder_column fusion-builder-column-2 fusion_builder_column_1_1 1_1 fusion-one-full fusion-column-first fusion-column-last\" style=\"--awb-padding-top:10px;--awb-padding-right:10px;--awb-padding-bottom:10px;--awb-padding-left:10px;--awb-bg-size:cover;\"><div class=\"fusion-column-wrapper fusion-flex-column-wrapper-legacy\"><div class=\"fusion-text fusion-text-2\"><div class=\"btn-black-row\"><button class=\"btn-white\"><a href=\"https:\/\/tubi.net\/downloads-system-group\/system-group-pvc\/https:\/\/tubi.net\/fr\/downloads\/system-group-pvc\/\">Papiers<\/a><\/button><button class=\"btn-white margin-left\"><a href=\"https:\/\/tubi.net\/fr\/contatti\/\">Contactez nous<\/a><\/button><\/div>\n<div class=\"flex-left-row riferimenti-row\"><\/div>\n<\/div><div class=\"fusion-clearfix\"><\/div><\/div><\/div><div class=\"fusion-layout-column fusion_builder_column fusion-builder-column-3 fusion_builder_column_1_1 1_1 fusion-one-full fusion-column-first fusion-column-last\" style=\"--awb-bg-size:cover;\"><div class=\"fusion-column-wrapper fusion-column-has-shadow fusion-flex-column-wrapper-legacy\"><div class=\"fusion-text fusion-text-3\"><h4><span style=\"color: #000000;\"><strong>System Group PVC<\/strong><\/span><\/h4>\n<p><span style=\"color: #000000;\">Via Genova, 12 &#8211; 50052 CERTALDO (FI) &#8211; ITALIA<\/span><br \/>\n<span style=\"color: #000000;\">Tel. 0571 652220<\/span><br \/>\n<span style=\"color: #0000ff;\"><span style=\"color: #000000;\">Mail:<\/span> systemgrouppvc.pu@legalmail.it<\/span><br \/>\n<span style=\"color: #000000;\">Entreprise soumise \u00e0 la gestion et \u00e0 la coordination de HB Boscarini S.p.A.<\/span><\/p>\n<\/div><div class=\"fusion-clearfix\"><\/div><\/div><\/div><\/div><\/div>\n","protected":false},"excerpt":{"rendered":"","protected":false},"author":11,"featured_media":0,"parent":8577,"menu_order":11,"comment_status":"open","ping_status":"open","template":"side-navigation.php","meta":{"_acf_changed":false,"footnotes":""},"class_list":["post-11710","page","type-page","status-publish","hentry"],"acf":[],"_links":{"self":[{"href":"https:\/\/tubi.net\/fr\/wp-json\/wp\/v2\/pages\/11710","targetHints":{"allow":["GET"]}}],"collection":[{"href":"https:\/\/tubi.net\/fr\/wp-json\/wp\/v2\/pages"}],"about":[{"href":"https:\/\/tubi.net\/fr\/wp-json\/wp\/v2\/types\/page"}],"author":[{"embeddable":true,"href":"https:\/\/tubi.net\/fr\/wp-json\/wp\/v2\/users\/11"}],"replies":[{"embeddable":true,"href":"https:\/\/tubi.net\/fr\/wp-json\/wp\/v2\/comments?post=11710"}],"version-history":[{"count":15,"href":"https:\/\/tubi.net\/fr\/wp-json\/wp\/v2\/pages\/11710\/revisions"}],"predecessor-version":[{"id":44948,"href":"https:\/\/tubi.net\/fr\/wp-json\/wp\/v2\/pages\/11710\/revisions\/44948"}],"up":[{"embeddable":true,"href":"https:\/\/tubi.net\/fr\/wp-json\/wp\/v2\/pages\/8577"}],"wp:attachment":[{"href":"https:\/\/tubi.net\/fr\/wp-json\/wp\/v2\/media?parent=11710"}],"curies":[{"name":"wp","href":"https:\/\/api.w.org\/{rel}","templated":true}]}}