{"id":22723,"date":"2019-10-21T15:12:33","date_gmt":"2019-10-21T13:12:33","guid":{"rendered":"https:\/\/tubi.net\/?page_id=22723"},"modified":"2024-10-03T15:03:32","modified_gmt":"2024-10-03T13:03:32","slug":"replast","status":"publish","type":"page","link":"https:\/\/tubi.net\/fr\/societes\/replast","title":{"rendered":"Replast Group"},"content":{"rendered":"<div class=\"fusion-fullwidth fullwidth-box fusion-builder-row-1 nonhundred-percent-fullwidth non-hundred-percent-height-scrolling\" style=\"--awb-background-position:left top;--awb-border-sizes-top:0px;--awb-border-sizes-bottom:0px;--awb-border-sizes-left:0px;--awb-border-sizes-right:0px;--awb-border-radius-top-left:0px;--awb-border-radius-top-right:0px;--awb-border-radius-bottom-right:0px;--awb-border-radius-bottom-left:0px;--awb-flex-wrap:wrap;\" ><div class=\"fusion-builder-row fusion-row\"><div class=\"fusion-layout-column fusion_builder_column fusion-builder-column-0 fusion_builder_column_1_1 1_1 fusion-one-full fusion-column-first fusion-column-last\" style=\"--awb-bg-color:#ffffff;--awb-bg-color-hover:#ffffff;--awb-bg-size:cover;\"><div class=\"fusion-column-wrapper fusion-flex-column-wrapper-legacy\"><div class=\"fusion-video fusion-selfhosted-video\" style=\"max-width:100%;\"><div class=\"video-wrapper\"><video playsinline=\"true\" width=\"100%\" style=\"object-fit: cover;\" autoplay=\"true\" muted=\"true\" loop=\"true\" preload=\"auto\" controls=\"1\"><source src=\"https:\/\/tubi.net\/wp-content\/uploads\/2024\/09\/REPLAST-VIDEO-DRONE-low-quality-modifiche-10.08.mp4\" type=\"video\/mp4\">Sorry, your browser doesn&#039;t support embedded videos.<\/video><\/div><\/div><div class=\"fusion-clearfix\"><\/div><\/div><\/div><div class=\"fusion-layout-column fusion_builder_column fusion-builder-column-1 fusion_builder_column_1_1 1_1 fusion-one-full fusion-column-first fusion-column-last fusion-column-no-min-height\" style=\"--awb-bg-blend:overlay;--awb-bg-size:cover;--awb-margin-bottom:0px;\"><div class=\"fusion-column-wrapper fusion-flex-column-wrapper-legacy\"><div class=\"fusion-text fusion-text-1\"><p style=\"text-align: justify;\"><span style=\"color: #000000;\"><strong>REPLAST GROUP<\/strong> est pr\u00e9sente sur le march\u00e9 du mati\u00e8re plastique depuis 40 ans. Les activit\u00e9s d\u00e9butent avec la production de volet roulant, pour passer \u00e0 la production du cl\u00f4tures et balustrades en plastique et \u00e0 l\u2019extrusion du profil pour le secteur du meuble. Pour la production on utilise plusieurs types du mat\u00e9riel, PVC rigide e morbide, poly\u00e9thyl\u00e8ne haute et basse densit\u00e9, et enfin le m\u00e9thacrylate, polypropyl\u00e8ne, et polycarbonate. Dans les ann\u00e9es \u201890, merci \u00e0 des nouveaux investissements, Replast Group augmente les lignes de production pour de nouveaux produits : il s\u2019agit de tubes annel\u00e9s en PVC et double paroi en PE pour la protection de c\u00e2bles et pour le drainage. En 2017 REPLAST GROUP entre dans le <strong>SYSTEM GROUP<\/strong>, group de r\u00e9f\u00e9rence dans le march\u00e9 pour la construction des r\u00e9seaux souterrains pour le transport des fluides et pour la protection de c\u00e2bles. REPLAST GROUP, avec les entreprises du groupe bien int\u00e9gr\u00e9es entre elles, a donc la possibilit\u00e9 d\u2019\u00e9largir la gamme de produits et proposer des solutions optimales, cibl\u00e9es \u00e0 la satisfaction du client.<\/span><\/p>\n<\/div><div class=\"fusion-text fusion-text-2\"><div class=\"btn-black-row\">\n<p><button class=\"btn-white\"><a href=\"https:\/\/tubi.net\/fr\/downloads-system-group\/replast-group\/\">Papiers<\/a><\/button><button class=\"btn-white margin-left\"><a href=\"https:\/\/tubi.net\/fr\/contatti\/\">Contact<\/a><\/button><button class=\"btn-white margin-left\"><a href=\"https:\/\/replastgroup.com\/en\/\">Website<\/a><\/button><\/p>\n<\/div>\n<div class=\"flex-left-row riferimenti-row\">\n<\/div><div class=\"fusion-text fusion-text-3\"><\/div><div class=\"fusion-clearfix\"><\/div><\/div><\/div><div class=\"fusion-layout-column fusion_builder_column fusion-builder-column-2 fusion_builder_column_1_1 1_1 fusion-one-full fusion-column-first fusion-column-last fusion-column-no-min-height\" style=\"--awb-bg-blend:overlay;--awb-bg-size:cover;--awb-margin-bottom:0px;\"><div class=\"fusion-column-wrapper fusion-flex-column-wrapper-legacy\"><div class=\"fusion-text fusion-text-4\"><h4 class=\"fusion-responsive-typography-calculated\" style=\"--fontsize: 24; line-height: 1.54;\" data-fontsize=\"24\" data-lineheight=\"36.96px\"><span style=\"color: #000000;\">Replast Group<\/span><\/h4>\n<p><span style=\"color: #000000;\">Via di Salt, 58 I-33047 REMANZACCO (UD)<\/span><br \/>\n<span style=\"color: #000000;\">Tel. 0432 668762<\/span><br \/>\n<span style=\"color: #000000;\">Mail: <a style=\"color: #000000;\" href=\"=\"><span style=\"color: #0000ff;\">replastgroup@tubi.net<\/span><\/a><\/span><br \/>\n<span style=\"color: #000000;\">Entreprise soumise \u00e0 la gestion et \u00e0 la coordination de HB Boscarini S.p.A.<\/span><\/p>\n<\/div><div class=\"fusion-text fusion-text-5\"><\/div><div class=\"fusion-clearfix\"><\/div><\/div><\/div><\/div><\/div>\n","protected":false},"excerpt":{"rendered":"","protected":false},"author":11,"featured_media":0,"parent":8577,"menu_order":12,"comment_status":"open","ping_status":"open","template":"side-navigation.php","meta":{"_acf_changed":false,"footnotes":""},"class_list":["post-22723","page","type-page","status-publish","hentry"],"acf":[],"_links":{"self":[{"href":"https:\/\/tubi.net\/fr\/wp-json\/wp\/v2\/pages\/22723","targetHints":{"allow":["GET"]}}],"collection":[{"href":"https:\/\/tubi.net\/fr\/wp-json\/wp\/v2\/pages"}],"about":[{"href":"https:\/\/tubi.net\/fr\/wp-json\/wp\/v2\/types\/page"}],"author":[{"embeddable":true,"href":"https:\/\/tubi.net\/fr\/wp-json\/wp\/v2\/users\/11"}],"replies":[{"embeddable":true,"href":"https:\/\/tubi.net\/fr\/wp-json\/wp\/v2\/comments?post=22723"}],"version-history":[{"count":18,"href":"https:\/\/tubi.net\/fr\/wp-json\/wp\/v2\/pages\/22723\/revisions"}],"predecessor-version":[{"id":46228,"href":"https:\/\/tubi.net\/fr\/wp-json\/wp\/v2\/pages\/22723\/revisions\/46228"}],"up":[{"embeddable":true,"href":"https:\/\/tubi.net\/fr\/wp-json\/wp\/v2\/pages\/8577"}],"wp:attachment":[{"href":"https:\/\/tubi.net\/fr\/wp-json\/wp\/v2\/media?parent=22723"}],"curies":[{"name":"wp","href":"https:\/\/api.w.org\/{rel}","templated":true}]}}