{"id":27246,"date":"2024-09-17T11:07:06","date_gmt":"2024-09-17T09:07:06","guid":{"rendered":"https:\/\/tubi.net\/?page_id=27246"},"modified":"2024-09-17T11:26:27","modified_gmt":"2024-09-17T09:26:27","slug":"irrigation","status":"publish","type":"page","link":"https:\/\/tubi.net\/fr\/downloads-system-group\/irrigation","title":{"rendered":"Irrigation"},"content":{"rendered":"<div class=\"fusion-fullwidth fullwidth-box fusion-builder-row-1 nonhundred-percent-fullwidth non-hundred-percent-height-scrolling\" style=\"--awb-background-position:left top;--awb-border-sizes-top:0px;--awb-border-sizes-bottom:0px;--awb-border-sizes-left:0px;--awb-border-sizes-right:0px;--awb-border-radius-top-left:0px;--awb-border-radius-top-right:0px;--awb-border-radius-bottom-right:0px;--awb-border-radius-bottom-left:0px;--awb-padding-top:20px;--awb-padding-right:0px;--awb-padding-bottom:20px;--awb-padding-left:0px;--awb-flex-wrap:wrap;\" ><div class=\"fusion-builder-row fusion-row\"><div class=\"fusion-layout-column fusion_builder_column fusion-builder-column-0 fusion_builder_column_1_1 1_1 fusion-one-full fusion-column-first fusion-column-last fusion-column-no-min-height\" style=\"--awb-bg-size:cover;--awb-margin-bottom:0px;\"><div class=\"fusion-column-wrapper fusion-flex-column-wrapper-legacy\"><div class=\"fusion-recent-works fusion-portfolio-element fusion-portfolio fusion-portfolio-1 fusion-portfolio-grid fusion-portfolio-paging-pagination fusion-portfolio-six fusion-portfolio-no_text fusion-portfolio-rollover\" data-id=\"-rw-1\" data-columns=\"six\"><div><ul class=\"fusion-filters\" role=\"menu\" aria-label=\"Portfolio Filters\"><li role=\"presentation\" class=\"fusion-filter fusion-filter-all fusion-active\"><a href=\"#\" data-filter=\"*\" role=\"menuitem\">All<\/a><\/li><li role=\"presentation\" class=\"fusion-filter fusion-hidden\"><a href=\"#\" data-filter=\".catalogues-irrigation\" role=\"menuitem\">Catalogues Irrigation<\/a><\/li><li role=\"presentation\" class=\"fusion-filter fusion-hidden\"><a href=\"#\" data-filter=\".catalogues-sab\" role=\"menuitem\">Catalogues Sab<\/a><\/li><\/ul><\/div><style type=\"text\/css\">.fusion-portfolio-1 .fusion-portfolio-wrapper .fusion-col-spacing{padding:15px;}<\/style><div class=\"fusion-portfolio-wrapper\" id=\"fusion-portfolio-1\" data-picturesize=\"auto\" data-pages=\"1\" style=\"margin:-15px;\"><article id=\"portfolio-1-post-46046\" class=\"fusion-portfolio-post biogaz-et-decharges-catalogues catalogues-irrigation catalogues-systemes-de-gravite marine-aquaculture-et-dragage-catalogues reseaux-de-pression-catalogues telecom-energie-et-vmc-catalogues fusion-col-spacing post-46046\"><div class=\"fusion-portfolio-content-wrapper\" style=\"border:none;\"><span class=\"entry-title rich-snippet-hidden\">LISTINO-CTU-TUBI-LISCI-ENG-FRA.pdf<\/span><span class=\"vcard rich-snippet-hidden\"><span class=\"fn\"><a href=\"https:\/\/tubi.net\/fr\/author\/admin-2tubinet\" title=\"Articles par Admin-2@tubiNet\" rel=\"author\">Admin-2@tubiNet<\/a><\/span><\/span><span class=\"updated rich-snippet-hidden\">2024-09-17T10:50:44+02:00<\/span><div  class=\"fusion-image-wrapper\" aria-haspopup=\"true\">\n\t\t\t\t<img decoding=\"async\" width=\"400\" height=\"600\" src=\"https:\/\/tubi.net\/wp-content\/uploads\/2017\/07\/POLYETYLENE-SMOOTH-PIPES-e1499762983544.jpg\" class=\"attachment-full size-full wp-post-image\" alt=\"\" srcset=\"https:\/\/tubi.net\/wp-content\/uploads\/2017\/07\/POLYETYLENE-SMOOTH-PIPES-e1499762983544-200x300.jpg 200w, https:\/\/tubi.net\/wp-content\/uploads\/2017\/07\/POLYETYLENE-SMOOTH-PIPES-e1499762983544.jpg 400w\" sizes=\"(min-width: 2200px) 100vw, (min-width: 1099px) 158px, (min-width: 1007px) 190px, (min-width: 915px) 238px, (min-width: 824px) 317px, (min-width: 732px) 475px, (min-width: 640px) 732px, \" \/><div class=\"fusion-rollover\">\n\t<div class=\"fusion-rollover-content\">\n\n\t\t\t\t\t\t\t\t\t\t\t\t\t\t<a class=\"fusion-rollover-link\" href=\"https:\/\/tubi.net\/wp-content\/uploads\/2017\/07\/LISTINO-CTU-TUBI-LISCI-ENG-FRA.pdf\" target=\"_blank\">https:\/\/tubi.net\/wp-content\/uploads\/2017\/07\/LISTINO-CTU-TUBI-LISCI-ENG-FRA.pdf<\/a>\n\t\t\t\n\t\t\t\t\t\t\t\t\n\t\t\n\t\t\t\t\t\t\t\t\n\t\t\t\t\t\t\t\t\n\t\t\n\t\t\t\t\t\t<a class=\"fusion-link-wrapper\" href=\"https:\/\/tubi.net\/wp-content\/uploads\/2017\/07\/LISTINO-CTU-TUBI-LISCI-ENG-FRA.pdf\" target=\"_blank\" aria-label=\"LISTINO-CTU-TUBI-LISCI-ENG-FRA.pdf\"><\/a>\n\t<\/div>\n<\/div>\n<\/div>\n<\/div><\/article><article id=\"portfolio-1-post-21149\" class=\"fusion-portfolio-post catalogues-sab fusion-col-spacing post-21149\"><div class=\"fusion-portfolio-content-wrapper\" style=\"border:none;\"><span class=\"entry-title rich-snippet-hidden\">Tuyau distributeur d\u00e9di\u00e9 aux syst\u00e8mes d\u2019irrigation \u00e0 goutte &#8211; Sab<\/span><span class=\"vcard rich-snippet-hidden\"><span class=\"fn\"><a href=\"https:\/\/tubi.net\/fr\/author\/admin-2tubinet\" title=\"Articles par Admin-2@tubiNet\" rel=\"author\">Admin-2@tubiNet<\/a><\/span><\/span><span class=\"updated rich-snippet-hidden\">2023-04-12T09:23:41+02:00<\/span><div  class=\"fusion-image-wrapper\" aria-haspopup=\"true\">\n\t\t\t\t<img decoding=\"async\" width=\"400\" height=\"600\" src=\"https:\/\/tubi.net\/wp-content\/uploads\/2018\/08\/Catalogo-Tubo-distributore-dedicato-agli-impianti-di-irrigazione-a-goccia.jpg\" class=\"attachment-full size-full wp-post-image\" alt=\"\" srcset=\"https:\/\/tubi.net\/wp-content\/uploads\/2018\/08\/Catalogo-Tubo-distributore-dedicato-agli-impianti-di-irrigazione-a-goccia-200x300.jpg 200w, https:\/\/tubi.net\/wp-content\/uploads\/2018\/08\/Catalogo-Tubo-distributore-dedicato-agli-impianti-di-irrigazione-a-goccia.jpg 400w\" sizes=\"(min-width: 2200px) 100vw, (min-width: 1099px) 158px, (min-width: 1007px) 190px, (min-width: 915px) 238px, (min-width: 824px) 317px, (min-width: 732px) 475px, (min-width: 640px) 732px, \" \/><div class=\"fusion-rollover\">\n\t<div class=\"fusion-rollover-content\">\n\n\t\t\t\t\t\t\t\t\t\t\t\t\t\t<a class=\"fusion-rollover-link\" href=\"https:\/\/www.sabspa.com\/wp-content\/uploads\/2020\/06\/RioFlex.pdf\" target=\"_blank\">https:\/\/www.sabspa.com\/wp-content\/uploads\/2020\/06\/RioFlex.pdf<\/a>\n\t\t\t\n\t\t\t\t\t\t\t\t\n\t\t\n\t\t\t\t\t\t\t\t\n\t\t\t\t\t\t\t\t\n\t\t\n\t\t\t\t\t\t<a class=\"fusion-link-wrapper\" href=\"https:\/\/www.sabspa.com\/wp-content\/uploads\/2020\/06\/RioFlex.pdf\" target=\"_blank\" aria-label=\"Tuyau distributeur d\u00e9di\u00e9 aux syst\u00e8mes d\u2019irrigation \u00e0 goutte &#8211; Sab\"><\/a>\n\t<\/div>\n<\/div>\n<\/div>\n<\/div><\/article><article id=\"portfolio-1-post-11211\" class=\"fusion-portfolio-post catalogues-sab fusion-col-spacing post-11211\"><div class=\"fusion-portfolio-content-wrapper\" style=\"border:none;\"><span class=\"entry-title rich-snippet-hidden\">Catalogues MAGO SKY DRIPTAPE &#8211; Sab<\/span><span class=\"vcard rich-snippet-hidden\"><span class=\"fn\"><a href=\"https:\/\/tubi.net\/fr\/author\/admin-2tubinet\" title=\"Articles par Admin-2@tubiNet\" rel=\"author\">Admin-2@tubiNet<\/a><\/span><\/span><span class=\"updated rich-snippet-hidden\">2023-04-12T09:35:34+02:00<\/span><div  class=\"fusion-image-wrapper\" aria-haspopup=\"true\">\n\t\t\t\t<img decoding=\"async\" width=\"400\" height=\"600\" src=\"https:\/\/tubi.net\/wp-content\/uploads\/2015\/09\/cop-mago-e1499776131111.jpg\" class=\"attachment-full size-full wp-post-image\" alt=\"\" srcset=\"https:\/\/tubi.net\/wp-content\/uploads\/2015\/09\/cop-mago-e1499776131111-200x300.jpg 200w, https:\/\/tubi.net\/wp-content\/uploads\/2015\/09\/cop-mago-e1499776131111.jpg 400w\" sizes=\"(min-width: 2200px) 100vw, (min-width: 1099px) 158px, (min-width: 1007px) 190px, (min-width: 915px) 238px, (min-width: 824px) 317px, (min-width: 732px) 475px, (min-width: 640px) 732px, \" \/><div class=\"fusion-rollover\">\n\t<div class=\"fusion-rollover-content\">\n\n\t\t\t\t\t\t\t\t\t\t\t\t\t\t<a class=\"fusion-rollover-link\" href=\"https:\/\/www.sabspa.com\/wp-content\/uploads\/2018\/11\/Drip-line-drip-tape.pdf\" target=\"_blank\">https:\/\/www.sabspa.com\/wp-content\/uploads\/2018\/11\/Drip-line-drip-tape.pdf<\/a>\n\t\t\t\n\t\t\t\t\t\t\t\t\n\t\t\n\t\t\t\t\t\t\t\t\n\t\t\t\t\t\t\t\t\n\t\t\n\t\t\t\t\t\t<a class=\"fusion-link-wrapper\" href=\"https:\/\/www.sabspa.com\/wp-content\/uploads\/2018\/11\/Drip-line-drip-tape.pdf\" target=\"_blank\" aria-label=\"Catalogues MAGO SKY DRIPTAPE &#8211; Sab\"><\/a>\n\t<\/div>\n<\/div>\n<\/div>\n<\/div><\/article><\/div><\/div><div class=\"fusion-clearfix\"><\/div><\/div><\/div><\/div><\/div>\n","protected":false},"excerpt":{"rendered":"","protected":false},"author":11,"featured_media":0,"parent":11124,"menu_order":5,"comment_status":"open","ping_status":"closed","template":"100-width.php","meta":{"_acf_changed":false,"footnotes":""},"class_list":["post-27246","page","type-page","status-publish","hentry"],"acf":[],"_links":{"self":[{"href":"https:\/\/tubi.net\/fr\/wp-json\/wp\/v2\/pages\/27246","targetHints":{"allow":["GET"]}}],"collection":[{"href":"https:\/\/tubi.net\/fr\/wp-json\/wp\/v2\/pages"}],"about":[{"href":"https:\/\/tubi.net\/fr\/wp-json\/wp\/v2\/types\/page"}],"author":[{"embeddable":true,"href":"https:\/\/tubi.net\/fr\/wp-json\/wp\/v2\/users\/11"}],"replies":[{"embeddable":true,"href":"https:\/\/tubi.net\/fr\/wp-json\/wp\/v2\/comments?post=27246"}],"version-history":[{"count":5,"href":"https:\/\/tubi.net\/fr\/wp-json\/wp\/v2\/pages\/27246\/revisions"}],"predecessor-version":[{"id":46059,"href":"https:\/\/tubi.net\/fr\/wp-json\/wp\/v2\/pages\/27246\/revisions\/46059"}],"up":[{"embeddable":true,"href":"https:\/\/tubi.net\/fr\/wp-json\/wp\/v2\/pages\/11124"}],"wp:attachment":[{"href":"https:\/\/tubi.net\/fr\/wp-json\/wp\/v2\/media?parent=27246"}],"curies":[{"name":"wp","href":"https:\/\/api.w.org\/{rel}","templated":true}]}}