{"id":45313,"date":"2024-02-21T17:49:23","date_gmt":"2024-02-21T16:49:23","guid":{"rendered":"https:\/\/tubi.net\/sostenibilita-in-azienda"},"modified":"2026-02-26T16:20:27","modified_gmt":"2026-02-26T15:20:27","slug":"durabilite-des-enterprises","status":"publish","type":"page","link":"https:\/\/tubi.net\/fr\/durabilite-des-enterprises","title":{"rendered":"Durabilit\u00e9 des entreprises"},"content":{"rendered":"<p><div class=\"fusion-fullwidth fullwidth-box fusion-builder-row-1 fusion-flex-container has-pattern-background has-mask-background nonhundred-percent-fullwidth non-hundred-percent-height-scrolling\" style=\"--awb-border-radius-top-left:0px;--awb-border-radius-top-right:0px;--awb-border-radius-bottom-right:0px;--awb-border-radius-bottom-left:0px;--awb-padding-top:0%;--awb-padding-right:0%;--awb-padding-bottom:0%;--awb-padding-left:0%;--awb-flex-wrap:wrap;\" ><div class=\"fusion-builder-row fusion-row fusion-flex-align-items-flex-start fusion-flex-content-wrap\" style=\"max-width:1144px;margin-left: calc(-4% \/ 2 );margin-right: calc(-4% \/ 2 );\"><div class=\"fusion-layout-column fusion_builder_column fusion-builder-column-0 fusion_builder_column_1_1 1_1 fusion-flex-column\" style=\"--awb-padding-top:0%;--awb-padding-right:0%;--awb-padding-bottom:0%;--awb-padding-left:0%;--awb-bg-size:cover;--awb-width-large:100%;--awb-margin-top-large:0%;--awb-spacing-right-large:1.92%;--awb-margin-bottom-large:0%;--awb-spacing-left-large:1.92%;--awb-width-medium:100%;--awb-order-medium:0;--awb-spacing-right-medium:1.92%;--awb-spacing-left-medium:1.92%;--awb-width-small:100%;--awb-order-small:0;--awb-spacing-right-small:1.92%;--awb-spacing-left-small:1.92%;\" data-scroll-devices=\"small-visibility,medium-visibility,large-visibility\"><div class=\"fusion-column-wrapper fusion-column-has-shadow fusion-flex-justify-content-flex-start fusion-content-layout-column\"><div class=\"fusion-text fusion-text-1 fusion-text-no-margin\" style=\"--awb-margin-bottom:5px;\"><h2 style=\"text-align: center;\"><span style=\"color: #277022ff;\"><span class=\"OYPEnA text-decoration-none text-strikethrough-none\">Agir de mani\u00e8re durable dans les entreprises<\/span><\/span><\/h2>\n<\/div><\/div><\/div><div class=\"fusion-layout-column fusion_builder_column fusion-builder-column-1 fusion_builder_column_1_1 1_1 fusion-flex-column\" style=\"--awb-padding-right:5%;--awb-padding-left:5%;--awb-bg-size:cover;--awb-width-large:100%;--awb-margin-top-large:20px;--awb-spacing-right-large:1.92%;--awb-margin-bottom-large:0px;--awb-spacing-left-large:1.92%;--awb-width-medium:100%;--awb-order-medium:0;--awb-spacing-right-medium:1.92%;--awb-spacing-left-medium:1.92%;--awb-width-small:100%;--awb-order-small:0;--awb-spacing-right-small:1.92%;--awb-spacing-left-small:1.92%;\" data-scroll-devices=\"small-visibility,medium-visibility,large-visibility\"><div class=\"fusion-column-wrapper fusion-column-has-shadow fusion-flex-justify-content-flex-start fusion-content-layout-column\"><div class=\"fusion-text fusion-text-2\" style=\"--awb-font-size:16px;--awb-text-color:#000000;\"><p>Le groupe System fait preuve d&rsquo;un engagement fort en mati\u00e8re de durabilit\u00e9 sociale et environnementale, en s&rsquo;engageant dans des initiatives qui refl\u00e8tent son d\u00e9vouement \u00e0 l&rsquo;am\u00e9lioration de la communaut\u00e9 et \u00e0 la sauvegarde de l&rsquo;environnement. En soutenant des projets locaux, le groupe am\u00e9liore la r\u00e9gion, enrichissant sa vie sociale et \u00e9conomique. Cette strat\u00e9gie souligne l&rsquo;approche consciencieuse du groupe System pour relever les d\u00e9fis environnementaux et promouvoir un avenir durable pour les g\u00e9n\u00e9rations actuelles et futures.<\/p>\n<p style=\"text-align: justify;\"><span class=\"OYPEnA text-decoration-none text-strikethrough-none\">\u00a0<\/span><\/p>\n<\/div><\/div><\/div><\/div><\/div><div class=\"fusion-fullwidth fullwidth-box fusion-builder-row-2 fusion-flex-container has-pattern-background has-mask-background nonhundred-percent-fullwidth non-hundred-percent-height-scrolling\" style=\"--awb-border-radius-top-left:0px;--awb-border-radius-top-right:0px;--awb-border-radius-bottom-right:0px;--awb-border-radius-bottom-left:0px;--awb-padding-right:5%;--awb-padding-left:5%;--awb-margin-top:5%;--awb-margin-bottom:5%;--awb-flex-wrap:wrap;--awb-flex-wrap-small:wrap;\" ><div class=\"fusion-builder-row fusion-row fusion-flex-align-items-flex-start fusion-flex-justify-content-center fusion-flex-content-wrap\" style=\"max-width:1144px;margin-left: calc(-4% \/ 2 );margin-right: calc(-4% \/ 2 );\"><div class=\"fusion-layout-column fusion_builder_column fusion-builder-column-2 fusion_builder_column_1_2 1_2 fusion-flex-column fusion-flex-align-self-flex-start\" style=\"--awb-bg-size:cover;--awb-width-large:50%;--awb-margin-top-large:-2%;--awb-spacing-right-large:3.84%;--awb-margin-bottom-large:20px;--awb-spacing-left-large:3.84%;--awb-width-medium:100%;--awb-order-medium:0;--awb-spacing-right-medium:1.92%;--awb-spacing-left-medium:1.92%;--awb-width-small:100%;--awb-order-small:0;--awb-spacing-right-small:1.92%;--awb-spacing-left-small:1.92%;\" data-scroll-devices=\"small-visibility,medium-visibility,large-visibility\"><div class=\"fusion-column-wrapper fusion-column-has-shadow fusion-flex-justify-content-flex-start fusion-content-layout-column\"><div class=\"fusion-text fusion-text-3\" style=\"--awb-font-size:24px;--awb-text-color:#000000;\"><h3 class=\"cvGsUA direction-ltr align-start para-style-body\"><strong><span class=\"OYPEnA text-decoration-none text-strikethrough-none\">Syst\u00e8mes photovolta\u00efques \u00e0 grande \u00e9chelle<\/span><\/strong><\/h3>\n<ul>\n<li><span class=\"OYPEnA text-decoration-none text-strikethrough-none\">Installation de syst\u00e8mes photovolta\u00efques sur les toits des entrep\u00f4ts Futura, Sab et Uniline.<\/span><\/li>\n<\/ul>\n<\/div><\/div><\/div><div class=\"fusion-layout-column fusion_builder_column fusion-builder-column-3 fusion_builder_column_1_2 1_2 fusion-flex-column fusion-flex-align-self-center\" style=\"--awb-bg-size:cover;--awb-width-large:50%;--awb-margin-top-large:0px;--awb-spacing-right-large:3.84%;--awb-margin-bottom-large:20px;--awb-spacing-left-large:3.84%;--awb-width-medium:100%;--awb-order-medium:0;--awb-spacing-right-medium:1.92%;--awb-spacing-left-medium:1.92%;--awb-width-small:100%;--awb-order-small:0;--awb-spacing-right-small:1.92%;--awb-spacing-left-small:1.92%;\" data-scroll-devices=\"small-visibility,medium-visibility,large-visibility\"><div class=\"fusion-column-wrapper fusion-column-has-shadow fusion-flex-justify-content-center fusion-content-layout-column\"><div class=\"fusion-image-element \" style=\"text-align:center;--awb-caption-title-font-family:var(--h2_typography-font-family);--awb-caption-title-font-weight:var(--h2_typography-font-weight);--awb-caption-title-font-style:var(--h2_typography-font-style);--awb-caption-title-size:var(--h2_typography-font-size);--awb-caption-title-transform:var(--h2_typography-text-transform);--awb-caption-title-line-height:var(--h2_typography-line-height);--awb-caption-title-letter-spacing:var(--h2_typography-letter-spacing);\"><span class=\" fusion-imageframe imageframe-none imageframe-1 hover-type-zoomin\"><img decoding=\"async\" width=\"600\" height=\"400\" title=\"SOSTENIBILITA IN AZIENDA 4\" src=\"https:\/\/tubi.net\/wp-content\/uploads\/2024\/02\/SOSTENIBILITA-IN-AZIENDA-4.jpg\" alt class=\"img-responsive wp-image-43418\" srcset=\"https:\/\/tubi.net\/wp-content\/uploads\/2024\/02\/SOSTENIBILITA-IN-AZIENDA-4-200x133.jpg 200w, https:\/\/tubi.net\/wp-content\/uploads\/2024\/02\/SOSTENIBILITA-IN-AZIENDA-4-400x267.jpg 400w, https:\/\/tubi.net\/wp-content\/uploads\/2024\/02\/SOSTENIBILITA-IN-AZIENDA-4.jpg 600w\" sizes=\"(max-width: 1024px) 100vw, (max-width: 640px) 100vw, 600px\" \/><\/span><\/div><\/div><\/div><\/div><\/div><div class=\"fusion-fullwidth fullwidth-box fusion-builder-row-3 fusion-flex-container has-pattern-background has-mask-background nonhundred-percent-fullwidth non-hundred-percent-height-scrolling\" style=\"--awb-border-radius-top-left:0px;--awb-border-radius-top-right:0px;--awb-border-radius-bottom-right:0px;--awb-border-radius-bottom-left:0px;--awb-padding-right:5%;--awb-padding-left:5%;--awb-margin-top:5%;--awb-margin-bottom:5%;--awb-flex-wrap:wrap;--awb-flex-wrap-small:wrap;\" ><div class=\"fusion-builder-row fusion-row fusion-flex-align-items-flex-start fusion-flex-justify-content-center fusion-flex-content-wrap\" style=\"max-width:1144px;margin-left: calc(-4% \/ 2 );margin-right: calc(-4% \/ 2 );\"><div class=\"fusion-layout-column fusion_builder_column fusion-builder-column-4 fusion_builder_column_1_2 1_2 fusion-flex-column\" style=\"--awb-bg-size:cover;--awb-width-large:50%;--awb-margin-top-large:0px;--awb-spacing-right-large:3.84%;--awb-margin-bottom-large:20px;--awb-spacing-left-large:3.84%;--awb-width-medium:100%;--awb-order-medium:0;--awb-spacing-right-medium:1.92%;--awb-spacing-left-medium:1.92%;--awb-width-small:100%;--awb-order-small:0;--awb-spacing-right-small:1.92%;--awb-spacing-left-small:1.92%;\" data-scroll-devices=\"small-visibility,medium-visibility,large-visibility\"><div class=\"fusion-column-wrapper fusion-column-has-shadow fusion-flex-justify-content-flex-start fusion-content-layout-column\"><div class=\"fusion-image-element \" style=\"--awb-caption-title-font-family:var(--h2_typography-font-family);--awb-caption-title-font-weight:var(--h2_typography-font-weight);--awb-caption-title-font-style:var(--h2_typography-font-style);--awb-caption-title-size:var(--h2_typography-font-size);--awb-caption-title-transform:var(--h2_typography-text-transform);--awb-caption-title-line-height:var(--h2_typography-line-height);--awb-caption-title-letter-spacing:var(--h2_typography-letter-spacing);\"><span class=\" fusion-imageframe imageframe-none imageframe-2 hover-type-zoomin\"><img decoding=\"async\" width=\"600\" height=\"400\" title=\"SOSTENIBILITA IN AZIENDA 1\" src=\"https:\/\/tubi.net\/wp-content\/uploads\/2024\/02\/SOSTENIBILITA-IN-AZIENDA-1.jpg\" alt class=\"img-responsive wp-image-43409\" srcset=\"https:\/\/tubi.net\/wp-content\/uploads\/2024\/02\/SOSTENIBILITA-IN-AZIENDA-1-200x133.jpg 200w, https:\/\/tubi.net\/wp-content\/uploads\/2024\/02\/SOSTENIBILITA-IN-AZIENDA-1-400x267.jpg 400w, https:\/\/tubi.net\/wp-content\/uploads\/2024\/02\/SOSTENIBILITA-IN-AZIENDA-1.jpg 600w\" sizes=\"(max-width: 1024px) 100vw, (max-width: 640px) 100vw, 600px\" \/><\/span><\/div><\/div><\/div><div class=\"fusion-layout-column fusion_builder_column fusion-builder-column-5 fusion_builder_column_1_2 1_2 fusion-flex-column fusion-flex-align-self-flex-start\" style=\"--awb-bg-size:cover;--awb-width-large:50%;--awb-margin-top-large:-2%;--awb-spacing-right-large:3.84%;--awb-margin-bottom-large:20px;--awb-spacing-left-large:3.84%;--awb-width-medium:100%;--awb-order-medium:0;--awb-spacing-right-medium:1.92%;--awb-spacing-left-medium:1.92%;--awb-width-small:100%;--awb-order-small:0;--awb-spacing-right-small:1.92%;--awb-spacing-left-small:1.92%;\" data-scroll-devices=\"small-visibility,medium-visibility,large-visibility\"><div class=\"fusion-column-wrapper fusion-column-has-shadow fusion-flex-justify-content-flex-start fusion-content-layout-column\"><div class=\"fusion-text fusion-text-4\" style=\"--awb-font-size:24px;--awb-text-color:#000000;\"><h3 class=\"cvGsUA direction-ltr align-start para-style-body\" style=\"text-align: left;\"><strong><span class=\"OYPEnA text-decoration-none text-strikethrough-none\">Sensibilisation \u00e0 l&rsquo;environnement<\/span><\/strong><\/h3>\n<ul>\n<li style=\"text-align: left;\"><span class=\"OYPEnA text-decoration-none text-strikethrough-none\">La formation r\u00e9guli\u00e8re et approfondie de nos employ\u00e9s vise \u00e0 garantir que le th\u00e8me de la conservation de l&rsquo;\u00e9nergie est toujours pr\u00e9sent \u00e0 l&rsquo;esprit dans leur travail quotidien.<\/span><\/li>\n<li style=\"text-align: left;\"><span class=\"OYPEnA text-decoration-none text-strikethrough-none\">Mise en \u0153uvre d&rsquo;optimisations de processus (par exemple, dans le flux de mat\u00e9riaux et pour r\u00e9duire les distances de d\u00e9placement avec des chariots \u00e9l\u00e9vateurs au cours de la m\u00eame p\u00e9riode). <\/span><\/li>\n<li style=\"text-align: left;\"><span class=\"OYPEnA text-decoration-none text-strikethrough-none\">Une grande attention est accord\u00e9e \u00e0 l&rsquo;ordre et \u00e0 la propret\u00e9 afin d&rsquo;\u00e9viter que le plastique ne se disperse dans l&rsquo;environnement.<\/span><\/li>\n<\/ul>\n<\/div><\/div><\/div><\/div><\/div><div class=\"fusion-fullwidth fullwidth-box fusion-builder-row-4 fusion-flex-container has-pattern-background has-mask-background nonhundred-percent-fullwidth non-hundred-percent-height-scrolling\" style=\"--awb-border-radius-top-left:0px;--awb-border-radius-top-right:0px;--awb-border-radius-bottom-right:0px;--awb-border-radius-bottom-left:0px;--awb-padding-right:5%;--awb-padding-left:5%;--awb-margin-top:5%;--awb-margin-bottom:5%;--awb-flex-wrap:wrap;--awb-flex-wrap-small:wrap;\" ><div class=\"fusion-builder-row fusion-row fusion-flex-align-items-flex-start fusion-flex-justify-content-center fusion-flex-content-wrap\" style=\"max-width:1144px;margin-left: calc(-4% \/ 2 );margin-right: calc(-4% \/ 2 );\"><div class=\"fusion-layout-column fusion_builder_column fusion-builder-column-6 fusion_builder_column_1_2 1_2 fusion-flex-column fusion-flex-align-self-flex-start\" style=\"--awb-bg-size:cover;--awb-width-large:50%;--awb-margin-top-large:-2%;--awb-spacing-right-large:3.84%;--awb-margin-bottom-large:20px;--awb-spacing-left-large:3.84%;--awb-width-medium:100%;--awb-order-medium:0;--awb-spacing-right-medium:1.92%;--awb-spacing-left-medium:1.92%;--awb-width-small:100%;--awb-order-small:0;--awb-spacing-right-small:1.92%;--awb-spacing-left-small:1.92%;\" data-scroll-devices=\"small-visibility,medium-visibility,large-visibility\"><div class=\"fusion-column-wrapper fusion-column-has-shadow fusion-flex-justify-content-flex-start fusion-content-layout-column\"><div class=\"fusion-text fusion-text-5\" style=\"--awb-font-size:24px;--awb-text-color:#000000;\"><h3 class=\"cvGsUA direction-ltr align-start para-style-body\"><strong><span class=\"OYPEnA text-decoration-none text-strikethrough-none\">Stations de recharge \u00e9lectrique <\/span><\/strong><\/h3>\n<p>L&rsquo;installation de bornes de recharge pour v\u00e9hicules \u00e9lectriques dans les aires de stationnement r\u00e9serv\u00e9es aux sites de Centraltubi, Italiana Corrugati, Sab et Uniline repr\u00e9sente une initiative visant \u00e0 promouvoir la mobilit\u00e9 durable. Ce projet vise \u00e0 faciliter l&rsquo;utilisation de v\u00e9hicules \u00e9lectriques pour les employ\u00e9s et les visiteurs de ces entreprises, en leur offrant une solution pratique et \u00e9cologique pour recharger leurs v\u00e9hicules pendant leur s\u00e9jour dans les installations. Dans le but de r\u00e9duire l&#8217;empreinte carbone et de soutenir la transition vers un avenir plus vert, ces installations s&rsquo;inscrivent dans un contexte plus large de responsabilit\u00e9 environnementale et d&rsquo;innovation durable promu par les entreprises concern\u00e9es.<\/p>\n<\/div><\/div><\/div><div class=\"fusion-layout-column fusion_builder_column fusion-builder-column-7 fusion_builder_column_1_2 1_2 fusion-flex-column\" style=\"--awb-bg-size:cover;--awb-width-large:50%;--awb-margin-top-large:0px;--awb-spacing-right-large:3.84%;--awb-margin-bottom-large:20px;--awb-spacing-left-large:3.84%;--awb-width-medium:100%;--awb-order-medium:0;--awb-spacing-right-medium:1.92%;--awb-spacing-left-medium:1.92%;--awb-width-small:100%;--awb-order-small:0;--awb-spacing-right-small:1.92%;--awb-spacing-left-small:1.92%;\"><div class=\"fusion-column-wrapper fusion-column-has-shadow fusion-flex-justify-content-flex-start fusion-content-layout-column\"><div class=\"fusion-image-element \" style=\"--awb-caption-title-font-family:var(--h2_typography-font-family);--awb-caption-title-font-weight:var(--h2_typography-font-weight);--awb-caption-title-font-style:var(--h2_typography-font-style);--awb-caption-title-size:var(--h2_typography-font-size);--awb-caption-title-transform:var(--h2_typography-text-transform);--awb-caption-title-line-height:var(--h2_typography-line-height);--awb-caption-title-letter-spacing:var(--h2_typography-letter-spacing);\"><span class=\" fusion-imageframe imageframe-none imageframe-3 hover-type-zoomin\"><img decoding=\"async\" width=\"600\" height=\"400\" title=\"SOSTENIBILITA IN AZIENDA 2\" src=\"https:\/\/tubi.net\/wp-content\/uploads\/2024\/02\/SOSTENIBILITA-IN-AZIENDA-2.jpg\" alt class=\"img-responsive wp-image-43412\" srcset=\"https:\/\/tubi.net\/wp-content\/uploads\/2024\/02\/SOSTENIBILITA-IN-AZIENDA-2-200x133.jpg 200w, https:\/\/tubi.net\/wp-content\/uploads\/2024\/02\/SOSTENIBILITA-IN-AZIENDA-2-400x267.jpg 400w, https:\/\/tubi.net\/wp-content\/uploads\/2024\/02\/SOSTENIBILITA-IN-AZIENDA-2.jpg 600w\" sizes=\"(max-width: 1024px) 100vw, (max-width: 640px) 100vw, 600px\" \/><\/span><\/div><\/div><\/div><\/div><\/div><div class=\"fusion-fullwidth fullwidth-box fusion-builder-row-5 fusion-flex-container has-pattern-background has-mask-background nonhundred-percent-fullwidth non-hundred-percent-height-scrolling\" style=\"--awb-border-radius-top-left:0px;--awb-border-radius-top-right:0px;--awb-border-radius-bottom-right:0px;--awb-border-radius-bottom-left:0px;--awb-flex-wrap:wrap;\" ><div class=\"fusion-builder-row fusion-row fusion-flex-align-items-center fusion-flex-justify-content-center fusion-flex-content-wrap\" style=\"max-width:1144px;margin-left: calc(-4% \/ 2 );margin-right: calc(-4% \/ 2 );\"><div class=\"fusion-layout-column fusion_builder_column fusion-builder-column-8 fusion_builder_column_1_1 1_1 fusion-flex-column fusion-flex-align-self-center\" style=\"--awb-bg-size:cover;--awb-width-large:100%;--awb-margin-top-large:0px;--awb-spacing-right-large:1.92%;--awb-margin-bottom-large:20px;--awb-spacing-left-large:1.92%;--awb-width-medium:100%;--awb-order-medium:0;--awb-spacing-right-medium:1.92%;--awb-spacing-left-medium:1.92%;--awb-width-small:100%;--awb-order-small:0;--awb-spacing-right-small:1.92%;--awb-spacing-left-small:1.92%;\" data-scroll-devices=\"small-visibility,medium-visibility,large-visibility\"><div class=\"fusion-column-wrapper fusion-column-has-shadow fusion-flex-justify-content-center fusion-content-layout-column\"><div style=\"text-align:center;\"><a class=\"fusion-button button-flat fusion-button-default-size button-custom fusion-button-default button-1 fusion-button-default-span fusion-button-default-type bottone300\" style=\"--button_accent_color:#ffffff;--button_accent_hover_color:#ffffff;--button_border_hover_color:#ffffff;--button-border-radius-top-left:10px;--button-border-radius-top-right:10px;--button-border-radius-bottom-right:10px;--button-border-radius-bottom-left:10px;--button_gradient_top_color:#277022ff;--button_gradient_bottom_color:#277022ff;--button_gradient_top_color_hover:#960606;--button_gradient_bottom_color_hover:#960606;--button_font_size:var(--awb-typography2-font-size);--button_padding-top:20px;--button_padding-right:25px;--button_padding-bottom:20px;--button_padding-left:25px;\" target=\"_self\" href=\"https:\/\/tubi.net\/category\/iniziative-benefiche-system-group\/\"><span class=\"fusion-button-text awb-button__text awb-button__text--default\">D\u00c9COUVRIR PLUS<\/span><\/a><\/div><\/div><\/div><\/div><\/div><\/p>\n","protected":false},"excerpt":{"rendered":"","protected":false},"author":18,"featured_media":0,"parent":0,"menu_order":0,"comment_status":"closed","ping_status":"closed","template":"","meta":{"_acf_changed":false,"footnotes":""},"class_list":["post-45313","page","type-page","status-publish","hentry"],"acf":[],"_links":{"self":[{"href":"https:\/\/tubi.net\/fr\/wp-json\/wp\/v2\/pages\/45313","targetHints":{"allow":["GET"]}}],"collection":[{"href":"https:\/\/tubi.net\/fr\/wp-json\/wp\/v2\/pages"}],"about":[{"href":"https:\/\/tubi.net\/fr\/wp-json\/wp\/v2\/types\/page"}],"author":[{"embeddable":true,"href":"https:\/\/tubi.net\/fr\/wp-json\/wp\/v2\/users\/18"}],"replies":[{"embeddable":true,"href":"https:\/\/tubi.net\/fr\/wp-json\/wp\/v2\/comments?post=45313"}],"version-history":[{"count":7,"href":"https:\/\/tubi.net\/fr\/wp-json\/wp\/v2\/pages\/45313\/revisions"}],"predecessor-version":[{"id":48400,"href":"https:\/\/tubi.net\/fr\/wp-json\/wp\/v2\/pages\/45313\/revisions\/48400"}],"wp:attachment":[{"href":"https:\/\/tubi.net\/fr\/wp-json\/wp\/v2\/media?parent=45313"}],"curies":[{"name":"wp","href":"https:\/\/api.w.org\/{rel}","templated":true}]}}