{"id":45316,"date":"2024-02-20T14:17:38","date_gmt":"2024-02-20T13:17:38","guid":{"rendered":"https:\/\/tubi.net\/sostenibilita-sociale"},"modified":"2024-07-24T16:49:02","modified_gmt":"2024-07-24T14:49:02","slug":"durabilite-sociale","status":"publish","type":"page","link":"https:\/\/tubi.net\/fr\/durabilite-sociale","title":{"rendered":"Durabilit\u00e9 Sociale"},"content":{"rendered":"<p><div class=\"fusion-fullwidth fullwidth-box fusion-builder-row-1 fusion-flex-container has-pattern-background has-mask-background nonhundred-percent-fullwidth non-hundred-percent-height-scrolling\" style=\"--awb-border-radius-top-left:0px;--awb-border-radius-top-right:0px;--awb-border-radius-bottom-right:0px;--awb-border-radius-bottom-left:0px;--awb-padding-top:0%;--awb-padding-right:0%;--awb-padding-bottom:0%;--awb-padding-left:0%;--awb-flex-wrap:wrap;\" ><div class=\"fusion-builder-row fusion-row fusion-flex-align-items-flex-start fusion-flex-content-wrap\" style=\"max-width:1144px;margin-left: calc(-4% \/ 2 );margin-right: calc(-4% \/ 2 );\"><div class=\"fusion-layout-column fusion_builder_column fusion-builder-column-0 fusion_builder_column_1_1 1_1 fusion-flex-column\" style=\"--awb-padding-top:0%;--awb-padding-right:0%;--awb-padding-bottom:0%;--awb-padding-left:0%;--awb-bg-size:cover;--awb-width-large:100%;--awb-margin-top-large:0%;--awb-spacing-right-large:1.92%;--awb-margin-bottom-large:0%;--awb-spacing-left-large:1.92%;--awb-width-medium:100%;--awb-order-medium:0;--awb-spacing-right-medium:1.92%;--awb-spacing-left-medium:1.92%;--awb-width-small:100%;--awb-order-small:0;--awb-spacing-right-small:1.92%;--awb-spacing-left-small:1.92%;\" data-scroll-devices=\"small-visibility,medium-visibility,large-visibility\"><div class=\"fusion-column-wrapper fusion-column-has-shadow fusion-flex-justify-content-flex-start fusion-content-layout-column\"><div class=\"fusion-text fusion-text-1 fusion-text-no-margin\" style=\"--awb-margin-bottom:5px;\"><h2 style=\"text-align: center;\"><span style=\"color: #277022ff;\"><span class=\"OYPEnA text-decoration-none text-strikethrough-none\">Pour Nourrir et Valoriser le Territoire : Notre Engagement<\/span><\/span><\/h2>\n<\/div><\/div><\/div><div class=\"fusion-layout-column fusion_builder_column fusion-builder-column-1 fusion_builder_column_1_1 1_1 fusion-flex-column\" style=\"--awb-padding-right:5%;--awb-padding-left:5%;--awb-bg-size:cover;--awb-width-large:100%;--awb-margin-top-large:20px;--awb-spacing-right-large:1.92%;--awb-margin-bottom-large:0px;--awb-spacing-left-large:1.92%;--awb-width-medium:100%;--awb-order-medium:0;--awb-spacing-right-medium:1.92%;--awb-spacing-left-medium:1.92%;--awb-width-small:100%;--awb-order-small:0;--awb-spacing-right-small:1.92%;--awb-spacing-left-small:1.92%;\" data-scroll-devices=\"small-visibility,medium-visibility,large-visibility\"><div class=\"fusion-column-wrapper fusion-column-has-shadow fusion-flex-justify-content-flex-start fusion-content-layout-column\"><div class=\"fusion-text fusion-text-2\" style=\"--awb-font-size:16px;--awb-text-color:#000000;\"><p><strong><span style=\"font-weight: normal;\">Syst\u00e8me Group d\u00e9montre un fort engagement envers la durabilit\u00e9 sociale et environnementale, en s&rsquo;engageant dans des initiatives qui refl\u00e8tent sa volont\u00e9 d&rsquo;am\u00e9liorer la communaut\u00e9 et de prot\u00e9ger l&rsquo;environnement. Gr\u00e2ce au soutien de projets locaux, le groupe valorise le territoire, enrichissant la vie sociale et \u00e9conomique de la r\u00e9gion. Cette strat\u00e9gie met en \u00e9vidence l&rsquo;approche consciencieuse de System Group pour relever les d\u00e9fis environnementaux et promouvoir un avenir durable pour les g\u00e9n\u00e9rations actuelles et futures.<\/span><\/strong><b><\/b><\/p>\n<p style=\"text-align: justify;\"><span class=\"OYPEnA text-decoration-none text-strikethrough-none\">\u00a0<\/span><\/p>\n<\/div><\/div><\/div><\/div><\/div><div class=\"fusion-fullwidth fullwidth-box fusion-builder-row-2 fusion-flex-container has-pattern-background has-mask-background nonhundred-percent-fullwidth non-hundred-percent-height-scrolling\" style=\"--awb-border-radius-top-left:0px;--awb-border-radius-top-right:0px;--awb-border-radius-bottom-right:0px;--awb-border-radius-bottom-left:0px;--awb-padding-right:5%;--awb-padding-left:5%;--awb-margin-top:5%;--awb-margin-bottom:5%;--awb-flex-wrap:wrap;--awb-flex-wrap-small:wrap;\" ><div class=\"fusion-builder-row fusion-row fusion-flex-align-items-center fusion-flex-justify-content-center fusion-flex-content-wrap\" style=\"max-width:1144px;margin-left: calc(-4% \/ 2 );margin-right: calc(-4% \/ 2 );\"><div class=\"fusion-layout-column fusion_builder_column fusion-builder-column-2 fusion_builder_column_1_2 1_2 fusion-flex-column\" style=\"--awb-bg-size:cover;--awb-width-large:50%;--awb-margin-top-large:0px;--awb-spacing-right-large:3.84%;--awb-margin-bottom-large:20px;--awb-spacing-left-large:3.84%;--awb-width-medium:100%;--awb-order-medium:0;--awb-spacing-right-medium:1.92%;--awb-spacing-left-medium:1.92%;--awb-width-small:100%;--awb-order-small:0;--awb-spacing-right-small:1.92%;--awb-spacing-left-small:1.92%;\" data-scroll-devices=\"small-visibility,medium-visibility,large-visibility\"><div class=\"fusion-column-wrapper fusion-column-has-shadow fusion-flex-justify-content-flex-start fusion-content-layout-column\"><div class=\"fusion-text fusion-text-3\" style=\"--awb-font-size:24px;--awb-text-color:#000000;\"><p><strong>Futur Vert \u00e0 Lunano: System Group et la Communaut\u00e9 Ensemble pour Planter l&rsquo;Espoir<\/strong><br \/>\nSystem Group a parrain\u00e9 l&rsquo;\u00e9v\u00e9nement \u00ab\u00a0Un Arbre pour l&rsquo;Avenir\u00a0\u00bb \u00e0 Lunano. De nombreux arbres ont \u00e9t\u00e9 plant\u00e9s, symbolisant l&rsquo;engagement environnemental. Le Maire a salu\u00e9 l&rsquo;initiative, tandis qu&rsquo;Emanuele Boscarini a soulign\u00e9 l&rsquo;importance de la collaboration des entreprises pour la durabilit\u00e9. Le Corps Forestier a activement soutenu l&rsquo;\u00e9v\u00e9nement. \u00ab\u00a0Un Arbre pour l&rsquo;Avenir\u00a0\u00bb deviendra un \u00e9v\u00e9nement annuel pour promouvoir des actions environnementales.<\/p>\n<\/div><\/div><\/div><div class=\"fusion-layout-column fusion_builder_column fusion-builder-column-3 fusion_builder_column_1_2 1_2 fusion-flex-column\" style=\"--awb-bg-size:cover;--awb-width-large:50%;--awb-margin-top-large:0px;--awb-spacing-right-large:3.84%;--awb-margin-bottom-large:20px;--awb-spacing-left-large:3.84%;--awb-width-medium:100%;--awb-order-medium:0;--awb-spacing-right-medium:1.92%;--awb-spacing-left-medium:1.92%;--awb-width-small:100%;--awb-order-small:0;--awb-spacing-right-small:1.92%;--awb-spacing-left-small:1.92%;\"><div class=\"fusion-column-wrapper fusion-column-has-shadow fusion-flex-justify-content-flex-start fusion-content-layout-column\"><div class=\"fusion-image-element \" style=\"--awb-caption-title-font-family:var(--h2_typography-font-family);--awb-caption-title-font-weight:var(--h2_typography-font-weight);--awb-caption-title-font-style:var(--h2_typography-font-style);--awb-caption-title-size:var(--h2_typography-font-size);--awb-caption-title-transform:var(--h2_typography-text-transform);--awb-caption-title-line-height:var(--h2_typography-line-height);--awb-caption-title-letter-spacing:var(--h2_typography-letter-spacing);\"><span class=\" fusion-imageframe imageframe-none imageframe-1 hover-type-none\"><img decoding=\"async\" width=\"2560\" height=\"1440\" title=\"Senza titolo (1600 x 900 px) (1)\" src=\"https:\/\/tubi.net\/wp-content\/uploads\/2024\/02\/Senza-titolo-1600-x-900-px-1-scaled.jpg\" alt class=\"img-responsive wp-image-43192\" srcset=\"https:\/\/tubi.net\/wp-content\/uploads\/2024\/02\/Senza-titolo-1600-x-900-px-1-200x113.jpg 200w, https:\/\/tubi.net\/wp-content\/uploads\/2024\/02\/Senza-titolo-1600-x-900-px-1-400x225.jpg 400w, https:\/\/tubi.net\/wp-content\/uploads\/2024\/02\/Senza-titolo-1600-x-900-px-1-600x338.jpg 600w, https:\/\/tubi.net\/wp-content\/uploads\/2024\/02\/Senza-titolo-1600-x-900-px-1-800x450.jpg 800w, https:\/\/tubi.net\/wp-content\/uploads\/2024\/02\/Senza-titolo-1600-x-900-px-1-1200x675.jpg 1200w, https:\/\/tubi.net\/wp-content\/uploads\/2024\/02\/Senza-titolo-1600-x-900-px-1-scaled.jpg 2560w\" sizes=\"(max-width: 1024px) 100vw, (max-width: 640px) 100vw, 600px\" \/><\/span><\/div><\/div><\/div><\/div><\/div><div class=\"fusion-fullwidth fullwidth-box fusion-builder-row-3 fusion-flex-container has-pattern-background has-mask-background nonhundred-percent-fullwidth non-hundred-percent-height-scrolling\" style=\"--awb-border-radius-top-left:0px;--awb-border-radius-top-right:0px;--awb-border-radius-bottom-right:0px;--awb-border-radius-bottom-left:0px;--awb-padding-right:5%;--awb-padding-left:5%;--awb-margin-top:5%;--awb-margin-bottom:5%;--awb-flex-wrap:wrap;--awb-flex-wrap-small:wrap;\" ><div class=\"fusion-builder-row fusion-row fusion-flex-align-items-center fusion-flex-justify-content-center fusion-flex-content-wrap\" style=\"max-width:1144px;margin-left: calc(-4% \/ 2 );margin-right: calc(-4% \/ 2 );\"><div class=\"fusion-layout-column fusion_builder_column fusion-builder-column-4 fusion_builder_column_1_2 1_2 fusion-flex-column\" style=\"--awb-bg-size:cover;--awb-width-large:50%;--awb-margin-top-large:0px;--awb-spacing-right-large:3.84%;--awb-margin-bottom-large:20px;--awb-spacing-left-large:3.84%;--awb-width-medium:100%;--awb-order-medium:0;--awb-spacing-right-medium:1.92%;--awb-spacing-left-medium:1.92%;--awb-width-small:100%;--awb-order-small:0;--awb-spacing-right-small:1.92%;--awb-spacing-left-small:1.92%;\" data-scroll-devices=\"small-visibility,medium-visibility,large-visibility\"><div class=\"fusion-column-wrapper fusion-column-has-shadow fusion-flex-justify-content-flex-start fusion-content-layout-column\"><div class=\"fusion-image-element \" style=\"--awb-caption-title-font-family:var(--h2_typography-font-family);--awb-caption-title-font-weight:var(--h2_typography-font-weight);--awb-caption-title-font-style:var(--h2_typography-font-style);--awb-caption-title-size:var(--h2_typography-font-size);--awb-caption-title-transform:var(--h2_typography-text-transform);--awb-caption-title-line-height:var(--h2_typography-line-height);--awb-caption-title-letter-spacing:var(--h2_typography-letter-spacing);\"><span class=\" fusion-imageframe imageframe-none imageframe-2 hover-type-none\"><img decoding=\"async\" width=\"2560\" height=\"1440\" title=\"Senza titolo (1600 x 900 px)\" src=\"https:\/\/tubi.net\/wp-content\/uploads\/2024\/02\/Senza-titolo-1600-x-900-px-scaled.jpg\" alt class=\"img-responsive wp-image-43195\" srcset=\"https:\/\/tubi.net\/wp-content\/uploads\/2024\/02\/Senza-titolo-1600-x-900-px-200x113.jpg 200w, https:\/\/tubi.net\/wp-content\/uploads\/2024\/02\/Senza-titolo-1600-x-900-px-400x225.jpg 400w, https:\/\/tubi.net\/wp-content\/uploads\/2024\/02\/Senza-titolo-1600-x-900-px-600x338.jpg 600w, https:\/\/tubi.net\/wp-content\/uploads\/2024\/02\/Senza-titolo-1600-x-900-px-800x450.jpg 800w, https:\/\/tubi.net\/wp-content\/uploads\/2024\/02\/Senza-titolo-1600-x-900-px-1200x675.jpg 1200w, https:\/\/tubi.net\/wp-content\/uploads\/2024\/02\/Senza-titolo-1600-x-900-px-scaled.jpg 2560w\" sizes=\"(max-width: 1024px) 100vw, (max-width: 640px) 100vw, 600px\" \/><\/span><\/div><\/div><\/div><div class=\"fusion-layout-column fusion_builder_column fusion-builder-column-5 fusion_builder_column_1_2 1_2 fusion-flex-column\" style=\"--awb-bg-size:cover;--awb-width-large:50%;--awb-margin-top-large:0px;--awb-spacing-right-large:3.84%;--awb-margin-bottom-large:20px;--awb-spacing-left-large:3.84%;--awb-width-medium:100%;--awb-order-medium:0;--awb-spacing-right-medium:1.92%;--awb-spacing-left-medium:1.92%;--awb-width-small:100%;--awb-order-small:0;--awb-spacing-right-small:1.92%;--awb-spacing-left-small:1.92%;\"><div class=\"fusion-column-wrapper fusion-column-has-shadow fusion-flex-justify-content-flex-start fusion-content-layout-column\"><div class=\"fusion-text fusion-text-4\" style=\"--awb-font-size:24px;--awb-text-color:#000000;\"><p><strong>System Group et Labirinto Cooperativa Sociale unis pour le projet &lsquo;Abitare Altrove&rsquo;<\/strong><br \/>\nSystem Group a r\u00e9cemment soutenu le projet \u00ab\u00a0Abitare Altrove\u00a0\u00bb de Labirinto Cooperativa Sociale, contribuant \u00e0 la mise en place de services au centre de jour socio-\u00e9ducatif Margherita \u00e0 Casinina, Sassocorvaro Auditore. Cette initiative promeut l&rsquo;autonomie et la vie ind\u00e9pendante des personnes handicap\u00e9es qui fr\u00e9quentent le centre. Nous esp\u00e9rons que ce petit geste puisse avoir un impact positif sur la communaut\u00e9, en promouvant un environnement plus inclusif pour tous. Pour en savoir plus sur l&rsquo;initiative \u00ab\u00a0Abitare Altrove\u00a0\u00bb, visitez le site:<br \/>\n<span style=\"text-decoration: underline; color: #0000ff;\">https:\/\/labirinto.coop\/disabilita-eta-adulta\/donazione-system-group\/<\/span><\/p>\n<\/div><\/div><\/div><\/div><\/div><div class=\"fusion-fullwidth fullwidth-box fusion-builder-row-4 fusion-flex-container has-pattern-background has-mask-background nonhundred-percent-fullwidth non-hundred-percent-height-scrolling\" style=\"--awb-border-radius-top-left:0px;--awb-border-radius-top-right:0px;--awb-border-radius-bottom-right:0px;--awb-border-radius-bottom-left:0px;--awb-flex-wrap:wrap;\" ><div class=\"fusion-builder-row fusion-row fusion-flex-align-items-center fusion-flex-justify-content-center fusion-flex-content-wrap\" style=\"max-width:1144px;margin-left: calc(-4% \/ 2 );margin-right: calc(-4% \/ 2 );\"><div class=\"fusion-layout-column fusion_builder_column fusion-builder-column-6 fusion_builder_column_1_1 1_1 fusion-flex-column fusion-flex-align-self-center\" style=\"--awb-bg-size:cover;--awb-width-large:100%;--awb-margin-top-large:0px;--awb-spacing-right-large:1.92%;--awb-margin-bottom-large:20px;--awb-spacing-left-large:1.92%;--awb-width-medium:100%;--awb-order-medium:0;--awb-spacing-right-medium:1.92%;--awb-spacing-left-medium:1.92%;--awb-width-small:100%;--awb-order-small:0;--awb-spacing-right-small:1.92%;--awb-spacing-left-small:1.92%;\" data-scroll-devices=\"small-visibility,medium-visibility,large-visibility\"><div class=\"fusion-column-wrapper fusion-column-has-shadow fusion-flex-justify-content-center fusion-content-layout-column\"><div style=\"text-align:center;\"><a class=\"fusion-button button-flat fusion-button-default-size button-custom fusion-button-default button-1 fusion-button-default-span fusion-button-default-type bottone300\" style=\"--button_accent_color:#ffffff;--button_accent_hover_color:#ffffff;--button_border_hover_color:#ffffff;--button-border-radius-top-left:10px;--button-border-radius-top-right:10px;--button-border-radius-bottom-right:10px;--button-border-radius-bottom-left:10px;--button_gradient_top_color:#277022ff;--button_gradient_bottom_color:#277022ff;--button_gradient_top_color_hover:#960606;--button_gradient_bottom_color_hover:#960606;--button_font_size:var(--awb-typography2-font-size);--button_padding-top:20px;--button_padding-right:25px;--button_padding-bottom:20px;--button_padding-left:25px;\" target=\"_self\" href=\"https:\/\/tubi.net\/category\/iniziative-benefiche-system-group\/\"><span class=\"fusion-button-text awb-button__text awb-button__text--default\">D\u00c9COUVRIR PLUS<\/span><\/a><\/div><\/div><\/div><\/div><\/div><\/p>\n","protected":false},"excerpt":{"rendered":"","protected":false},"author":11,"featured_media":0,"parent":0,"menu_order":0,"comment_status":"closed","ping_status":"closed","template":"","meta":{"_acf_changed":false,"footnotes":""},"class_list":["post-45316","page","type-page","status-publish","hentry"],"acf":[],"_links":{"self":[{"href":"https:\/\/tubi.net\/fr\/wp-json\/wp\/v2\/pages\/45316","targetHints":{"allow":["GET"]}}],"collection":[{"href":"https:\/\/tubi.net\/fr\/wp-json\/wp\/v2\/pages"}],"about":[{"href":"https:\/\/tubi.net\/fr\/wp-json\/wp\/v2\/types\/page"}],"author":[{"embeddable":true,"href":"https:\/\/tubi.net\/fr\/wp-json\/wp\/v2\/users\/11"}],"replies":[{"embeddable":true,"href":"https:\/\/tubi.net\/fr\/wp-json\/wp\/v2\/comments?post=45316"}],"version-history":[{"count":7,"href":"https:\/\/tubi.net\/fr\/wp-json\/wp\/v2\/pages\/45316\/revisions"}],"predecessor-version":[{"id":45862,"href":"https:\/\/tubi.net\/fr\/wp-json\/wp\/v2\/pages\/45316\/revisions\/45862"}],"wp:attachment":[{"href":"https:\/\/tubi.net\/fr\/wp-json\/wp\/v2\/media?parent=45316"}],"curies":[{"name":"wp","href":"https:\/\/api.w.org\/{rel}","templated":true}]}}