{"id":45317,"date":"2024-02-19T12:49:52","date_gmt":"2024-02-19T11:49:52","guid":{"rendered":"https:\/\/tubi.net\/idrogeno"},"modified":"2026-04-21T10:28:32","modified_gmt":"2026-04-21T08:28:32","slug":"hydrogene","status":"publish","type":"page","link":"https:\/\/tubi.net\/fr\/hydrogene","title":{"rendered":"Hydrog\u00e8ne"},"content":{"rendered":"<p><div class=\"fusion-fullwidth fullwidth-box fusion-builder-row-1 fusion-flex-container has-pattern-background has-mask-background nonhundred-percent-fullwidth non-hundred-percent-height-scrolling\" style=\"--awb-border-radius-top-left:0px;--awb-border-radius-top-right:0px;--awb-border-radius-bottom-right:0px;--awb-border-radius-bottom-left:0px;--awb-padding-top:0%;--awb-padding-right:0%;--awb-padding-bottom:0%;--awb-padding-left:0%;--awb-flex-wrap:wrap;\" ><div class=\"fusion-builder-row fusion-row fusion-flex-align-items-flex-start fusion-flex-content-wrap\" style=\"max-width:1144px;margin-left: calc(-4% \/ 2 );margin-right: calc(-4% \/ 2 );\"><div class=\"fusion-layout-column fusion_builder_column fusion-builder-column-0 fusion_builder_column_1_1 1_1 fusion-flex-column\" style=\"--awb-padding-top:0%;--awb-padding-right:0%;--awb-padding-bottom:0%;--awb-padding-left:0%;--awb-bg-size:cover;--awb-width-large:100%;--awb-margin-top-large:0%;--awb-spacing-right-large:1.92%;--awb-margin-bottom-large:0%;--awb-spacing-left-large:1.92%;--awb-width-medium:100%;--awb-order-medium:0;--awb-spacing-right-medium:1.92%;--awb-spacing-left-medium:1.92%;--awb-width-small:100%;--awb-order-small:0;--awb-spacing-right-small:1.92%;--awb-spacing-left-small:1.92%;\" data-scroll-devices=\"small-visibility,medium-visibility,large-visibility\"><div class=\"fusion-column-wrapper fusion-column-has-shadow fusion-flex-justify-content-flex-start fusion-content-layout-column\"><div class=\"fusion-text fusion-text-1 fusion-text-no-margin\" style=\"--awb-margin-bottom:5px;\"><h2 style=\"text-align: center;\"><span style=\"color: #286eb0ff;\">Centraltubi et la transition \u00e9nerg\u00e9tique<\/span><\/h2>\n<\/div><\/div><\/div><div class=\"fusion-layout-column fusion_builder_column fusion-builder-column-1 fusion_builder_column_1_1 1_1 fusion-flex-column\" style=\"--awb-padding-right:5%;--awb-padding-left:5%;--awb-bg-size:cover;--awb-width-large:100%;--awb-margin-top-large:20px;--awb-spacing-right-large:1.92%;--awb-margin-bottom-large:0px;--awb-spacing-left-large:1.92%;--awb-width-medium:100%;--awb-order-medium:0;--awb-spacing-right-medium:1.92%;--awb-spacing-left-medium:1.92%;--awb-width-small:100%;--awb-order-small:0;--awb-spacing-right-small:1.92%;--awb-spacing-left-small:1.92%;\" data-scroll-devices=\"small-visibility,medium-visibility,large-visibility\"><div class=\"fusion-column-wrapper fusion-column-has-shadow fusion-flex-justify-content-flex-start fusion-content-layout-column\"><div class=\"fusion-text fusion-text-2\" style=\"--awb-font-size:16px;--awb-text-color:#000000;\"><p style=\"text-align: left;\">L&rsquo;hydrog\u00e8ne (H2) est l&rsquo;\u00e9l\u00e9ment chimique le plus petit et le plus l\u00e9ger du tableau p\u00e9riodique. Sa mol\u00e9cule est plus petite que celle du m\u00e9thane et donc plus perm\u00e9able. En l&rsquo;absence d&rsquo;une m\u00e9thode d&rsquo;essai normalis\u00e9e pour v\u00e9rifier la perm\u00e9abilit\u00e9 de l&rsquo;hydrog\u00e8ne \u00e0 travers les parois des conduites, <strong>CENTRALTUBI S.p.A.<\/strong>, en collaboration avec <strong>RINA CONSULTING<\/strong> &#8211; Centro Studi Materiali S.p.A., a lanc\u00e9 une campagne d&rsquo;essai et d&rsquo;analyse utilisant une m\u00e9thode d&rsquo;essai commune pour identifier le volume de perm\u00e9ation de l&rsquo;hydrog\u00e8ne sous forme gazeuse \u00e0 travers les r\u00e9seaux de conduites en poly\u00e9thyl\u00e8ne. Cette campagne a consist\u00e9 \u00e0 tester de nouveaux \u00e9chantillons de tuyaux (PE100) ainsi que des tuyaux PEAD en service avec du m\u00e9thane pendant 11 et 19 ans, \u00e0 diff\u00e9rentes concentrations allant jusqu&rsquo;\u00e0 100 %. Pour les deux types, les valeurs de perm\u00e9abilit\u00e9 \u00e0 l&rsquo;hydrog\u00e8ne se sont r\u00e9v\u00e9l\u00e9es plus \u00e9lev\u00e9es que celles du m\u00e9thane, mais plus faibles en termes de dissipation d&rsquo;\u00e9nergie, ce qui correspond aux indications fournies dans les prochaines mises \u00e0 jour de la r\u00e9glementation.<\/p>\n<\/div><\/div><\/div><\/div><\/div><div class=\"fusion-fullwidth fullwidth-box fusion-builder-row-2 fusion-flex-container has-pattern-background has-mask-background nonhundred-percent-fullwidth non-hundred-percent-height-scrolling\" style=\"--awb-border-radius-top-left:0px;--awb-border-radius-top-right:0px;--awb-border-radius-bottom-right:0px;--awb-border-radius-bottom-left:0px;--awb-padding-top:5%;--awb-padding-right:5%;--awb-padding-left:5%;--awb-flex-wrap:wrap;\" ><div class=\"fusion-builder-row fusion-row fusion-flex-align-items-flex-start fusion-flex-content-wrap\" style=\"max-width:1144px;margin-left: calc(-4% \/ 2 );margin-right: calc(-4% \/ 2 );\"><div class=\"fusion-layout-column fusion_builder_column fusion-builder-column-2 fusion_builder_column_1_1 1_1 fusion-flex-column\" style=\"--awb-bg-size:cover;--awb-width-large:100%;--awb-margin-top-large:0px;--awb-spacing-right-large:1.92%;--awb-margin-bottom-large:20px;--awb-spacing-left-large:1.92%;--awb-width-medium:100%;--awb-order-medium:0;--awb-spacing-right-medium:1.92%;--awb-spacing-left-medium:1.92%;--awb-width-small:100%;--awb-order-small:0;--awb-spacing-right-small:1.92%;--awb-spacing-left-small:1.92%;\"><div class=\"fusion-column-wrapper fusion-column-has-shadow fusion-flex-justify-content-flex-start fusion-content-layout-column\"><style type=\"text\/css\">.fusion-portfolio-wrapper#fusion-portfolio-1 .fusion-portfolio-content{  text-align: left; }<\/style><div class=\"fusion-recent-works fusion-portfolio-element fusion-portfolio fusion-portfolio-1 fusion-portfolio-grid fusion-portfolio-paging-pagination fusion-portfolio-three fusion-portfolio-unboxed fusion-portfolio-text fusion-portfolio-rollover\" data-id=\"-rw-1\" data-columns=\"three\"><div><ul class=\"fusion-filters\" role=\"menu\" aria-label=\"Portfolio Filters\"><li role=\"presentation\" class=\"fusion-filter fusion-filter-all fusion-active\"><a href=\"#\" data-filter=\"*\" role=\"menuitem\">All<\/a><\/li><li role=\"presentation\" class=\"fusion-filter fusion-hidden\"><a href=\"#\" data-filter=\".tubes-gaz-epd\" role=\"menuitem\">Tubes gaz EPD<\/a><\/li><\/ul><\/div><style type=\"text\/css\">.fusion-portfolio-1 .fusion-portfolio-wrapper .fusion-col-spacing{padding:6px;}<\/style><div class=\"fusion-portfolio-wrapper\" id=\"fusion-portfolio-1\" data-picturesize=\"fixed\" data-pages=\"1\" style=\"margin:-6px;\"><article id=\"portfolio-1-post-11999\" class=\"fusion-portfolio-post mgi-classe-a tube-epd tubes-gaz-epd tuyaux-conduites-de-gaz fusion-col-spacing post-11999\"><div class=\"fusion-portfolio-content-wrapper\" style=\"border:none;\"><span class=\"vcard rich-snippet-hidden\"><span class=\"fn\"><a href=\"https:\/\/tubi.net\/fr\/author\/admin-2tubinet\" title=\"Articles par Admin-2@tubiNet\" rel=\"author\">Admin-2@tubiNet<\/a><\/span><\/span><span class=\"updated rich-snippet-hidden\">2026-04-21T10:26:20+02:00<\/span><div  class=\"fusion-image-wrapper fusion-image-size-fixed\" aria-haspopup=\"true\">\n\t\t\t\t<img decoding=\"async\" width=\"300\" height=\"214\" src=\"https:\/\/tubi.net\/wp-content\/uploads\/2015\/02\/09_Tubo-PE100-RC-per-gas-\u201cEuroPAS-Evolution\u201d-GAS-300x214.jpg\" class=\"attachment-portfolio-three size-portfolio-three wp-post-image\" alt=\"\" \/><div class=\"fusion-rollover\">\n\t<div class=\"fusion-rollover-content\">\n\n\t\t\t\t\t\t\t\t\t\t\t\t\t\t<a class=\"fusion-rollover-link\" href=\"https:\/\/tubi.net\/fr\/prodotto\/tube-pe-100-pour-le-gaz?portfolioCats=1353\">Tube PE 100 pour le gaz<\/a>\n\t\t\t\n\t\t\t\t\t\t\t\t\n\t\t\n\t\t\t\t\t\t\t\t\n\t\t\t\t\t\t\t\t\n\t\t\n\t\t\t\t\t\t<a class=\"fusion-link-wrapper\" href=\"https:\/\/tubi.net\/fr\/prodotto\/tube-pe-100-pour-le-gaz?portfolioCats=1353\" aria-label=\"Tube PE 100 pour le gaz\"><\/a>\n\t<\/div>\n<\/div>\n<\/div>\n<div class=\"fusion-portfolio-content\"><h2 class=\"entry-title fusion-post-title\"><a href=\"https:\/\/tubi.net\/fr\/prodotto\/tube-pe-100-pour-le-gaz?portfolioCats=1353\">Tube PE 100 pour le gaz<\/a><\/h2><div class=\"fusion-post-content\"><\/div><\/div><\/div><\/article><article id=\"portfolio-1-post-11990\" class=\"fusion-portfolio-post mgi-classe-a tube-epd tubes-gaz-epd tuyaux-conduites-de-gaz tuyaux-no-dig fusion-col-spacing post-11990\"><div class=\"fusion-portfolio-content-wrapper\" style=\"border:none;\"><span class=\"vcard rich-snippet-hidden\"><span class=\"fn\"><a href=\"https:\/\/tubi.net\/fr\/author\/admin-2tubinet\" title=\"Articles par Admin-2@tubiNet\" rel=\"author\">Admin-2@tubiNet<\/a><\/span><\/span><span class=\"updated rich-snippet-hidden\">2026-04-21T10:26:54+02:00<\/span><div  class=\"fusion-image-wrapper fusion-image-size-fixed\" aria-haspopup=\"true\">\n\t\t\t\t<img decoding=\"async\" width=\"300\" height=\"200\" src=\"https:\/\/tubi.net\/wp-content\/uploads\/2024\/07\/Progetto-senza-titolo-10-300x200.jpg\" class=\"attachment-portfolio-three size-portfolio-three wp-post-image\" alt=\"\" srcset=\"https:\/\/tubi.net\/wp-content\/uploads\/2024\/07\/Progetto-senza-titolo-10-66x44.jpg 66w, https:\/\/tubi.net\/wp-content\/uploads\/2024\/07\/Progetto-senza-titolo-10-177x118.jpg 177w, https:\/\/tubi.net\/wp-content\/uploads\/2024\/07\/Progetto-senza-titolo-10-200x133.jpg 200w, https:\/\/tubi.net\/wp-content\/uploads\/2024\/07\/Progetto-senza-titolo-10-300x200.jpg 300w, https:\/\/tubi.net\/wp-content\/uploads\/2024\/07\/Progetto-senza-titolo-10-320x213.jpg 320w, https:\/\/tubi.net\/wp-content\/uploads\/2024\/07\/Progetto-senza-titolo-10-400x267.jpg 400w, https:\/\/tubi.net\/wp-content\/uploads\/2024\/07\/Progetto-senza-titolo-10-460x307.jpg 460w, https:\/\/tubi.net\/wp-content\/uploads\/2024\/07\/Progetto-senza-titolo-10-540x360.jpg 540w, https:\/\/tubi.net\/wp-content\/uploads\/2024\/07\/Progetto-senza-titolo-10-600x400.jpg 600w, https:\/\/tubi.net\/wp-content\/uploads\/2024\/07\/Progetto-senza-titolo-10-669x446.jpg 669w, https:\/\/tubi.net\/wp-content\/uploads\/2024\/07\/Progetto-senza-titolo-10-700x467.jpg 700w, https:\/\/tubi.net\/wp-content\/uploads\/2024\/07\/Progetto-senza-titolo-10-768x512.jpg 768w, https:\/\/tubi.net\/wp-content\/uploads\/2024\/07\/Progetto-senza-titolo-10-800x533.jpg 800w, https:\/\/tubi.net\/wp-content\/uploads\/2024\/07\/Progetto-senza-titolo-10-940x627.jpg 940w, https:\/\/tubi.net\/wp-content\/uploads\/2024\/07\/Progetto-senza-titolo-10-1024x683.jpg 1024w, https:\/\/tubi.net\/wp-content\/uploads\/2024\/07\/Progetto-senza-titolo-10.jpg 1200w\" sizes=\"(max-width: 300px) 100vw, 300px\" \/><div class=\"fusion-rollover\">\n\t<div class=\"fusion-rollover-content\">\n\n\t\t\t\t\t\t\t\t\t\t\t\t\t\t<a class=\"fusion-rollover-link\" href=\"https:\/\/tubi.net\/fr\/prodotto\/tubes-pe100-rc-pour-distribution-de-gaz-europas-evolution?portfolioCats=1353\">Tubes PE100 RC type 1 pour distribution de gaz  \u00ab\u00a0Europas Evolution\u00a0\u00bb<\/a>\n\t\t\t\n\t\t\t\t\t\t\t\t\n\t\t\n\t\t\t\t\t\t\t\t\n\t\t\t\t\t\t\t\t\n\t\t\n\t\t\t\t\t\t<a class=\"fusion-link-wrapper\" href=\"https:\/\/tubi.net\/fr\/prodotto\/tubes-pe100-rc-pour-distribution-de-gaz-europas-evolution?portfolioCats=1353\" aria-label=\"Tubes PE100 RC type 1 pour distribution de gaz  \u00ab\u00a0Europas Evolution\u00a0\u00bb\"><\/a>\n\t<\/div>\n<\/div>\n<\/div>\n<div class=\"fusion-portfolio-content\"><h2 class=\"entry-title fusion-post-title\"><a href=\"https:\/\/tubi.net\/fr\/prodotto\/tubes-pe100-rc-pour-distribution-de-gaz-europas-evolution?portfolioCats=1353\">Tubes PE100 RC type 1 pour distribution de gaz  \u00ab\u00a0Europas Evolution\u00a0\u00bb<\/a><\/h2><div class=\"fusion-post-content\"><\/div><\/div><\/div><\/article><article id=\"portfolio-1-post-11951\" class=\"fusion-portfolio-post mgi-classe-a tube-epd tubes-gaz-epd tuyaux-conduites-de-gaz tuyaux-no-dig fusion-col-spacing post-11951\"><div class=\"fusion-portfolio-content-wrapper\" style=\"border:none;\"><span class=\"vcard rich-snippet-hidden\"><span class=\"fn\"><a href=\"https:\/\/tubi.net\/fr\/author\/admin-2tubinet\" title=\"Articles par Admin-2@tubiNet\" rel=\"author\">Admin-2@tubiNet<\/a><\/span><\/span><span class=\"updated rich-snippet-hidden\">2026-04-21T10:27:25+02:00<\/span><div  class=\"fusion-image-wrapper fusion-image-size-fixed\" aria-haspopup=\"true\">\n\t\t\t\t<img decoding=\"async\" width=\"300\" height=\"200\" src=\"https:\/\/tubi.net\/wp-content\/uploads\/2024\/07\/Progetto-senza-titolo-11-300x200.jpg\" class=\"attachment-portfolio-three size-portfolio-three wp-post-image\" alt=\"\" srcset=\"https:\/\/tubi.net\/wp-content\/uploads\/2024\/07\/Progetto-senza-titolo-11-66x44.jpg 66w, https:\/\/tubi.net\/wp-content\/uploads\/2024\/07\/Progetto-senza-titolo-11-177x118.jpg 177w, https:\/\/tubi.net\/wp-content\/uploads\/2024\/07\/Progetto-senza-titolo-11-200x133.jpg 200w, https:\/\/tubi.net\/wp-content\/uploads\/2024\/07\/Progetto-senza-titolo-11-300x200.jpg 300w, https:\/\/tubi.net\/wp-content\/uploads\/2024\/07\/Progetto-senza-titolo-11-320x213.jpg 320w, https:\/\/tubi.net\/wp-content\/uploads\/2024\/07\/Progetto-senza-titolo-11-400x267.jpg 400w, https:\/\/tubi.net\/wp-content\/uploads\/2024\/07\/Progetto-senza-titolo-11-460x307.jpg 460w, https:\/\/tubi.net\/wp-content\/uploads\/2024\/07\/Progetto-senza-titolo-11-540x360.jpg 540w, https:\/\/tubi.net\/wp-content\/uploads\/2024\/07\/Progetto-senza-titolo-11-600x400.jpg 600w, https:\/\/tubi.net\/wp-content\/uploads\/2024\/07\/Progetto-senza-titolo-11-669x446.jpg 669w, https:\/\/tubi.net\/wp-content\/uploads\/2024\/07\/Progetto-senza-titolo-11-700x467.jpg 700w, https:\/\/tubi.net\/wp-content\/uploads\/2024\/07\/Progetto-senza-titolo-11-768x512.jpg 768w, https:\/\/tubi.net\/wp-content\/uploads\/2024\/07\/Progetto-senza-titolo-11-800x533.jpg 800w, https:\/\/tubi.net\/wp-content\/uploads\/2024\/07\/Progetto-senza-titolo-11-940x627.jpg 940w, https:\/\/tubi.net\/wp-content\/uploads\/2024\/07\/Progetto-senza-titolo-11-1024x683.jpg 1024w, https:\/\/tubi.net\/wp-content\/uploads\/2024\/07\/Progetto-senza-titolo-11.jpg 1200w\" sizes=\"(max-width: 300px) 100vw, 300px\" \/><div class=\"fusion-rollover\">\n\t<div class=\"fusion-rollover-content\">\n\n\t\t\t\t\t\t\t\t\t\t\t\t\t\t<a class=\"fusion-rollover-link\" href=\"https:\/\/tubi.net\/fr\/prodotto\/tubes-pe100-rc-pour-distribution-de-gaz-europas-safe10?portfolioCats=1353\">Tubes PE100 RC type 2 pour distribution de gaz \u00ab\u00a0Europas Safe10\u00a0\u00bb<\/a>\n\t\t\t\n\t\t\t\t\t\t\t\t\n\t\t\n\t\t\t\t\t\t\t\t\n\t\t\t\t\t\t\t\t\n\t\t\n\t\t\t\t\t\t<a class=\"fusion-link-wrapper\" href=\"https:\/\/tubi.net\/fr\/prodotto\/tubes-pe100-rc-pour-distribution-de-gaz-europas-safe10?portfolioCats=1353\" aria-label=\"Tubes PE100 RC type 2 pour distribution de gaz \u00ab\u00a0Europas Safe10\u00a0\u00bb\"><\/a>\n\t<\/div>\n<\/div>\n<\/div>\n<div class=\"fusion-portfolio-content\"><h2 class=\"entry-title fusion-post-title\"><a href=\"https:\/\/tubi.net\/fr\/prodotto\/tubes-pe100-rc-pour-distribution-de-gaz-europas-safe10?portfolioCats=1353\">Tubes PE100 RC type 2 pour distribution de gaz \u00ab\u00a0Europas Safe10\u00a0\u00bb<\/a><\/h2><div class=\"fusion-post-content\"><\/div><\/div><\/div><\/article><\/div><\/div><\/div><\/div><\/div><\/div><div class=\"fusion-fullwidth fullwidth-box fusion-builder-row-3 fusion-flex-container has-pattern-background has-mask-background nonhundred-percent-fullwidth non-hundred-percent-height-scrolling\" style=\"--awb-border-radius-top-left:0px;--awb-border-radius-top-right:0px;--awb-border-radius-bottom-right:0px;--awb-border-radius-bottom-left:0px;--awb-padding-right:5%;--awb-padding-left:5%;--awb-margin-top:5%;--awb-margin-bottom:5%;--awb-flex-wrap:wrap;--awb-flex-wrap-small:wrap;\" ><div class=\"fusion-builder-row fusion-row fusion-flex-align-items-center fusion-flex-justify-content-center fusion-flex-content-wrap\" style=\"max-width:1144px;margin-left: calc(-4% \/ 2 );margin-right: calc(-4% \/ 2 );\"><div class=\"fusion-layout-column fusion_builder_column fusion-builder-column-3 fusion_builder_column_2_3 2_3 fusion-flex-column\" style=\"--awb-bg-size:cover;--awb-width-large:66.666666666667%;--awb-margin-top-large:0px;--awb-spacing-right-large:2.88%;--awb-margin-bottom-large:20px;--awb-spacing-left-large:2.88%;--awb-width-medium:66.666666666667%;--awb-order-medium:0;--awb-spacing-right-medium:2.88%;--awb-spacing-left-medium:2.88%;--awb-width-small:100%;--awb-order-small:0;--awb-spacing-right-small:1.92%;--awb-spacing-left-small:1.92%;\" data-scroll-devices=\"small-visibility,medium-visibility,large-visibility\"><div class=\"fusion-column-wrapper fusion-column-has-shadow fusion-flex-justify-content-flex-start fusion-content-layout-column\"><div class=\"fusion-text fusion-text-3\" style=\"--awb-font-size:24px;--awb-text-color:#000000;\"><p>Le poly\u00e9thyl\u00e8ne est compatible avec le contact avec l&rsquo;hydrog\u00e8ne, car il ne pr\u00e9sente pas de vieillissement d\u00fb \u00e0 l&rsquo;agressivit\u00e9 chimique et m\u00e9canique au contact de l&rsquo;hydrog\u00e8ne (ISO\/TR10358), m\u00eame \u00e0 une concentration de 100 %. Les tuyaux en PE100 produits par CENTRALTUBI:<\/p>\n<ul>\n<li>sont enti\u00e8rement conformes \u00e0 la norme UNI EN 1555-2:2021<\/li>\n<li>sont dot\u00e9s d&rsquo;une marque de qualit\u00e9 du produit d\u00e9livr\u00e9e par un organisme tiers accr\u00e9dit\u00e9 sont \u00e9galement<\/li>\n<li>certifi\u00e9s DINplus lorsqu&rsquo;ils sont fabriqu\u00e9s en PE100 RC et portent la marque Made Green in Italy &#8211; dot\u00e9s d&rsquo;une EPD<br \/>\n(Environmental Product Declaration Type III)<\/li>\n<li>sont adapt\u00e9s au transport de gaz naturel<\/li>\n<li>sont adapt\u00e9s au transport de gaz naturel en m\u00e9lange avec de l&rsquo;hydrog\u00e8ne<\/li>\n<li>sont adapt\u00e9s au transport d&rsquo;hydrog\u00e8ne \u00e0 100 %.<\/li>\n<\/ul>\n<\/div><\/div><\/div><div class=\"fusion-layout-column fusion_builder_column fusion-builder-column-4 fusion_builder_column_1_3 1_3 fusion-flex-column\" style=\"--awb-bg-size:cover;--awb-width-large:33.333333333333%;--awb-margin-top-large:0px;--awb-spacing-right-large:5.76%;--awb-margin-bottom-large:20px;--awb-spacing-left-large:5.76%;--awb-width-medium:100%;--awb-order-medium:0;--awb-spacing-right-medium:1.92%;--awb-spacing-left-medium:1.92%;--awb-width-small:100%;--awb-order-small:0;--awb-spacing-right-small:1.92%;--awb-spacing-left-small:1.92%;\"><div class=\"fusion-column-wrapper fusion-column-has-shadow fusion-flex-justify-content-flex-start fusion-content-layout-column\"><div class=\"fusion-image-element \" style=\"text-align:center;--awb-caption-title-font-family:var(--h2_typography-font-family);--awb-caption-title-font-weight:var(--h2_typography-font-weight);--awb-caption-title-font-style:var(--h2_typography-font-style);--awb-caption-title-size:var(--h2_typography-font-size);--awb-caption-title-transform:var(--h2_typography-text-transform);--awb-caption-title-line-height:var(--h2_typography-line-height);--awb-caption-title-letter-spacing:var(--h2_typography-letter-spacing);\"><span class=\" fusion-imageframe imageframe-none imageframe-1 hover-type-none\"><a class=\"fusion-no-lightbox\" href=\"https:\/\/tubi.net\/wp-content\/uploads\/2024\/02\/Lettera-P0030864-1-A1_Attestazione-Centraltubi-Idrogeno-Rev04.pdf\" target=\"_blank\" aria-label=\"Lettera P0030864-1-A1_Attestazione-Centraltubi-Rev04_page-0001\" rel=\"noopener noreferrer\"><img decoding=\"async\" width=\"1241\" height=\"1755\" src=\"https:\/\/tubi.net\/wp-content\/uploads\/2024\/02\/Lettera-P0030864-1-A1_Attestazione-Centraltubi-Rev04_page-0001.jpg\" alt class=\"img-responsive wp-image-43085\" srcset=\"https:\/\/tubi.net\/wp-content\/uploads\/2024\/02\/Lettera-P0030864-1-A1_Attestazione-Centraltubi-Rev04_page-0001-200x283.jpg 200w, https:\/\/tubi.net\/wp-content\/uploads\/2024\/02\/Lettera-P0030864-1-A1_Attestazione-Centraltubi-Rev04_page-0001-400x566.jpg 400w, https:\/\/tubi.net\/wp-content\/uploads\/2024\/02\/Lettera-P0030864-1-A1_Attestazione-Centraltubi-Rev04_page-0001-600x849.jpg 600w, https:\/\/tubi.net\/wp-content\/uploads\/2024\/02\/Lettera-P0030864-1-A1_Attestazione-Centraltubi-Rev04_page-0001-800x1131.jpg 800w, https:\/\/tubi.net\/wp-content\/uploads\/2024\/02\/Lettera-P0030864-1-A1_Attestazione-Centraltubi-Rev04_page-0001-1200x1697.jpg 1200w, https:\/\/tubi.net\/wp-content\/uploads\/2024\/02\/Lettera-P0030864-1-A1_Attestazione-Centraltubi-Rev04_page-0001.jpg 1241w\" sizes=\"(max-width: 1024px) 100vw, (max-width: 640px) 100vw, 400px\" \/><\/a><\/span><\/div><\/div><\/div><\/div><\/div><\/p>\n","protected":false},"excerpt":{"rendered":"","protected":false},"author":11,"featured_media":0,"parent":0,"menu_order":0,"comment_status":"closed","ping_status":"closed","template":"","meta":{"_acf_changed":false,"footnotes":""},"class_list":["post-45317","page","type-page","status-publish","hentry"],"acf":[],"_links":{"self":[{"href":"https:\/\/tubi.net\/fr\/wp-json\/wp\/v2\/pages\/45317","targetHints":{"allow":["GET"]}}],"collection":[{"href":"https:\/\/tubi.net\/fr\/wp-json\/wp\/v2\/pages"}],"about":[{"href":"https:\/\/tubi.net\/fr\/wp-json\/wp\/v2\/types\/page"}],"author":[{"embeddable":true,"href":"https:\/\/tubi.net\/fr\/wp-json\/wp\/v2\/users\/11"}],"replies":[{"embeddable":true,"href":"https:\/\/tubi.net\/fr\/wp-json\/wp\/v2\/comments?post=45317"}],"version-history":[{"count":7,"href":"https:\/\/tubi.net\/fr\/wp-json\/wp\/v2\/pages\/45317\/revisions"}],"predecessor-version":[{"id":48795,"href":"https:\/\/tubi.net\/fr\/wp-json\/wp\/v2\/pages\/45317\/revisions\/48795"}],"wp:attachment":[{"href":"https:\/\/tubi.net\/fr\/wp-json\/wp\/v2\/media?parent=45317"}],"curies":[{"name":"wp","href":"https:\/\/api.w.org\/{rel}","templated":true}]}}