{"id":45938,"date":"2024-09-03T12:13:28","date_gmt":"2024-09-03T10:13:28","guid":{"rendered":"https:\/\/tubi.net\/societes\/deriplast-group"},"modified":"2024-09-03T12:41:02","modified_gmt":"2024-09-03T10:41:02","slug":"deriplast-group","status":"publish","type":"page","link":"https:\/\/tubi.net\/fr\/societes\/deriplast-group","title":{"rendered":"Deriplast Group"},"content":{"rendered":"<div class=\"fusion-fullwidth fullwidth-box fusion-builder-row-1 nonhundred-percent-fullwidth non-hundred-percent-height-scrolling\" style=\"--awb-background-position:left top;--awb-border-sizes-top:0px;--awb-border-sizes-bottom:0px;--awb-border-sizes-left:0px;--awb-border-sizes-right:0px;--awb-border-radius-top-left:0px;--awb-border-radius-top-right:0px;--awb-border-radius-bottom-right:0px;--awb-border-radius-bottom-left:0px;--awb-padding-top:20px;--awb-padding-right:20px;--awb-padding-bottom:20px;--awb-padding-left:20px;--awb-flex-wrap:wrap;\" ><div class=\"fusion-builder-row fusion-row\"><div class=\"fusion-layout-column fusion_builder_column fusion-builder-column-0 fusion_builder_column_1_1 1_1 fusion-one-full fusion-column-first fusion-column-last\" style=\"--awb-bg-color:#ffffff;--awb-bg-color-hover:#ffffff;--awb-bg-size:cover;\"><div class=\"fusion-column-wrapper fusion-flex-column-wrapper-legacy\"><div class=\"video-wrapper\"><video style=\"object-fit: cover;\" preload=\"auto\" autoplay=\"autoplay\" loop=\"loop\" muted=\"false\" controls=\"controls\" width=\"100%\" height=\"600\"><source src=\"https:\/\/tubi.net\/wp-content\/uploads\/2024\/09\/Deriplast-drone-low-quality.mp4\" type=\"video\/mp4\" \/>Sorry, your browser doesn't support embedded videos.<\/video><\/div><div class=\"fusion-text fusion-text-1\"><p style=\"text-align: justify;\"><span style=\"color: #000000;\"><b>Deriplast Group.<br \/><\/b><\/span><\/p>\n<p>La soci\u00e9t\u00e9 DERIPLAST, fond\u00e9e \u00e0 Villadose (Rovigo \u2013 IT) en 1960 a \u00e9t\u00e9 parmi les premi\u00e8res entreprises en Europe \u00e0 produire tuyaux en poly\u00e9thyl\u00e8ne pour l\u2019usage civil et industriel.\u00a0<\/p>\n<p>Depuis 60 ans, Deriplast produit tuyaux en PEHD \u00e0 partir du DE20 mm jusqu\u2019au diam\u00e8tre 1200mm pour diff\u00e9rentes typologies d\u2019utilisation\u00a0: conduites d\u2019eau potable, de gaz, d\u2019eaux civiles et industrielles, syst\u00e8mes d\u2019extinction d\u2019incendie, canalisations de biogaz, drainage, irrigation, protection des c\u00e2bles et DRAGAGE.<\/p>\n<p>DERIPLAST poss\u00e8de les r\u00e9f\u00e9rences internationales les plus prestigieuses et a acquis, gr\u00e2ce \u00e0 l\u2019exp\u00e9rience acquise au sein du groupe multinational suisse GEBERIT, leader mondial du secteur, le savoir-faire technique n\u00e9cessaire pour d\u00e9velopper une gamme large et compl\u00e8te de produits pour la collecte de l\u2019eau et les diff\u00e9rentes solutions de gestion.<\/p>\n<p>En 2017 DERIPLAST GROUP a rejoint le groupe SYSTEM GROUP, leader en Europe dans la production de syst\u00e8mes de tuyauterie complets, qui comprend plus de 20 entreprises en Italie et \u00e0 l\u2019\u00e9tranger, dont chacune est sp\u00e9cialis\u00e9e dans la production de tuyaux et composants pour tout type d\u2019application.<\/p>\n<p>\u00a0<\/p>\n<p style=\"text-align: justify;\"><span style=\"color: #000000;\"><b><\/b><br \/><\/span><\/p>\n<\/div><div class=\"fusion-clearfix\"><\/div><\/div><\/div><div class=\"fusion-layout-column fusion_builder_column fusion-builder-column-1 fusion_builder_column_1_1 1_1 fusion-one-full fusion-column-first fusion-column-last\" style=\"--awb-padding-top:10px;--awb-padding-right:10px;--awb-padding-bottom:10px;--awb-padding-left:10px;--awb-bg-size:cover;\"><div class=\"fusion-column-wrapper fusion-flex-column-wrapper-legacy\"><div class=\"fusion-text fusion-text-2\"><div class=\"btn-black-row\"><button class=\"btn-white\"><a href=\"https:\/\/deriplastgroup.it\/fr\/home-fr\/\" target=\"_blank\" rel=\"noopener\">Website<\/a><\/button><br \/>\n<button class=\"btn-white margin-left\"><a href=\"https:\/\/tubi.net\/fr\/contacts\">Contacts<\/a><\/button><\/div>\n<div class=\"medium-section-divider\"><\/div>\n<\/div><div class=\"fusion-clearfix\"><\/div><\/div><\/div><div class=\"fusion-layout-column fusion_builder_column fusion-builder-column-2 fusion_builder_column_1_1 1_1 fusion-one-full fusion-column-first fusion-column-last fusion-column-no-min-height\" style=\"--awb-bg-size:cover;--awb-margin-bottom:0px;\"><div class=\"fusion-column-wrapper fusion-flex-column-wrapper-legacy\"><div class=\"fusion-text fusion-text-3\"><p><strong>Deriplast Group:<\/strong><br \/>Via S. Leonardo, 2, 45010 Villadose (RO)<br \/><strong>T\u00e9l\u00e9phone: <\/strong>0425 405267<br \/><strong>Email: <\/strong><a href=\"mailto:info@deriplast.it\">info@deriplast.it<\/a><br \/><em>Entreprise soumise \u00e0 la gestion et \u00e0 la coordination de HB Boscarini S.p.A.<\/em><\/p>\n<\/div><div class=\"fusion-clearfix\"><\/div><\/div><\/div><\/div><\/div>\n","protected":false},"excerpt":{"rendered":"","protected":false},"author":11,"featured_media":0,"parent":8577,"menu_order":14,"comment_status":"closed","ping_status":"closed","template":"side-navigation.php","meta":{"_acf_changed":false,"footnotes":""},"class_list":["post-45938","page","type-page","status-publish","hentry"],"acf":[],"_links":{"self":[{"href":"https:\/\/tubi.net\/fr\/wp-json\/wp\/v2\/pages\/45938","targetHints":{"allow":["GET"]}}],"collection":[{"href":"https:\/\/tubi.net\/fr\/wp-json\/wp\/v2\/pages"}],"about":[{"href":"https:\/\/tubi.net\/fr\/wp-json\/wp\/v2\/types\/page"}],"author":[{"embeddable":true,"href":"https:\/\/tubi.net\/fr\/wp-json\/wp\/v2\/users\/11"}],"replies":[{"embeddable":true,"href":"https:\/\/tubi.net\/fr\/wp-json\/wp\/v2\/comments?post=45938"}],"version-history":[{"count":2,"href":"https:\/\/tubi.net\/fr\/wp-json\/wp\/v2\/pages\/45938\/revisions"}],"predecessor-version":[{"id":45940,"href":"https:\/\/tubi.net\/fr\/wp-json\/wp\/v2\/pages\/45938\/revisions\/45940"}],"up":[{"embeddable":true,"href":"https:\/\/tubi.net\/fr\/wp-json\/wp\/v2\/pages\/8577"}],"wp:attachment":[{"href":"https:\/\/tubi.net\/fr\/wp-json\/wp\/v2\/media?parent=45938"}],"curies":[{"name":"wp","href":"https:\/\/api.w.org\/{rel}","templated":true}]}}