{"id":46249,"date":"2024-10-03T17:54:51","date_gmt":"2024-10-03T15:54:51","guid":{"rendered":"https:\/\/tubi.net\/societes\/system-group-sicilia"},"modified":"2024-10-07T17:48:43","modified_gmt":"2024-10-07T15:48:43","slug":"system-group-sicilia","status":"publish","type":"page","link":"https:\/\/tubi.net\/fr\/societes\/system-group-sicilia","title":{"rendered":"System Group Sicilia"},"content":{"rendered":"<div class=\"fusion-fullwidth fullwidth-box fusion-builder-row-1 nonhundred-percent-fullwidth non-hundred-percent-height-scrolling\" style=\"--awb-background-position:left top;--awb-border-sizes-top:0px;--awb-border-sizes-bottom:0px;--awb-border-sizes-left:0px;--awb-border-sizes-right:0px;--awb-border-radius-top-left:0px;--awb-border-radius-top-right:0px;--awb-border-radius-bottom-right:0px;--awb-border-radius-bottom-left:0px;--awb-padding-top:20px;--awb-padding-right:20px;--awb-padding-bottom:20px;--awb-padding-left:20px;--awb-flex-wrap:wrap;\" ><div class=\"fusion-builder-row fusion-row\"><div class=\"fusion-layout-column fusion_builder_column fusion-builder-column-0 fusion_builder_column_1_1 1_1 fusion-one-full fusion-column-first fusion-column-last\" style=\"--awb-bg-color:#ffffff;--awb-bg-color-hover:#ffffff;--awb-bg-size:cover;\"><div class=\"fusion-column-wrapper fusion-flex-column-wrapper-legacy\"><div class=\"video-wrapper\"><video style=\"object-fit: cover;\" preload=\"auto\" autoplay=\"autoplay\" loop=\"loop\" muted=\"false\" controls=\"controls\" width=\"100%\" height=\"600\"><source src=\"https:\/\/tubi.net\/wp-content\/uploads\/2024\/05\/SYSTEM-GROUP-SICILIA_fl_low-quality.mp4\" \/>Sorry, your browser doesn't support embedded videos.<\/video><\/div><div class=\"fusion-clearfix\"><\/div><\/div><\/div><div class=\"fusion-layout-column fusion_builder_column fusion-builder-column-1 fusion_builder_column_1_1 1_1 fusion-one-full fusion-column-first fusion-column-last\" style=\"--awb-bg-blend:overlay;--awb-bg-size:cover;\"><div class=\"fusion-column-wrapper fusion-flex-column-wrapper-legacy\"><div class=\"fusion-text fusion-text-1\"><p><strong>System Group SICILIA Srl<\/strong>\u00a0est situ\u00e9e dans la partie occidentale de la Sicile et est sp\u00e9cialis\u00e9e dans la production et la commercialisation de tuyaux en PVC et en PE. Implant\u00e9e sur un site d&rsquo;environ 20 000 m\u00b2, dont 4 500 m\u00b2 couverts, l&rsquo;entreprise dispose d&rsquo;un \u00e9quipement de production moderne.<\/p>\n<p>Sp\u00e9cialis\u00e9e dans la production de tuyaux en PVC, notre gamme de produits couvre des diam\u00e8tres allant de 40 \u00e0 500 mm. Nos lignes de production de tuyaux en PE lisse et ondul\u00e9 sont \u00e9quip\u00e9es des technologies les plus r\u00e9centes. L&rsquo;entreprise est certifi\u00e9e selon un syst\u00e8me de management de la qualit\u00e9.<\/p>\n<\/div><div class=\"fusion-clearfix\"><\/div><\/div><\/div><div class=\"fusion-layout-column fusion_builder_column fusion-builder-column-2 fusion_builder_column_1_1 1_1 fusion-one-full fusion-column-first fusion-column-last\" style=\"--awb-bg-blend:overlay;--awb-bg-size:cover;\"><div class=\"fusion-column-wrapper fusion-flex-column-wrapper-legacy\"><div class=\"fusion-text fusion-text-2\"><div class=\"btn-black-row\"><button class=\"btn-white margin-left\"><a href=\"https:\/\/tubi.net\/en\/contact-system-group-2\/\">Contactez-nous<\/a><\/button><\/div>\n<div class=\"flex-left-row riferimenti-row\"><\/div>\n<\/div><div class=\"fusion-clearfix\"><\/div><\/div><\/div><div class=\"fusion-layout-column fusion_builder_column fusion-builder-column-3 fusion_builder_column_1_1 1_1 fusion-one-full fusion-column-first fusion-column-last\" style=\"--awb-bg-blend:overlay;--awb-bg-size:cover;\"><div class=\"fusion-column-wrapper fusion-flex-column-wrapper-legacy\"><div class=\"fusion-text fusion-text-3\"><h4 class=\"fusion-responsive-typography-calculated\" style=\"--fontsize: 24; line-height: 1.54;\" data-fontsize=\"24\" data-lineheight=\"36.96px\"><span style=\"color: #000000;\">System Group SICILIA<\/span><\/h4>\n<p><span style=\"color: #000000;\"><em>C.da Strasatto SNC \u2013 91022 CASTELVETRANO (TP) \u2013 ITALIA<br \/>\nTel. 0924 186 8388<br \/>\n<\/em><em>Mail: <span style=\"color: #0000ff;\"><a style=\"color: #0000ff;\" href=\"mailto:systemgroupsicilia@tubi.net\" target=\"_blank\" rel=\"noopener\">systemgroupsicilia@tubi.net<\/a><\/span><br \/>\nMail: <span style=\"color: #0000ff;\"><a style=\"color: #0000ff;\" href=\"mailto:systemgroupsicilia@legalmail.it\" target=\"_blank\" rel=\"noopener\">systemgroupsicilia@legalmail.it<\/a><\/span><br \/>\n<\/em>Entreprise soumise \u00e0 la gestion et \u00e0 la coordination de HB Boscarini S.p.A.<br \/>\n<\/span><\/p>\n<\/div><div class=\"fusion-clearfix\"><\/div><\/div><\/div><\/div><\/div>\n","protected":false},"excerpt":{"rendered":"","protected":false},"author":11,"featured_media":0,"parent":8577,"menu_order":12,"comment_status":"open","ping_status":"open","template":"side-navigation.php","meta":{"_acf_changed":false,"footnotes":""},"class_list":["post-46249","page","type-page","status-publish","hentry"],"acf":[],"_links":{"self":[{"href":"https:\/\/tubi.net\/fr\/wp-json\/wp\/v2\/pages\/46249","targetHints":{"allow":["GET"]}}],"collection":[{"href":"https:\/\/tubi.net\/fr\/wp-json\/wp\/v2\/pages"}],"about":[{"href":"https:\/\/tubi.net\/fr\/wp-json\/wp\/v2\/types\/page"}],"author":[{"embeddable":true,"href":"https:\/\/tubi.net\/fr\/wp-json\/wp\/v2\/users\/11"}],"replies":[{"embeddable":true,"href":"https:\/\/tubi.net\/fr\/wp-json\/wp\/v2\/comments?post=46249"}],"version-history":[{"count":5,"href":"https:\/\/tubi.net\/fr\/wp-json\/wp\/v2\/pages\/46249\/revisions"}],"predecessor-version":[{"id":46349,"href":"https:\/\/tubi.net\/fr\/wp-json\/wp\/v2\/pages\/46249\/revisions\/46349"}],"up":[{"embeddable":true,"href":"https:\/\/tubi.net\/fr\/wp-json\/wp\/v2\/pages\/8577"}],"wp:attachment":[{"href":"https:\/\/tubi.net\/fr\/wp-json\/wp\/v2\/media?parent=46249"}],"curies":[{"name":"wp","href":"https:\/\/api.w.org\/{rel}","templated":true}]}}