{"id":48510,"date":"2026-03-05T15:39:45","date_gmt":"2026-03-05T14:39:45","guid":{"rendered":"https:\/\/tubi.net\/?page_id=48510"},"modified":"2026-03-05T15:39:45","modified_gmt":"2026-03-05T14:39:45","slug":"system-group","status":"publish","type":"page","link":"https:\/\/tubi.net\/fr\/societes\/system-group","title":{"rendered":"System Group"},"content":{"rendered":"<p><div class=\"fusion-fullwidth fullwidth-box fusion-builder-row-1 has-pattern-background has-mask-background nonhundred-percent-fullwidth non-hundred-percent-height-scrolling\" style=\"--link_color: #000000;--awb-background-position:left top;--awb-border-sizes-top:0px;--awb-border-sizes-bottom:0px;--awb-border-sizes-left:0px;--awb-border-sizes-right:0px;--awb-border-radius-top-left:0px;--awb-border-radius-top-right:0px;--awb-border-radius-bottom-right:0px;--awb-border-radius-bottom-left:0px;--awb-padding-top:20px;--awb-padding-right:20px;--awb-padding-bottom:20px;--awb-padding-left:20px;--awb-flex-wrap:wrap;\" ><div class=\"fusion-builder-row fusion-row\"><div class=\"fusion-layout-column fusion_builder_column fusion-builder-column-0 fusion_builder_column_1_1 1_1 fusion-one-full fusion-column-first fusion-column-last\" style=\"--awb-bg-size:cover;\"><div class=\"fusion-column-wrapper fusion-flex-column-wrapper-legacy\"><div class=\"fusion-text fusion-text-1\"><p style=\"font-size: 18px; text-align: left;\"><span style=\"color: #000000;\">Groupe d\u2019entreprises faisant partie de la holding <b>HB <\/b><b>Boscarini<\/b> <b>S.p.A<\/b><b>.<\/b><\/span><\/p>\n<\/div><div class=\"fusion-text fusion-text-2\"><p><img decoding=\"async\" class=\"\" style=\"display: block;\" src=\"https:\/\/tubi.net\/wp-content\/uploads\/2026\/03\/growth-and-history.jpg\" alt=\"\" width=\"1895\" height=\"642\" \/><\/p>\n<\/div><div class=\"fusion-clearfix\"><\/div><\/div><\/div><\/div><\/div><div class=\"fusion-fullwidth fullwidth-box fusion-builder-row-2 fusion-flex-container has-pattern-background has-mask-background nonhundred-percent-fullwidth non-hundred-percent-height-scrolling\" style=\"--link_color: #000000;--awb-border-radius-top-left:0px;--awb-border-radius-top-right:0px;--awb-border-radius-bottom-right:0px;--awb-border-radius-bottom-left:0px;--awb-padding-bottom:20px;--awb-flex-wrap:wrap;\" ><div class=\"fusion-builder-row fusion-row fusion-flex-align-items-flex-start fusion-flex-content-wrap\" style=\"max-width:1144px;margin-left: calc(-4% \/ 2 );margin-right: calc(-4% \/ 2 );\"><div class=\"fusion-layout-column fusion_builder_column fusion-builder-column-1 fusion_builder_column_1_4 1_4 fusion-flex-column\" style=\"--awb-bg-size:cover;--awb-width-large:25%;--awb-margin-top-large:20px;--awb-spacing-right-large:7.68%;--awb-margin-bottom-large:20px;--awb-spacing-left-large:7.68%;--awb-width-medium:100%;--awb-order-medium:0;--awb-spacing-right-medium:1.92%;--awb-spacing-left-medium:1.92%;--awb-width-small:100%;--awb-order-small:0;--awb-spacing-right-small:1.92%;--awb-spacing-left-small:1.92%;\" data-scroll-devices=\"small-visibility,medium-visibility,large-visibility\"><div class=\"fusion-column-wrapper fusion-column-has-shadow fusion-flex-justify-content-flex-start fusion-content-layout-column\"><div class=\"fusion-text fusion-text-3\"><p><span style=\"color: #2f5597; font-size: 20px !important;\">&#8211; Fond\u00e9 en 1979<\/span><\/p>\n<p><span style=\"color: #2f5597; font-size: 20px !important;\">&#8211; 20 entreprises<\/span><\/p>\n<p><span style=\"color: #2f5597; font-size: 20px !important;\">&#8211; 15 sites de production<\/span><\/p>\n<p><span style=\"color: #2f5597; font-size: 20px !important;\">&#8211; Unit\u00e9s de production sp\u00e9cialis\u00e9es<\/span><\/p>\n<p><span style=\"color: #2f5597; font-size: 20px !important;\">&#8211; 156 Extruders<\/span><\/p>\n<p><span style=\"color: #2f5597; font-size: 20px !important;\">&#8211; 2 soci\u00e9t\u00e9s de logistique op\u00e9rant dans 4 pays diff\u00e9rents<\/span><\/p>\n<p><span style=\"color: #2f5597; font-size: 20px !important;\">&#8211; 5 000 clients approvisionn\u00e9s chaque ann\u00e9e dans 120 pays diff\u00e9rents<\/span><\/p>\n<p><span style=\"color: #2f5597; font-size: 20px !important;\">&#8211; 1 000 employ\u00e9s<\/span><\/p>\n<p><span style=\"color: #2f5597; font-size: 20px !important;\">&#8211; Chiffre d\u2019affaires 2025 :<br \/>\n541 000 000 \u20ac<\/span><\/p>\n<\/div><\/div><\/div><div class=\"fusion-layout-column fusion_builder_column fusion-builder-column-2 fusion_builder_column_3_4 3_4 fusion-flex-column\" style=\"--awb-bg-size:cover;--awb-width-large:75%;--awb-margin-top-large:0px;--awb-spacing-right-large:2.56%;--awb-margin-bottom-large:20px;--awb-spacing-left-large:2.56%;--awb-width-medium:100%;--awb-order-medium:0;--awb-spacing-right-medium:1.92%;--awb-spacing-left-medium:1.92%;--awb-width-small:100%;--awb-order-small:0;--awb-spacing-right-small:1.92%;--awb-spacing-left-small:1.92%;\"><div class=\"fusion-column-wrapper fusion-column-has-shadow fusion-flex-justify-content-flex-start fusion-content-layout-column\"><div class=\"fusion-text fusion-text-4\"><p><img decoding=\"async\" class=\"\" style=\"display: block;\" src=\"https:\/\/tubi.net\/wp-content\/uploads\/2026\/03\/map-scaled.jpg\" alt=\"\" width=\"1769\" height=\"942\" \/><\/p>\n<\/div><\/div><\/div><\/div><\/div><div class=\"fusion-fullwidth fullwidth-box fusion-builder-row-3 fusion-flex-container has-pattern-background has-mask-background nonhundred-percent-fullwidth non-hundred-percent-height-scrolling\" style=\"--link_color: #000000;--awb-border-radius-top-left:0px;--awb-border-radius-top-right:0px;--awb-border-radius-bottom-right:0px;--awb-border-radius-bottom-left:0px;--awb-flex-wrap:wrap;\" ><div class=\"fusion-builder-row fusion-row fusion-flex-align-items-flex-start fusion-flex-content-wrap\" style=\"max-width:1144px;margin-left: calc(-4% \/ 2 );margin-right: calc(-4% \/ 2 );\"><div class=\"fusion-layout-column fusion_builder_column fusion-builder-column-3 fusion_builder_column_1_1 1_1 fusion-flex-column\" style=\"--awb-bg-size:cover;--awb-width-large:100%;--awb-margin-top-large:0px;--awb-spacing-right-large:1.92%;--awb-margin-bottom-large:20px;--awb-spacing-left-large:1.92%;--awb-width-medium:100%;--awb-order-medium:0;--awb-spacing-right-medium:1.92%;--awb-spacing-left-medium:1.92%;--awb-width-small:100%;--awb-order-small:0;--awb-spacing-right-small:1.92%;--awb-spacing-left-small:1.92%;\"><div class=\"fusion-column-wrapper fusion-column-has-shadow fusion-flex-justify-content-flex-start fusion-content-layout-column\"><div class=\"fusion-text fusion-text-5\"><p><span style=\"color: #000000;\"><b>HB <\/b><b>Boscarini<\/b> <b>S.p.A<\/b>. est la soci\u00e9t\u00e9 holding du Groupe et exerce des activit\u00e9s au service des entreprises dans les domaines de la finance, du contr\u00f4le de gestion, des ressources humaines, du juridique, des affaires sociales et de la direction g\u00e9n\u00e9rale.<\/span><\/p>\n<p><span style=\"color: #000000;\"><b>HB <\/b><b>Servizi<\/b> <b>S.r.l<\/b><b>. <\/b>fournit des services centralis\u00e9s pour toutes les entreprises du Groupe, optimisant et coordonnant leur gestion. Les principaux services concernent les domaines administratif et financier, le support technique et commercial, le marketing et les achats.<\/span><\/p>\n<p><span style=\"color: #000000;\"><b>SYSTEM GROUP <\/b>est la marque des entreprises contr\u00f4l\u00e9es par HB Boscarini S.p.A.<\/span><\/p>\n<p><span style=\"color: #000000;\"><b>SYSTEM GROUP <\/b>dispose de structures techniques pour soutenir les clients, les concepteurs, les autorit\u00e9s contractantes et le d\u00e9veloppement interne de produits et de syst\u00e8mes. Le D\u00e9partement Technique centralis\u00e9 fonctionne \u00e0 360\u00b0 et s\u2019occupe \u00e9galement des questions li\u00e9es \u00e0 la durabilit\u00e9. D\u2019autres d\u00e9partements techniques sp\u00e9cialis\u00e9s sont situ\u00e9s au sein des entreprises individuelles. Ces divisions techniques g\u00e9n\u00e8rent une valeur ajout\u00e9e significative gr\u00e2ce au niveau d\u2019expertise acquis, qu\u2019elles sont capables de fournir en tant que service.<\/span><\/p>\n<p><span style=\"color: #000000;\"><b>Futura <\/b><b>S.p.A<\/b><b>. <\/b>est l\u2019entreprise qui, en plus de produire certains types de produits (raccords, regards, colliers de r\u00e9paration, flotteurs, etc.), s\u2019occupe de toutes les questions relatives aux jonctions et \u00e0 la conception et fabrication de pi\u00e8ces sp\u00e9ciales sur mesure pour tous les types de tuyaux et de produits fabriqu\u00e9s au sein de SYSTEM GROUP. Elle fournit \u00e9galement des services d\u2019assistance sur site gr\u00e2ce \u00e0 la location et \u00e0 la vente d\u2019\u00e9quipements de soudage, et, sur demande, r\u00e9alise des activit\u00e9s de formation et des op\u00e9rations de soudage avec du personnel sp\u00e9cialis\u00e9 et qualifi\u00e9.<\/span><\/p>\n<p><span style=\"color: #000000;\"><b>Mecsystem<\/b> est l\u2019entreprise d\u2019ing\u00e9nierie \u00e9lectrom\u00e9canique qui, pour l\u2019ensemble du Groupe, fournit des services personnalis\u00e9s pour la conception et la construction de machines et d\u2019\u00e9quipements de production et de finition, l\u2019estimation des co\u00fbts et le choix des technologies et syst\u00e8mes, le support op\u00e9rationnel, la maintenance, l\u2019am\u00e9lioration de l\u2019efficacit\u00e9 \u00e9nerg\u00e9tique, ainsi que la coordination et la supervision des nouvelles installations.<\/span><\/p>\n<p><span style=\"color: #000000;\">Toutes les autres entreprises sont chacune sp\u00e9cialis\u00e9es dans la transformation des mat\u00e9riaux plastiques pour la production de tuyaux et de divers composants pour de multiples applications, ainsi que dans la commercialisation de certains produits et accessoires compl\u00e9mentaires non fabriqu\u00e9s au sein du Groupe.<\/span><\/p>\n<\/div><\/div><\/div><\/div><\/div><div class=\"fusion-fullwidth fullwidth-box fusion-builder-row-4 fusion-flex-container has-pattern-background has-mask-background nonhundred-percent-fullwidth non-hundred-percent-height-scrolling\" style=\"--link_color: #000000;--awb-border-radius-top-left:0px;--awb-border-radius-top-right:0px;--awb-border-radius-bottom-right:0px;--awb-border-radius-bottom-left:0px;--awb-flex-wrap:wrap;\" ><div class=\"fusion-builder-row fusion-row fusion-flex-align-items-center fusion-flex-content-wrap\" style=\"max-width:1144px;margin-left: calc(-4% \/ 2 );margin-right: calc(-4% \/ 2 );\"><div class=\"fusion-layout-column fusion_builder_column fusion-builder-column-4 fusion_builder_column_2_5 2_5 fusion-flex-column\" style=\"--awb-bg-size:cover;--awb-width-large:40%;--awb-margin-top-large:0px;--awb-spacing-right-large:4.8%;--awb-margin-bottom-large:20px;--awb-spacing-left-large:4.8%;--awb-width-medium:100%;--awb-order-medium:0;--awb-spacing-right-medium:1.92%;--awb-spacing-left-medium:1.92%;--awb-width-small:100%;--awb-order-small:0;--awb-spacing-right-small:1.92%;--awb-spacing-left-small:1.92%;\"><div class=\"fusion-column-wrapper fusion-column-has-shadow fusion-flex-justify-content-flex-start fusion-content-layout-column\"><div class=\"fusion-text fusion-text-6\"><div style=\"display: flex; align-items: center;\">\n<p><img decoding=\"async\" style=\"display: block;\" src=\"https:\/\/tubi.net\/wp-content\/uploads\/2026\/03\/logo-con-gufo.png\" alt=\"\" width=\"109\" height=\"109\" \/><\/p>\n<div style=\"color: #000000;\">\n<p style=\"margin: 0;\">\u00cates-vous curieux de savoir \u00ab<b>\u202fpourquoi le hibou<\/b>\u202f<b>?<\/b>\u202f\u00bb<\/p>\n<p style=\"margin: 5px 0 0 0;\">Cliquez pour regarder la vid\u00e9o.<\/p>\n<\/div>\n<\/div>\n<\/div><\/div><\/div><div class=\"fusion-layout-column fusion_builder_column fusion-builder-column-5 fusion_builder_column_3_5 3_5 fusion-flex-column\" style=\"--awb-bg-size:cover;--awb-width-large:60%;--awb-margin-top-large:0px;--awb-spacing-right-large:3.2%;--awb-margin-bottom-large:20px;--awb-spacing-left-large:3.2%;--awb-width-medium:100%;--awb-order-medium:0;--awb-spacing-right-medium:1.92%;--awb-spacing-left-medium:1.92%;--awb-width-small:100%;--awb-order-small:0;--awb-spacing-right-small:1.92%;--awb-spacing-left-small:1.92%;\"><div class=\"fusion-column-wrapper fusion-column-has-shadow fusion-flex-justify-content-flex-start fusion-content-layout-column\"><div class=\"fusion-video fusion-youtube\" style=\"--awb-max-width:600px;--awb-max-height:350px;--awb-align-self:center;--awb-width:100%;--awb-margin-top:5px;--awb-margin-bottom:15px;\"><div class=\"video-shortcode\"><div class=\"fluid-width-video-wrapper\" style=\"padding-top:58.33%;\" ><iframe title=\"YouTube video player 1\" src=\"https:\/\/www.youtube.com\/embed\/ggvWnl8k8kM?wmode=transparent&autoplay=0\" width=\"600\" height=\"350\" allowfullscreen allow=\"autoplay; clipboard-write; encrypted-media; gyroscope; picture-in-picture;\"><\/iframe><\/div><\/div><\/div><\/div><\/div><div class=\"fusion-layout-column fusion_builder_column fusion-builder-column-6 fusion_builder_column_1_1 1_1 fusion-flex-column\" style=\"--awb-bg-size:cover;--awb-width-large:100%;--awb-margin-top-large:0px;--awb-spacing-right-large:1.92%;--awb-margin-bottom-large:20px;--awb-spacing-left-large:1.92%;--awb-width-medium:100%;--awb-order-medium:0;--awb-spacing-right-medium:1.92%;--awb-spacing-left-medium:1.92%;--awb-width-small:100%;--awb-order-small:0;--awb-spacing-right-small:1.92%;--awb-spacing-left-small:1.92%;\"><div class=\"fusion-column-wrapper fusion-column-has-shadow fusion-flex-justify-content-flex-start fusion-content-layout-column\"><div class=\"fusion-text fusion-text-7\"><p><span style=\"color: #000000;\">Le hibou symbolise principalement la <b>sagesse, la connaissance et le myst\u00e8re<\/b>, gr\u00e2ce \u00e0 son association avec la d\u00e9esse grecque Ath\u00e9na et \u00e0 sa capacit\u00e9 de voir dans l\u2019obscurit\u00e9. Cependant, il porte \u00e9galement des significations de <b>protection, de magie et de chance<\/b> dans de nombreuses cultures, bien que dans certaines traditions anciennes il ait \u00e9t\u00e9 consid\u00e9r\u00e9 comme un pr\u00e9sage de mort ou un gardien de l\u2019au-del\u00e0.<\/span><\/p>\n<p><span style=\"color: #000000;\">Sa capacit\u00e9 \u00e0 planer silencieusement et invisiblement pendant la nuit repr\u00e9sente \u00e9galement <b>l\u2019intuition et la capacit\u00e9 de percevoir ce qui est cach\u00e9<\/b>, tant sur le plan intellectuel que spirituel.<br \/>\n<\/span><\/p>\n<\/div><\/div><\/div><div class=\"fusion-layout-column fusion_builder_column fusion-builder-column-7 fusion_builder_column_3_4 3_4 fusion-flex-column\" style=\"--awb-bg-size:cover;--awb-width-large:75%;--awb-margin-top-large:0px;--awb-spacing-right-large:2.56%;--awb-margin-bottom-large:20px;--awb-spacing-left-large:2.56%;--awb-width-medium:100%;--awb-order-medium:0;--awb-spacing-right-medium:1.92%;--awb-spacing-left-medium:1.92%;--awb-width-small:100%;--awb-order-small:0;--awb-spacing-right-small:1.92%;--awb-spacing-left-small:1.92%;\"><div class=\"fusion-column-wrapper fusion-column-has-shadow fusion-flex-justify-content-flex-start fusion-content-layout-column\"><div class=\"fusion-text fusion-text-8\"><p><span style=\"color: #000000;\">Dans les contes de f\u00e9es classiques, le hibou est souvent repr\u00e9sent\u00e9 comme un animal sage qui donne de bons conseils et aide le h\u00e9ros \u00e0 r\u00e9soudre les probl\u00e8mes et \u00e0 rentrer chez lui sain et sauf.<\/span><\/p>\n<p><span style=\"color: #000000;\">Une figure omnisciente et rassurante qui dispense des conseils aux humains comme aux animaux.<\/span><\/p>\n<\/div><div class=\"fusion-text fusion-text-9\"><p><span style=\"color: #000000;\">Dans Harry Potter, les hiboux sont les compagnons des sorciers et sorci\u00e8res accomplis et servent de facteurs pour l\u2019\u00e9cole de magie de Poudlard. Ils livrent le courrier et soutiennent la vie quotidienne des sorciers, symbolisant l\u2019amiti\u00e9 et la communication dans le monde magique.<\/span><\/p>\n<\/div><\/div><\/div><div class=\"fusion-layout-column fusion_builder_column fusion-builder-column-8 fusion_builder_column_1_4 1_4 fusion-flex-column\" style=\"--awb-bg-size:cover;--awb-width-large:25%;--awb-margin-top-large:0px;--awb-spacing-right-large:7.68%;--awb-margin-bottom-large:20px;--awb-spacing-left-large:7.68%;--awb-width-medium:100%;--awb-order-medium:0;--awb-spacing-right-medium:1.92%;--awb-spacing-left-medium:1.92%;--awb-width-small:100%;--awb-order-small:0;--awb-spacing-right-small:1.92%;--awb-spacing-left-small:1.92%;\"><div class=\"fusion-column-wrapper fusion-column-has-shadow fusion-flex-justify-content-flex-start fusion-content-layout-column\"><div class=\"fusion-text fusion-text-10\"><p><img decoding=\"async\" class=\"\" style=\"display: block;\" src=\"https:\/\/tubi.net\/wp-content\/uploads\/2026\/03\/Immagine-gufi.png\" alt=\"\" width=\"980\" height=\"597\" \/><\/p>\n<\/div><\/div><\/div><\/div><\/div><\/p>\n","protected":false},"excerpt":{"rendered":"","protected":false},"author":11,"featured_media":0,"parent":8577,"menu_order":5,"comment_status":"open","ping_status":"open","template":"side-navigation.php","meta":{"_acf_changed":false,"footnotes":""},"class_list":["post-48510","page","type-page","status-publish","hentry"],"acf":[],"_links":{"self":[{"href":"https:\/\/tubi.net\/fr\/wp-json\/wp\/v2\/pages\/48510","targetHints":{"allow":["GET"]}}],"collection":[{"href":"https:\/\/tubi.net\/fr\/wp-json\/wp\/v2\/pages"}],"about":[{"href":"https:\/\/tubi.net\/fr\/wp-json\/wp\/v2\/types\/page"}],"author":[{"embeddable":true,"href":"https:\/\/tubi.net\/fr\/wp-json\/wp\/v2\/users\/11"}],"replies":[{"embeddable":true,"href":"https:\/\/tubi.net\/fr\/wp-json\/wp\/v2\/comments?post=48510"}],"version-history":[{"count":10,"href":"https:\/\/tubi.net\/fr\/wp-json\/wp\/v2\/pages\/48510\/revisions"}],"predecessor-version":[{"id":48527,"href":"https:\/\/tubi.net\/fr\/wp-json\/wp\/v2\/pages\/48510\/revisions\/48527"}],"up":[{"embeddable":true,"href":"https:\/\/tubi.net\/fr\/wp-json\/wp\/v2\/pages\/8577"}],"wp:attachment":[{"href":"https:\/\/tubi.net\/fr\/wp-json\/wp\/v2\/media?parent=48510"}],"curies":[{"name":"wp","href":"https:\/\/api.w.org\/{rel}","templated":true}]}}