{"id":48658,"date":"2026-04-10T17:16:58","date_gmt":"2026-04-10T15:16:58","guid":{"rendered":"https:\/\/tubi.net\/?page_id=48658"},"modified":"2026-04-15T17:26:58","modified_gmt":"2026-04-15T15:26:58","slug":"kiwa-green","status":"publish","type":"page","link":"https:\/\/tubi.net\/fr\/kiwa-green","title":{"rendered":"Kiwa Green"},"content":{"rendered":"<p><div class=\"fusion-fullwidth fullwidth-box fusion-builder-row-1 fusion-flex-container has-pattern-background has-mask-background nonhundred-percent-fullwidth non-hundred-percent-height-scrolling\" style=\"--awb-border-radius-top-left:0px;--awb-border-radius-top-right:0px;--awb-border-radius-bottom-right:0px;--awb-border-radius-bottom-left:0px;--awb-padding-top:0%;--awb-padding-right:0%;--awb-padding-bottom:0%;--awb-padding-left:0%;--awb-flex-wrap:wrap;\" ><div class=\"fusion-builder-row fusion-row fusion-flex-align-items-center fusion-flex-justify-content-center fusion-flex-content-wrap\" style=\"max-width:1144px;margin-left: calc(-4% \/ 2 );margin-right: calc(-4% \/ 2 );\"><div class=\"fusion-layout-column fusion_builder_column fusion-builder-column-0 fusion_builder_column_1_3 1_3 fusion-flex-column fusion-flex-align-self-flex-start\" style=\"--awb-bg-size:cover;--awb-width-large:33.333333333333%;--awb-margin-top-large:20px;--awb-spacing-right-large:5.76%;--awb-margin-bottom-large:20px;--awb-spacing-left-large:5.76%;--awb-width-medium:50%;--awb-order-medium:0;--awb-spacing-right-medium:3.84%;--awb-spacing-left-medium:3.84%;--awb-width-small:66.666666666667%;--awb-order-small:0;--awb-spacing-right-small:2.88%;--awb-spacing-left-small:2.88%;\" data-scroll-devices=\"small-visibility,medium-visibility,large-visibility\"><div class=\"fusion-column-wrapper fusion-column-has-shadow fusion-flex-justify-content-flex-start fusion-content-layout-column\"><div class=\"fusion-image-element \" style=\"text-align:left;--awb-caption-title-font-family:var(--h2_typography-font-family);--awb-caption-title-font-weight:var(--h2_typography-font-weight);--awb-caption-title-font-style:var(--h2_typography-font-style);--awb-caption-title-size:var(--h2_typography-font-size);--awb-caption-title-transform:var(--h2_typography-text-transform);--awb-caption-title-line-height:var(--h2_typography-line-height);--awb-caption-title-letter-spacing:var(--h2_typography-letter-spacing);\"><span class=\" fusion-imageframe imageframe-none imageframe-1 hover-type-none\"><img decoding=\"async\" width=\"133\" height=\"132\" title=\"logo_kiwa_green\" src=\"https:\/\/tubi.net\/wp-content\/uploads\/2026\/04\/logo_kiwa_green.jpg\" alt class=\"img-responsive wp-image-48691\" srcset=\"https:\/\/tubi.net\/wp-content\/uploads\/2026\/04\/logo_kiwa_green-66x66.jpg 66w, https:\/\/tubi.net\/wp-content\/uploads\/2026\/04\/logo_kiwa_green.jpg 133w\" sizes=\"(max-width: 133px) 100vw, 133px\" \/><\/span><\/div><\/div><\/div><div class=\"fusion-layout-column fusion_builder_column fusion-builder-column-1 fusion_builder_column_1_3 1_3 fusion-flex-column fusion-flex-align-self-center\" style=\"--awb-bg-size:cover;--awb-width-large:33.333333333333%;--awb-margin-top-large:0px;--awb-spacing-right-large:5.76%;--awb-margin-bottom-large:20px;--awb-spacing-left-large:5.76%;--awb-width-medium:50%;--awb-order-medium:0;--awb-spacing-right-medium:3.84%;--awb-spacing-left-medium:3.84%;--awb-width-small:66.666666666667%;--awb-order-small:0;--awb-spacing-right-small:2.88%;--awb-spacing-left-small:2.88%;\" data-scroll-devices=\"small-visibility,medium-visibility,large-visibility\"><div class=\"fusion-column-wrapper fusion-column-has-shadow fusion-flex-justify-content-flex-start fusion-content-layout-column\"><div class=\"fusion-image-element \" style=\"text-align:center;--awb-caption-title-font-family:var(--h2_typography-font-family);--awb-caption-title-font-weight:var(--h2_typography-font-weight);--awb-caption-title-font-style:var(--h2_typography-font-style);--awb-caption-title-size:var(--h2_typography-font-size);--awb-caption-title-transform:var(--h2_typography-text-transform);--awb-caption-title-line-height:var(--h2_typography-line-height);--awb-caption-title-letter-spacing:var(--h2_typography-letter-spacing);\"><span class=\" fusion-imageframe imageframe-none imageframe-2 hover-type-none\"><img decoding=\"async\" width=\"256\" height=\"88\" title=\"kiwa_titolo\" src=\"https:\/\/tubi.net\/wp-content\/uploads\/2026\/04\/kiwa_titolo.png\" alt class=\"img-responsive wp-image-48692\" srcset=\"https:\/\/tubi.net\/wp-content\/uploads\/2026\/04\/kiwa_titolo-200x69.png 200w, https:\/\/tubi.net\/wp-content\/uploads\/2026\/04\/kiwa_titolo.png 256w\" sizes=\"(max-width: 1024px) 100vw, (max-width: 640px) 100vw, 256px\" \/><\/span><\/div><\/div><\/div><div class=\"fusion-layout-column fusion_builder_column fusion-builder-column-2 fusion_builder_column_1_3 1_3 fusion-flex-column fusion-flex-align-self-center\" style=\"--awb-bg-size:cover;--awb-width-large:33.333333333333%;--awb-margin-top-large:0px;--awb-spacing-right-large:5.76%;--awb-margin-bottom-large:20px;--awb-spacing-left-large:5.76%;--awb-width-medium:50%;--awb-order-medium:0;--awb-spacing-right-medium:3.84%;--awb-spacing-left-medium:3.84%;--awb-width-small:66.666666666667%;--awb-order-small:0;--awb-spacing-right-small:2.88%;--awb-spacing-left-small:2.88%;\" data-scroll-devices=\"small-visibility,medium-visibility,large-visibility\"><div class=\"fusion-column-wrapper fusion-column-has-shadow fusion-flex-justify-content-flex-start fusion-content-layout-column\"><\/div><\/div><div class=\"fusion-layout-column fusion_builder_column fusion-builder-column-3 fusion_builder_column_1_1 1_1 fusion-flex-column\" style=\"--awb-padding-top:0%;--awb-padding-right:0%;--awb-padding-bottom:0%;--awb-padding-left:0%;--awb-bg-size:cover;--awb-width-large:100%;--awb-margin-top-large:0%;--awb-spacing-right-large:1.92%;--awb-margin-bottom-large:0%;--awb-spacing-left-large:1.92%;--awb-width-medium:100%;--awb-order-medium:0;--awb-spacing-right-medium:1.92%;--awb-spacing-left-medium:1.92%;--awb-width-small:100%;--awb-order-small:0;--awb-spacing-right-small:1.92%;--awb-spacing-left-small:1.92%;\" data-scroll-devices=\"small-visibility,medium-visibility,large-visibility\"><div class=\"fusion-column-wrapper fusion-column-has-shadow fusion-flex-justify-content-flex-start fusion-content-layout-column\"><\/div><\/div><div class=\"fusion-layout-column fusion_builder_column fusion-builder-column-4 fusion_builder_column_1_1 1_1 fusion-flex-column\" style=\"--awb-padding-right:5%;--awb-padding-left:5%;--awb-bg-size:cover;--awb-width-large:100%;--awb-margin-top-large:20px;--awb-spacing-right-large:1.92%;--awb-margin-bottom-large:0px;--awb-spacing-left-large:1.92%;--awb-width-medium:100%;--awb-order-medium:0;--awb-spacing-right-medium:1.92%;--awb-spacing-left-medium:1.92%;--awb-width-small:100%;--awb-order-small:0;--awb-spacing-right-small:1.92%;--awb-spacing-left-small:1.92%;\" data-scroll-devices=\"small-visibility,medium-visibility,large-visibility\"><div class=\"fusion-column-wrapper fusion-column-has-shadow fusion-flex-justify-content-flex-start fusion-content-layout-column\"><div class=\"fusion-text fusion-text-1\" style=\"--awb-font-size:16px;--awb-text-color:#000000;\"><p>Avec les produits certifi\u00e9s Kiwa Green, Centraltubi renforce la confiance et aide ses clients et les organisations \u00e0 minimiser leur impact environnemental, contribuant ainsi \u00e0 la r\u00e9alisation des Objectifs de D\u00e9veloppement Durable de l\u2019Agenda 2030 des Nations Unies.<\/p>\n<p style=\"text-align: center;\">Le certificat Kiwa Green d\u00e9montre la conformit\u00e9 des conduits de protection de c\u00e2bles en poly\u00e9thyl\u00e8ne recycl\u00e9 de Centraltubi \u00e0 la ligne directrice d\u2019\u00e9valuation BRL K15014, utilis\u00e9e pour certifier des produits, mat\u00e9riaux et processus r\u00e9pondant \u00e0 des exigences entra\u00eenant des am\u00e9liorations en mati\u00e8re de :<\/p>\n<div style=\"display: flex; justify-content: center; align-items: center; margin-bottom: 20px;\">\n<ul style=\"text-align: center; font-size: 25px !important; margin-bottom: 20px;\">\n<li style=\"text-align: left;\">aspects environnementaux et de durabilit\u00e9;<\/li>\n<li style=\"text-align: left;\">produits et processus conformes aux exigences fonctionnelles;<\/li>\n<li style=\"text-align: left;\">conditions de travail des employ\u00e9s.<\/li>\n<\/ul>\n<\/div>\n<p style=\"text-align: center;\">Gr\u00e2ce \u00e0 son syst\u00e8me de qualit\u00e9 et d\u2019approvisionnement, Centraltubi satisfait aux exigences de durabilit\u00e9 de Kiwa, essentiellement bas\u00e9es sur les principes de la norme d\u2019orientation ISO 20400 et de l\u2019Organisation internationale du Travail et, conform\u00e9ment aux r\u00e8glements de certification Kiwa, le produit et le processus sont \u00e9valu\u00e9s dans le cadre des aspects de qualit\u00e9 et des exigences fonctionnelles d\u00e9finies par le Covenant K-0215743. Ce Covenant a \u00e9t\u00e9 \u00e9labor\u00e9 par le Comit\u00e9 technique des plastiques recycl\u00e9s de Kiwa Nederland B.V., approuv\u00e9 par le Comit\u00e9 des Covenants de Kiwa, et s\u2019applique aux tuyaux en poly\u00e9thyl\u00e8ne haute densit\u00e9 recycl\u00e9 (PE-HD) pos\u00e9s en terre, destin\u00e9s \u00e0 la protection des c\u00e2bles, utilis\u00e9s pour la protection et la gestion des conducteurs isol\u00e9s et\/ou des c\u00e2bles dans les installations \u00e9lectriques ou les syst\u00e8mes de communication. Les tuyaux sont con\u00e7us pour conserver leur aptitude fonctionnelle pendant plus de 50 ans, assurant la protection des c\u00e2bles, des utilisateurs et de l\u2019environnement dans des conditions normales d\u2019utilisation avec des c\u00e2bles \u00e9lectriques et auxiliaires, lorsqu\u2019ils sont install\u00e9s par forage dirig\u00e9 et\/ou m\u00e9thodes sans tranch\u00e9e.<\/p>\n<p style=\"text-align: center;\">Gr\u00e2ce \u00e0 cette certification, nous pouvons garantir les m\u00eames performances que celles des tuyaux fabriqu\u00e9s \u00e0 partir de mati\u00e8re vierge, tout en utilisant du poly\u00e9thyl\u00e8ne issu de d\u00e9chets plastiques recycl\u00e9s, avec une r\u00e9duction des \u00e9missions de PRG (GWP) de plus de 40 % pendant la production et une \u00e9conomie d\u2019environ 1 kg de CO\u2082 par kg de tuyau install\u00e9, quantifi\u00e9e \u00e0 l\u2019aide de l\u2019outil d\u2019\u00e9co-conception Centraltubi et v\u00e9rifi\u00e9e par un organisme accr\u00e9dit\u00e9.<\/p>\n<\/div><\/div><\/div><div class=\"fusion-layout-column fusion_builder_column fusion-builder-column-5 fusion_builder_column_1_2 1_2 fusion-flex-column\" style=\"--awb-bg-size:cover;--awb-width-large:50%;--awb-margin-top-large:0px;--awb-spacing-right-large:3.84%;--awb-margin-bottom-large:20px;--awb-spacing-left-large:3.84%;--awb-width-medium:100%;--awb-order-medium:0;--awb-spacing-right-medium:1.92%;--awb-spacing-left-medium:1.92%;--awb-width-small:100%;--awb-order-small:0;--awb-spacing-right-small:1.92%;--awb-spacing-left-small:1.92%;\"><div class=\"fusion-column-wrapper fusion-column-has-shadow fusion-flex-justify-content-flex-start fusion-content-layout-column\"><div style=\"text-align:center;\"><a class=\"fusion-button button-flat fusion-button-default-size button-custom fusion-button-default button-1 fusion-button-default-span fusion-button-default-type bottone300\" style=\"--button_accent_color:#ffffff;--button_accent_hover_color:#ffffff;--button_border_hover_color:#ffffff;--button-border-radius-top-left:10px;--button-border-radius-top-right:10px;--button-border-radius-bottom-right:10px;--button-border-radius-bottom-left:10px;--button_gradient_top_color:#277022ff;--button_gradient_bottom_color:#277022ff;--button_gradient_top_color_hover:#960606;--button_gradient_bottom_color_hover:#960606;--button_font_size:var(--awb-typography2-font-size);--button_padding-top:20px;--button_padding-right:28px;--button_padding-bottom:20px;--button_padding-left:28px;--button_margin-top:30px;--button_margin-bottom:10px;\" target=\"_blank\" rel=\"noopener noreferrer\" href=\"https:\/\/tubi.net\/wp-content\/uploads\/2026\/04\/K-0215744-2.pdf\"><span class=\"fusion-button-text awb-button__text awb-button__text--default\">CERTIFICAT<\/span><\/a><\/div><\/div><\/div><div class=\"fusion-layout-column fusion_builder_column fusion-builder-column-6 fusion_builder_column_1_2 1_2 fusion-flex-column\" style=\"--awb-bg-size:cover;--awb-width-large:50%;--awb-margin-top-large:0px;--awb-spacing-right-large:3.84%;--awb-margin-bottom-large:20px;--awb-spacing-left-large:3.84%;--awb-width-medium:100%;--awb-order-medium:0;--awb-spacing-right-medium:1.92%;--awb-spacing-left-medium:1.92%;--awb-width-small:100%;--awb-order-small:0;--awb-spacing-right-small:1.92%;--awb-spacing-left-small:1.92%;\"><div class=\"fusion-column-wrapper fusion-column-has-shadow fusion-flex-justify-content-flex-start fusion-content-layout-column\"><div style=\"text-align:center;\"><a class=\"fusion-button button-flat fusion-button-default-size button-custom fusion-button-default button-2 fusion-button-default-span fusion-button-default-type\" style=\"--button_accent_color:#ffffff;--button_accent_hover_color:#ffffff;--button_border_hover_color:#ffffff;--button-border-radius-top-left:10px;--button-border-radius-top-right:10px;--button-border-radius-bottom-right:10px;--button-border-radius-bottom-left:10px;--button_gradient_top_color:#277022ff;--button_gradient_bottom_color:#277022ff;--button_gradient_top_color_hover:#960606;--button_gradient_bottom_color_hover:#960606;--button_font_size:var(--awb-typography2-font-size);--button_padding-top:20px;--button_padding-right:28px;--button_padding-bottom:20px;--button_padding-left:28px;--button_margin-top:30px;--button_margin-bottom:10px;\" target=\"_blank\" rel=\"noopener noreferrer\"><span class=\"fusion-button-text awb-button__text awb-button__text--default\">FICHE TECHNIQUE DU TUYAU<\/span><\/a><\/div><\/div><\/div><\/div><\/div><div class=\"fusion-fullwidth fullwidth-box fusion-builder-row-2 fusion-flex-container has-pattern-background has-mask-background nonhundred-percent-fullwidth non-hundred-percent-height-scrolling\" style=\"--awb-border-radius-top-left:0px;--awb-border-radius-top-right:0px;--awb-border-radius-bottom-right:0px;--awb-border-radius-bottom-left:0px;--awb-padding-top:5%;--awb-padding-right:5%;--awb-padding-left:5%;--awb-flex-wrap:wrap;\" ><div class=\"fusion-builder-row fusion-row fusion-flex-align-items-flex-start fusion-flex-content-wrap\" style=\"max-width:1144px;margin-left: calc(-4% \/ 2 );margin-right: calc(-4% \/ 2 );\"><div class=\"fusion-layout-column fusion_builder_column fusion-builder-column-7 fusion_builder_column_1_4 1_4 fusion-flex-column\" style=\"--awb-bg-size:cover;--awb-width-large:25%;--awb-margin-top-large:0px;--awb-spacing-right-large:7.68%;--awb-margin-bottom-large:20px;--awb-spacing-left-large:7.68%;--awb-width-medium:100%;--awb-order-medium:0;--awb-spacing-right-medium:1.92%;--awb-spacing-left-medium:1.92%;--awb-width-small:100%;--awb-order-small:0;--awb-spacing-right-small:1.92%;--awb-spacing-left-small:1.92%;\"><div class=\"fusion-column-wrapper fusion-column-has-shadow fusion-flex-justify-content-flex-start fusion-content-layout-column\"><div class=\"fusion-image-element \" style=\"--awb-caption-title-font-family:var(--h2_typography-font-family);--awb-caption-title-font-weight:var(--h2_typography-font-weight);--awb-caption-title-font-style:var(--h2_typography-font-style);--awb-caption-title-size:var(--h2_typography-font-size);--awb-caption-title-transform:var(--h2_typography-text-transform);--awb-caption-title-line-height:var(--h2_typography-line-height);--awb-caption-title-letter-spacing:var(--h2_typography-letter-spacing);\"><span class=\" fusion-imageframe imageframe-none imageframe-4 hover-type-none\"><a href=\"https:\/\/tubi.net\/wp-content\/uploads\/2026\/04\/tubefinder-010-low-res.jpg\" class=\"fusion-lightbox\" data-rel=\"iLightbox[kiwa_green]\" data-title=\"tubefinder-010-low-res\" title=\"tubefinder-010-low-res\" rel=\"lightbox[48658]\"><img decoding=\"async\" width=\"1024\" height=\"682\" src=\"https:\/\/tubi.net\/wp-content\/uploads\/2026\/04\/tubefinder-010-low-res.jpg\" alt class=\"img-responsive wp-image-48746\" srcset=\"https:\/\/tubi.net\/wp-content\/uploads\/2026\/04\/tubefinder-010-low-res-200x133.jpg 200w, https:\/\/tubi.net\/wp-content\/uploads\/2026\/04\/tubefinder-010-low-res-400x266.jpg 400w, https:\/\/tubi.net\/wp-content\/uploads\/2026\/04\/tubefinder-010-low-res-600x400.jpg 600w, https:\/\/tubi.net\/wp-content\/uploads\/2026\/04\/tubefinder-010-low-res-800x533.jpg 800w, https:\/\/tubi.net\/wp-content\/uploads\/2026\/04\/tubefinder-010-low-res.jpg 1024w\" sizes=\"(max-width: 1024px) 100vw, (max-width: 640px) 100vw, 400px\" \/><\/a><\/span><\/div><\/div><\/div><div class=\"fusion-layout-column fusion_builder_column fusion-builder-column-8 fusion_builder_column_1_4 1_4 fusion-flex-column\" style=\"--awb-bg-size:cover;--awb-width-large:25%;--awb-margin-top-large:0px;--awb-spacing-right-large:7.68%;--awb-margin-bottom-large:20px;--awb-spacing-left-large:7.68%;--awb-width-medium:100%;--awb-order-medium:0;--awb-spacing-right-medium:1.92%;--awb-spacing-left-medium:1.92%;--awb-width-small:100%;--awb-order-small:0;--awb-spacing-right-small:1.92%;--awb-spacing-left-small:1.92%;\"><div class=\"fusion-column-wrapper fusion-column-has-shadow fusion-flex-justify-content-flex-start fusion-content-layout-column\"><div class=\"fusion-image-element \" style=\"--awb-caption-title-font-family:var(--h2_typography-font-family);--awb-caption-title-font-weight:var(--h2_typography-font-weight);--awb-caption-title-font-style:var(--h2_typography-font-style);--awb-caption-title-size:var(--h2_typography-font-size);--awb-caption-title-transform:var(--h2_typography-text-transform);--awb-caption-title-line-height:var(--h2_typography-line-height);--awb-caption-title-letter-spacing:var(--h2_typography-letter-spacing);\"><span class=\" fusion-imageframe imageframe-none imageframe-5 hover-type-none\"><a href=\"https:\/\/tubi.net\/wp-content\/uploads\/2026\/04\/Kiwa_Immagine2.jpg\" class=\"fusion-lightbox\" data-rel=\"iLightbox[kiwa_green]\" data-title=\"Kiwa_Immagine2\" title=\"Kiwa_Immagine2\" rel=\"lightbox[48658]\"><img decoding=\"async\" width=\"425\" height=\"284\" src=\"https:\/\/tubi.net\/wp-content\/uploads\/2026\/04\/Kiwa_Immagine2.jpg\" alt class=\"img-responsive wp-image-48694\" srcset=\"https:\/\/tubi.net\/wp-content\/uploads\/2026\/04\/Kiwa_Immagine2-200x134.jpg 200w, https:\/\/tubi.net\/wp-content\/uploads\/2026\/04\/Kiwa_Immagine2-400x267.jpg 400w, https:\/\/tubi.net\/wp-content\/uploads\/2026\/04\/Kiwa_Immagine2.jpg 425w\" sizes=\"(max-width: 1024px) 100vw, (max-width: 640px) 100vw, 400px\" \/><\/a><\/span><\/div><\/div><\/div><div class=\"fusion-layout-column fusion_builder_column fusion-builder-column-9 fusion_builder_column_1_4 1_4 fusion-flex-column\" style=\"--awb-bg-size:cover;--awb-width-large:25%;--awb-margin-top-large:0px;--awb-spacing-right-large:7.68%;--awb-margin-bottom-large:20px;--awb-spacing-left-large:7.68%;--awb-width-medium:100%;--awb-order-medium:0;--awb-spacing-right-medium:1.92%;--awb-spacing-left-medium:1.92%;--awb-width-small:100%;--awb-order-small:0;--awb-spacing-right-small:1.92%;--awb-spacing-left-small:1.92%;\"><div class=\"fusion-column-wrapper fusion-column-has-shadow fusion-flex-justify-content-flex-start fusion-content-layout-column\"><div class=\"fusion-image-element \" style=\"--awb-caption-title-font-family:var(--h2_typography-font-family);--awb-caption-title-font-weight:var(--h2_typography-font-weight);--awb-caption-title-font-style:var(--h2_typography-font-style);--awb-caption-title-size:var(--h2_typography-font-size);--awb-caption-title-transform:var(--h2_typography-text-transform);--awb-caption-title-line-height:var(--h2_typography-line-height);--awb-caption-title-letter-spacing:var(--h2_typography-letter-spacing);\"><span class=\" fusion-imageframe imageframe-none imageframe-6 hover-type-none\"><a href=\"https:\/\/tubi.net\/wp-content\/uploads\/2026\/04\/Kiwa_Immagine3.jpg\" class=\"fusion-lightbox\" data-rel=\"iLightbox[kiwa_green]\" data-title=\"Kiwa_Immagine3\" title=\"Kiwa_Immagine3\" rel=\"lightbox[48658]\"><img decoding=\"async\" width=\"373\" height=\"280\" src=\"https:\/\/tubi.net\/wp-content\/uploads\/2026\/04\/Kiwa_Immagine3.jpg\" alt class=\"img-responsive wp-image-48695\" srcset=\"https:\/\/tubi.net\/wp-content\/uploads\/2026\/04\/Kiwa_Immagine3-200x150.jpg 200w, https:\/\/tubi.net\/wp-content\/uploads\/2026\/04\/Kiwa_Immagine3.jpg 373w\" sizes=\"(max-width: 1024px) 100vw, (max-width: 640px) 100vw, 373px\" \/><\/a><\/span><\/div><\/div><\/div><div class=\"fusion-layout-column fusion_builder_column fusion-builder-column-10 fusion_builder_column_1_4 1_4 fusion-flex-column\" style=\"--awb-bg-size:cover;--awb-width-large:25%;--awb-margin-top-large:0px;--awb-spacing-right-large:7.68%;--awb-margin-bottom-large:20px;--awb-spacing-left-large:7.68%;--awb-width-medium:100%;--awb-order-medium:0;--awb-spacing-right-medium:1.92%;--awb-spacing-left-medium:1.92%;--awb-width-small:100%;--awb-order-small:0;--awb-spacing-right-small:1.92%;--awb-spacing-left-small:1.92%;\"><div class=\"fusion-column-wrapper fusion-column-has-shadow fusion-flex-justify-content-flex-start fusion-content-layout-column\"><div class=\"fusion-image-element \" style=\"--awb-caption-title-font-family:var(--h2_typography-font-family);--awb-caption-title-font-weight:var(--h2_typography-font-weight);--awb-caption-title-font-style:var(--h2_typography-font-style);--awb-caption-title-size:var(--h2_typography-font-size);--awb-caption-title-transform:var(--h2_typography-text-transform);--awb-caption-title-line-height:var(--h2_typography-line-height);--awb-caption-title-letter-spacing:var(--h2_typography-letter-spacing);\"><span class=\" fusion-imageframe imageframe-none imageframe-7 hover-type-none\"><a href=\"https:\/\/tubi.net\/wp-content\/uploads\/2026\/04\/1S2A0607v.jpg\" class=\"fusion-lightbox\" data-rel=\"iLightbox[kiwa_green]\" data-title=\"1S2A0607v\" title=\"1S2A0607v\" rel=\"lightbox[48658]\"><img decoding=\"async\" width=\"2313\" height=\"1542\" src=\"https:\/\/tubi.net\/wp-content\/uploads\/2026\/04\/1S2A0607v.jpg\" alt class=\"img-responsive wp-image-48747\" srcset=\"https:\/\/tubi.net\/wp-content\/uploads\/2026\/04\/1S2A0607v-200x133.jpg 200w, https:\/\/tubi.net\/wp-content\/uploads\/2026\/04\/1S2A0607v-400x267.jpg 400w, https:\/\/tubi.net\/wp-content\/uploads\/2026\/04\/1S2A0607v-600x400.jpg 600w, https:\/\/tubi.net\/wp-content\/uploads\/2026\/04\/1S2A0607v-800x533.jpg 800w, https:\/\/tubi.net\/wp-content\/uploads\/2026\/04\/1S2A0607v-1200x800.jpg 1200w, https:\/\/tubi.net\/wp-content\/uploads\/2026\/04\/1S2A0607v.jpg 2313w\" sizes=\"(max-width: 1024px) 100vw, (max-width: 640px) 100vw, 400px\" \/><\/a><\/span><\/div><\/div><\/div><\/div><\/div><\/p>\n","protected":false},"excerpt":{"rendered":"","protected":false},"author":11,"featured_media":0,"parent":0,"menu_order":0,"comment_status":"closed","ping_status":"closed","template":"","meta":{"_acf_changed":false,"footnotes":""},"class_list":["post-48658","page","type-page","status-publish","hentry"],"acf":[],"_links":{"self":[{"href":"https:\/\/tubi.net\/fr\/wp-json\/wp\/v2\/pages\/48658","targetHints":{"allow":["GET"]}}],"collection":[{"href":"https:\/\/tubi.net\/fr\/wp-json\/wp\/v2\/pages"}],"about":[{"href":"https:\/\/tubi.net\/fr\/wp-json\/wp\/v2\/types\/page"}],"author":[{"embeddable":true,"href":"https:\/\/tubi.net\/fr\/wp-json\/wp\/v2\/users\/11"}],"replies":[{"embeddable":true,"href":"https:\/\/tubi.net\/fr\/wp-json\/wp\/v2\/comments?post=48658"}],"version-history":[{"count":9,"href":"https:\/\/tubi.net\/fr\/wp-json\/wp\/v2\/pages\/48658\/revisions"}],"predecessor-version":[{"id":48749,"href":"https:\/\/tubi.net\/fr\/wp-json\/wp\/v2\/pages\/48658\/revisions\/48749"}],"wp:attachment":[{"href":"https:\/\/tubi.net\/fr\/wp-json\/wp\/v2\/media?parent=48658"}],"curies":[{"name":"wp","href":"https:\/\/api.w.org\/{rel}","templated":true}]}}