{"id":8560,"date":"2014-03-26T16:55:33","date_gmt":"2014-03-26T15:55:33","guid":{"rendered":"https:\/\/tubi.net\/?page_id=8560"},"modified":"2024-08-09T11:22:40","modified_gmt":"2024-08-09T09:22:40","slug":"sur-nous-system-group","status":"publish","type":"page","link":"https:\/\/tubi.net\/fr\/sur-nous-system-group","title":{"rendered":"Sur nous"},"content":{"rendered":"<p><div class=\"fusion-fullwidth fullwidth-box fusion-builder-row-1 nonhundred-percent-fullwidth non-hundred-percent-height-scrolling\" style=\"--awb-background-position:left top;--awb-border-sizes-top:0px;--awb-border-sizes-bottom:0px;--awb-border-sizes-left:0px;--awb-border-sizes-right:0px;--awb-border-radius-top-left:0px;--awb-border-radius-top-right:0px;--awb-border-radius-bottom-right:0px;--awb-border-radius-bottom-left:0px;--awb-padding-top:0px;--awb-padding-right:0px;--awb-padding-bottom:0px;--awb-padding-left:0px;--awb-flex-wrap:wrap;\" ><div class=\"fusion-builder-row fusion-row\"><div class=\"fusion-layout-column fusion_builder_column fusion-builder-column-0 fusion_builder_column_1_1 1_1 fusion-one-full fusion-column-first fusion-column-last fusion-column-no-min-height\" style=\"--awb-bg-size:cover;--awb-margin-bottom:0px;\"><div class=\"fusion-column-wrapper fusion-flex-column-wrapper-legacy\"><div class=\"fusion-text fusion-text-1\"><div class=\"section-divider\"><\/div>\n<\/div><div class=\"fusion-text fusion-text-2\"><h2 class=\"bordered-title\"><em>Notre histoire<\/em><\/h2>\n<p class=\"lead\"><em>L&rsquo;histoire du System Group remonte \u00e0 1979, lorsque Alvaro Boscarini, un jeune homme originaire de Lunano en Italie, a d\u00e9clin\u00e9 une carri\u00e8re dans les services postaux et a commenc\u00e9 sa propre entreprise de fabrication. Fort d&rsquo;une certaine connaissance des besoins du march\u00e9 et avec l&rsquo;aide de ses fr\u00e8res et de ses amis les plus proches, il a fond\u00e9 Centraltubi S.p.A., une usine sp\u00e9cialis\u00e9e dans la production de tuyaux en poly\u00e9thyl\u00e8ne haute densit\u00e9 \u00e0 paroi solide pour des applications sous pression (syst\u00e8mes ferm\u00e9s d&rsquo;eau ou d&rsquo;assainissement).<\/em><\/p>\n<\/div><div class=\"fusion-text fusion-text-3\"><div class=\"medium-section-divider\"><\/div>\n<\/div><div class=\"fusion-clearfix\"><\/div><\/div><\/div><div class=\"fusion-layout-column fusion_builder_column fusion-builder-column-1 fusion_builder_column_1_1 1_1 fusion-one-full fusion-column-first fusion-column-last\" style=\"--awb-bg-size:cover;\"><div class=\"fusion-column-wrapper fusion-flex-column-wrapper-legacy\"><div class=\"fusion-text fusion-text-4\"><p>La jeune entreprise, avec une grande \u00e9nergie, a marqu\u00e9 le march\u00e9 local et a rapidement r\u00e9alis\u00e9 l&rsquo;importance de la pr\u00e9servation de l&rsquo;environnement et de la plan\u00e8te. C&rsquo;est \u00e0 ce moment que la famille a d\u00e9cid\u00e9 de se lancer dans le <strong>recyclage des plastiques<\/strong> et dans le <strong>domaine du compoundage<\/strong>.<\/p>\n<p>La demande croissante sur le march\u00e9 des <strong>tuyaux en poly\u00e9thyl\u00e8ne basse et moyenne densit\u00e9<\/strong> pour l&rsquo;irrigation et la protection des c\u00e2bles, ainsi que la n\u00e9cessit\u00e9 de fournir des solutions pour des syst\u00e8mes complexes en produisant des <strong>raccords de tuyaux<\/strong>, ont conduit \u00e0 l&rsquo;ouverture de deux autres sites de production, suivis par le d\u00e9partement d&rsquo;ing\u00e9nierie du groupe et par la production pionni\u00e8re de<strong> tuyaux double paroi ondul\u00e9s<\/strong> sur le march\u00e9 italien.<\/p>\n<p>Apr\u00e8s la premi\u00e8re p\u00e9riode de croissance, le Groupe System est devenu une structure coh\u00e9sive avec un fort esprit de collaboration, bien que chaque unit\u00e9 de production conserve son propre ensemble de comp\u00e9tences sp\u00e9cifiques et de produits.<\/p>\n<p>Nous sommes devenus un partenaire privil\u00e9gi\u00e9 pour de <em>grands projets d&rsquo;infrastructures<\/em> impliquant tous types de canalisations d&rsquo;eau, de gaz ou de t\u00e9l\u00e9communications.<\/p>\n<p>La fin du XXe si\u00e8cle et le d\u00e9but du XXIe si\u00e8cle ont marqu\u00e9 la p\u00e9riode d&rsquo;internationalisation, au cours de laquelle nous avons d\u00e9fini notre strat\u00e9gie mondiale, impliquant des accords commerciaux, des sites de production et des co-entreprises en Europe et en Afrique, desservant plus de 35 pays r\u00e9guli\u00e8rement. La croissance \u00e9conomique durable, le d\u00e9veloppement technologique, la recherche continue, les activit\u00e9s de conception de projets, la forte pr\u00e9sence sur les march\u00e9s europ\u00e9ens et dans le reste du monde sont les \u00e9l\u00e9ments qui nous ont guid\u00e9s depuis le tout d\u00e9but.<\/p>\n<p>Aujourd&rsquo;hui, nous disposons de <strong>18 sites de production, d&rsquo;une entreprise de transport et d&rsquo;un centre logistique<\/strong>. Nous avons atteint plus de 80 pays avec nos solutions pour <em>les routes, les tunnels, les chemins de fer, les ports et les installations maritimes, les grands syst\u00e8mes d&rsquo;irrigation, les installations sportives et de loisirs, les syst\u00e8mes de ventilation, la plomberie et le chauffage<\/em>. Nous extrudons, soufflons, rotomoulons, injectons et manipulons principalement des mat\u00e9riaux thermoplastiques &#8211; <strong>poly\u00e9thyl\u00e8ne, polypropyl\u00e8ne et PVC<\/strong>, mais nous travaillons \u00e9galement avec des composants m\u00e9talliques et en caoutchouc.<\/p>\n<p>\u2013&gt; Nous produisons des tuyaux, des raccords, des regards, des goutteurs, des r\u00e9servoirs, des bateaux, des bou\u00e9es, des vannes, des canaux de drainage et des produits sp\u00e9cifiques sur mesure dans notre portefeuille, qui compte fi\u00e8rement plus de 22 000 articles.<\/p>\n<p>Nous vous apporterons de la chance.<\/p>\n<\/div><div class=\"fusion-clearfix\"><\/div><\/div><\/div><\/div><\/div><div class=\"fusion-fullwidth fullwidth-box fusion-builder-row-2 has-pattern-background has-mask-background hundred-percent-fullwidth non-hundred-percent-height-scrolling fusion-equal-height-columns\" style=\"--awb-border-radius-top-left:0px;--awb-border-radius-top-right:0px;--awb-border-radius-bottom-right:0px;--awb-border-radius-bottom-left:0px;--awb-overflow:visible;--awb-flex-wrap:wrap;\" ><div class=\"fusion-builder-row fusion-row\"><div class=\"fusion-layout-column fusion_builder_column fusion-builder-column-2 fusion_builder_column_1_3 1_3 fusion-one-third fusion-column-first fusion-animated icon-with-text-box box-shadow-box\" style=\"--awb-bg-size:cover;width:30.6666%; margin-right: 4%;\" data-animationType=\"fadeInUp\" data-animationDuration=\"0.3\" data-animationOffset=\"top-into-view\"><div class=\"fusion-column-wrapper fusion-flex-column-wrapper-legacy\"><div class=\"fusion-text fusion-text-5\"><h3><div class=\"fusion-fa-align-left\"><i class=\"fb-icon-element-1 fb-icon-element fontawesome-icon fa fa-line-chart circle-no\" style=\"--awb-iconcolor:#B00A0A;--awb-iconcolor-hover:#B00A0A;--awb-font-size:40px;--awb-margin-right:20px;\"><\/i><\/div>Notre vision<\/h3>\n<p>System Group a une vision importante: construire des infrastructures meilleures, plus vertes et plus efficaces. Nous croyons fermement que nos valeurs fondamentales nous m\u00e8neront \u00e0 atteindre ce r\u00e9sultat et \u00e0 cr\u00e9er des solutions durables dans des domaines essentiels tels que la gestion de l&rsquo;eau, les pipelines, l&rsquo;agriculture, les communications et le recyclage.<\/p>\n<\/div><div class=\"fusion-clearfix\"><\/div><\/div><\/div><div class=\"fusion-layout-column fusion_builder_column fusion-builder-column-3 fusion_builder_column_1_3 1_3 fusion-one-third fusion-animated icon-with-text-box box-shadow-box\" style=\"--awb-bg-size:cover;width:30.6666%; margin-right: 4%;\" data-animationType=\"fadeInUp\" data-animationDuration=\"0.3\" data-animationOffset=\"top-into-view\"><div class=\"fusion-column-wrapper fusion-flex-column-wrapper-legacy\"><div class=\"fusion-text fusion-text-6\"><h3><div class=\"fusion-fa-align-left\"><i class=\"fb-icon-element-2 fb-icon-element fontawesome-icon fa fa-bookmark circle-no\" style=\"--awb-iconcolor:#b00a0a;--awb-iconcolor-hover:#b00a0a;--awb-font-size:40px;--awb-margin-right:20px;\"><\/i><\/div>Qualit\u00e8<\/h3>\n<p>La qualit\u00e9 est notre valeur fondamentale, et elle commence par un investissement constant en temps et en \u00e9nergie de nos collaborateurs, qui s&rsquo;\u00e9tend \u00e0 la s\u00e9lection minutieuse des fournisseurs et des mat\u00e9riaux, aux am\u00e9liorations constantes des processus de production, au d\u00e9veloppement innovant de produits, ainsi qu&rsquo;\u00e0 un service client\u00e8le de haute qualit\u00e9 pour tous les clients qui choisissent de nous faire confiance.<\/p>\n<\/div><div class=\"fusion-clearfix\"><\/div><\/div><\/div><div class=\"fusion-layout-column fusion_builder_column fusion-builder-column-4 fusion_builder_column_1_3 1_3 fusion-one-third fusion-column-last fusion-animated icon-with-text-box box-shadow-box\" style=\"--awb-bg-size:cover;width:30.6666%;\" data-animationType=\"fadeInUp\" data-animationDuration=\"0.3\" data-animationOffset=\"top-into-view\"><div class=\"fusion-column-wrapper fusion-flex-column-wrapper-legacy\"><div class=\"fusion-text fusion-text-7\"><h3><div class=\"fusion-fa-align-left\"><i class=\"fb-icon-element-3 fb-icon-element fontawesome-icon fa fa-puzzle-piece circle-no\" style=\"--awb-iconcolor:#b00a0a;--awb-iconcolor-hover:#b00a0a;--awb-font-size:40px;--awb-margin-right:20px;\"><\/i><\/div>Expertise<\/h3>\n<p>Depuis 1979, nous croyons que l&rsquo;expertise r\u00e9sulte de la bonne combinaison d&rsquo;\u00e9ducation, de formation continue et d&rsquo;exp\u00e9riences personnelles. La connaissance des mat\u00e9riaux thermoplastiques apr\u00e8s plus de 40 ans d&rsquo;exp\u00e9rience, combin\u00e9e aux solides racines en g\u00e9nie civil et m\u00e9canique, aux processus de production de pointe et au g\u00e9nie environnemental, fait de nous un partenaire privil\u00e9gi\u00e9 pour les projets d&rsquo;infrastructures et bien plus encore.<\/p>\n<\/div><div class=\"fusion-clearfix\"><\/div><\/div><\/div><div class=\"fusion-layout-column fusion_builder_column fusion-builder-column-5 fusion_builder_column_1_3 1_3 fusion-one-third fusion-column-first fusion-animated icon-with-text-box box-shadow-box\" style=\"--awb-bg-size:cover;width:30.6666%; margin-right: 4%;\" data-animationType=\"fadeInUp\" data-animationDuration=\"0.3\" data-animationOffset=\"top-into-view\"><div class=\"fusion-column-wrapper fusion-flex-column-wrapper-legacy\"><div class=\"fusion-text fusion-text-8\"><h3><div class=\"fusion-fa-align-left\"><i class=\"fb-icon-element-4 fb-icon-element fontawesome-icon fa fa-space-shuttle circle-no\" style=\"--awb-iconcolor:#b00a0a;--awb-iconcolor-hover:#b00a0a;--awb-font-size:40px;--awb-margin-right:20px;\"><\/i><\/div><strong>Actifs<\/strong><\/h3>\n<p>Avec 18 usines r\u00e9parties dans 5 pays, des bureaux commerciaux sur 3 continents et plus de 800 employ\u00e9s, nous optimisons constamment nos processus de production et logistiques afin d&rsquo;atteindre une synergie avec l&rsquo;environnement et de r\u00e9pondre aux diff\u00e9rentes demandes du march\u00e9. Poss\u00e9dant une entreprise de transport interne, nous sommes en mesure de desservir certains march\u00e9s en livraison directe et juste \u00e0 temps, optimisant ainsi les co\u00fbts et l&rsquo;impact environnemental. Notre gamme de produits comprend les solutions suivantes : HDPE, MDPE, LDPE, PP et PVC pour plusieurs applications.<\/p>\n<\/div><div class=\"fusion-clearfix\"><\/div><\/div><\/div><div class=\"fusion-layout-column fusion_builder_column fusion-builder-column-6 fusion_builder_column_1_3 1_3 fusion-one-third fusion-animated icon-with-text-box box-shadow-box\" style=\"--awb-bg-size:cover;width:30.6666%; margin-right: 4%;\" data-animationType=\"fadeInUp\" data-animationDuration=\"0.3\" data-animationOffset=\"top-into-view\"><div class=\"fusion-column-wrapper fusion-flex-column-wrapper-legacy\"><div class=\"fusion-text fusion-text-9\"><h3><div class=\"fusion-fa-align-left\"><i class=\"fb-icon-element-5 fb-icon-element fontawesome-icon fa fa-cog circle-no\" style=\"--awb-iconcolor:#b00a0a;--awb-iconcolor-hover:#b00a0a;--awb-font-size:40px;--awb-margin-right:20px;\"><\/i><\/div>Nouse continuons <strong>\u00e0 innover<\/strong><\/h3>\n<p>Le System Group n&rsquo;est pas seulement une entreprise familiale &#8211; nous sommes une grande famille. Par cons\u00e9quent :<\/p>\n<ul>\n<li>nous continuons \u00e0 grandir<\/li>\n<li>nous continuons \u00e0 innover<\/li>\n<li>nous partageons<\/li>\n<li>nous r\u00eavons<\/li>\n<li>nous sommes passionn\u00e9s<\/li>\n<li>nous travaillons dur, mais nous trouvons aussi le temps de jouer. Nous vous apporterons de la chance!<\/li>\n<\/ul>\n<\/div><div class=\"fusion-clearfix\"><\/div><\/div><\/div><div class=\"fusion-layout-column fusion_builder_column fusion-builder-column-7 fusion_builder_column_1_3 1_3 fusion-one-third fusion-column-last fusion-animated icon-with-text-box box-shadow-box\" style=\"--awb-bg-size:cover;width:30.6666%;\" data-animationType=\"fadeInUp\" data-animationDuration=\"0.3\" data-animationOffset=\"top-into-view\"><div class=\"fusion-column-wrapper fusion-flex-column-wrapper-legacy\"><div class=\"fusion-text fusion-text-10\"><h3><div class=\"fusion-fa-align-left\"><i class=\"fb-icon-element-6 fb-icon-element fontawesome-icon fa fa-globe circle-no\" style=\"--awb-iconcolor:#b00a0a;--awb-iconcolor-hover:#b00a0a;--awb-font-size:40px;--awb-margin-right:20px;\"><\/i><\/div>Responsabilit\u00e9 d&rsquo;entreprise<\/h3>\n<p>Pour nous, notre responsabilit\u00e9 envers la nature et la soci\u00e9t\u00e9 est primordiale. C&rsquo;est pourquoi nous travaillons activement \u00e0 am\u00e9liorer en continu notre performance environnementale et participons \u00e0 de nombreuses initiatives sociales dans nos communaut\u00e9s. L&rsquo;\u00e9thique est une partie importante de notre activit\u00e9 quotidienne, et nos valeurs fondamentales s&rsquo;\u00e9tendent \u00e9galement \u00e0 nos fournisseurs, employ\u00e9s et clients de mani\u00e8re \u00e9quitable.<\/p>\n<\/div><div class=\"fusion-clearfix\"><\/div><\/div><\/div><div class=\"fusion-layout-column fusion_builder_column fusion-builder-column-8 fusion_builder_column_1_1 1_1 fusion-one-full fusion-column-first fusion-column-last fusion-column-no-min-height\" style=\"--awb-bg-size:cover;--awb-margin-bottom:0px;\"><div class=\"fusion-column-wrapper fusion-flex-column-wrapper-legacy\"><div class=\"fusion-text fusion-text-11\"><div class=\"fusion-text fusion-text-11\"><\/div>\n<h3><\/h3>\n<h3><\/h3>\n<h3><\/h3>\n<\/div><div class=\"fusion-clearfix\"><\/div><\/div><\/div><\/div><\/div><\/p>\n","protected":false},"excerpt":{"rendered":"","protected":false},"author":11,"featured_media":0,"parent":0,"menu_order":22,"comment_status":"open","ping_status":"open","template":"","meta":{"_acf_changed":false,"footnotes":""},"class_list":["post-8560","page","type-page","status-publish","hentry"],"acf":[],"_links":{"self":[{"href":"https:\/\/tubi.net\/fr\/wp-json\/wp\/v2\/pages\/8560","targetHints":{"allow":["GET"]}}],"collection":[{"href":"https:\/\/tubi.net\/fr\/wp-json\/wp\/v2\/pages"}],"about":[{"href":"https:\/\/tubi.net\/fr\/wp-json\/wp\/v2\/types\/page"}],"author":[{"embeddable":true,"href":"https:\/\/tubi.net\/fr\/wp-json\/wp\/v2\/users\/11"}],"replies":[{"embeddable":true,"href":"https:\/\/tubi.net\/fr\/wp-json\/wp\/v2\/comments?post=8560"}],"version-history":[{"count":6,"href":"https:\/\/tubi.net\/fr\/wp-json\/wp\/v2\/pages\/8560\/revisions"}],"predecessor-version":[{"id":45904,"href":"https:\/\/tubi.net\/fr\/wp-json\/wp\/v2\/pages\/8560\/revisions\/45904"}],"wp:attachment":[{"href":"https:\/\/tubi.net\/fr\/wp-json\/wp\/v2\/media?parent=8560"}],"curies":[{"name":"wp","href":"https:\/\/api.w.org\/{rel}","templated":true}]}}