{"id":8569,"date":"2014-04-14T10:49:59","date_gmt":"2014-04-14T08:49:59","guid":{"rendered":"https:\/\/tubi.net\/?page_id=8569"},"modified":"2025-09-04T08:50:56","modified_gmt":"2025-09-04T06:50:56","slug":"centraltubi","status":"publish","type":"page","link":"https:\/\/tubi.net\/fr\/societes\/centraltubi","title":{"rendered":"Centraltubi"},"content":{"rendered":"<div class=\"fusion-fullwidth fullwidth-box fusion-builder-row-1 nonhundred-percent-fullwidth non-hundred-percent-height-scrolling\" style=\"--awb-background-position:left top;--awb-border-sizes-top:0px;--awb-border-sizes-bottom:0px;--awb-border-sizes-left:0px;--awb-border-sizes-right:0px;--awb-border-radius-top-left:0px;--awb-border-radius-top-right:0px;--awb-border-radius-bottom-right:0px;--awb-border-radius-bottom-left:0px;--awb-flex-wrap:wrap;\" ><div class=\"fusion-builder-row fusion-row\"><div class=\"fusion-layout-column fusion_builder_column fusion-builder-column-0 fusion_builder_column_1_1 1_1 fusion-one-full fusion-column-first fusion-column-last\" style=\"--awb-bg-color:#ffffff;--awb-bg-color-hover:#ffffff;--awb-bg-size:cover;\"><div class=\"fusion-column-wrapper fusion-flex-column-wrapper-legacy\"><div class=\"video-wrapper\"><video style=\"object-fit: cover;\" preload=\"auto\" autoplay=\"autoplay\" loop=\"loop\" muted=\"false\" controls=\"controls\" width=\"100%\" height=\"600\"><source src=\"https:\/\/tubi.net\/wp-content\/uploads\/2023\/10\/CENTRALTUBI-LANDING-PAGE-ver-02-02.10-senza-produzione_1_3.mp4\" type=\"video\/mp4\" \/>Sorry, your browser doesn't support embedded videos.<\/video><\/div><div class=\"fusion-clearfix\"><\/div><\/div><\/div><div class=\"fusion-layout-column fusion_builder_column fusion-builder-column-1 fusion_builder_column_1_1 1_1 fusion-one-full fusion-column-first fusion-column-last\" style=\"--awb-bg-color:#ffffff;--awb-bg-color-hover:#ffffff;--awb-bg-size:cover;\"><div class=\"fusion-column-wrapper fusion-flex-column-wrapper-legacy\"><div class=\"fusion-text fusion-text-1\"><p><span style=\"color: #000000;\">Op\u00e9rationnelle depuis plus de 30 ans, Centraltubi S.p.A. est aujourd\u2019hui une protagoniste majeure du march\u00e9 des tubes en poly\u00e9thyl\u00e8ne. Elle fonde son travail sur des valeurs solides : la qualit\u00e9, le contr\u00f4le de la production, le service performant propos\u00e9 \u00e0 la client\u00e8le et un r\u00e9seau de vente structur\u00e9 et consolid\u00e9.<\/span><br \/>\n<span style=\"color: #000000;\">L\u2019entreprise est \u00e9quip\u00e9e de lignes d\u2019extrusion de haute technologie, permettant d\u2019obtenir de hauts niveaux de productivit\u00e9 et des standards qualitatifs \u00e9lev\u00e9s.<\/span><br \/>\n<span style=\"color: #000000;\">Les canalisations produites sont conformes aux diff\u00e9rentes r\u00e9glementations nationales et internationales qui constituent le march\u00e9 de r\u00e9f\u00e9rence de l\u2019entreprise et elles sont certifi\u00e9es par des organismes ind\u00e9pendants avec des marques de qualit\u00e9 sp\u00e9cifiques.<\/span><\/p>\n<p><span style=\"color: #000000;\"><strong>La gamme de produits comprend:<\/strong><\/span><\/p>\n<ul>\n<li><span style=\"color: #000000;\">tubes lisses standard en HDPE80 et en HDPE100 pour les canalisations d\u2019adduction d\u2019eau potable et de distribution du gaz, noires et color\u00e9es<\/span><\/li>\n<li><span style=\"color: #000000;\">tubes lisses haute performance en HDPE100 Evolution<\/span><\/li>\n<li><span style=\"color: #000000;\">tubes lisses haute performance en HDPE100 double couche \u00ab Safe10 \u00bb<\/span><\/li>\n<li><span style=\"color: #000000;\">tubes spiral\u00e9s de grand diam\u00e8tre (jusqu\u2019\u00e0 DE 2500 mm) \u00ab SGK \u00bb<\/span><\/li>\n<li><span style=\"color: #000000;\">bassins d\u2019accumulation et d\u2019\u00e9puration avec tubes SGK<\/span><\/li>\n<li><span style=\"color: #000000;\">tubes lisses fendus de drainage<\/span><\/li>\n<li><span style=\"color: #000000;\">monotubes et tritubes pour fibres optiques<\/span><\/li>\n<li><span style=\"color: #000000;\">tubes MDPE et LDPE pour arrosage<\/span><\/li>\n<li><span style=\"color: #000000;\">tubes HDPE pour l\u2019\u00e9vacuation<\/span><\/li>\n<\/ul>\n<p><span style=\"color: #000000;\">CENTRALTUBI poss\u00e8de les certifications de Syst\u00e8me de Qualit\u00e9 d\u2019Entreprise et de Gestion Environnementale selon les normes en vigueur.<\/span><\/p>\n<\/div><div class=\"fusion-clearfix\"><\/div><\/div><\/div><div class=\"fusion-layout-column fusion_builder_column fusion-builder-column-2 fusion_builder_column_1_1 1_1 fusion-one-full fusion-column-first fusion-column-last fusion-column-no-min-height\" style=\"--awb-bg-size:cover;--awb-margin-bottom:0px;\"><div class=\"fusion-column-wrapper fusion-flex-column-wrapper-legacy\"><div class=\"fusion-text fusion-text-2\"><div class=\"btn-black-row\"><button class=\"btn-white\"><a href=\"https:\/\/tubi.net\/fr\/downloads-system-group\/centraltubi\">Papiers<\/a><\/button><button class=\"btn-white margin-left\"><a href=\"https:\/\/tubi.net\/fr\/contatti\/\">Contactez nous<\/a><\/button><\/div>\n<div class=\"flex-left-row riferimenti-row\"><\/div>\n<\/div><div class=\"fusion-clearfix\"><\/div><\/div><\/div><div class=\"fusion-layout-column fusion_builder_column fusion-builder-column-3 fusion_builder_column_1_1 1_1 fusion-one-full fusion-column-first fusion-column-last fusion-column-no-min-height\" style=\"--awb-bg-size:cover;--awb-margin-bottom:0px;\"><div class=\"fusion-column-wrapper fusion-flex-column-wrapper-legacy\"><div class=\"fusion-text fusion-text-3\"><h4><span style=\"color: #000000;\">Centraltubi S.p.A<\/span><\/h4>\n<p><span style=\"color: #000000;\">Via Foglia 11 \u2013 61026 LUNANO (PU) \u2013 ITALIA<\/span><br \/>\n<span style=\"color: #000000;\">Tel. 0722\/70011 \u2013 FAX 0722\/70402<\/span><br \/>\n<span style=\"color: #000000;\">Mail: <span style=\"color: #0000ff;\">centraltubi@localhost<\/span><\/span><br \/>\n<span style=\"color: #000000;\">C.F.\/P.IVA\/Iscrizione Reg. Imprese di PU [00446590416]<\/span><br \/>\n<span style=\"color: #000000;\">Cap. Sociale \u20ac 3.000.000 i.v.<\/span><br \/>\n<span style=\"color: #000000;\">C.C.I.A.A. di Pesaro e Urbino REA 81386<\/span><br \/>\n<span style=\"color: #000000;\">Entreprise soumise \u00e0 la gestion et \u00e0 la coordination de HB Boscarini S.p.A.<\/span><\/p>\n<\/div><div class=\"fusion-clearfix\"><\/div><\/div><\/div><\/div><\/div>\n","protected":false},"excerpt":{"rendered":"","protected":false},"author":11,"featured_media":0,"parent":8577,"menu_order":1,"comment_status":"open","ping_status":"closed","template":"side-navigation.php","meta":{"_acf_changed":false,"footnotes":""},"class_list":["post-8569","page","type-page","status-publish","hentry"],"acf":[],"_links":{"self":[{"href":"https:\/\/tubi.net\/fr\/wp-json\/wp\/v2\/pages\/8569","targetHints":{"allow":["GET"]}}],"collection":[{"href":"https:\/\/tubi.net\/fr\/wp-json\/wp\/v2\/pages"}],"about":[{"href":"https:\/\/tubi.net\/fr\/wp-json\/wp\/v2\/types\/page"}],"author":[{"embeddable":true,"href":"https:\/\/tubi.net\/fr\/wp-json\/wp\/v2\/users\/11"}],"replies":[{"embeddable":true,"href":"https:\/\/tubi.net\/fr\/wp-json\/wp\/v2\/comments?post=8569"}],"version-history":[{"count":11,"href":"https:\/\/tubi.net\/fr\/wp-json\/wp\/v2\/pages\/8569\/revisions"}],"predecessor-version":[{"id":47914,"href":"https:\/\/tubi.net\/fr\/wp-json\/wp\/v2\/pages\/8569\/revisions\/47914"}],"up":[{"embeddable":true,"href":"https:\/\/tubi.net\/fr\/wp-json\/wp\/v2\/pages\/8577"}],"wp:attachment":[{"href":"https:\/\/tubi.net\/fr\/wp-json\/wp\/v2\/media?parent=8569"}],"curies":[{"name":"wp","href":"https:\/\/api.w.org\/{rel}","templated":true}]}}