{"id":8677,"date":"2015-09-24T13:42:27","date_gmt":"2015-09-24T11:42:27","guid":{"rendered":"https:\/\/tubi.net\/?page_id=8677"},"modified":"2025-09-04T09:06:40","modified_gmt":"2025-09-04T07:06:40","slug":"italiana-corrugati","status":"publish","type":"page","link":"https:\/\/tubi.net\/fr\/societes\/italiana-corrugati","title":{"rendered":"Italiana Corrugati"},"content":{"rendered":"<div class=\"fusion-fullwidth fullwidth-box fusion-builder-row-1 hundred-percent-fullwidth non-hundred-percent-height-scrolling\" style=\"--awb-border-radius-top-left:0px;--awb-border-radius-top-right:0px;--awb-border-radius-bottom-right:0px;--awb-border-radius-bottom-left:0px;--awb-overflow:visible;--awb-flex-wrap:wrap;\" ><div class=\"fusion-builder-row fusion-row\"><div class=\"fusion-layout-column fusion_builder_column fusion-builder-column-0 fusion_builder_column_1_1 1_1 fusion-one-full fusion-column-first fusion-column-last\" style=\"--awb-bg-color:#ffffff;--awb-bg-color-hover:#ffffff;--awb-bg-size:cover;\"><div class=\"fusion-column-wrapper fusion-flex-column-wrapper-legacy\"><div class=\"video-wrapper\"><video style=\"object-fit: cover;\" preload=\"auto\" autoplay=\"autoplay\" loop=\"loop\" muted=\"false\" controls=\"controls\" width=\"100%\" height=\"600\"><source src=\"https:\/\/tubi.net\/wp-content\/uploads\/2023\/10\/ITALIANA-CORRUGATI-LANDING-PAGE-ver-02-02.10-senza-produzione_1.mp4\" type=\"video\/mp4\" \/>Sorry, your browser doesn't support embedded videos.<\/video><\/div><div class=\"fusion-clearfix\"><\/div><\/div><\/div><div class=\"fusion-layout-column fusion_builder_column fusion-builder-column-1 fusion_builder_column_1_1 1_1 fusion-one-full fusion-column-first fusion-column-last\" style=\"--awb-bg-color:#ffffff;--awb-bg-color-hover:#ffffff;--awb-bg-size:cover;\"><div class=\"fusion-column-wrapper fusion-flex-column-wrapper-legacy\"><div class=\"fusion-text fusion-text-1\"><p style=\"text-align: justify;\"><span style=\"color: #000000;\">Cr\u00e9\u00e9e en 1996,<strong> Italiana Corrugati<\/strong> produit des tubes annel\u00e9s en PEHD double paroi pour des syst\u00e8mes enterr\u00e9s dans le sol d\u2019\u00e9vacuations pour eaux us\u00e9es m\u00e9nag\u00e8res et industrielles, ainsi que pour des syst\u00e8mes de canalisations et drainants.<\/span><\/p>\n<p style=\"text-align: justify;\"><span style=\"color: #000000;\">Acteur reconnu sur le march\u00e9 d\u00e8s sa cr\u00e9ation, ses dizaines d\u2019ann\u00e9es d\u2019exp\u00e9rience dans le domaine commercial, technique et de management, mais aussi son parc de nouveaux \u00e9quipements de derni\u00e8re g\u00e9n\u00e9ration, en font une des entreprises leader de secteur.<\/span><\/p>\n<p style=\"text-align: justify;\"><span style=\"color: #000000;\">Actuellement, elle est \u00e9quip\u00e9e de lignes d\u2019extrusion pour tubes annel\u00e9s double paroi et simple paroi enti\u00e8rement automatis\u00e9es, qui permettent le contr\u00f4le qualitatif et dimensionnel en ligne, en garantissant un haut standard homog\u00e8ne de qualit\u00e9 du produit.<\/span><\/p>\n<p style=\"text-align: justify;\"><span style=\"color: #000000;\">En outre, elle dispose d\u2019un Atelier \u00e9quip\u00e9 et moderne o\u00f9 sont effectu\u00e9s les essais de pression, de flexibilit\u00e9, de choc et de r\u00e9sistance \u00e0 la chaleur, n\u00e9cessaires pour tester la qualit\u00e9 du produit.<\/span><\/p>\n<\/div><div class=\"fusion-clearfix\"><\/div><\/div><\/div><div class=\"fusion-layout-column fusion_builder_column fusion-builder-column-2 fusion_builder_column_1_1 1_1 fusion-one-full fusion-column-first fusion-column-last\" style=\"--awb-bg-size:cover;\"><div class=\"fusion-column-wrapper fusion-column-has-shadow fusion-flex-column-wrapper-legacy\"><div class=\"fusion-text fusion-text-2\"><div class=\"btn-black-row\"><button class=\"btn-white\"><a href=\"https:\/\/tubi.net\/fr\/downloads-system-group\/italiana-corrugati\" rel=\"noopener\">Papiers<\/a><\/button><button class=\"btn-white margin-left\"><a href=\"https:\/\/tubi.net\/fr\/contacts\">Contactez nous<\/a><\/button><\/div>\n<div class=\"flex-left-row riferimenti-row\"><\/div>\n<\/div><div class=\"fusion-clearfix\"><\/div><\/div><\/div><div class=\"fusion-layout-column fusion_builder_column fusion-builder-column-3 fusion_builder_column_1_1 1_1 fusion-one-full fusion-column-first fusion-column-last fusion-column-no-min-height\" style=\"--awb-bg-size:cover;--awb-margin-bottom:0px;\"><div class=\"fusion-column-wrapper fusion-flex-column-wrapper-legacy\"><div class=\"fusion-text fusion-text-3\"><h4><span style=\"color: #000000;\">Italiana Corrugati S.p.A<\/span><\/h4>\n<p><span style=\"color: #000000;\">61026 PIANDIMELETO (PU) Loc. Fonte del Doglio, 22\/E<\/span><br \/>\n<span style=\"color: #000000;\">Tel. 0722 72221 &#8211; <\/span><span style=\"color: #000000;\">FAX 0722 726076<\/span><br \/>\n<span style=\"color: #000000;\">Entreprise soumise \u00e0 la gestion et \u00e0 la coordination de HB Boscarini S.p.A.<\/span><\/p>\n<\/div><div class=\"fusion-clearfix\"><\/div><\/div><\/div><\/div><\/div>\n","protected":false},"excerpt":{"rendered":"","protected":false},"author":11,"featured_media":0,"parent":8577,"menu_order":2,"comment_status":"open","ping_status":"open","template":"side-navigation.php","meta":{"_acf_changed":false,"footnotes":""},"class_list":["post-8677","page","type-page","status-publish","hentry"],"acf":[],"_links":{"self":[{"href":"https:\/\/tubi.net\/fr\/wp-json\/wp\/v2\/pages\/8677","targetHints":{"allow":["GET"]}}],"collection":[{"href":"https:\/\/tubi.net\/fr\/wp-json\/wp\/v2\/pages"}],"about":[{"href":"https:\/\/tubi.net\/fr\/wp-json\/wp\/v2\/types\/page"}],"author":[{"embeddable":true,"href":"https:\/\/tubi.net\/fr\/wp-json\/wp\/v2\/users\/11"}],"replies":[{"embeddable":true,"href":"https:\/\/tubi.net\/fr\/wp-json\/wp\/v2\/comments?post=8677"}],"version-history":[{"count":20,"href":"https:\/\/tubi.net\/fr\/wp-json\/wp\/v2\/pages\/8677\/revisions"}],"predecessor-version":[{"id":47916,"href":"https:\/\/tubi.net\/fr\/wp-json\/wp\/v2\/pages\/8677\/revisions\/47916"}],"up":[{"embeddable":true,"href":"https:\/\/tubi.net\/fr\/wp-json\/wp\/v2\/pages\/8577"}],"wp:attachment":[{"href":"https:\/\/tubi.net\/fr\/wp-json\/wp\/v2\/media?parent=8677"}],"curies":[{"name":"wp","href":"https:\/\/api.w.org\/{rel}","templated":true}]}}