{"id":8679,"date":"2014-04-14T11:09:19","date_gmt":"2014-04-14T09:09:19","guid":{"rendered":"https:\/\/tubi.net\/?page_id=8679"},"modified":"2024-06-19T10:54:15","modified_gmt":"2024-06-19T08:54:15","slug":"futura","status":"publish","type":"page","link":"https:\/\/tubi.net\/fr\/societes\/futura","title":{"rendered":"Futura"},"content":{"rendered":"<div class=\"fusion-fullwidth fullwidth-box fusion-builder-row-1 nonhundred-percent-fullwidth non-hundred-percent-height-scrolling\" style=\"--awb-background-position:left top;--awb-border-sizes-top:0px;--awb-border-sizes-bottom:0px;--awb-border-sizes-left:0px;--awb-border-sizes-right:0px;--awb-border-radius-top-left:0px;--awb-border-radius-top-right:0px;--awb-border-radius-bottom-right:0px;--awb-border-radius-bottom-left:0px;--awb-padding-top:20px;--awb-padding-right:20px;--awb-padding-bottom:20px;--awb-padding-left:20px;--awb-flex-wrap:wrap;\" ><div class=\"fusion-builder-row fusion-row\"><div class=\"fusion-layout-column fusion_builder_column fusion-builder-column-0 fusion_builder_column_1_1 1_1 fusion-one-full fusion-column-first fusion-column-last fusion-column-no-min-height\" style=\"--awb-bg-blend:overlay;--awb-bg-size:cover;--awb-margin-bottom:0px;\"><div class=\"fusion-column-wrapper fusion-flex-column-wrapper-legacy\"><div class=\"fusion-text fusion-text-1\"><div class=\"video-wrapper\"><video style=\"object-fit: cover;\" preload=\"auto\" autoplay=\"autoplay\" loop=\"loop\" muted=\"false\" controls=\"controls\" width=\"100%\" height=\"600\"><source src=\"https:\/\/tubi.net\/wp-content\/uploads\/2023\/10\/FUTURA-LANDING-PAGE-ver-02-02.10-produzione_1.mp4\" type=\"video\/mp4\" \/>Sorry, your browser doesn&rsquo;t support embedded videos.<\/video><\/div>\n<\/div><div class=\"fusion-clearfix\"><\/div><\/div><\/div><div class=\"fusion-layout-column fusion_builder_column fusion-builder-column-1 fusion_builder_column_1_1 1_1 fusion-one-full fusion-column-first fusion-column-last fusion-column-no-min-height\" style=\"--awb-bg-blend:overlay;--awb-bg-size:cover;--awb-margin-bottom:0px;\"><div class=\"fusion-column-wrapper fusion-flex-column-wrapper-legacy\"><div class=\"fusion-text fusion-text-2\" style=\"--awb-text-transform:none;\"><p><span style=\"color: #000000;\"><strong>Futura<\/strong>\u00a0est une entreprise de renomm\u00e9e nationale hautement sp\u00e9cialis\u00e9e dans la production et l&rsquo;installation de regards moul\u00e9s et form\u00e9s en PEHD, de raccords form\u00e9s et de pi\u00e8ces sp\u00e9ciales en PEHD et PP.<\/span><\/p>\n<p><span style=\"color: #000000;\">Fond\u00e9e en 1991 par l&rsquo;agr\u00e9gation et la sp\u00e9cialisation des comp\u00e9tences et des capacit\u00e9s diffus\u00e9es au sein du System Group, elle est l&rsquo;usine strat\u00e9gique o\u00f9 sont aujourd&rsquo;hui r\u00e9alis\u00e9s des produits standards et sur mesure pour tous les types de conduites en plastique (mais pas seulement), garantissant qualit\u00e9 et ampleur de service \u00e0 la client\u00e8le.<\/span><\/p>\n<p><span style=\"color: #000000;\">L&rsquo;engagement quotidien du personnel de Futura dans la r\u00e9solution des probl\u00e8mes soumis, la r\u00e9alisation de nombreux et divers types de solutions soign\u00e9es d\u00e8s la phase de conception, l&rsquo;\u00e9quipement avec des machines de traitement modernes et la formation continue du personnel, ont conduit \u00e0 l&rsquo;acquisition de comp\u00e9tences \u00e9lev\u00e9es dans le traitement des produits en plastique et \u00e0 une croissance technique significative de l&rsquo;entreprise, ce qui lui a permis d&rsquo;\u00e9largir ses domaines d&rsquo;activit\u00e9 \u00e0 des secteurs non li\u00e9s aux tuyauteries, tels que la r\u00e9alisation de navires de travail, de pontons flottants et de colonnes de distribution de services pour ports de plaisance, etc.<\/span><\/p>\n<p><span style=\"color: #000000;\">Les synergies techniques, productives et commerciales r\u00e9alis\u00e9es avec les entreprises du System Group, dont elle fait partie, permettent au groupe d&rsquo;offrir des propositions compl\u00e8tes, homog\u00e8nes, int\u00e9gr\u00e9es, coordonn\u00e9es et garanties.<\/span><\/p>\n<p><span style=\"color: #000000;\">Par cons\u00e9quent, Futura se pr\u00e9sente comme le partenaire id\u00e9al pour les fournitures et l&rsquo;assistance aux techniciens, entreprises, revendeurs, gestionnaires et mainteneurs de syst\u00e8mes d&rsquo;aqueducs, d&rsquo;irrigation, d&rsquo;\u00e9vacuation, de gaz, de d\u00e9charges, de ports (ou marinas), de routes, de tunnels et de ponts.<\/span><\/p>\n<\/div><div class=\"fusion-clearfix\"><\/div><\/div><\/div><div class=\"fusion-layout-column fusion_builder_column fusion-builder-column-2 fusion_builder_column_1_1 1_1 fusion-one-full fusion-column-first fusion-column-last\" style=\"--awb-bg-blend:overlay;--awb-bg-size:cover;\"><div class=\"fusion-column-wrapper fusion-flex-column-wrapper-legacy\"><div class=\"fusion-text fusion-text-3\"><div class=\"btn-black-row\"><button class=\"btn-white \"><a href=\"https:\/\/tubi.net\/fr\/downloads-system-group\/futura\" rel=\"noopener\">Papiers<\/a><\/button><br \/>\n<button class=\"btn-white margin-left\"><a href=\"https:\/\/tubi.net\/fr\/contacts\" rel=\"noopener\">Contactez nous<\/a><\/button><\/div>\n<div class=\"flex-left-row riferimenti-row\"><\/div>\n<\/div><div class=\"fusion-clearfix\"><\/div><\/div><\/div><div class=\"fusion-layout-column fusion_builder_column fusion-builder-column-3 fusion_builder_column_1_1 1_1 fusion-one-full fusion-column-first fusion-column-last fusion-column-no-min-height\" style=\"--awb-bg-blend:overlay;--awb-bg-size:cover;--awb-margin-bottom:0px;\"><div class=\"fusion-column-wrapper fusion-flex-column-wrapper-legacy\"><div class=\"fusion-text fusion-text-4\"><h4 class=\"fusion-responsive-typography-calculated\" style=\"--fontsize: 24; line-height: 1.54;\" data-fontsize=\"24\" data-lineheight=\"36.96px\"><span style=\"color: #000000;\">FUTURA S.p.A.<\/span><\/h4>\n<p><span style=\"color: #000000;\">61020 BELFORTE ALL\u2019ISAURO (PU) \u2013 Via Mattei, 15<\/span><br \/>\n<span style=\"color: #000000;\">Tel. 0722 721075 &#8211; <\/span><span style=\"color: #000000;\">FAX 0722 721772<\/span><br \/>\n<span style=\"color: #000000;\">Mail: <span style=\"color: #0000ff;\"><a style=\"color: #0000ff;\" href=\"mailto:futura@tubi.net\">futura@tubi.net<\/a><\/span><\/span><br \/>\n<span style=\"color: #000000;\">Capitale Sociale 200.000 euro i.v.a<\/span><br \/>\n<span style=\"color: #000000;\">C.F.\/P.IVA\/Iscrizione Registro Imprese di PESARO-URBINO n.01177290416<\/span><br \/>\n<span style=\"color: #000000;\">C.C.I.A.A. di Pesaro e Urbino<\/span><br \/>\n<span style=\"color: #000000;\">REA n.113637<\/span><br \/>\n<span style=\"color: #000000;\"><em>Entreprise soumise \u00e0 la gestion et \u00e0 la coordination de HB Boscarini S.p.A.<\/em><\/span><\/p>\n<\/div><div class=\"fusion-clearfix\"><\/div><\/div><\/div><\/div><\/div>\n","protected":false},"excerpt":{"rendered":"","protected":false},"author":11,"featured_media":0,"parent":8577,"menu_order":5,"comment_status":"open","ping_status":"open","template":"side-navigation.php","meta":{"_acf_changed":false,"footnotes":""},"class_list":["post-8679","page","type-page","status-publish","hentry"],"acf":[],"_links":{"self":[{"href":"https:\/\/tubi.net\/fr\/wp-json\/wp\/v2\/pages\/8679","targetHints":{"allow":["GET"]}}],"collection":[{"href":"https:\/\/tubi.net\/fr\/wp-json\/wp\/v2\/pages"}],"about":[{"href":"https:\/\/tubi.net\/fr\/wp-json\/wp\/v2\/types\/page"}],"author":[{"embeddable":true,"href":"https:\/\/tubi.net\/fr\/wp-json\/wp\/v2\/users\/11"}],"replies":[{"embeddable":true,"href":"https:\/\/tubi.net\/fr\/wp-json\/wp\/v2\/comments?post=8679"}],"version-history":[{"count":17,"href":"https:\/\/tubi.net\/fr\/wp-json\/wp\/v2\/pages\/8679\/revisions"}],"predecessor-version":[{"id":45075,"href":"https:\/\/tubi.net\/fr\/wp-json\/wp\/v2\/pages\/8679\/revisions\/45075"}],"up":[{"embeddable":true,"href":"https:\/\/tubi.net\/fr\/wp-json\/wp\/v2\/pages\/8577"}],"wp:attachment":[{"href":"https:\/\/tubi.net\/fr\/wp-json\/wp\/v2\/media?parent=8679"}],"curies":[{"name":"wp","href":"https:\/\/api.w.org\/{rel}","templated":true}]}}