{"id":8681,"date":"2014-04-14T11:14:06","date_gmt":"2014-04-14T09:14:06","guid":{"rendered":"https:\/\/tubi.net\/?page_id=8681"},"modified":"2025-11-07T09:13:30","modified_gmt":"2025-11-07T08:13:30","slug":"rototec","status":"publish","type":"page","link":"https:\/\/tubi.net\/fr\/societes\/rototec","title":{"rendered":"Rototec"},"content":{"rendered":"<div class=\"fusion-fullwidth fullwidth-box fusion-builder-row-1 nonhundred-percent-fullwidth non-hundred-percent-height-scrolling\" style=\"--awb-background-position:left top;--awb-border-sizes-top:0px;--awb-border-sizes-bottom:0px;--awb-border-sizes-left:0px;--awb-border-sizes-right:0px;--awb-border-radius-top-left:0px;--awb-border-radius-top-right:0px;--awb-border-radius-bottom-right:0px;--awb-border-radius-bottom-left:0px;--awb-padding-top:20px;--awb-padding-right:20px;--awb-padding-bottom:20px;--awb-padding-left:20px;--awb-flex-wrap:wrap;\" ><div class=\"fusion-builder-row fusion-row\"><div class=\"fusion-layout-column fusion_builder_column fusion-builder-column-0 fusion_builder_column_1_1 1_1 fusion-one-full fusion-column-first fusion-column-last fusion-column-no-min-height\" style=\"--awb-bg-blend:overlay;--awb-bg-size:cover;--awb-margin-bottom:0px;\"><div class=\"fusion-column-wrapper fusion-flex-column-wrapper-legacy\"><div class=\"video-wrapper\"><video style=\"object-fit: cover;\" preload=\"auto\" autoplay=\"autoplay\" loop=\"loop\" muted=\"false\" controls=\"controls\" width=\"100%\" height=\"600\"><source src=\"https:\/\/tubi.net\/wp-content\/uploads\/2023\/10\/ROTOTEC-LANDING-PAGE-ver-02-02.10-senza-produzione_1.mp4\" type=\"video\/mp4\" \/>Sorry, your browser doesn't support embedded videos.<\/video><\/div><div class=\"fusion-clearfix\"><\/div><\/div><\/div><div class=\"fusion-layout-column fusion_builder_column fusion-builder-column-1 fusion_builder_column_1_1 1_1 fusion-one-full fusion-column-first fusion-column-last fusion-column-no-min-height\" style=\"--awb-bg-blend:overlay;--awb-bg-size:cover;--awb-margin-bottom:0px;\"><div class=\"fusion-column-wrapper fusion-flex-column-wrapper-legacy\"><div class=\"fusion-text fusion-text-1\" style=\"--awb-margin-top:15px;\"><div class=\"fusion-text fusion-text-1\">\n<div class=\"fusion-text fusion-text-1\">\n<p class=\"fusion-clearfix\"><span style=\"color: #000000;\"><strong>Rototec S.p.A.<\/strong> est une entreprise dynamique, en croissance constante, pr\u00e9sente sur tout le territoire italien et aussi \u00e0 l\u2019\u00e9tranger (France, Espagne, Hongrie\u2026). Cr\u00e9\u00e9e en 2000 au sein de System Group, elle s\u2019est sp\u00e9cialis\u00e9e d\u00e8s le d\u00e9but dans la production de r\u00e9servoirs ondul\u00e9s et lisses en poly\u00e9thyl\u00e8ne lin\u00e9aire, en adoptant la technologie du rotomoulage.<\/span><\/p>\n<div class=\"fusion-layout-column fusion_builder_column fusion-builder-column-5 fusion_builder_column_1_1 1_1 fusion-one-full fusion-column-first fusion-column-last\">\n<div class=\"fusion-column-wrapper fusion-flex-column-wrapper-legacy\">\n<div class=\"fusion-text fusion-text-1\">\n<p><span style=\"color: #000000;\">L\u2019usine, situ\u00e9e \u00e0 Lunano (Pu) et s\u2019\u00e9tendant sur une surface de 18000 m\u00b2, comprend un atelier de production de 5000 m\u00b2 dot\u00e9 de 4 machines de rotomoulage, et un espace ext\u00e9rieur de 13000 m\u00b2 destin\u00e9 au stockage et \u00e0 la manutention.<\/span><\/p>\n<p><span style=\"color: #000000;\">Les produits Rototec sont utilis\u00e9s pour la cr\u00e9ation d\u2019installations d\u2019\u00e9puration des eaux us\u00e9es m\u00e9nag\u00e8res, ainsi que pour le traitement des eaux de ruissellement provenant de la voirie, pour le stockage d\u2019eau potable et pour contenir d\u2019autres aliments et liquides compatibles. Ils sont identifiables en deux grandes macrocat\u00e9gories.<\/span><br \/>\n<span style=\"color: #000000;\">La DIVISION \u00c9PURATION, qui comprend les d\u00e9graisseurs, les fosses biologiques type Imhoff, les filtres percolateurs, les installations \u00e0 boues activ\u00e9es, mais aussi des installations de traitement des eaux de premi\u00e8re pluie, des d\u00e9shuileurs par gravit\u00e9 et \u00e0 coalescence.<\/span><br \/>\n<span style=\"color: #000000;\">La DIVISION EAU, qui comprend une vaste gamme de r\u00e9servoirs de diff\u00e9rentes formes et dimensions, adaptables \u00e0 n\u2019importe quelle exigence d\u2019espace et de volume, aussi bien pour un usage externe (de couleur bleu clair) que pour l\u2019enfouissement dans le sol (de couleur noire et\/ou grise).<\/span><\/p>\n<\/div>\n<\/div>\n<\/div>\n<\/div>\n<\/div>\n<\/div><div class=\"fusion-clearfix\"><\/div><\/div><\/div><div class=\"fusion-layout-column fusion_builder_column fusion-builder-column-2 fusion_builder_column_1_1 1_1 fusion-one-full fusion-column-first fusion-column-last fusion-column-no-min-height\" style=\"--awb-bg-blend:overlay;--awb-bg-size:cover;--awb-margin-bottom:0px;\"><div class=\"fusion-column-wrapper fusion-flex-column-wrapper-legacy\"><div class=\"fusion-text fusion-text-2\"><div class=\"btn-black-row\"><button class=\"btn-white\"><a href=\"https:\/\/rototec.it\/\" target=\"_blank\" rel=\"noopener\">Website<\/a><\/button><button class=\"btn-white margin-left\"><a href=\"https:\/\/rototec.it\/fr\/area-download\/\" rel=\"noopener\">Papiers<\/a><\/button><button class=\"btn-white margin-left\"><a href=\"https:\/\/tubi.net\/fr\/contacts\" rel=\"noopener\">Contactez nous<\/a><\/button><\/div>\n<div class=\"flex-left-row riferimenti-row\"><\/div>\n<\/div><div class=\"fusion-clearfix\"><\/div><\/div><\/div><div class=\"fusion-layout-column fusion_builder_column fusion-builder-column-3 fusion_builder_column_1_1 1_1 fusion-one-full fusion-column-first fusion-column-last fusion-column-no-min-height\" style=\"--awb-bg-blend:overlay;--awb-bg-size:cover;--awb-margin-bottom:0px;\"><div class=\"fusion-column-wrapper fusion-flex-column-wrapper-legacy\"><div class=\"fusion-text fusion-text-3\"><div class=\"fusion-text fusion-text-3\">\n<h4 class=\"fusion-responsive-typography-calculated\" data-fontsize=\"24\" data-lineheight=\"36.96px\"><span style=\"color: #000000;\">Rototec S.p.A.<\/span><\/h4>\n<p><span style=\"color: #000000;\">Via dell\u2019Artigianato n\u00b06 \u2013 61026 Lunano (PU) ITALY<\/span><br \/>\n<span style=\"color: #000000;\">Telefono 0722 7228 \/ 722801 \u2013 FAX 0722 70599<\/span><br \/>\n<span style=\"color: #000000;\">Mail: <a style=\"color: #000000;\" href=\"mailto:info@rototec.it\"><span style=\"color: #0000ff;\">info@rototec.it<\/span><\/a><\/span><br \/>\n<span style=\"color: #000000;\">Web: <a style=\"color: #000000;\" href=\"https:\/\/www.rototec.it\/\" target=\"_blank\" rel=\"noopener\"><span style=\"color: #0000ff;\">https:\/\/www.rototec.it<\/span><\/a><\/span><br \/>\n<span style=\"color: #0000ff;\"><a style=\"color: #0000ff;\" href=\"https:\/\/www.facebook.com\/rototecspa\">Facebook<\/a><\/span><br \/>\n<span style=\"color: #000000;\">Partita IVA: 01476690415<\/span><br \/>\n<span style=\"color: #000000;\"><em>Entreprise soumise \u00e0 la gestion et \u00e0 la coordination de HB Boscarini S.p.A.<\/em><\/span><\/p>\n<\/div>\n<\/div><div class=\"fusion-clearfix\"><\/div><\/div><\/div><\/div><\/div>\n","protected":false},"excerpt":{"rendered":"","protected":false},"author":11,"featured_media":0,"parent":8577,"menu_order":3,"comment_status":"open","ping_status":"open","template":"side-navigation.php","meta":{"_acf_changed":false,"footnotes":""},"class_list":["post-8681","page","type-page","status-publish","hentry"],"acf":[],"_links":{"self":[{"href":"https:\/\/tubi.net\/fr\/wp-json\/wp\/v2\/pages\/8681","targetHints":{"allow":["GET"]}}],"collection":[{"href":"https:\/\/tubi.net\/fr\/wp-json\/wp\/v2\/pages"}],"about":[{"href":"https:\/\/tubi.net\/fr\/wp-json\/wp\/v2\/types\/page"}],"author":[{"embeddable":true,"href":"https:\/\/tubi.net\/fr\/wp-json\/wp\/v2\/users\/11"}],"replies":[{"embeddable":true,"href":"https:\/\/tubi.net\/fr\/wp-json\/wp\/v2\/comments?post=8681"}],"version-history":[{"count":21,"href":"https:\/\/tubi.net\/fr\/wp-json\/wp\/v2\/pages\/8681\/revisions"}],"predecessor-version":[{"id":48042,"href":"https:\/\/tubi.net\/fr\/wp-json\/wp\/v2\/pages\/8681\/revisions\/48042"}],"up":[{"embeddable":true,"href":"https:\/\/tubi.net\/fr\/wp-json\/wp\/v2\/pages\/8577"}],"wp:attachment":[{"href":"https:\/\/tubi.net\/fr\/wp-json\/wp\/v2\/media?parent=8681"}],"curies":[{"name":"wp","href":"https:\/\/api.w.org\/{rel}","templated":true}]}}