{"id":8683,"date":"2014-09-25T12:09:45","date_gmt":"2014-09-25T10:09:45","guid":{"rendered":"https:\/\/tubi.net\/?page_id=8683"},"modified":"2024-06-19T10:53:23","modified_gmt":"2024-06-19T08:53:23","slug":"sab","status":"publish","type":"page","link":"https:\/\/tubi.net\/fr\/societes\/sab","title":{"rendered":"Sab"},"content":{"rendered":"<div class=\"fusion-fullwidth fullwidth-box fusion-builder-row-1 hundred-percent-fullwidth non-hundred-percent-height-scrolling\" style=\"--awb-border-radius-top-left:0px;--awb-border-radius-top-right:0px;--awb-border-radius-bottom-right:0px;--awb-border-radius-bottom-left:0px;--awb-overflow:visible;--awb-flex-wrap:wrap;\" ><div class=\"fusion-builder-row fusion-row\"><div class=\"fusion-layout-column fusion_builder_column fusion-builder-column-0 fusion_builder_column_1_1 1_1 fusion-one-full fusion-column-first fusion-column-last\" style=\"--awb-bg-color:#ffffff;--awb-bg-color-hover:#ffffff;--awb-bg-size:cover;\"><div class=\"fusion-column-wrapper fusion-flex-column-wrapper-legacy\"><div class=\"fusion-text fusion-text-1\"><div class=\"video-wrapper\"><video style=\"object-fit: cover;\" preload=\"auto\" autoplay=\"autoplay\" loop=\"loop\" muted=\"false\" controls=\"controls\" width=\"100%\" height=\"600\"><source src=\"https:\/\/tubi.net\/wp-content\/uploads\/2023\/10\/SAB-LANDING-PAGE-ver-03-20-07-senza-produzione_1.mp4\" type=\"video\/mp4\" \/>Sorry, your browser doesn&rsquo;t support embedded videos.<\/video><\/div>\n<\/div><div class=\"fusion-clearfix\"><\/div><\/div><\/div><div class=\"fusion-layout-column fusion_builder_column fusion-builder-column-1 fusion_builder_column_1_1 1_1 fusion-one-full fusion-column-first fusion-column-last\" style=\"--awb-bg-color:#ffffff;--awb-bg-color-hover:#ffffff;--awb-bg-size:cover;\"><div class=\"fusion-column-wrapper fusion-flex-column-wrapper-legacy\"><div class=\"fusion-text fusion-text-2\"><p><span style=\"color: #000000;\"><strong>SAB<\/strong> est partie de <a style=\"color: #000000;\" title=\"System Group\" href=\"http:\/\/www.tubi.net\/\" target=\"_blank\" rel=\"noopener\">System Group<\/a> specialis\u00e9 dans la production de raccords, de tubes et accessoires destin\u00e9s \u00e0 l\u2019irrigation, \u00e0 l\u2019adduction d\u2019eau , gas et au drainage des eaux.<strong>SAB<\/strong> poss\u00e8de de solides racines structurelles et productives, avec un reseau important de ventes en Italie et sur les march\u00e9s internationaux (avec 80 nations diff\u00e8rentes sur 5 continents).2007 est l\u2019ann\u00e9e de l\u2019inauguration du nouveau \u00e9tablissement de Sant\u2019Angelo in Vado (PU) Italia, proche des autres entreprises du System Group.\u00a0La nouvelle structure est le fruit d\u2019un investissement important o\u00f9 ont \u00e9t\u00e9 concentr\u00e9es les meilleures technologies productives et logistique, avec l\u2019objectif d\u2019offrir \u00e0 nos clients des produits avec un tr\u00e8s bon rapport qualit\u00e9\/prix et un excellent service.<br \/>\nPour SAB la personne la plus importante est le CLIENT, tout notre \u00e9quipe technique et commerciale est \u00e0 disposition des exigences du client, avec la professionalit\u00e9, la courtoisie et la chaleur humaine qui nous ont \u00e9t\u00e9 reconnues par le clients m\u00eames .<\/span><\/p>\n<\/div><div class=\"fusion-clearfix\"><\/div><\/div><\/div><div class=\"fusion-layout-column fusion_builder_column fusion-builder-column-2 fusion_builder_column_1_1 1_1 fusion-one-full fusion-column-first fusion-column-last fusion-column-no-min-height\" style=\"--awb-bg-blend:overlay;--awb-bg-size:cover;--awb-margin-bottom:0px;\"><div class=\"fusion-column-wrapper fusion-flex-column-wrapper-legacy\"><div class=\"fusion-text fusion-text-3\"><div class=\"btn-black-row\"><button class=\"btn-white\"><a href=\"https:\/\/sabspa.com\" target=\"_blank\" rel=\"noopener\">Website<\/a><\/button><button class=\"btn-white margin-left\"><a href=\"https:\/\/tubi.net\/fr\/downloads-system-group\/sab-2\" rel=\"noopener\">Papiers<\/a><\/button><button class=\"btn-white margin-left\"><a href=\"https:\/\/tubi.net\/fr\/contacts\" rel=\"noopener\">Contactez nous<\/a><\/button><\/div>\n<div class=\"flex-left-row riferimenti-row\"><\/div>\n<\/div><div class=\"fusion-clearfix\"><\/div><\/div><\/div><div class=\"fusion-layout-column fusion_builder_column fusion-builder-column-3 fusion_builder_column_1_1 1_1 fusion-one-full fusion-column-first fusion-column-last fusion-column-no-min-height\" style=\"--awb-bg-blend:overlay;--awb-bg-size:cover;--awb-margin-bottom:0px;\"><div class=\"fusion-column-wrapper fusion-flex-column-wrapper-legacy\"><div class=\"fusion-text fusion-text-4\"><h4 class=\"fusion-responsive-typography-calculated\" style=\"--fontsize: 24; line-height: 1.54;\" data-fontsize=\"24\" data-lineheight=\"36.96px\"><span style=\"color: #000000;\">SAB S.p.A.<\/span><\/h4>\n<p><span style=\"color: #000000;\"><em>Sede legale ed amministrativa : Via Salvo D\u2019Acquisto sn \u2013 Z.I. \u2013 61048 \u2013 Sant\u2019Angelo in Vado (PU)<br \/>\nTel. 0722\/810000 &#8211; FAX 0722 70599<br \/>\nMail:<span style=\"color: #0000ff;\"> <a style=\"color: #0000ff;\" href=\"mailto:sab@tubi.net\">sab@tubi.net<\/a><\/span><br \/>\nWeb: <span style=\"color: #0000ff;\"><a style=\"color: #0000ff;\" href=\"https:\/\/www.sabspa.com\/\" target=\"_blank\" rel=\"noopener\">https:\/\/www.sabspa.com\/<\/a><\/span><br \/>\nPartita IVA: 02138950411<br \/>\nEntreprise soumise \u00e0 la gestion et \u00e0 la coordination de HB Boscarini S.p.A.<br \/>\n<\/em><\/span><\/p>\n<\/div><div class=\"fusion-clearfix\"><\/div><\/div><\/div><\/div><\/div>\n","protected":false},"excerpt":{"rendered":"","protected":false},"author":11,"featured_media":0,"parent":8577,"menu_order":4,"comment_status":"open","ping_status":"closed","template":"side-navigation.php","meta":{"_acf_changed":false,"footnotes":""},"class_list":["post-8683","page","type-page","status-publish","hentry"],"acf":[],"_links":{"self":[{"href":"https:\/\/tubi.net\/fr\/wp-json\/wp\/v2\/pages\/8683","targetHints":{"allow":["GET"]}}],"collection":[{"href":"https:\/\/tubi.net\/fr\/wp-json\/wp\/v2\/pages"}],"about":[{"href":"https:\/\/tubi.net\/fr\/wp-json\/wp\/v2\/types\/page"}],"author":[{"embeddable":true,"href":"https:\/\/tubi.net\/fr\/wp-json\/wp\/v2\/users\/11"}],"replies":[{"embeddable":true,"href":"https:\/\/tubi.net\/fr\/wp-json\/wp\/v2\/comments?post=8683"}],"version-history":[{"count":14,"href":"https:\/\/tubi.net\/fr\/wp-json\/wp\/v2\/pages\/8683\/revisions"}],"predecessor-version":[{"id":44832,"href":"https:\/\/tubi.net\/fr\/wp-json\/wp\/v2\/pages\/8683\/revisions\/44832"}],"up":[{"embeddable":true,"href":"https:\/\/tubi.net\/fr\/wp-json\/wp\/v2\/pages\/8577"}],"wp:attachment":[{"href":"https:\/\/tubi.net\/fr\/wp-json\/wp\/v2\/media?parent=8683"}],"curies":[{"name":"wp","href":"https:\/\/api.w.org\/{rel}","templated":true}]}}