{"id":8685,"date":"2015-09-24T13:49:43","date_gmt":"2015-09-24T11:49:43","guid":{"rendered":"https:\/\/tubi.net\/?page_id=8685"},"modified":"2024-06-18T14:48:12","modified_gmt":"2024-06-18T12:48:12","slug":"sa-mi-plastic","status":"publish","type":"page","link":"https:\/\/tubi.net\/fr\/societes\/sa-mi-plastic","title":{"rendered":"Sa.Mi Plastic"},"content":{"rendered":"<div class=\"fusion-fullwidth fullwidth-box fusion-builder-row-1 nonhundred-percent-fullwidth non-hundred-percent-height-scrolling\" style=\"--awb-background-position:left top;--awb-border-sizes-top:0px;--awb-border-sizes-bottom:0px;--awb-border-sizes-left:0px;--awb-border-sizes-right:0px;--awb-border-radius-top-left:0px;--awb-border-radius-top-right:0px;--awb-border-radius-bottom-right:0px;--awb-border-radius-bottom-left:0px;--awb-padding-top:20px;--awb-padding-right:20px;--awb-padding-bottom:20px;--awb-padding-left:20px;--awb-flex-wrap:wrap;\" ><div class=\"fusion-builder-row fusion-row\"><div class=\"fusion-layout-column fusion_builder_column fusion-builder-column-0 fusion_builder_column_1_1 1_1 fusion-one-full fusion-column-first fusion-column-last\" style=\"--awb-bg-color:#ffffff;--awb-bg-color-hover:#ffffff;--awb-bg-size:cover;\"><div class=\"fusion-column-wrapper fusion-flex-column-wrapper-legacy\"><div class=\"video-wrapper\"><video style=\"object-fit: cover;\" preload=\"auto\" autoplay=\"autoplay\" loop=\"loop\" muted=\"false\" controls=\"controls\" width=\"100%\" height=\"600\"><source src=\"https:\/\/tubi.net\/wp-content\/uploads\/2023\/10\/SA.MI-LANDING-PAGE-ver-02-02.10-senza-produzione_1.mp4\" type=\"video\/mp4\" \/>Sorry, your browser doesn't support embedded videos.<\/video><\/div><div class=\"fusion-clearfix\"><\/div><\/div><\/div><div class=\"fusion-layout-column fusion_builder_column fusion-builder-column-1 fusion_builder_column_1_1 1_1 fusion-one-full fusion-column-first fusion-column-last\" style=\"--awb-bg-color:#ffffff;--awb-bg-color-hover:#ffffff;--awb-bg-size:cover;\"><div class=\"fusion-column-wrapper fusion-flex-column-wrapper-legacy\"><div class=\"fusion-text fusion-text-1\"><p style=\"text-align: justify;\"><span style=\"color: #000000;\"><strong>SA.MI plastic<\/strong> dispose d\u2019une vaste gamme de production qui compl\u00e8te celle des autres entreprises de System Group (tubes PE AD-BD pour les canalisations d\u2019adduction d\u2019eau potable, d\u2019irrigation, de distribution du gaz, de drainage, d\u2019assainissement), associ\u00e9e \u00e0 des services de conseil technique et d\u2019articles similaires, qui garantissent une r\u00e9ponse adapt\u00e9e \u00e0 toute exigence du client.<\/span><\/p>\n<\/div><div class=\"fusion-clearfix\"><\/div><\/div><\/div><div class=\"fusion-layout-column fusion_builder_column fusion-builder-column-2 fusion_builder_column_1_1 1_1 fusion-one-full fusion-column-first fusion-column-last\" style=\"--awb-padding-top:10px;--awb-padding-right:10px;--awb-padding-bottom:10px;--awb-padding-left:10px;--awb-bg-size:cover;\"><div class=\"fusion-column-wrapper fusion-flex-column-wrapper-legacy\"><div class=\"fusion-text fusion-text-2\"><div class=\"btn-black-row\"><button class=\"btn-white\"><a href=\"https:\/\/tubi.net\/fr\/downloads-system-group\/sa-mi-plastic\">Papiers<\/a><\/button><button class=\"btn-white margin-left\"><a href=\"https:\/\/tubi.net\/fr\/contatti\/\">Contactez nous<\/a><\/button><\/div>\n<div class=\"flex-left-row riferimenti-row\"><\/div>\n<\/div><div class=\"fusion-clearfix\"><\/div><\/div><\/div><div class=\"fusion-layout-column fusion_builder_column fusion-builder-column-3 fusion_builder_column_1_1 1_1 fusion-one-full fusion-column-first fusion-column-last fusion-column-no-min-height\" style=\"--awb-bg-size:cover;--awb-margin-bottom:0px;\"><div class=\"fusion-column-wrapper fusion-flex-column-wrapper-legacy\"><div class=\"fusion-text fusion-text-3\"><h4><span style=\"color: #000000;\">SA.MI Plastic S.p.A.<\/span><\/h4>\n<p><span style=\"color: #000000;\">Sede legale: VIA GARIBALDI 1, <\/span><span style=\"color: #000000;\">61049 URBANIA(PU) \u2013 ITALIA<\/span><br \/>\n<span style=\"color: #000000;\">Sede operativa ed amministrativa: LOCALITA\u2019 PIEGO \u2013 FRAZIONE MONTERONE- 52038 SESTINO (AR) ITALIA<\/span><br \/>\n<span style=\"color: #000000;\">Tel. 0575\/71711 \u2013 FAX 0575\/772369<br \/>\nMail: <span style=\"color: #0000ff;\">samiplastic@tubi.net<\/span><\/span><br \/>\n<span style=\"color: #000000;\">C.F. \u2013 P.IVA \u2013 Iscrizione Reg. Imprese di PESARO e URBINO: 01133580413<\/span><br \/>\n<span style=\"color: #000000;\">Entreprise soumise \u00e0 la gestion et \u00e0 la coordination de HB Boscarini S.p.A.<\/span><\/p>\n<\/div><div class=\"fusion-clearfix\"><\/div><\/div><\/div><\/div><\/div>\n","protected":false},"excerpt":{"rendered":"","protected":false},"author":11,"featured_media":0,"parent":8577,"menu_order":6,"comment_status":"open","ping_status":"closed","template":"side-navigation.php","meta":{"_acf_changed":false,"footnotes":""},"class_list":["post-8685","page","type-page","status-publish","hentry"],"acf":[],"_links":{"self":[{"href":"https:\/\/tubi.net\/fr\/wp-json\/wp\/v2\/pages\/8685","targetHints":{"allow":["GET"]}}],"collection":[{"href":"https:\/\/tubi.net\/fr\/wp-json\/wp\/v2\/pages"}],"about":[{"href":"https:\/\/tubi.net\/fr\/wp-json\/wp\/v2\/types\/page"}],"author":[{"embeddable":true,"href":"https:\/\/tubi.net\/fr\/wp-json\/wp\/v2\/users\/11"}],"replies":[{"embeddable":true,"href":"https:\/\/tubi.net\/fr\/wp-json\/wp\/v2\/comments?post=8685"}],"version-history":[{"count":16,"href":"https:\/\/tubi.net\/fr\/wp-json\/wp\/v2\/pages\/8685\/revisions"}],"predecessor-version":[{"id":44932,"href":"https:\/\/tubi.net\/fr\/wp-json\/wp\/v2\/pages\/8685\/revisions\/44932"}],"up":[{"embeddable":true,"href":"https:\/\/tubi.net\/fr\/wp-json\/wp\/v2\/pages\/8577"}],"wp:attachment":[{"href":"https:\/\/tubi.net\/fr\/wp-json\/wp\/v2\/media?parent=8685"}],"curies":[{"name":"wp","href":"https:\/\/api.w.org\/{rel}","templated":true}]}}