{"id":8687,"date":"2015-09-24T13:51:13","date_gmt":"2015-09-24T11:51:13","guid":{"rendered":"https:\/\/tubi.net\/?page_id=8687"},"modified":"2025-09-04T15:24:29","modified_gmt":"2025-09-04T13:24:29","slug":"pebo","status":"publish","type":"page","link":"https:\/\/tubi.net\/fr\/societes\/pebo","title":{"rendered":"Pebo"},"content":{"rendered":"<div class=\"fusion-fullwidth fullwidth-box fusion-builder-row-1 nonhundred-percent-fullwidth non-hundred-percent-height-scrolling\" style=\"--awb-background-position:left top;--awb-border-sizes-top:0px;--awb-border-sizes-bottom:0px;--awb-border-sizes-left:0px;--awb-border-sizes-right:0px;--awb-border-radius-top-left:0px;--awb-border-radius-top-right:0px;--awb-border-radius-bottom-right:0px;--awb-border-radius-bottom-left:0px;--awb-padding-top:20px;--awb-padding-right:20px;--awb-padding-bottom:20px;--awb-padding-left:20px;--awb-flex-wrap:wrap;\" ><div class=\"fusion-builder-row fusion-row\"><div class=\"fusion-layout-column fusion_builder_column fusion-builder-column-0 fusion_builder_column_1_1 1_1 fusion-one-full fusion-column-first fusion-column-last\" style=\"--awb-bg-color:#ffffff;--awb-bg-color-hover:#ffffff;--awb-bg-size:cover;\"><div class=\"fusion-column-wrapper fusion-flex-column-wrapper-legacy\"><div class=\"video-wrapper\"><video style=\"object-fit: cover;\" preload=\"auto\" autoplay=\"autoplay\" loop=\"loop\" muted=\"false\" controls=\"controls\" width=\"100%\" height=\"600\"><source src=\"https:\/\/tubi.net\/wp-content\/uploads\/2025\/09\/2025_VIDEO_AZIENDALE_pebolen.mp4\" \/>Sorry, your browser doesn't support embedded videos.<\/video><\/div><div class=\"fusion-clearfix\"><\/div><\/div><\/div><div class=\"fusion-layout-column fusion_builder_column fusion-builder-column-1 fusion_builder_column_1_1 1_1 fusion-one-full fusion-column-first fusion-column-last\" style=\"--awb-bg-color:#ffffff;--awb-bg-color-hover:#ffffff;--awb-bg-size:cover;\"><div class=\"fusion-column-wrapper fusion-flex-column-wrapper-legacy\"><div class=\"fusion-text fusion-text-1\"><p style=\"text-align: justify;\"><span style=\"color: #000000;\">Fond\u00e9e en 1987, <strong>Pebo<\/strong> est aujourd\u2019hui une entreprise \u00e0 l\u2019avant-garde, gr\u00e2ce \u00e0 ses investissements en technologie et en formation du personnel<\/span><br \/>\n<span style=\"color: #000000;\">Elle est pr\u00e9sente sur le march\u00e9 avec des produits r\u00e9alis\u00e9s avec des proc\u00e9d\u00e9s technologiques innovants dans le secteur des mati\u00e8res plastiques. En effet, elle dispose d\u2019une ligne compl\u00e8te de production de compounds, c\u2019est-\u00e0-dire des granul\u00e9s de poly\u00e9thyl\u00e8ne haute et basse densit\u00e9, en partant d\u2019une mati\u00e8re premi\u00e8re ou de d\u00e9chets industriels s\u00e9lectionn\u00e9s.<\/span><br \/>\n<span style=\"color: #000000;\">Pebo dispose d\u2019\u00e9quipements modernes et d\u2019appareils technologiquement de pointe pour tester le produit fini et garantir un standard qualitatif \u00e9lev\u00e9.<\/span><br \/>\n<span style=\"color: #000000;\">Gr\u00e2ce \u00e0 une ligne de r\u00e9cup\u00e9ration compl\u00e8te, comprenant, outre les tr\u00e9fileuses de regranulation, un \u00e9quipement de lavage, un moulin et un atelier \u00e0 l\u2019avant-garde o\u00f9 les mat\u00e9riaux sont soumis \u00e0 un contr\u00f4le soigneux, Pepo offre \u00e0 ses partenaires une plus-value suppl\u00e9mentaire qui la rend protagoniste au niveau international dans le secteur des compounds.<\/span><\/p>\n<\/div><div class=\"fusion-clearfix\"><\/div><\/div><\/div><div class=\"fusion-layout-column fusion_builder_column fusion-builder-column-2 fusion_builder_column_1_1 1_1 fusion-one-full fusion-column-first fusion-column-last\" style=\"--awb-padding-top:10px;--awb-padding-right:10px;--awb-padding-bottom:10px;--awb-padding-left:10px;--awb-bg-size:cover;\"><div class=\"fusion-column-wrapper fusion-flex-column-wrapper-legacy\"><div class=\"fusion-text fusion-text-2\"><div class=\"btn-black-row\"><button class=\"btn-white\"><a href=\"https:\/\/www.pebospa.com\" target=\"_blank\" rel=\"noopener\">Website<\/a><\/button><button class=\"btn-white margin-left\"><a href=\"https:\/\/tubi.net\/fr\/downloads-system-group\/pebo\">Papiers<\/a><\/button><button class=\"btn-white margin-left\"><a href=\"https:\/\/tubi.net\/fr\/contatti\/\">Contactez nous<\/a><\/button><\/div>\n<div class=\"flex-left-row riferimenti-row\"><\/div>\n<\/div><div class=\"fusion-clearfix\"><\/div><\/div><\/div><div class=\"fusion-layout-column fusion_builder_column fusion-builder-column-3 fusion_builder_column_1_1 1_1 fusion-one-full fusion-column-first fusion-column-last fusion-column-no-min-height\" style=\"--awb-bg-size:cover;--awb-margin-bottom:0px;\"><div class=\"fusion-column-wrapper fusion-flex-column-wrapper-legacy\"><div class=\"fusion-text fusion-text-3\"><h4><span style=\"color: #000000;\"><strong>Pebo spa<\/strong><\/span><\/h4>\n<p><em><span style=\"color: #000000;\">Sede legale ed amministrativa : Localit\u00e0 Piego Fraz. Monterone \u2013 52038 Sestino (AR)<\/span><br \/>\n<span style=\"color: #000000;\">Tel. 0575-772458 &#8211; <\/span><span style=\"color: #000000;\">FAX 0575-772459<\/span><br \/>\n<span style=\"color: #000000;\">Mail:<\/span><span style=\"color: #0000ff;\"> <a style=\"color: #0000ff;\" href=\"mailto:info@pebospa.com\">info@pebospa.com<\/a><\/span><br \/>\n<span style=\"color: #000000;\">Web:<\/span><span style=\"color: #0000ff;\"> <a style=\"color: #0000ff;\" href=\"www.pebospa.com\" target=\"_blank\" rel=\"noopener\">www.pebospa.com<\/a><\/span><br \/>\n<span style=\"color: #000000;\">C.F.\/P.IVA\/Iscrizione Registro Imprese di Arezzo IT01233740511<\/span><br \/>\n<span style=\"color: #000000;\">Capitale Soc. \u20ac 400.000,00 i.v.a<\/span><br \/>\n<span style=\"color: #000000;\">Numero R.E.A. 92325<\/span><br \/>\n<\/em><span style=\"color: #000000;\"><em>Entreprise soumise \u00e0 la gestion et \u00e0 la coordination de HB Boscarini S.p.A.<\/em><\/span><\/p>\n<\/div><div class=\"fusion-clearfix\"><\/div><\/div><\/div><\/div><\/div>\n","protected":false},"excerpt":{"rendered":"","protected":false},"author":11,"featured_media":0,"parent":8577,"menu_order":7,"comment_status":"open","ping_status":"closed","template":"side-navigation.php","meta":{"_acf_changed":false,"footnotes":""},"class_list":["post-8687","page","type-page","status-publish","hentry"],"acf":[],"_links":{"self":[{"href":"https:\/\/tubi.net\/fr\/wp-json\/wp\/v2\/pages\/8687","targetHints":{"allow":["GET"]}}],"collection":[{"href":"https:\/\/tubi.net\/fr\/wp-json\/wp\/v2\/pages"}],"about":[{"href":"https:\/\/tubi.net\/fr\/wp-json\/wp\/v2\/types\/page"}],"author":[{"embeddable":true,"href":"https:\/\/tubi.net\/fr\/wp-json\/wp\/v2\/users\/11"}],"replies":[{"embeddable":true,"href":"https:\/\/tubi.net\/fr\/wp-json\/wp\/v2\/comments?post=8687"}],"version-history":[{"count":24,"href":"https:\/\/tubi.net\/fr\/wp-json\/wp\/v2\/pages\/8687\/revisions"}],"predecessor-version":[{"id":47922,"href":"https:\/\/tubi.net\/fr\/wp-json\/wp\/v2\/pages\/8687\/revisions\/47922"}],"up":[{"embeddable":true,"href":"https:\/\/tubi.net\/fr\/wp-json\/wp\/v2\/pages\/8577"}],"wp:attachment":[{"href":"https:\/\/tubi.net\/fr\/wp-json\/wp\/v2\/media?parent=8687"}],"curies":[{"name":"wp","href":"https:\/\/api.w.org\/{rel}","templated":true}]}}