{"id":8689,"date":"2014-09-25T12:04:44","date_gmt":"2014-09-25T10:04:44","guid":{"rendered":"https:\/\/tubi.net\/?page_id=8689"},"modified":"2024-06-18T16:23:59","modified_gmt":"2024-06-18T14:23:59","slug":"mec-system","status":"publish","type":"page","link":"https:\/\/tubi.net\/fr\/societes\/mec-system","title":{"rendered":"Mecsystem"},"content":{"rendered":"<div class=\"fusion-fullwidth fullwidth-box fusion-builder-row-1 nonhundred-percent-fullwidth non-hundred-percent-height-scrolling\" style=\"--awb-background-position:left top;--awb-border-sizes-top:0px;--awb-border-sizes-bottom:0px;--awb-border-sizes-left:0px;--awb-border-sizes-right:0px;--awb-border-radius-top-left:0px;--awb-border-radius-top-right:0px;--awb-border-radius-bottom-right:0px;--awb-border-radius-bottom-left:0px;--awb-padding-top:20px;--awb-padding-right:20px;--awb-padding-bottom:20px;--awb-padding-left:20px;--awb-flex-wrap:wrap;\" ><div class=\"fusion-builder-row fusion-row\"><div class=\"fusion-layout-column fusion_builder_column fusion-builder-column-0 fusion_builder_column_1_1 1_1 fusion-one-full fusion-column-first fusion-column-last fusion-column-no-min-height\" style=\"--awb-bg-size:cover;--awb-margin-bottom:0px;\"><div class=\"fusion-column-wrapper fusion-flex-column-wrapper-legacy\"><div class=\"fusion-slider-sc fusion-flexslider-loading flexslider flexslider-hover-type-none\" data-slideshow_autoplay=\"1\" data-slideshow_smooth_height=\"0\" data-slideshow_speed=\"7000\" style=\"max-width:100%;height:100%;\"><ul class=\"slides\"><li class=\"image\"><span class=\"fusion-image-hover-element hover-type-none\"><img decoding=\"async\" src=\"https:\/\/tubi.net\/wp-content\/uploads\/2014\/09\/IMG_0038RID.jpg\" \/><\/span><\/li><li class=\"image\"><span class=\"fusion-image-hover-element hover-type-none\"><img decoding=\"async\" src=\"https:\/\/tubi.net\/wp-content\/uploads\/2014\/09\/IMG_0035.jpg\" \/><\/span><\/li><li class=\"image\"><span class=\"fusion-image-hover-element hover-type-none\"><img decoding=\"async\" src=\"https:\/\/tubi.net\/wp-content\/uploads\/2014\/09\/20121018_182953.jpg\" \/><\/span><\/li><li class=\"image\"><span class=\"fusion-image-hover-element hover-type-none\"><img decoding=\"async\" src=\"https:\/\/tubi.net\/wp-content\/uploads\/2014\/09\/IMG_0201.jpg\" \/><\/span><\/li><li class=\"image\"><span class=\"fusion-image-hover-element hover-type-none\"><img decoding=\"async\" src=\"https:\/\/tubi.net\/wp-content\/uploads\/2014\/09\/IMG_0195.jpg\" \/><\/span><\/li><\/ul><\/div><div class=\"fusion-clearfix\"><\/div><\/div><\/div><div class=\"fusion-layout-column fusion_builder_column fusion-builder-column-1 fusion_builder_column_1_1 1_1 fusion-one-full fusion-column-first fusion-column-last\" style=\"--awb-bg-size:cover;\"><div class=\"fusion-column-wrapper fusion-column-has-shadow fusion-flex-column-wrapper-legacy\"><div class=\"fusion-text fusion-text-1\"><p style=\"text-align: left;\"><span style=\"color: #000000;\">La soci\u00e9t\u00e9 <strong>MECSYSTEM<\/strong> a commenc\u00e9 son activit\u00e9 en fournissant l\u2019assistance technique aux entreprises qui travaillent dans le domaine de la production de tubes en PE. Cette exp\u00e9rience lui a permis de se projeter avec grand succ\u00e8s dans le march\u00e9 de la fabrication de ces machines, n\u00e9es de l\u2019union d\u2019id\u00e9es innovantes et de l\u2019exp\u00e9rience sur le terrain, de mani\u00e8re \u00e0 offrir un produit \u00e0 la fois nouveau et vraiment fiable. Parall\u00e8lement, gr\u00e2ce \u00e0 la pr\u00e9sence d\u2019excellents techniciens et concepteurs, elle s\u2019est sp\u00e9cialis\u00e9e dans l\u2019engineering, en r\u00e9alisant des projets de nombreux \u00e9quipements de service, puis d\u2019usines enti\u00e8res, jusqu\u2019\u00e0 leur phase de start-up. Aujourd\u2019hui <strong>MECSYSTEM<\/strong> se compose de trois divisions : la <strong>DIVISION ASSISTANCE TECHNIQUE<\/strong>, la <strong>DIVISION MACHINES<\/strong> et la <strong>DIVISION D\u2019ENGINEERING<\/strong>. L\u2019esprit de la firme est d\u2019allier les exp\u00e9riences de toutes les divisions pour am\u00e9liorer les produits de chacune d\u2019elles, ce qui en fait une entreprise moderne et \u00e0 l\u2019avant-garde. Gr\u00e2ce \u00e0 cette symbiose, <strong>MECSYSTEM<\/strong> est aussi en mesure de fournir des services comme la formation du personnel, l\u2019assistance \u00e0 la mise en route productive et commerciale d\u2019une entreprise, jusqu\u2019au moment o\u00f9 elle peut op\u00e9rer autonomement en plein r\u00e9gime comp\u00e9titif.<\/span><\/p>\n<\/div><div class=\"fusion-clearfix\"><\/div><\/div><\/div><div class=\"fusion-layout-column fusion_builder_column fusion-builder-column-2 fusion_builder_column_1_1 1_1 fusion-one-full fusion-column-first fusion-column-last\" style=\"--awb-bg-size:cover;\"><div class=\"fusion-column-wrapper fusion-column-has-shadow fusion-flex-column-wrapper-legacy\"><div class=\"fusion-text fusion-text-2\"><div class=\"btn-black-row\"><button class=\"btn-white\"><a href=\"https:\/\/tubi.net\/fr\/downloads-system-group\/mec-system\">Papiers<\/a><\/button><button class=\"btn-white margin-left\"><a href=\"https:\/\/tubi.net\/fr\/contacts\">Contactez nous<\/a><\/button><\/div>\n<div class=\"flex-left-row riferimenti-row\"><\/div>\n<\/div><div class=\"fusion-clearfix\"><\/div><\/div><\/div><div class=\"fusion-layout-column fusion_builder_column fusion-builder-column-3 fusion_builder_column_1_1 1_1 fusion-one-full fusion-column-first fusion-column-last\" style=\"--awb-bg-size:cover;\"><div class=\"fusion-column-wrapper fusion-column-has-shadow fusion-flex-column-wrapper-legacy\"><div class=\"fusion-text fusion-text-3\"><h3><span style=\"color: #000000;\">Mecsystem srl<\/span><\/h3>\n<p><span style=\"color: #000000;\"><em>Sede legale ed amministrativa : Via\u00a0 Giuseppe Garibaldi, 1 &#8211; 61049 Urbania (PU) Italy<br \/>\nTel. 0575-772353 &#8211; FAX0575-772354<br \/>\nMail: <span style=\"color: #0000ff;\"><a style=\"color: #0000ff;\" href=\"mailto:mecsystem@tubi.net\">mecsystem@tubi.net<\/a><\/span><br \/>\nWeb: <span style=\"color: #0000ff;\"><a style=\"color: #0000ff;\" href=\"http:\/\/www.mecsystemitalia.it\">www.mecsystemitalia.it<\/a><\/span><br \/>\nC.F.\/P.IVA\/Iscrizione Registro Imprese di Pesaro Urbino IT01305020412<br \/>\nCapitale Soc. \u20ac 51.664,00 i.v.<br \/>\n<\/em><em>N. REA 122133 di Pesaro Urbino<br \/>\nEntreprise soumise \u00e0 la gestion et \u00e0 la coordination de HB Boscarini S.p.A.<br \/>\n<\/em><\/span><\/p>\n<\/div><div class=\"fusion-clearfix\"><\/div><\/div><\/div><\/div><\/div>\n","protected":false},"excerpt":{"rendered":"","protected":false},"author":11,"featured_media":0,"parent":8577,"menu_order":8,"comment_status":"open","ping_status":"closed","template":"side-navigation.php","meta":{"_acf_changed":false,"footnotes":""},"class_list":["post-8689","page","type-page","status-publish","hentry"],"acf":[],"_links":{"self":[{"href":"https:\/\/tubi.net\/fr\/wp-json\/wp\/v2\/pages\/8689","targetHints":{"allow":["GET"]}}],"collection":[{"href":"https:\/\/tubi.net\/fr\/wp-json\/wp\/v2\/pages"}],"about":[{"href":"https:\/\/tubi.net\/fr\/wp-json\/wp\/v2\/types\/page"}],"author":[{"embeddable":true,"href":"https:\/\/tubi.net\/fr\/wp-json\/wp\/v2\/users\/11"}],"replies":[{"embeddable":true,"href":"https:\/\/tubi.net\/fr\/wp-json\/wp\/v2\/comments?post=8689"}],"version-history":[{"count":8,"href":"https:\/\/tubi.net\/fr\/wp-json\/wp\/v2\/pages\/8689\/revisions"}],"predecessor-version":[{"id":44964,"href":"https:\/\/tubi.net\/fr\/wp-json\/wp\/v2\/pages\/8689\/revisions\/44964"}],"up":[{"embeddable":true,"href":"https:\/\/tubi.net\/fr\/wp-json\/wp\/v2\/pages\/8577"}],"wp:attachment":[{"href":"https:\/\/tubi.net\/fr\/wp-json\/wp\/v2\/media?parent=8689"}],"curies":[{"name":"wp","href":"https:\/\/api.w.org\/{rel}","templated":true}]}}