{"id":8691,"date":"2014-09-25T12:06:10","date_gmt":"2014-09-25T10:06:10","guid":{"rendered":"https:\/\/tubi.net\/?page_id=8691"},"modified":"2025-09-03T15:18:21","modified_gmt":"2025-09-03T13:18:21","slug":"lucania-resine","status":"publish","type":"page","link":"https:\/\/tubi.net\/fr\/societes\/lucania-resine","title":{"rendered":"Lucania Resine"},"content":{"rendered":"<div class=\"fusion-fullwidth fullwidth-box fusion-builder-row-1 nonhundred-percent-fullwidth non-hundred-percent-height-scrolling\" style=\"--awb-background-position:left top;--awb-border-sizes-top:0px;--awb-border-sizes-bottom:0px;--awb-border-sizes-left:0px;--awb-border-sizes-right:0px;--awb-border-radius-top-left:0px;--awb-border-radius-top-right:0px;--awb-border-radius-bottom-right:0px;--awb-border-radius-bottom-left:0px;--awb-padding-top:20px;--awb-padding-right:20px;--awb-padding-bottom:20px;--awb-padding-left:20px;--awb-flex-wrap:wrap;\" ><div class=\"fusion-builder-row fusion-row\"><div class=\"fusion-layout-column fusion_builder_column fusion-builder-column-0 fusion_builder_column_1_1 1_1 fusion-one-full fusion-column-first fusion-column-last\" style=\"--awb-padding-top:10px;--awb-padding-right:10px;--awb-padding-bottom:10px;--awb-padding-left:10px;--awb-bg-blend:overlay;--awb-bg-size:cover;\"><div class=\"fusion-column-wrapper fusion-flex-column-wrapper-legacy\"><div class=\"video-wrapper\"><video style=\"object-fit: cover;\" preload=\"auto\" autoplay=\"autoplay\" loop=\"loop\" muted=\"false\" controls=\"controls\" width=\"100%\" height=\"600\"><source src=\"https:\/\/tubi.net\/wp-content\/uploads\/2025\/09\/LUCANIA-RESINE_low-Q-ver-02.mp4\" type=\"video\/mp4\" \/>Sorry, your browser doesn't support embedded videos.<\/video><\/div><div class=\"fusion-text fusion-text-1\"><p style=\"text-align: left;\"><span style=\"color: #000000;\"><strong>Lucania Resine<\/strong> est l\u2019entreprise du groupe sp\u00e9cialis\u00e9e dans la production de canalisations en PVC et en poly\u00e9thyl\u00e8ne (annel\u00e9 et lisse). Elle garantit une production compl\u00e8te pour les diff\u00e9rentes typologies d\u2019application: r\u00e9seaux d\u2019assainissement, d\u2019adduction d\u2019eau potable, d\u2019irrigation et de distribution du gaz, ainsi que canalisations et drains.<\/span><\/p>\n<\/div><div class=\"fusion-clearfix\"><\/div><\/div><\/div><div class=\"fusion-layout-column fusion_builder_column fusion-builder-column-1 fusion_builder_column_1_1 1_1 fusion-one-full fusion-column-first fusion-column-last\" style=\"--awb-padding-top:10px;--awb-padding-right:10px;--awb-padding-bottom:10px;--awb-padding-left:10px;--awb-bg-position:center center;--awb-bg-blend:overlay;--awb-bg-size:cover;--awb-margin-top:10px;\"><div class=\"fusion-column-wrapper fusion-flex-column-wrapper-legacy\"><div class=\"fusion-text fusion-text-2\"><div class=\"btn-black-row\"><button class=\"btn-white margin-left\"><a href=\"https:\/\/tubi.net\/fr\/contacts\">Contactez nous<\/a><\/button><\/div>\n<div class=\"flex-left-row riferimenti-row\"><\/div>\n<\/div><div class=\"fusion-clearfix\"><\/div><\/div><\/div><div class=\"fusion-layout-column fusion_builder_column fusion-builder-column-2 fusion_builder_column_1_1 1_1 fusion-one-full fusion-column-first fusion-column-last\" style=\"--awb-padding-top:10px;--awb-padding-right:10px;--awb-padding-bottom:10px;--awb-padding-left:10px;--awb-bg-position:center center;--awb-bg-blend:overlay;--awb-bg-size:cover;--awb-margin-top:10px;\"><div class=\"fusion-column-wrapper fusion-flex-column-wrapper-legacy\"><div class=\"fusion-text fusion-text-3\"><h4 class=\"fusion-responsive-typography-calculated\" style=\"--fontsize: 24; line-height: 1.54;\" data-fontsize=\"24\" data-lineheight=\"36.96px\"><span style=\"color: #000000;\">Lucania Resine<\/span><\/h4>\n<p><span style=\"color: #000000;\">85100 POTENZA (PZ) via della Fisica, 20\/21<\/span><br \/>\n<span style=\"color: #000000;\">Tel. 0971 56416 pbx &#8211; <\/span><span style=\"color: #000000;\">FAX 0971 57113<\/span><br \/>\n<span style=\"color: #000000;\">Mail:<span style=\"color: #0000ff;\"> <a style=\"color: #0000ff;\" href=\"mailto:lucaniaresine@tubi.net\">lucaniaresine@tubi.net<\/a><\/span><\/span><br \/>\n<span style=\"color: #000000;\">Entreprise soumise \u00e0 la gestion et \u00e0 la coordination de HB Boscarini S.p.A.<\/span><\/p>\n<\/div><div class=\"fusion-clearfix\"><\/div><\/div><\/div><\/div><\/div>\n","protected":false},"excerpt":{"rendered":"","protected":false},"author":11,"featured_media":0,"parent":8577,"menu_order":9,"comment_status":"open","ping_status":"closed","template":"side-navigation.php","meta":{"_acf_changed":false,"footnotes":""},"class_list":["post-8691","page","type-page","status-publish","hentry"],"acf":[],"_links":{"self":[{"href":"https:\/\/tubi.net\/fr\/wp-json\/wp\/v2\/pages\/8691","targetHints":{"allow":["GET"]}}],"collection":[{"href":"https:\/\/tubi.net\/fr\/wp-json\/wp\/v2\/pages"}],"about":[{"href":"https:\/\/tubi.net\/fr\/wp-json\/wp\/v2\/types\/page"}],"author":[{"embeddable":true,"href":"https:\/\/tubi.net\/fr\/wp-json\/wp\/v2\/users\/11"}],"replies":[{"embeddable":true,"href":"https:\/\/tubi.net\/fr\/wp-json\/wp\/v2\/comments?post=8691"}],"version-history":[{"count":14,"href":"https:\/\/tubi.net\/fr\/wp-json\/wp\/v2\/pages\/8691\/revisions"}],"predecessor-version":[{"id":47902,"href":"https:\/\/tubi.net\/fr\/wp-json\/wp\/v2\/pages\/8691\/revisions\/47902"}],"up":[{"embeddable":true,"href":"https:\/\/tubi.net\/fr\/wp-json\/wp\/v2\/pages\/8577"}],"wp:attachment":[{"href":"https:\/\/tubi.net\/fr\/wp-json\/wp\/v2\/media?parent=8691"}],"curies":[{"name":"wp","href":"https:\/\/api.w.org\/{rel}","templated":true}]}}