{"id":8775,"date":"2015-09-24T16:13:49","date_gmt":"2015-09-24T14:13:49","guid":{"rendered":"https:\/\/tubi.net\/?page_id=8775"},"modified":"2021-05-24T12:58:25","modified_gmt":"2021-05-24T10:58:25","slug":"assistance-a-la-conception","status":"publish","type":"page","link":"https:\/\/tubi.net\/fr\/services\/assistance-a-la-conception","title":{"rendered":"Assistance \u00e0 la conception"},"content":{"rendered":"<p><img decoding=\"async\" class=\"size-full wp-image-4807 alignleft\" src=\"https:\/\/tubi.net\/wp-content\/uploads\/2014\/04\/profilo_progettazione.jpg\" alt=\"profilo_progettazione\" width=\"250\" height=\"304\" \/><\/p>\n<h2><div class=\"fusion-fullwidth fullwidth-box fusion-builder-row-1 hundred-percent-fullwidth non-hundred-percent-height-scrolling\" style=\"--awb-border-radius-top-left:0px;--awb-border-radius-top-right:0px;--awb-border-radius-bottom-right:0px;--awb-border-radius-bottom-left:0px;--awb-overflow:visible;--awb-flex-wrap:wrap;\" ><div class=\"fusion-builder-row fusion-row\"><div class=\"fusion-layout-column fusion_builder_column fusion-builder-column-0 fusion_builder_column_1_1 1_1 fusion-one-full fusion-column-first fusion-column-last fusion-column-no-min-height\" style=\"--awb-bg-size:cover;--awb-margin-bottom:0px;\"><div class=\"fusion-column-wrapper fusion-flex-column-wrapper-legacy\"><div class=\"fusion-fa-align-left\"><i class=\"fb-icon-element-1 fb-icon-element fontawesome-icon fa fa-cogs circle-no fusion-animated\" style=\"--awb-iconcolor:#b00a0a;--awb-iconcolor-hover:#b00a0a;--awb-font-size:40px;--awb-margin-right:20px;\" data-animationType=\"fadeInRight\" data-animationDuration=\"0.6\" data-animationOffset=\"top-into-view\"><\/i><\/div><span id=\"ctl01_Breadcrumbs_breadCrumbsControl\">Assistance \u00e0 la conception<\/span><\/h2>\n<p style=\"text-align: justify;\"><strong><a href=\"https:\/\/tubi.net\/wp-content\/uploads\/2015\/08\/logonew.png\" rel=\"lightbox[8775]\"><img decoding=\"async\" class=\"alignnone wp-image-7628\" src=\"https:\/\/tubi.net\/wp-content\/uploads\/2015\/08\/logonew.png\" alt=\"logonew\" width=\"122\" height=\"15\" srcset=\"https:\/\/tubi.net\/wp-content\/uploads\/2015\/08\/logonew-300x37.png 300w, https:\/\/tubi.net\/wp-content\/uploads\/2015\/08\/logonew.png 450w\" sizes=\"(max-width: 122px) 100vw, 122px\" \/><\/a><\/strong> System Group offre des services de support aux techniciens, en proposant des variantes et des solutions techniques avec l\u2019utilisation de ses propres produits, dans l\u2019optique d\u2019optimiser les r\u00e9sultats finaux. \u00c0 cet effet, son Bureau Technique et son Bureau de Recherche et D\u00e9veloppement disposent de personnels hautement sp\u00e9cialis\u00e9s dans la r\u00e9daction et la pr\u00e9paration de dessins techniques, de layouts d\u2019impression et de rapports techniques de support \u00e0 la conception. Les deux sections sont en mesure d\u2019\u00e9tudier des solutions pour les probl\u00e9matiques les plus diverses, si n\u00e9cessaire en cr\u00e9ant de nouvelles pi\u00e8ces sp\u00e9ciales, pour r\u00e9soudre les situations les plus complexes qui pourraient na\u00eetre en cours de projet et de construction.<\/p>\n<div class=\"fusion-clearfix\"><\/div><\/div><\/div><\/div><\/div><\/p>\n","protected":false},"excerpt":{"rendered":"","protected":false},"author":1,"featured_media":0,"parent":8932,"menu_order":2,"comment_status":"open","ping_status":"closed","template":"side-navigation.php","meta":{"_acf_changed":false,"footnotes":""},"class_list":["post-8775","page","type-page","status-publish","hentry"],"acf":[],"_links":{"self":[{"href":"https:\/\/tubi.net\/fr\/wp-json\/wp\/v2\/pages\/8775","targetHints":{"allow":["GET"]}}],"collection":[{"href":"https:\/\/tubi.net\/fr\/wp-json\/wp\/v2\/pages"}],"about":[{"href":"https:\/\/tubi.net\/fr\/wp-json\/wp\/v2\/types\/page"}],"author":[{"embeddable":true,"href":"https:\/\/tubi.net\/fr\/wp-json\/wp\/v2\/users\/1"}],"replies":[{"embeddable":true,"href":"https:\/\/tubi.net\/fr\/wp-json\/wp\/v2\/comments?post=8775"}],"version-history":[{"count":0,"href":"https:\/\/tubi.net\/fr\/wp-json\/wp\/v2\/pages\/8775\/revisions"}],"up":[{"embeddable":true,"href":"https:\/\/tubi.net\/fr\/wp-json\/wp\/v2\/pages\/8932"}],"wp:attachment":[{"href":"https:\/\/tubi.net\/fr\/wp-json\/wp\/v2\/media?parent=8775"}],"curies":[{"name":"wp","href":"https:\/\/api.w.org\/{rel}","templated":true}]}}