{"id":8777,"date":"2015-09-24T16:17:08","date_gmt":"2015-09-24T14:17:08","guid":{"rendered":"https:\/\/tubi.net\/?page_id=8777"},"modified":"2021-05-24T12:58:25","modified_gmt":"2021-05-24T10:58:25","slug":"bureau-technique","status":"publish","type":"page","link":"https:\/\/tubi.net\/fr\/services\/bureau-technique","title":{"rendered":"Bureau Technique"},"content":{"rendered":"<div class=\"fusion-fullwidth fullwidth-box fusion-builder-row-1 hundred-percent-fullwidth non-hundred-percent-height-scrolling\" style=\"--awb-border-radius-top-left:0px;--awb-border-radius-top-right:0px;--awb-border-radius-bottom-right:0px;--awb-border-radius-bottom-left:0px;--awb-overflow:visible;--awb-flex-wrap:wrap;\" ><div class=\"fusion-builder-row fusion-row\"><div class=\"fusion-layout-column fusion_builder_column fusion-builder-column-0 fusion_builder_column_1_1 1_1 fusion-one-full fusion-column-first fusion-column-last fusion-column-no-min-height\" style=\"--awb-bg-size:cover;--awb-margin-bottom:0px;\"><div class=\"fusion-column-wrapper fusion-flex-column-wrapper-legacy\"><div class=\"fusion-text fusion-text-1\"><\/div><div class=\"fusion-text fusion-text-2\"><h2>\n<\/div><div class=\"fusion-fa-align-left\"><i class=\"fb-icon-element-1 fb-icon-element fontawesome-icon fa fa-wrench circle-no fa-rotate-90 fusion-animated\" style=\"--awb-iconcolor:#b00a0a;--awb-iconcolor-hover:#b00a0a;--awb-font-size:40px;--awb-margin-right:20px;\" data-animationType=\"slideInDown\" data-animationDuration=\"1\" data-animationOffset=\"top-into-view\"><\/i><\/div><div class=\"fusion-text fusion-text-3\"><\/h2>\n<p style=\"text-align: justify;\">\n<p><a href=\"http:\/\/www.systemgroup.cloud\/system-group-consulting.asp\"><img decoding=\"async\" class=\"alignnone wp-image-19230\" src=\"https:\/\/tubi.net\/wp-content\/uploads\/2014\/04\/SG-CONSULTING_2.jpg\" alt=\"SYSTEM-GROUP-CONSULTING-SITO\" width=\"212\" height=\"42\" srcset=\"https:\/\/tubi.net\/wp-content\/uploads\/2014\/04\/SG-CONSULTING_2-300x59.jpg 300w, https:\/\/tubi.net\/wp-content\/uploads\/2014\/04\/SG-CONSULTING_2-768x152.jpg 768w, https:\/\/tubi.net\/wp-content\/uploads\/2014\/04\/SG-CONSULTING_2-1024x203.jpg 1024w, https:\/\/tubi.net\/wp-content\/uploads\/2014\/04\/SG-CONSULTING_2.jpg 1423w\" sizes=\"(max-width: 212px) 100vw, 212px\" \/><\/a><\/p>\n<p style=\"text-align: justify;\">Le Bureau technique de System Group est compos\u00e9 d\u2019ing\u00e9nieurs et de techniciens sp\u00e9cialis\u00e9s en mesure de fournir un support aux concepteurs et aux entreprises, dans chacune des phases de d\u00e9veloppement de l\u2019ouvrage. Sa mission est d\u2019assurer au client une assistante constante allant du choix \u00e0 l\u2019installation de tous les produits de System Group. Son objectif est de proposer des solutions et des produits \u00e0 m\u00eame de garantir des am\u00e9liorations techniques et l\u2019optimisation des co\u00fbts.<br \/>\nLes principaux services offerts par le Bureau Technique de System Group concernent :<img decoding=\"async\" class=\" wp-image-9106 alignright\" src=\"https:\/\/tubi.net\/wp-content\/uploads\/2014\/04\/CATALOGO-GENERALE-EXPORT-ULTIMA-VERSIONE-5-e1443521034888.jpg\" alt=\"CATALOGO GENERALE EXPORT - ULTIMA VERSIONE-5\" width=\"401\" height=\"153\" srcset=\"https:\/\/tubi.net\/wp-content\/uploads\/2014\/04\/CATALOGO-GENERALE-EXPORT-ULTIMA-VERSIONE-5-e1443521034888-300x115.jpg 300w, https:\/\/tubi.net\/wp-content\/uploads\/2014\/04\/CATALOGO-GENERALE-EXPORT-ULTIMA-VERSIONE-5-e1443521034888.jpg 600w\" sizes=\"(max-width: 401px) 100vw, 401px\" \/><\/p>\n<ul>\n<li>\u00a0R\u00e9daction de dessins cot\u00e9s ;<\/li>\n<li>\u00a0Conception de pi\u00e8ces sp\u00e9ciales ;<\/li>\n<li>\u00a0\u00c9tude de solutions hors standard ;<\/li>\n<li>\u00a0Analyse des prix ;<\/li>\n<li>\u00a0V\u00e9rification des normes ;<\/li>\n<li>\u00a0Support \u00e0 l\u2019installation.<\/li>\n<\/ul>\n<p style=\"text-align: justify;\">Le professionnalisme du Bureau Technique s\u2019\u00e9tend \u00e0 des secteurs tels que l\u2019ing\u00e9nierie civile, l\u2019hydraulique et l\u2019environnement. Avec un regard d\u2019ensemble aux propositions, System Group peut offrir un conseil complet, sp\u00e9cifique et gratuit dans le choix de la meilleure solution pour vos exigences conceptuelles.<\/p>\n<\/div><div class=\"fusion-clearfix\"><\/div><\/div><\/div><div class=\"fusion-layout-column fusion_builder_column fusion-builder-column-1 fusion_builder_column_1_1 1_1 fusion-one-full fusion-column-first fusion-column-last\" style=\"--awb-padding-top:5px;--awb-padding-right:5px;--awb-padding-bottom:5px;--awb-padding-left:5px;--awb-bg-color:#b83c23;--awb-bg-color-hover:#b83c23;--awb-bg-size:cover;\"><div class=\"fusion-column-wrapper fusion-flex-column-wrapper-legacy\"><div class=\"fusion-clearfix\"><\/div><\/div><\/div><div class=\"fusion-layout-column fusion_builder_column fusion-builder-column-2 fusion_builder_column_1_1 1_1 fusion-one-full fusion-column-first fusion-column-last\" style=\"--awb-padding-top:10px;--awb-padding-right:10px;--awb-padding-bottom:10px;--awb-padding-left:10px;--awb-bg-color:#bcbdc0;--awb-bg-color-hover:#bcbdc0;--awb-bg-size:cover;\"><div class=\"fusion-column-wrapper fusion-flex-column-wrapper-legacy\"><div class=\"fusion-aligncenter\"><a class=\"fusion-button button-flat button-small button-custom fusion-button-default button-1 fusion-button-default-span fusion-button-default-type fusion-has-button-gradient\" style=\"--button_accent_color:#ffffff;--button_accent_hover_color:#ffffff;--button_border_hover_color:#ffffff;--button_border_width-top:1px;--button_border_width-right:1px;--button_border_width-bottom:1px;--button_border_width-left:1px;--button_gradient_top_color:#bc422a;--button_gradient_bottom_color:#bcbdc0;--button_gradient_top_color_hover:#bcbdc0;--button_gradient_bottom_color_hover:#bc422a;\" target=\"_blank\" rel=\"noopener noreferrer\" href=\"https:\/\/tubi.net\/wp-content\/uploads\/2015\/09\/CATALOGO-UFFICIO-TECNICO-2010.pdf\"><i class=\" fa fa-file-pdf-o awb-button__icon awb-button__icon--default button-icon-left\" aria-hidden=\"true\"><\/i><span class=\"fusion-button-text awb-button__text awb-button__text--default\">D\u00e9partement brochure technique<\/span><\/a><\/div><div class=\"fusion-clearfix\"><\/div><\/div><\/div><\/div><\/div>\n","protected":false},"excerpt":{"rendered":"","protected":false},"author":1,"featured_media":0,"parent":8932,"menu_order":3,"comment_status":"open","ping_status":"open","template":"side-navigation.php","meta":{"_acf_changed":false,"footnotes":""},"class_list":["post-8777","page","type-page","status-publish","hentry"],"acf":[],"_links":{"self":[{"href":"https:\/\/tubi.net\/fr\/wp-json\/wp\/v2\/pages\/8777","targetHints":{"allow":["GET"]}}],"collection":[{"href":"https:\/\/tubi.net\/fr\/wp-json\/wp\/v2\/pages"}],"about":[{"href":"https:\/\/tubi.net\/fr\/wp-json\/wp\/v2\/types\/page"}],"author":[{"embeddable":true,"href":"https:\/\/tubi.net\/fr\/wp-json\/wp\/v2\/users\/1"}],"replies":[{"embeddable":true,"href":"https:\/\/tubi.net\/fr\/wp-json\/wp\/v2\/comments?post=8777"}],"version-history":[{"count":0,"href":"https:\/\/tubi.net\/fr\/wp-json\/wp\/v2\/pages\/8777\/revisions"}],"up":[{"embeddable":true,"href":"https:\/\/tubi.net\/fr\/wp-json\/wp\/v2\/pages\/8932"}],"wp:attachment":[{"href":"https:\/\/tubi.net\/fr\/wp-json\/wp\/v2\/media?parent=8777"}],"curies":[{"name":"wp","href":"https:\/\/api.w.org\/{rel}","templated":true}]}}