{"id":8836,"date":"2015-09-25T08:22:57","date_gmt":"2015-09-25T06:22:57","guid":{"rendered":"https:\/\/tubi.net\/?page_id=8836"},"modified":"2021-05-24T12:58:24","modified_gmt":"2021-05-24T10:58:24","slug":"recherche-et-developpement","status":"publish","type":"page","link":"https:\/\/tubi.net\/fr\/services\/recherche-et-developpement","title":{"rendered":"Recherche et D\u00e9veloppement"},"content":{"rendered":"<div class=\"fusion-fullwidth fullwidth-box fusion-builder-row-1 hundred-percent-fullwidth non-hundred-percent-height-scrolling\" style=\"--awb-border-radius-top-left:0px;--awb-border-radius-top-right:0px;--awb-border-radius-bottom-right:0px;--awb-border-radius-bottom-left:0px;--awb-overflow:visible;--awb-flex-wrap:wrap;\" ><div class=\"fusion-builder-row fusion-row\"><div class=\"fusion-layout-column fusion_builder_column fusion-builder-column-0 fusion_builder_column_1_1 1_1 fusion-one-full fusion-column-first fusion-column-last fusion-column-no-min-height\" style=\"--awb-bg-size:cover;--awb-margin-bottom:0px;\"><div class=\"fusion-column-wrapper fusion-flex-column-wrapper-legacy\"><div class=\"fusion-text fusion-text-1\"><h2>\n<\/div><div class=\"fusion-fa-align-left\"><i class=\"fb-icon-element-1 fb-icon-element fontawesome-icon fa fa-flask circle-no fusion-animated\" style=\"--awb-iconcolor:#b00a0a;--awb-iconcolor-hover:#b00a0a;--awb-font-size:40px;--awb-margin-right:20px;\" data-animationType=\"fadeInUp\" data-animationDuration=\"0.6\" data-animationOffset=\"top-into-view\"><\/i><\/div><div class=\"fusion-text fusion-text-2\"><\/h2>\n<p style=\"text-align: justify;\"><span style=\"line-height: 1.5;\"><img decoding=\"async\" class=\"alignnone wp-image-15598\" src=\"https:\/\/tubi.net\/wp-content\/uploads\/2014\/04\/RICERCA-E-SVILUPPO.jpg\" alt=\"RICERCA E SVILUPPO SYSTEM GROUP\" width=\"504\" height=\"49\" srcset=\"https:\/\/tubi.net\/wp-content\/uploads\/2014\/04\/RICERCA-E-SVILUPPO-300x29.jpg 300w, https:\/\/tubi.net\/wp-content\/uploads\/2014\/04\/RICERCA-E-SVILUPPO-768x75.jpg 768w, https:\/\/tubi.net\/wp-content\/uploads\/2014\/04\/RICERCA-E-SVILUPPO-1024x99.jpg 1024w, https:\/\/tubi.net\/wp-content\/uploads\/2014\/04\/RICERCA-E-SVILUPPO.jpg 1905w\" sizes=\"(max-width: 504px) 100vw, 504px\" \/><\/span><\/p>\n<p style=\"text-align: justify;\"><span style=\"line-height: 1.5;\">La division Recherche et D\u00e9veloppement de System Group dispose de personnels techniques hautement pr\u00e9par\u00e9s et sp\u00e9cialis\u00e9s dans la conception et l\u2019engineering de solutions innovantes et de produits de nouvelle g\u00e9n\u00e9ration. Les ing\u00e9nieurs de la Division Recherche et D\u00e9veloppement s\u2019occupent d\u2019approfondir toutes les propositions du client qui sont hors standard de production.Les principaux services offerts par la Division Recherche et D\u00e9veloppement de System Group concernent :<\/span><\/p>\n<ul style=\"text-align: justify;\">\n<li><strong>Conception de nouveaux produits<\/strong><\/li>\n<li><strong>Analyse de faisabilit\u00e9<\/strong><\/li>\n<li><strong>Dimensionnements<\/strong><\/li>\n<li><strong>Conception et construction d\u2019\u00e9quipements pour la production<\/strong><\/li>\n<li><strong>Conception et construction de machines<\/strong><\/li>\n<li><strong>Analyses structurelles par \u00e9l\u00e9ments finis<\/strong><\/li>\n<li><strong>\u00a0Construction de mod\u00e8les en 3D, pour la r\u00e9alisation de films virtuels et\/ou de renderings<\/strong><\/li>\n<li><strong>\u00a0Conception de logiciels pour la gestion technique et commerciale de secteurs d\u2019entreprise<\/strong><\/li>\n<\/ul>\n<p style=\"text-align: justify;\">La Division Recherche et D\u00e9veloppement est particuli\u00e8rement active dans l\u2019\u00e9tude de prototypes con\u00e7us pour pousser l\u2019offre de System Group \u00e9galement vers de nouveaux secteurs de march\u00e9s, tels ceux de l\u2019aquaculture et du nautisme.<\/p>\n<\/div><div class=\"fusion-clearfix\"><\/div><\/div><\/div><\/div><\/div>\n","protected":false},"excerpt":{"rendered":"","protected":false},"author":1,"featured_media":0,"parent":8932,"menu_order":4,"comment_status":"open","ping_status":"closed","template":"side-navigation.php","meta":{"_acf_changed":false,"footnotes":""},"class_list":["post-8836","page","type-page","status-publish","hentry"],"acf":[],"_links":{"self":[{"href":"https:\/\/tubi.net\/fr\/wp-json\/wp\/v2\/pages\/8836","targetHints":{"allow":["GET"]}}],"collection":[{"href":"https:\/\/tubi.net\/fr\/wp-json\/wp\/v2\/pages"}],"about":[{"href":"https:\/\/tubi.net\/fr\/wp-json\/wp\/v2\/types\/page"}],"author":[{"embeddable":true,"href":"https:\/\/tubi.net\/fr\/wp-json\/wp\/v2\/users\/1"}],"replies":[{"embeddable":true,"href":"https:\/\/tubi.net\/fr\/wp-json\/wp\/v2\/comments?post=8836"}],"version-history":[{"count":0,"href":"https:\/\/tubi.net\/fr\/wp-json\/wp\/v2\/pages\/8836\/revisions"}],"up":[{"embeddable":true,"href":"https:\/\/tubi.net\/fr\/wp-json\/wp\/v2\/pages\/8932"}],"wp:attachment":[{"href":"https:\/\/tubi.net\/fr\/wp-json\/wp\/v2\/media?parent=8836"}],"curies":[{"name":"wp","href":"https:\/\/api.w.org\/{rel}","templated":true}]}}