{"id":8838,"date":"2015-09-25T08:25:39","date_gmt":"2015-09-25T06:25:39","guid":{"rendered":"https:\/\/tubi.net\/?page_id=8838"},"modified":"2021-05-24T12:58:23","modified_gmt":"2021-05-24T10:58:23","slug":"inspections-video-2","status":"publish","type":"page","link":"https:\/\/tubi.net\/fr\/services\/inspections-video-2","title":{"rendered":"Inspections Vid\u00e9o"},"content":{"rendered":"<div class=\"fusion-fullwidth fullwidth-box fusion-builder-row-1 hundred-percent-fullwidth non-hundred-percent-height-scrolling\" style=\"--awb-border-radius-top-left:0px;--awb-border-radius-top-right:0px;--awb-border-radius-bottom-right:0px;--awb-border-radius-bottom-left:0px;--awb-overflow:visible;--awb-flex-wrap:wrap;\" ><div class=\"fusion-builder-row fusion-row\"><div class=\"fusion-layout-column fusion_builder_column fusion-builder-column-0 fusion_builder_column_1_1 1_1 fusion-one-full fusion-column-first fusion-column-last fusion-column-no-min-height\" style=\"--awb-bg-size:cover;--awb-margin-bottom:0px;\"><div class=\"fusion-column-wrapper fusion-flex-column-wrapper-legacy\"><div class=\"fusion-text fusion-text-1\"><h2>\n<\/div><div class=\"fusion-fa-align-left\"><i class=\"fb-icon-element-1 fb-icon-element fontawesome-icon fa fa-eye circle-no fusion-animated\" style=\"--awb-iconcolor:#b00a0a;--awb-iconcolor-hover:#b00a0a;--awb-font-size:40px;--awb-margin-right:20px;\" data-animationType=\"fadeInDown\" data-animationDuration=\"0.6\" data-animationOffset=\"top-into-view\"><\/i><\/div><div class=\"fusion-text fusion-text-2\"><p><span id=\"ctl01_Breadcrumbs_breadCrumbsControl\"> Inspections Vid\u00e9o\u00a0 <\/span><\/h2>\n<p style=\"text-align: justify;\"><strong><img decoding=\"async\" class=\"size-full wp-image-4816 alignright\" src=\"https:\/\/tubi.net\/wp-content\/uploads\/2014\/04\/robot_System_Group.png\" alt=\"robot_System_Group\" width=\"400\" height=\"261\" srcset=\"https:\/\/tubi.net\/wp-content\/uploads\/2014\/04\/robot_System_Group-300x195.png 300w, https:\/\/tubi.net\/wp-content\/uploads\/2014\/04\/robot_System_Group.png 400w\" sizes=\"(max-width: 400px) 100vw, 400px\" \/><a href=\"https:\/\/tubi.net\/wp-content\/uploads\/2015\/08\/logonew.png\" rel=\"lightbox[8838]\"><img decoding=\"async\" class=\"alignnone wp-image-7628\" src=\"https:\/\/tubi.net\/wp-content\/uploads\/2015\/08\/logonew.png\" alt=\"logonew\" width=\"122\" height=\"15\" srcset=\"https:\/\/tubi.net\/wp-content\/uploads\/2015\/08\/logonew-300x37.png 300w, https:\/\/tubi.net\/wp-content\/uploads\/2015\/08\/logonew.png 450w\" sizes=\"(max-width: 122px) 100vw, 122px\" \/><\/a> <\/strong>fournit des services d\u2019inspection vid\u00e9o et de monitoring de canalisations hydrauliques et d\u2019assainissement d\u2019un diam\u00e8tre interne de 150 mm \u00e0 2500 mm.<br \/>\nDes \u00e9quipements hautement sophistiqu\u00e9s permettent d\u2019effectuer des enqu\u00eates par inspections vid\u00e9o compl\u00e8tes et d\u00e9taill\u00e9es, en d\u00e9livrant des rapports munis de vid\u00e9os des tron\u00e7ons inspect\u00e9s, des mappages des canalisations enterr\u00e9es dans le sol et des rapports techniques et de v\u00e9rification de la d\u00e9formation du tube.<\/p>\n<p style=\"text-align: justify;\"><a href=\"https:\/\/tubi.net\/wp-content\/uploads\/2015\/09\/CATALOGO-FUT-VIDEO-ISPEZIONE-E-COLLAUDI-2010.pdf\" target=\"_blank\">Catalogue \u201cVideoinspections et essais\u00a0\u00bb<\/a><\/p>\n<\/div><div class=\"fusion-sep-clear\"><\/div><div class=\"fusion-separator fusion-full-width-sep\" style=\"margin-left: auto;margin-right: auto;margin-top:30px;width:100%;\"><\/div><div class=\"fusion-sep-clear\"><\/div><div class=\"fusion-clearfix\"><\/div><\/div><\/div><div class=\"fusion-layout-column fusion_builder_column fusion-builder-column-1 fusion_builder_column_1_1 1_1 fusion-one-full fusion-column-first fusion-column-last fusion-column-no-min-height\" style=\"--awb-bg-size:cover;--awb-margin-bottom:0px;\"><div class=\"fusion-column-wrapper fusion-flex-column-wrapper-legacy\"><div class=\"fusion-image-carousel fusion-image-carousel-fixed fusion-image-carousel-1 lightbox-enabled fusion-carousel-border\"><div class=\"awb-carousel awb-swiper awb-swiper-carousel awb-carousel--carousel awb-swiper-dots-position-bottom\" data-layout=\"carousel\" data-autoplay=\"no\" data-autoplayspeed=\"2500\" data-autoplaypause=\"no\" data-columns=\"5\" data-columnsmedium=\"1\" data-columnssmall=\"1\" data-itemmargin=\"13\" data-itemwidth=\"180\" data-touchscroll=\"no\" data-freemode=\"no\" data-imagesize=\"fixed\" data-scrollitems=\"0\" data-centeredslides=\"no\" data-rotationangle=\"50\" data-depth=\"100\" data-speed=\"500\" data-shadow=\"no\" data-pagination=\"bullets\" style=\"--awb-border-width:1px;--awb-border-color:#e9eaee;\"><div class=\"swiper-wrapper awb-image-carousel-wrapper fusion-flex-align-items-center\"><div class=\"swiper-slide\"><div class=\"fusion-carousel-item-wrapper\"><div class=\"fusion-image-wrapper hover-type-none\"><a data-rel=\"iLightbox[image_carousel_1]\" data-title=\"robot2\" aria-label=\"robot2\" href=\"https:\/\/tubi.net\/wp-content\/uploads\/2014\/04\/robot2.jpg\" target=\"_self\" rel=\"lightbox[8838]\"><img decoding=\"async\" width=\"320\" height=\"202\" src=\"https:\/\/tubi.net\/wp-content\/uploads\/2014\/04\/robot2-320x202.jpg\" class=\"attachment-blog-medium size-blog-medium\" alt=\"Robot visione frontale\" \/><\/a><\/div><\/div><\/div><div class=\"swiper-slide\"><div class=\"fusion-carousel-item-wrapper\"><div class=\"fusion-image-wrapper hover-type-none\"><a data-rel=\"iLightbox[image_carousel_1]\" data-title=\"internofurgone\" aria-label=\"internofurgone\" href=\"https:\/\/tubi.net\/wp-content\/uploads\/2014\/04\/internofurgone.jpg\" target=\"_self\" rel=\"lightbox[8838]\"><img decoding=\"async\" width=\"250\" height=\"202\" src=\"https:\/\/tubi.net\/wp-content\/uploads\/2014\/04\/internofurgone-250x202.jpg\" class=\"attachment-blog-medium size-blog-medium\" alt=\"Furgone Attrezzato\" \/><\/a><\/div><\/div><\/div><div class=\"swiper-slide\"><div class=\"fusion-carousel-item-wrapper\"><div class=\"fusion-image-wrapper hover-type-none\"><a data-rel=\"iLightbox[image_carousel_1]\" data-title=\"esternofurgone\" aria-label=\"esternofurgone\" href=\"https:\/\/tubi.net\/wp-content\/uploads\/2014\/04\/esternofurgone.jpg\" target=\"_self\" rel=\"lightbox[8838]\"><img decoding=\"async\" width=\"320\" height=\"202\" src=\"https:\/\/tubi.net\/wp-content\/uploads\/2014\/04\/esternofurgone-320x202.jpg\" class=\"attachment-blog-medium size-blog-medium\" alt=\"Furgone attrezzato\" \/><\/a><\/div><\/div><\/div><div class=\"swiper-slide\"><div class=\"fusion-carousel-item-wrapper\"><div class=\"fusion-image-wrapper hover-type-none\"><a data-rel=\"iLightbox[image_carousel_1]\" data-title=\"robot_System_Group\" aria-label=\"robot_System_Group\" href=\"https:\/\/tubi.net\/wp-content\/uploads\/2014\/04\/robot_System_Group.png\" target=\"_self\" rel=\"lightbox[8838]\"><img decoding=\"async\" width=\"320\" height=\"202\" src=\"https:\/\/tubi.net\/wp-content\/uploads\/2014\/04\/robot_System_Group-320x202.png\" class=\"attachment-blog-medium size-blog-medium\" alt=\"Robottino\" \/><\/a><\/div><\/div><\/div><\/div><div class=\"awb-swiper-button awb-swiper-button-prev\"><i class=\"awb-icon-angle-left\" aria-hidden=\"true\"><\/i><\/div><div class=\"awb-swiper-button awb-swiper-button-next\"><i class=\"awb-icon-angle-right\" aria-hidden=\"true\"><\/i><\/div><\/div><\/div><div class=\"fusion-text fusion-text-3\"><\/div><div class=\"fusion-clearfix\"><\/div><\/div><\/div><\/div><\/div>\n","protected":false},"excerpt":{"rendered":"","protected":false},"author":1,"featured_media":0,"parent":8932,"menu_order":5,"comment_status":"open","ping_status":"open","template":"side-navigation.php","meta":{"_acf_changed":false,"footnotes":""},"class_list":["post-8838","page","type-page","status-publish","hentry"],"acf":[],"_links":{"self":[{"href":"https:\/\/tubi.net\/fr\/wp-json\/wp\/v2\/pages\/8838","targetHints":{"allow":["GET"]}}],"collection":[{"href":"https:\/\/tubi.net\/fr\/wp-json\/wp\/v2\/pages"}],"about":[{"href":"https:\/\/tubi.net\/fr\/wp-json\/wp\/v2\/types\/page"}],"author":[{"embeddable":true,"href":"https:\/\/tubi.net\/fr\/wp-json\/wp\/v2\/users\/1"}],"replies":[{"embeddable":true,"href":"https:\/\/tubi.net\/fr\/wp-json\/wp\/v2\/comments?post=8838"}],"version-history":[{"count":0,"href":"https:\/\/tubi.net\/fr\/wp-json\/wp\/v2\/pages\/8838\/revisions"}],"up":[{"embeddable":true,"href":"https:\/\/tubi.net\/fr\/wp-json\/wp\/v2\/pages\/8932"}],"wp:attachment":[{"href":"https:\/\/tubi.net\/fr\/wp-json\/wp\/v2\/media?parent=8838"}],"curies":[{"name":"wp","href":"https:\/\/api.w.org\/{rel}","templated":true}]}}