{"id":8842,"date":"2015-09-25T08:30:04","date_gmt":"2015-09-25T06:30:04","guid":{"rendered":"https:\/\/tubi.net\/?page_id=8842"},"modified":"2021-05-24T12:58:22","modified_gmt":"2021-05-24T10:58:22","slug":"location-de-machines-a-souder","status":"publish","type":"page","link":"https:\/\/tubi.net\/fr\/services\/location-de-machines-a-souder","title":{"rendered":"Location de machines \u00e0 souder"},"content":{"rendered":"<div class=\"fusion-fullwidth fullwidth-box fusion-builder-row-1 hundred-percent-fullwidth non-hundred-percent-height-scrolling\" style=\"--awb-border-radius-top-left:0px;--awb-border-radius-top-right:0px;--awb-border-radius-bottom-right:0px;--awb-border-radius-bottom-left:0px;--awb-overflow:visible;--awb-flex-wrap:wrap;\" ><div class=\"fusion-builder-row fusion-row\"><div class=\"fusion-layout-column fusion_builder_column fusion-builder-column-0 fusion_builder_column_1_1 1_1 fusion-one-full fusion-column-first fusion-column-last fusion-column-no-min-height\" style=\"--awb-bg-size:cover;--awb-margin-bottom:0px;\"><div class=\"fusion-column-wrapper fusion-flex-column-wrapper-legacy\"><div class=\"fusion-text fusion-text-1\"><p><img decoding=\"async\" class=\" wp-image-4834 alignright\" src=\"https:\/\/tubi.net\/wp-content\/uploads\/2014\/04\/saldatriceATHENAP.png\" alt=\"saldatriceATHENAP\" width=\"210\" height=\"265\" srcset=\"https:\/\/tubi.net\/wp-content\/uploads\/2014\/04\/saldatriceATHENAP-238x300.png 238w, https:\/\/tubi.net\/wp-content\/uploads\/2014\/04\/saldatriceATHENAP.png 300w\" sizes=\"(max-width: 210px) 100vw, 210px\" \/><\/p>\n<h2>\n<\/div><div class=\"fusion-fa-align-left\"><i class=\"fb-icon-element-1 fb-icon-element fontawesome-icon fa fa-chain-broken circle-no fusion-animated\" style=\"--awb-iconcolor:#b00a0a;--awb-iconcolor-hover:#b00a0a;--awb-font-size:40px;--awb-margin-right:20px;\" data-animationType=\"flash\" data-animationDuration=\"0.8\" data-animationOffset=\"top-into-view\"><\/i><\/div><div class=\"fusion-text fusion-text-2\"><\/h2>\n<h3>Location de machines \u00e0 souder<\/h3>\n<p><strong>Futura s.p.a.<\/strong> dispose d\u2019un parc de location avec diff\u00e9rentes typologies de machines par \u00e9lectrofusion adapt\u00e9es pour la soudure des raccords \u00e9lectriques en PE fournis par System Group:<\/p>\n<p><strong>Athena New Poly<\/strong> voltage 230 V gamme DE20 \u00f7 DE400 tension 8\u00f748 V<br \/>\n<strong>Athena Universal<\/strong> voltage 230 V gamme DE20 \u00f7 DE800 tension 8\u00f748 V munie d\u2019un scanner et avec port USB pour l\u2019enregistrement des donn\u00e9es<\/p>\n<\/div><div class=\"fusion-sep-clear\"><\/div><div class=\"fusion-separator fusion-full-width-sep\" style=\"margin-left: auto;margin-right: auto;margin-top:40px;width:100%;\"><\/div><div class=\"fusion-sep-clear\"><\/div><div class=\"fusion-text fusion-text-3\"><h3>Soudeuses bout \u00e0 bout<\/h3>\n<p><img decoding=\"async\" class=\" wp-image-4836 alignleft\" src=\"https:\/\/tubi.net\/wp-content\/uploads\/2014\/04\/saldatriceTT.png\" alt=\"saldatriceTT\" width=\"280\" height=\"200\" srcset=\"https:\/\/tubi.net\/wp-content\/uploads\/2014\/04\/saldatriceTT-300x214.png 300w, https:\/\/tubi.net\/wp-content\/uploads\/2014\/04\/saldatriceTT.png 400w\" sizes=\"(max-width: 280px) 100vw, 280px\" \/>Le parc de location de Futura s.p.a. offre des soudeuses bout \u00e0 bout pour souder des tubes et des raccords en PE lisse de DE63 \u00e0 DE1600<\/p>\n<p>FUT250 gamme DE63 \u00f7 DE250<br \/>\nFUT315 gamme DE90 \u00f7 DE315<br \/>\nFUT355 gamme DE90 \u00f7 DE355<br \/>\nFUT500 gamme DE200 \u00f7 DE500<br \/>\nFUT630 gamme DE315 \u00f7 DE630<br \/>\nFUT800 gamme DE450 \u00f7 DE800<br \/>\nFUT1000 gamme DE630 \u00f7 DE1000<br \/>\nFUT1600 gamme DE1000 \u00f7 DE1600<\/p>\n<p>Toutes les machines \u00e0 souder sont accompagn\u00e9es d\u2019un manuel d\u2019instructions ; cependant, nos personnels sont \u00e0 votre disposition pour vous fournir leur assistance durant toute la p\u00e9riode de la location.Pour toute information sur la disponibilit\u00e9, les prix et l\u2019assistance, veuillez contacter <strong>Futura s.p.a<\/strong>.<\/p>\n<p><a href=\"https:\/\/tubi.net\/wp-content\/uploads\/2015\/09\/LISTINO-FUT-ACQUA-GAS-IRRIGAZIONE-02.2015.pdf#page=52\" target=\"_blank\">Liste des prix \u201cEau, Gaz et Irrigation\u201d Futura<\/a><\/p>\n<\/div><div class=\"fusion-clearfix\"><\/div><\/div><\/div><\/div><\/div>\n","protected":false},"excerpt":{"rendered":"","protected":false},"author":1,"featured_media":0,"parent":8932,"menu_order":6,"comment_status":"open","ping_status":"closed","template":"side-navigation.php","meta":{"_acf_changed":false,"footnotes":""},"class_list":["post-8842","page","type-page","status-publish","hentry"],"acf":[],"_links":{"self":[{"href":"https:\/\/tubi.net\/fr\/wp-json\/wp\/v2\/pages\/8842","targetHints":{"allow":["GET"]}}],"collection":[{"href":"https:\/\/tubi.net\/fr\/wp-json\/wp\/v2\/pages"}],"about":[{"href":"https:\/\/tubi.net\/fr\/wp-json\/wp\/v2\/types\/page"}],"author":[{"embeddable":true,"href":"https:\/\/tubi.net\/fr\/wp-json\/wp\/v2\/users\/1"}],"replies":[{"embeddable":true,"href":"https:\/\/tubi.net\/fr\/wp-json\/wp\/v2\/comments?post=8842"}],"version-history":[{"count":0,"href":"https:\/\/tubi.net\/fr\/wp-json\/wp\/v2\/pages\/8842\/revisions"}],"up":[{"embeddable":true,"href":"https:\/\/tubi.net\/fr\/wp-json\/wp\/v2\/pages\/8932"}],"wp:attachment":[{"href":"https:\/\/tubi.net\/fr\/wp-json\/wp\/v2\/media?parent=8842"}],"curies":[{"name":"wp","href":"https:\/\/api.w.org\/{rel}","templated":true}]}}