{"id":8918,"date":"2015-09-25T14:45:07","date_gmt":"2015-09-25T12:45:07","guid":{"rendered":"https:\/\/tubi.net\/?page_id=8918"},"modified":"2021-05-24T12:58:05","modified_gmt":"2021-05-24T10:58:05","slug":"essais","status":"publish","type":"page","link":"https:\/\/tubi.net\/fr\/services\/essais","title":{"rendered":"Essais"},"content":{"rendered":"<div class=\"fusion-fullwidth fullwidth-box fusion-builder-row-1 hundred-percent-fullwidth non-hundred-percent-height-scrolling\" style=\"--awb-border-radius-top-left:0px;--awb-border-radius-top-right:0px;--awb-border-radius-bottom-right:0px;--awb-border-radius-bottom-left:0px;--awb-overflow:visible;--awb-flex-wrap:wrap;\" ><div class=\"fusion-builder-row fusion-row\"><div class=\"fusion-layout-column fusion_builder_column fusion-builder-column-0 fusion_builder_column_1_1 1_1 fusion-one-full fusion-column-first fusion-column-last fusion-column-no-min-height\" style=\"--awb-bg-size:cover;--awb-margin-bottom:0px;\"><div class=\"fusion-column-wrapper fusion-flex-column-wrapper-legacy\"><div class=\"fusion-text fusion-text-1\"><h2>\n<\/div><div class=\"fusion-fa-align-left\"><i class=\"fb-icon-element-1 fb-icon-element fontawesome-icon fa fa-tachometer circle-no fa-flip-horizontal fusion-animated\" style=\"--awb-iconcolor:#b00a0a;--awb-iconcolor-hover:#b00a0a;--awb-font-size:40px;--awb-margin-right:20px;\" data-animationType=\"slideInRight\" data-animationDuration=\"0.6\" data-animationOffset=\"top-into-view\"><\/i><\/div><div class=\"fusion-text fusion-text-2\"><p>Essais<\/h2>\n<p style=\"text-align: justify;\"><strong><img decoding=\"async\" class=\"size-full wp-image-4828 alignright\" src=\"https:\/\/tubi.net\/wp-content\/uploads\/2014\/04\/collaudo.png\" alt=\"collaudo\" width=\"350\" height=\"238\" \/><a href=\"https:\/\/tubi.net\/wp-content\/uploads\/2015\/08\/logonew.png\" rel=\"lightbox[8918]\"><img decoding=\"async\" class=\"alignnone wp-image-7628\" src=\"https:\/\/tubi.net\/wp-content\/uploads\/2015\/08\/logonew.png\" alt=\"logonew\" width=\"122\" height=\"15\" srcset=\"https:\/\/tubi.net\/wp-content\/uploads\/2015\/08\/logonew-300x37.png 300w, https:\/\/tubi.net\/wp-content\/uploads\/2015\/08\/logonew.png 450w\" sizes=\"(max-width: 122px) 100vw, 122px\" \/><\/a><\/strong>\u00a0 effectue des tests et des essais d\u2019\u00e9tanch\u00e9it\u00e9 sur les canalisations d\u2019assainissement, au moyen d\u2019air ou d\u2019eau, avec des ballons obturateurs et conform\u00e9ment \u00e0 la norme UNI EN 1610 en vigueur. La s\u00e9quence des op\u00e9rations d\u2019essai d\u2019\u00e9tanch\u00e9it\u00e9 peut \u00eatre enregistr\u00e9e et sauvegard\u00e9e sur le PC, pour d\u00e9livrer ensuite au client des rapports et des protocoles graphiques d\u2019essai.<br \/>\nPour toute information sur la disponibilit\u00e9 et les prix, contacter Futura s.p.a.<\/p>\n<p><a href=\"https:\/\/tubi.net\/wp-content\/uploads\/2015\/09\/CATALOGO-FUT-VIDEO-ISPEZIONE-E-COLLAUDI-2010.pdf\" target=\"_blank\">Catalogo \u00a0\u00bb Videoispezioni e collaudi\u00a0\u00bb<\/a><\/p>\n<\/div><div class=\"fusion-sep-clear\"><\/div><div class=\"fusion-separator fusion-full-width-sep\" style=\"margin-left: auto;margin-right: auto;margin-top:30px;width:100%;\"><\/div><div class=\"fusion-sep-clear\"><\/div><div class=\"fusion-clearfix\"><\/div><\/div><\/div><div class=\"fusion-layout-column fusion_builder_column fusion-builder-column-1 fusion_builder_column_1_1 1_1 fusion-one-full fusion-column-first fusion-column-last fusion-column-no-min-height\" style=\"--awb-bg-size:cover;--awb-margin-bottom:0px;\"><div class=\"fusion-column-wrapper fusion-flex-column-wrapper-legacy\"><div class=\"fusion-image-carousel fusion-image-carousel-fixed fusion-image-carousel-1 lightbox-enabled fusion-carousel-border\"><div class=\"awb-carousel awb-swiper awb-swiper-carousel awb-carousel--carousel awb-swiper-dots-position-bottom\" data-layout=\"carousel\" data-autoplay=\"no\" data-autoplayspeed=\"2500\" data-autoplaypause=\"no\" data-columns=\"5\" data-columnsmedium=\"1\" data-columnssmall=\"1\" data-itemmargin=\"13\" data-itemwidth=\"180\" data-touchscroll=\"no\" data-freemode=\"no\" data-imagesize=\"fixed\" data-scrollitems=\"0\" data-centeredslides=\"no\" data-rotationangle=\"50\" data-depth=\"100\" data-speed=\"500\" data-shadow=\"no\" data-pagination=\"bullets\" style=\"--awb-border-width:1px;--awb-border-color:#e9eaee;\"><div class=\"swiper-wrapper awb-image-carousel-wrapper fusion-flex-align-items-center\"><div class=\"swiper-slide\"><div class=\"fusion-carousel-item-wrapper\"><div class=\"fusion-image-wrapper hover-type-none\"><a data-rel=\"iLightbox[image_carousel_1]\" data-title=\"collaudo\" aria-label=\"collaudo\" href=\"https:\/\/tubi.net\/wp-content\/uploads\/2014\/04\/collaudo.png\" target=\"_self\" rel=\"lightbox[8918]\"><img decoding=\"async\" width=\"320\" height=\"202\" src=\"https:\/\/tubi.net\/wp-content\/uploads\/2014\/04\/collaudo-320x202.png\" class=\"attachment-blog-medium size-blog-medium\" alt=\"Collaudo\" \/><\/a><\/div><\/div><\/div><div class=\"swiper-slide\"><div class=\"fusion-carousel-item-wrapper\"><div class=\"fusion-image-wrapper hover-type-none\"><a data-rel=\"iLightbox[image_carousel_1]\" href=\"https:\/\/tubi.net\/wp-content\/uploads\/2014\/04\/collaudi2big.jpg\" target=\"_self\" rel=\"lightbox[8918]\"><img decoding=\"async\" src=\"https:\/\/tubi.net\/wp-content\/uploads\/2014\/04\/collaudi2big.jpg\" alt=\"\"\/><\/a><\/div><\/div><\/div><div class=\"swiper-slide\"><div class=\"fusion-carousel-item-wrapper\"><div class=\"fusion-image-wrapper hover-type-none\"><a data-rel=\"iLightbox[image_carousel_1]\" data-title=\"collaudi3big\" aria-label=\"collaudi3big\" href=\"https:\/\/tubi.net\/wp-content\/uploads\/2014\/04\/collaudi3big.jpg\" target=\"_self\" rel=\"lightbox[8918]\"><img decoding=\"async\" width=\"320\" height=\"202\" src=\"https:\/\/tubi.net\/wp-content\/uploads\/2014\/04\/collaudi3big-320x202.jpg\" class=\"attachment-blog-medium size-blog-medium\" alt=\"\" \/><\/a><\/div><\/div><\/div><\/div><div class=\"awb-swiper-button awb-swiper-button-prev\"><i class=\"awb-icon-angle-left\" aria-hidden=\"true\"><\/i><\/div><div class=\"awb-swiper-button awb-swiper-button-next\"><i class=\"awb-icon-angle-right\" aria-hidden=\"true\"><\/i><\/div><\/div><\/div><div class=\"fusion-clearfix\"><\/div><\/div><\/div><\/div><\/div>\n","protected":false},"excerpt":{"rendered":"","protected":false},"author":1,"featured_media":0,"parent":8932,"menu_order":1,"comment_status":"open","ping_status":"closed","template":"side-navigation.php","meta":{"_acf_changed":false,"footnotes":""},"class_list":["post-8918","page","type-page","status-publish","hentry"],"acf":[],"_links":{"self":[{"href":"https:\/\/tubi.net\/fr\/wp-json\/wp\/v2\/pages\/8918","targetHints":{"allow":["GET"]}}],"collection":[{"href":"https:\/\/tubi.net\/fr\/wp-json\/wp\/v2\/pages"}],"about":[{"href":"https:\/\/tubi.net\/fr\/wp-json\/wp\/v2\/types\/page"}],"author":[{"embeddable":true,"href":"https:\/\/tubi.net\/fr\/wp-json\/wp\/v2\/users\/1"}],"replies":[{"embeddable":true,"href":"https:\/\/tubi.net\/fr\/wp-json\/wp\/v2\/comments?post=8918"}],"version-history":[{"count":0,"href":"https:\/\/tubi.net\/fr\/wp-json\/wp\/v2\/pages\/8918\/revisions"}],"up":[{"embeddable":true,"href":"https:\/\/tubi.net\/fr\/wp-json\/wp\/v2\/pages\/8932"}],"wp:attachment":[{"href":"https:\/\/tubi.net\/fr\/wp-json\/wp\/v2\/media?parent=8918"}],"curies":[{"name":"wp","href":"https:\/\/api.w.org\/{rel}","templated":true}]}}