{"id":9346,"date":"2012-07-31T02:17:58","date_gmt":"2012-07-31T02:17:58","guid":{"rendered":"https:\/\/tubi.net\/contact-2\/"},"modified":"2023-03-08T17:28:32","modified_gmt":"2023-03-08T16:28:32","slug":"contacts","status":"publish","type":"page","link":"https:\/\/tubi.net\/fr\/contacts","title":{"rendered":"Contacts"},"content":{"rendered":"<p><div class=\"fusion-fullwidth fullwidth-box fusion-builder-row-1 hundred-percent-fullwidth non-hundred-percent-height-scrolling\" style=\"--awb-border-radius-top-left:0px;--awb-border-radius-top-right:0px;--awb-border-radius-bottom-right:0px;--awb-border-radius-bottom-left:0px;--awb-overflow:visible;--awb-flex-wrap:wrap;\" ><div class=\"fusion-builder-row fusion-row\"><div class=\"fusion-layout-column fusion_builder_column fusion-builder-column-0 fusion_builder_column_1_1 1_1 fusion-one-full fusion-column-first fusion-column-last fusion-column-no-min-height\" style=\"--awb-bg-size:cover;--awb-margin-bottom:0px;\"><div class=\"fusion-column-wrapper fusion-flex-column-wrapper-legacy\"><div class=\"fusion-text fusion-text-1\"><h2><span style=\"color: #ffffff;\"><strong>Contactez-nous pour recevoir les informations et, si vous voulez, vous pouvez recevoir les\u00a0<\/strong><strong>nouvelles les plus importantes\u00a0<\/strong><\/span><strong><span style=\"color: #ffffff;\">avec notre newsletter.<\/span><br \/>\n<\/strong><\/h2>\n<\/div><div class=\"fusion-clearfix\"><\/div><\/div><\/div><\/div><\/div><div class=\"fusion-fullwidth fullwidth-box fusion-builder-row-2 nonhundred-percent-fullwidth non-hundred-percent-height-scrolling\" style=\"--awb-background-position:left top;--awb-border-sizes-top:0px;--awb-border-sizes-bottom:0px;--awb-border-sizes-left:0px;--awb-border-sizes-right:0px;--awb-border-radius-top-left:0px;--awb-border-radius-top-right:0px;--awb-border-radius-bottom-right:0px;--awb-border-radius-bottom-left:0px;--awb-padding-top:20px;--awb-padding-right:0px;--awb-padding-bottom:20px;--awb-padding-left:0px;--awb-flex-wrap:wrap;\" ><div class=\"fusion-builder-row fusion-row\"><div class=\"fusion-layout-column fusion_builder_column fusion-builder-column-1 fusion_builder_column_1_1 1_1 fusion-one-full fusion-column-first fusion-column-last\" style=\"--awb-bg-size:cover;\"><div class=\"fusion-column-wrapper fusion-flex-column-wrapper-legacy\"><div class=\"fusion-text fusion-text-2\"><p style=\"text-align: center;\">\n<div class=\"wpcf7 no-js\" id=\"wpcf7-f22675-o1\" lang=\"it-IT\" dir=\"ltr\" data-wpcf7-id=\"22675\">\n<div class=\"screen-reader-response\"><p role=\"status\" aria-live=\"polite\" aria-atomic=\"true\"><\/p> <ul><\/ul><\/div>\n<form action=\"\/fr\/wp-json\/wp\/v2\/pages\/9346#wpcf7-f22675-o1\" method=\"post\" class=\"wpcf7-form init\" aria-label=\"Modulo di contatto\" novalidate=\"novalidate\" data-status=\"init\">\n<fieldset class=\"hidden-fields-container\"><input type=\"hidden\" name=\"_wpcf7\" value=\"22675\" \/><input type=\"hidden\" name=\"_wpcf7_version\" value=\"6.1.5\" \/><input type=\"hidden\" name=\"_wpcf7_locale\" value=\"it_IT\" \/><input type=\"hidden\" name=\"_wpcf7_unit_tag\" value=\"wpcf7-f22675-o1\" \/><input type=\"hidden\" name=\"_wpcf7_container_post\" value=\"0\" \/><input type=\"hidden\" name=\"_wpcf7_posted_data_hash\" value=\"\" \/><input type=\"hidden\" name=\"_wpcf7_recaptcha_response\" value=\"\" \/>\n<\/fieldset>\n<p><label>* Nominatif<br \/>\n<span class=\"wpcf7-form-control-wrap\" data-name=\"your-name\"><input size=\"40\" maxlength=\"400\" class=\"wpcf7-form-control wpcf7-text wpcf7-validates-as-required\" aria-required=\"true\" aria-invalid=\"false\" value=\"\" type=\"text\" name=\"your-name\" \/><\/span> <\/label>\n<\/p>\n<p><label>* Email<br \/>\n<span class=\"wpcf7-form-control-wrap\" data-name=\"your-email\"><input size=\"40\" maxlength=\"400\" class=\"wpcf7-form-control wpcf7-email wpcf7-validates-as-required wpcf7-text wpcf7-validates-as-email\" aria-required=\"true\" aria-invalid=\"false\" value=\"\" type=\"email\" name=\"your-email\" \/><\/span> <\/label>\n<\/p>\n<p><label>* T\u00e9l\u00e9phone<br \/>\n<span class=\"wpcf7-form-control-wrap\" data-name=\"tel\"><input size=\"40\" maxlength=\"400\" class=\"wpcf7-form-control wpcf7-tel wpcf7-validates-as-required wpcf7-text wpcf7-validates-as-tel\" aria-required=\"true\" aria-invalid=\"false\" value=\"\" type=\"tel\" name=\"tel\" \/><\/span><\/label>\n<\/p>\n<p><label>* Objet<br \/>\n<span class=\"wpcf7-form-control-wrap\" data-name=\"your-subject\"><input size=\"40\" maxlength=\"400\" class=\"wpcf7-form-control wpcf7-text wpcf7-validates-as-required\" aria-required=\"true\" aria-invalid=\"false\" value=\"\" type=\"text\" name=\"your-subject\" \/><\/span> <\/label>\n<\/p>\n<p><label>* Message<br \/>\n<span class=\"wpcf7-form-control-wrap\" data-name=\"your-message\"><textarea cols=\"40\" rows=\"10\" maxlength=\"2000\" class=\"wpcf7-form-control wpcf7-textarea wpcf7-validates-as-required\" aria-required=\"true\" aria-invalid=\"false\" name=\"your-message\"><\/textarea><\/span> <\/label>\n<\/p>\n<div class=\"contact-gdpr-container\">\n\t<p style=\"text-decoration:underline;\"><strong><a href=\"https:\/\/tubi.net\/fr\/privacy-policy-2\/\" target=\"_blank\">Privacy Policy<\/a><\/strong>\n\t<\/p>\n\t<p><span class=\"wpcf7-form-control-wrap\" data-name=\"checkbox-00\"><span class=\"wpcf7-form-control wpcf7-checkbox wpcf7-validates-as-required\"><span class=\"wpcf7-list-item first last\"><input type=\"checkbox\" name=\"checkbox-00[]\" value=\"1)* Je d\u00e9clare avoir lu la politique de confidentialit\u00e9 de ce site Web..\" \/><span class=\"wpcf7-list-item-label\">1)* Je d\u00e9clare avoir lu la politique de confidentialit\u00e9 de ce site Web..<\/span><\/span><\/span><\/span><br \/>\n<span class=\"wpcf7-form-control-wrap\" data-name=\"checkbox-01\"><span class=\"wpcf7-form-control wpcf7-checkbox\"><span class=\"wpcf7-list-item first last\"><input type=\"checkbox\" name=\"checkbox-01[]\" value=\"2) Nous souhaitons utiliser vos donn\u00e9es personnelles afin de vous tenir au courant par le biais d\u2019e-mails, de\nmessages instantan\u00e9s, de chats ou d\u2019appels t\u00e9l\u00e9phoniques, des actualit\u00e9s et des offres commerciales\nconcernant nos produits et services et ceux de tiers, ainsi que d&#039;autres activit\u00e9s de marketing mentionn\u00e9es\ndans la lettre C. Veuillez noter que vous pouvez toujours modifier votre d\u00e9cision et refuser le traitement de\nvos donn\u00e9es personnelles \u00e0 des fins de marketing\" \/><span class=\"wpcf7-list-item-label\">2) Nous souhaitons utiliser vos donn\u00e9es personnelles afin de vous tenir au courant par le biais d\u2019e-mails, de\nmessages instantan\u00e9s, de chats ou d\u2019appels t\u00e9l\u00e9phoniques, des actualit\u00e9s et des offres commerciales\nconcernant nos produits et services et ceux de tiers, ainsi que d&#039;autres activit\u00e9s de marketing mentionn\u00e9es\ndans la lettre C. Veuillez noter que vous pouvez toujours modifier votre d\u00e9cision et refuser le traitement de\nvos donn\u00e9es personnelles \u00e0 des fins de marketing<\/span><\/span><\/span><\/span><br \/>\n<span class=\"wpcf7-form-control-wrap\" data-name=\"checkbox-02\"><span class=\"wpcf7-form-control wpcf7-checkbox\"><span class=\"wpcf7-list-item first last\"><input type=\"checkbox\" name=\"checkbox-02[]\" value=\"3) Nous souhaitons partager vos donn\u00e9es personnelles avec les autres soci\u00e9t\u00e9s appartenant \u00e0 \u00ab System\nGroup \u00bb et partenaires afin d\u2019\u00eatre trait\u00e9es \u00e0 des fins commerciales et marketing.\" \/><span class=\"wpcf7-list-item-label\">3) Nous souhaitons partager vos donn\u00e9es personnelles avec les autres soci\u00e9t\u00e9s appartenant \u00e0 \u00ab System\nGroup \u00bb et partenaires afin d\u2019\u00eatre trait\u00e9es \u00e0 des fins commerciales et marketing.<\/span><\/span><\/span><\/span>\n\t<\/p>\n<\/div>\n\n<p style=\"text-align:center\"><input class=\"wpcf7-form-control wpcf7-submit has-spinner\" type=\"submit\" value=\"Submit\" \/>\n<\/p><input type='hidden' class='wpcf7-pum' value='{\"closepopup\":false,\"closedelay\":0,\"openpopup\":false,\"openpopup_id\":0}' \/><div class=\"fusion-alert alert custom alert-custom fusion-alert-center wpcf7-response-output fusion-alert-capitalize awb-alert-native-link-color alert-dismissable awb-alert-close-boxed\" style=\"--awb-border-size:1px;--awb-border-top-left-radius:0px;--awb-border-top-right-radius:0px;--awb-border-bottom-left-radius:0px;--awb-border-bottom-right-radius:0px;\" role=\"alert\"><div class=\"fusion-alert-content-wrapper\"><span class=\"fusion-alert-content\"><\/span><\/div><button type=\"button\" class=\"close toggle-alert\" data-dismiss=\"alert\" aria-label=\"Close\">&times;<\/button><\/div>\n<\/form>\n<\/div>\n<\/p>\n<\/div><div class=\"fusion-clearfix\"><\/div><\/div><\/div><\/div><\/div><\/p>\n","protected":false},"excerpt":{"rendered":"","protected":false},"author":11,"featured_media":0,"parent":0,"menu_order":27,"comment_status":"open","ping_status":"open","template":"","meta":{"_acf_changed":false,"footnotes":""},"class_list":["post-9346","page","type-page","status-publish","hentry"],"acf":[],"_links":{"self":[{"href":"https:\/\/tubi.net\/fr\/wp-json\/wp\/v2\/pages\/9346","targetHints":{"allow":["GET"]}}],"collection":[{"href":"https:\/\/tubi.net\/fr\/wp-json\/wp\/v2\/pages"}],"about":[{"href":"https:\/\/tubi.net\/fr\/wp-json\/wp\/v2\/types\/page"}],"author":[{"embeddable":true,"href":"https:\/\/tubi.net\/fr\/wp-json\/wp\/v2\/users\/11"}],"replies":[{"embeddable":true,"href":"https:\/\/tubi.net\/fr\/wp-json\/wp\/v2\/comments?post=9346"}],"version-history":[{"count":3,"href":"https:\/\/tubi.net\/fr\/wp-json\/wp\/v2\/pages\/9346\/revisions"}],"predecessor-version":[{"id":41582,"href":"https:\/\/tubi.net\/fr\/wp-json\/wp\/v2\/pages\/9346\/revisions\/41582"}],"wp:attachment":[{"href":"https:\/\/tubi.net\/fr\/wp-json\/wp\/v2\/media?parent=9346"}],"curies":[{"name":"wp","href":"https:\/\/api.w.org\/{rel}","templated":true}]}}