{"id":9578,"date":"2014-02-09T13:47:44","date_gmt":"2014-02-09T12:47:44","guid":{"rendered":"https:\/\/tubi.net\/produits\/canali\/"},"modified":"2021-05-24T15:44:12","modified_gmt":"2021-05-24T13:44:12","slug":"caniveaux","status":"publish","type":"page","link":"https:\/\/tubi.net\/fr\/produits\/caniveaux","title":{"rendered":"Caniveaux"},"content":{"rendered":"<div class=\"fusion-fullwidth fullwidth-box fusion-builder-row-1 hundred-percent-fullwidth non-hundred-percent-height-scrolling\" style=\"--awb-border-radius-top-left:0px;--awb-border-radius-top-right:0px;--awb-border-radius-bottom-right:0px;--awb-border-radius-bottom-left:0px;--awb-overflow:visible;--awb-flex-wrap:wrap;\" ><div class=\"fusion-builder-row fusion-row\"><div class=\"fusion-layout-column fusion_builder_column fusion-builder-column-0 fusion_builder_column_1_1 1_1 fusion-one-full fusion-column-first fusion-column-last fusion-column-no-min-height\" style=\"--awb-bg-size:cover;--awb-margin-bottom:0px;\"><div class=\"fusion-column-wrapper fusion-flex-column-wrapper-legacy\"><div class=\"fusion-text fusion-text-1\"><style type=\"text\/css\">.fusion-portfolio-wrapper#fusion-portfolio-1 .fusion-portfolio-content{  text-align: left; }<\/style><div class=\"fusion-recent-works fusion-portfolio-element fusion-portfolio fusion-portfolio-1 fusion-portfolio-grid fusion-portfolio-paging-none fusion-portfolio-three fusion-portfolio-unboxed fusion-portfolio-text fusion-portfolio-rollover\" data-id=\"-rw-1\" data-columns=\"three\"><div><ul class=\"fusion-filters\" role=\"menu\" aria-label=\"Portfolio Filters\"><li role=\"presentation\" class=\"fusion-filter fusion-filter-all fusion-active\"><a href=\"#\" data-filter=\"*\" role=\"menuitem\">All<\/a><\/li><li role=\"presentation\" class=\"fusion-filter fusion-hidden\"><a href=\"#\" data-filter=\".canaux-de-drainage-superficiels\" role=\"menuitem\">Canaux de drainage superficiels<\/a><\/li><li role=\"presentation\" class=\"fusion-filter fusion-hidden\"><a href=\"#\" data-filter=\".canaux-ponts-et-viaducs\" role=\"menuitem\">Canaux ponts et viaducs<\/a><\/li><li role=\"presentation\" class=\"fusion-filter fusion-hidden\"><a href=\"#\" data-filter=\".canaux-routes\" role=\"menuitem\">Canaux routes<\/a><\/li><li role=\"presentation\" class=\"fusion-filter fusion-hidden\"><a href=\"#\" data-filter=\".canaux-tunnels\" role=\"menuitem\">Canaux tunnels<\/a><\/li><li role=\"presentation\" class=\"fusion-filter fusion-hidden\"><a href=\"#\" data-filter=\".caniveaux\" role=\"menuitem\">Caniveaux<\/a><\/li><\/ul><\/div><style type=\"text\/css\">.fusion-portfolio-1 .fusion-portfolio-wrapper .fusion-col-spacing{padding:6px;}<\/style><div class=\"fusion-portfolio-wrapper\" id=\"fusion-portfolio-1\" data-picturesize=\"fixed\" data-pages=\"1\" style=\"margin:-6px;\"><article id=\"portfolio-1-post-12251\" class=\"fusion-portfolio-post canaux-de-drainage-superficiels canaux-ponts-et-viaducs canaux-routes canaux-tunnels fusion-col-spacing post-12251\"><div class=\"fusion-portfolio-content-wrapper\" style=\"border:none;\"><span class=\"vcard rich-snippet-hidden\"><span class=\"fn\"><a href=\"https:\/\/tubi.net\/fr\/author\/admin-2tubinet\" title=\"Articles par Admin-2@tubiNet\" rel=\"author\">Admin-2@tubiNet<\/a><\/span><\/span><span class=\"updated rich-snippet-hidden\">2024-02-19T17:28:33+01:00<\/span><div  class=\"fusion-image-wrapper fusion-image-size-fixed\" aria-haspopup=\"true\">\n\t\t\t\t<img decoding=\"async\" width=\"300\" height=\"214\" src=\"https:\/\/tubi.net\/wp-content\/uploads\/2015\/12\/SABDRAIN-300x214.jpg\" class=\"attachment-portfolio-three size-portfolio-three wp-post-image\" alt=\"\" \/><div class=\"fusion-rollover\">\n\t<div class=\"fusion-rollover-content\">\n\n\t\t\t\t\t\t\t\t\t\t\t\t\t\t<a class=\"fusion-rollover-link\" href=\"https:\/\/tubi.net\/fr\/prodotto\/le-caniveau-sabdrain?portfolioCats=371%2C375%2C379%2C383%2C377%2C370\">Le Caniveau SABdrain<\/a>\n\t\t\t\n\t\t\t\t\t\t\t\t\n\t\t\n\t\t\t\t\t\t\t\t\n\t\t\t\t\t\t\t\t\n\t\t\n\t\t\t\t\t\t<a class=\"fusion-link-wrapper\" href=\"https:\/\/tubi.net\/fr\/prodotto\/le-caniveau-sabdrain?portfolioCats=371%2C375%2C379%2C383%2C377%2C370\" aria-label=\"Le Caniveau SABdrain\"><\/a>\n\t<\/div>\n<\/div>\n<\/div>\n<div class=\"fusion-portfolio-content\"><h2 class=\"entry-title fusion-post-title\"><a href=\"https:\/\/tubi.net\/fr\/prodotto\/le-caniveau-sabdrain?portfolioCats=371%2C375%2C379%2C383%2C377%2C370\">Le Caniveau SABdrain<\/a><\/h2><div class=\"fusion-portfolio-meta\"><a href=\"https:\/\/tubi.net\/fr\/portfolio_category\/canaux-de-drainage-superficiels\" rel=\"tag\">Canaux de drainage superficiels<\/a>, <a href=\"https:\/\/tubi.net\/fr\/portfolio_category\/canaux-ponts-et-viaducs\" rel=\"tag\">Canaux ponts et viaducs<\/a>, <a href=\"https:\/\/tubi.net\/fr\/portfolio_category\/canaux-routes\" rel=\"tag\">Canaux routes<\/a>, <a href=\"https:\/\/tubi.net\/fr\/portfolio_category\/canaux-tunnels\" rel=\"tag\">Canaux tunnels<\/a><\/div><div class=\"fusion-post-content\"><\/div><\/div><\/div><\/article><article id=\"portfolio-1-post-11598\" class=\"fusion-portfolio-post canaux-routes caniveaux hi-tech-fr fusion-col-spacing post-11598\"><div class=\"fusion-portfolio-content-wrapper\" style=\"border:none;\"><span class=\"vcard rich-snippet-hidden\"><span class=\"fn\"><a href=\"https:\/\/tubi.net\/fr\/author\/admin-2tubinet\" title=\"Articles par Admin-2@tubiNet\" rel=\"author\">Admin-2@tubiNet<\/a><\/span><\/span><span class=\"updated rich-snippet-hidden\">2026-01-12T09:25:44+01:00<\/span><div  class=\"fusion-image-wrapper fusion-image-size-fixed\" aria-haspopup=\"true\">\n\t\t\t\t<img decoding=\"async\" width=\"300\" height=\"214\" src=\"https:\/\/tubi.net\/wp-content\/uploads\/2015\/11\/foto-no-fire-SITO-300x214.jpg\" class=\"attachment-portfolio-three size-portfolio-three wp-post-image\" alt=\"ANTINCENDIO E SICUREZZA NELLE GALLERIE CADITOIA NO FIRE\" \/><div class=\"fusion-rollover\">\n\t<div class=\"fusion-rollover-content\">\n\n\t\t\t\t\t\t\t\t\t\t\t\t\t\t<a class=\"fusion-rollover-link\" href=\"https:\/\/tubi.net\/fr\/prodotto\/no-fire-systeme-de-protection-contre-les-incendies-et-de-protection-de-lenvironnement-dans-les-tunnels?portfolioCats=371%2C375%2C379%2C383%2C377%2C370\">NO FIRE \u2013 Syst\u00e8me de protection contre les incendies et de protection de l&rsquo;environnement dans les tunnels<\/a>\n\t\t\t\n\t\t\t\t\t\t\t\t\n\t\t\n\t\t\t\t\t\t\t\t\n\t\t\t\t\t\t\t\t\n\t\t\n\t\t\t\t\t\t<a class=\"fusion-link-wrapper\" href=\"https:\/\/tubi.net\/fr\/prodotto\/no-fire-systeme-de-protection-contre-les-incendies-et-de-protection-de-lenvironnement-dans-les-tunnels?portfolioCats=371%2C375%2C379%2C383%2C377%2C370\" aria-label=\"NO FIRE \u2013 Syst\u00e8me de protection contre les incendies et de protection de l&rsquo;environnement dans les tunnels\"><\/a>\n\t<\/div>\n<\/div>\n<\/div>\n<div class=\"fusion-portfolio-content\"><h2 class=\"entry-title fusion-post-title\"><a href=\"https:\/\/tubi.net\/fr\/prodotto\/no-fire-systeme-de-protection-contre-les-incendies-et-de-protection-de-lenvironnement-dans-les-tunnels?portfolioCats=371%2C375%2C379%2C383%2C377%2C370\">NO FIRE \u2013 Syst\u00e8me de protection contre les incendies et de protection de l&rsquo;environnement dans les tunnels<\/a><\/h2><div class=\"fusion-portfolio-meta\"><a href=\"https:\/\/tubi.net\/fr\/portfolio_category\/canaux-routes\" rel=\"tag\">Canaux routes<\/a>, <a href=\"https:\/\/tubi.net\/fr\/portfolio_category\/caniveaux\" rel=\"tag\">Caniveaux<\/a>, <a href=\"https:\/\/tubi.net\/fr\/portfolio_category\/hi-tech-fr\" rel=\"tag\">Hi-Tech<\/a><\/div><div class=\"fusion-post-content\"><\/div><\/div><\/div><\/article><article id=\"portfolio-1-post-12257\" class=\"fusion-portfolio-post canaux-routes hi-tech-fr fusion-col-spacing post-12257\"><div class=\"fusion-portfolio-content-wrapper\" style=\"border:none;\"><span class=\"vcard rich-snippet-hidden\"><span class=\"fn\"><a href=\"https:\/\/tubi.net\/fr\/author\/admin-2tubinet\" title=\"Articles par Admin-2@tubiNet\" rel=\"author\">Admin-2@tubiNet<\/a><\/span><\/span><span class=\"updated rich-snippet-hidden\">2023-03-29T11:44:03+02:00<\/span><div  class=\"fusion-image-wrapper fusion-image-size-fixed\" aria-haspopup=\"true\">\n\t\t\t\t<img decoding=\"async\" width=\"300\" height=\"214\" src=\"https:\/\/tubi.net\/wp-content\/uploads\/2012\/07\/canyon1-300x214.jpg\" class=\"attachment-portfolio-three size-portfolio-three wp-post-image\" alt=\"Embrice in PE Canyon per scarpate stradali\" \/><div class=\"fusion-rollover\">\n\t<div class=\"fusion-rollover-content\">\n\n\t\t\t\t\t\t\t\t\t\t\t\t\t\t<a class=\"fusion-rollover-link\" href=\"https:\/\/tubi.net\/fr\/prodotto\/descentes-deau-en-polyethylene-pour-diriger-les-eaux-des-plateformes-routieres?portfolioCats=371%2C375%2C379%2C383%2C377%2C370\">Descentes d\u2019eau  en Poly\u00e9thyl\u00e8ne pour diriger les eaux des plateformes routi\u00e8res<\/a>\n\t\t\t\n\t\t\t\t\t\t\t\t\n\t\t\n\t\t\t\t\t\t\t\t\n\t\t\t\t\t\t\t\t\n\t\t\n\t\t\t\t\t\t<a class=\"fusion-link-wrapper\" href=\"https:\/\/tubi.net\/fr\/prodotto\/descentes-deau-en-polyethylene-pour-diriger-les-eaux-des-plateformes-routieres?portfolioCats=371%2C375%2C379%2C383%2C377%2C370\" aria-label=\"Descentes d\u2019eau  en Poly\u00e9thyl\u00e8ne pour diriger les eaux des plateformes routi\u00e8res\"><\/a>\n\t<\/div>\n<\/div>\n<\/div>\n<div class=\"fusion-portfolio-content\"><h2 class=\"entry-title fusion-post-title\"><a href=\"https:\/\/tubi.net\/fr\/prodotto\/descentes-deau-en-polyethylene-pour-diriger-les-eaux-des-plateformes-routieres?portfolioCats=371%2C375%2C379%2C383%2C377%2C370\">Descentes d\u2019eau  en Poly\u00e9thyl\u00e8ne pour diriger les eaux des plateformes routi\u00e8res<\/a><\/h2><div class=\"fusion-portfolio-meta\"><a href=\"https:\/\/tubi.net\/fr\/portfolio_category\/canaux-routes\" rel=\"tag\">Canaux routes<\/a>, <a href=\"https:\/\/tubi.net\/fr\/portfolio_category\/hi-tech-fr\" rel=\"tag\">Hi-Tech<\/a><\/div><div class=\"fusion-post-content\"><\/div><\/div><\/div><\/article><article id=\"portfolio-1-post-12263\" class=\"fusion-portfolio-post canaux-de-drainage-superficiels canaux-ponts-et-viaducs canaux-routes fusion-col-spacing post-12263\"><div class=\"fusion-portfolio-content-wrapper\" style=\"border:none;\"><span class=\"vcard rich-snippet-hidden\"><span class=\"fn\"><a href=\"https:\/\/tubi.net\/fr\/author\/admin-2tubinet\" title=\"Articles par Admin-2@tubiNet\" rel=\"author\">Admin-2@tubiNet<\/a><\/span><\/span><span class=\"updated rich-snippet-hidden\">2023-03-24T17:16:31+01:00<\/span><div  class=\"fusion-image-wrapper fusion-image-size-fixed\" aria-haspopup=\"true\">\n\t\t\t\t<img decoding=\"async\" width=\"300\" height=\"214\" src=\"https:\/\/tubi.net\/wp-content\/uploads\/2012\/07\/canaletta-drenante_vert1-300x214.jpg\" class=\"attachment-portfolio-three size-portfolio-three wp-post-image\" alt=\"\" \/><div class=\"fusion-rollover\">\n\t<div class=\"fusion-rollover-content\">\n\n\t\t\t\t\t\t\t\t\t\t\t\t\t\t<a class=\"fusion-rollover-link\" href=\"https:\/\/tubi.net\/fr\/prodotto\/systemes-de-drainage-des-eaux-denrobes?portfolioCats=371%2C375%2C379%2C383%2C377%2C370\">Syst\u00e8mes de drainage des eaux d\u2019enrob\u00e9s<\/a>\n\t\t\t\n\t\t\t\t\t\t\t\t\n\t\t\n\t\t\t\t\t\t\t\t\n\t\t\t\t\t\t\t\t\n\t\t\n\t\t\t\t\t\t<a class=\"fusion-link-wrapper\" href=\"https:\/\/tubi.net\/fr\/prodotto\/systemes-de-drainage-des-eaux-denrobes?portfolioCats=371%2C375%2C379%2C383%2C377%2C370\" aria-label=\"Syst\u00e8mes de drainage des eaux d\u2019enrob\u00e9s\"><\/a>\n\t<\/div>\n<\/div>\n<\/div>\n<div class=\"fusion-portfolio-content\"><h2 class=\"entry-title fusion-post-title\"><a href=\"https:\/\/tubi.net\/fr\/prodotto\/systemes-de-drainage-des-eaux-denrobes?portfolioCats=371%2C375%2C379%2C383%2C377%2C370\">Syst\u00e8mes de drainage des eaux d\u2019enrob\u00e9s<\/a><\/h2><div class=\"fusion-portfolio-meta\"><a href=\"https:\/\/tubi.net\/fr\/portfolio_category\/canaux-de-drainage-superficiels\" rel=\"tag\">Canaux de drainage superficiels<\/a>, <a href=\"https:\/\/tubi.net\/fr\/portfolio_category\/canaux-ponts-et-viaducs\" rel=\"tag\">Canaux ponts et viaducs<\/a>, <a href=\"https:\/\/tubi.net\/fr\/portfolio_category\/canaux-routes\" rel=\"tag\">Canaux routes<\/a><\/div><div class=\"fusion-post-content\"><\/div><\/div><\/div><\/article><\/div><\/div>\n<\/div><div class=\"fusion-clearfix\"><\/div><\/div><\/div><\/div><\/div>\n","protected":false},"excerpt":{"rendered":"","protected":false},"author":1,"featured_media":0,"parent":9305,"menu_order":6,"comment_status":"open","ping_status":"closed","template":"side-navigation.php","meta":{"_acf_changed":false,"footnotes":""},"class_list":["post-9578","page","type-page","status-publish","hentry"],"acf":[],"_links":{"self":[{"href":"https:\/\/tubi.net\/fr\/wp-json\/wp\/v2\/pages\/9578","targetHints":{"allow":["GET"]}}],"collection":[{"href":"https:\/\/tubi.net\/fr\/wp-json\/wp\/v2\/pages"}],"about":[{"href":"https:\/\/tubi.net\/fr\/wp-json\/wp\/v2\/types\/page"}],"author":[{"embeddable":true,"href":"https:\/\/tubi.net\/fr\/wp-json\/wp\/v2\/users\/1"}],"replies":[{"embeddable":true,"href":"https:\/\/tubi.net\/fr\/wp-json\/wp\/v2\/comments?post=9578"}],"version-history":[{"count":0,"href":"https:\/\/tubi.net\/fr\/wp-json\/wp\/v2\/pages\/9578\/revisions"}],"up":[{"embeddable":true,"href":"https:\/\/tubi.net\/fr\/wp-json\/wp\/v2\/pages\/9305"}],"wp:attachment":[{"href":"https:\/\/tubi.net\/fr\/wp-json\/wp\/v2\/media?parent=9578"}],"curies":[{"name":"wp","href":"https:\/\/api.w.org\/{rel}","templated":true}]}}