{"id":9627,"date":"2015-02-25T16:02:33","date_gmt":"2015-02-25T15:02:33","guid":{"rendered":"https:\/\/tubi.net\/applications\/applicazioni-biogas\/"},"modified":"2021-05-24T16:10:17","modified_gmt":"2021-05-24T14:10:17","slug":"biogaz","status":"publish","type":"page","link":"https:\/\/tubi.net\/fr\/applications\/biogaz","title":{"rendered":"Biogaz"},"content":{"rendered":"<div class=\"fusion-fullwidth fullwidth-box fusion-builder-row-1 hundred-percent-fullwidth non-hundred-percent-height-scrolling\" style=\"--awb-border-radius-top-left:0px;--awb-border-radius-top-right:0px;--awb-border-radius-bottom-right:0px;--awb-border-radius-bottom-left:0px;--awb-overflow:visible;--awb-flex-wrap:wrap;\" ><div class=\"fusion-builder-row fusion-row\"><div class=\"fusion-layout-column fusion_builder_column fusion-builder-column-0 fusion_builder_column_1_1 1_1 fusion-one-full fusion-column-first fusion-column-last fusion-column-no-min-height\" style=\"--awb-bg-size:cover;--awb-margin-bottom:0px;\"><div class=\"fusion-column-wrapper fusion-flex-column-wrapper-legacy\"><div class=\"fusion-text fusion-text-1\"><\/div><div class=\"fusion-clearfix\"><\/div><\/div><\/div><div class=\"fusion-layout-column fusion_builder_column fusion-builder-column-1 fusion_builder_column_1_1 1_1 fusion-one-full fusion-column-first fusion-column-last fusion-column-no-min-height\" style=\"--awb-bg-size:cover;--awb-margin-bottom:0px;\"><div class=\"fusion-column-wrapper fusion-flex-column-wrapper-legacy\"><style type=\"text\/css\">.fusion-portfolio-wrapper#fusion-portfolio-1 .fusion-portfolio-content{  text-align: left; }<\/style><div class=\"fusion-recent-works fusion-portfolio-element fusion-portfolio fusion-portfolio-1 fusion-portfolio-grid fusion-portfolio-paging-none fusion-portfolio-three fusion-portfolio-unboxed fusion-portfolio-text fusion-portfolio-rollover\" data-id=\"-rw-1\" data-columns=\"three\"><div><ul class=\"fusion-filters\" role=\"menu\" aria-label=\"Portfolio Filters\"><li role=\"presentation\" class=\"fusion-filter fusion-filter-all fusion-active\"><a href=\"#\" data-filter=\"*\" role=\"menuitem\">All<\/a><\/li><li role=\"presentation\" class=\"fusion-filter fusion-hidden\"><a href=\"#\" data-filter=\".raccords-dechetteries\" role=\"menuitem\">Raccords d\u00e9chetteries<\/a><\/li><li role=\"presentation\" class=\"fusion-filter fusion-hidden\"><a href=\"#\" data-filter=\".regards-dechetteries\" role=\"menuitem\">Regards d\u00e9chetteries<\/a><\/li><\/ul><\/div><style type=\"text\/css\">.fusion-portfolio-1 .fusion-portfolio-wrapper .fusion-col-spacing{padding:6px;}<\/style><div class=\"fusion-portfolio-wrapper\" id=\"fusion-portfolio-1\" data-picturesize=\"fixed\" data-pages=\"1\" style=\"margin:-6px;\"><article id=\"portfolio-1-post-20769\" class=\"fusion-portfolio-post hi-tech-fr raccords-dechetteries raccords-evacuations tuyaux-dechetteries tuyaux-evacuations tuyaux-routes fusion-col-spacing post-20769\"><div class=\"fusion-portfolio-content-wrapper\" style=\"border:none;\"><span class=\"vcard rich-snippet-hidden\"><span class=\"fn\"><a href=\"https:\/\/tubi.net\/fr\/author\/admin-2tubinet\" title=\"Articles par Admin-2@tubiNet\" rel=\"author\">Admin-2@tubiNet<\/a><\/span><\/span><span class=\"updated rich-snippet-hidden\">2026-01-12T11:09:12+01:00<\/span><div  class=\"fusion-image-wrapper fusion-image-size-fixed\" aria-haspopup=\"true\">\n\t\t\t\t<img decoding=\"async\" width=\"300\" height=\"200\" src=\"https:\/\/tubi.net\/wp-content\/uploads\/2018\/03\/27_Cor-300x200.jpg\" class=\"attachment-portfolio-three size-portfolio-three wp-post-image\" alt=\"\" srcset=\"https:\/\/tubi.net\/wp-content\/uploads\/2018\/03\/27_Cor-66x44.jpg 66w, https:\/\/tubi.net\/wp-content\/uploads\/2018\/03\/27_Cor-177x118.jpg 177w, https:\/\/tubi.net\/wp-content\/uploads\/2018\/03\/27_Cor-200x133.jpg 200w, https:\/\/tubi.net\/wp-content\/uploads\/2018\/03\/27_Cor-300x200.jpg 300w, https:\/\/tubi.net\/wp-content\/uploads\/2018\/03\/27_Cor-320x213.jpg 320w, https:\/\/tubi.net\/wp-content\/uploads\/2018\/03\/27_Cor-400x267.jpg 400w, https:\/\/tubi.net\/wp-content\/uploads\/2018\/03\/27_Cor-460x307.jpg 460w, https:\/\/tubi.net\/wp-content\/uploads\/2018\/03\/27_Cor-540x360.jpg 540w, https:\/\/tubi.net\/wp-content\/uploads\/2018\/03\/27_Cor-600x400.jpg 600w, https:\/\/tubi.net\/wp-content\/uploads\/2018\/03\/27_Cor-669x446.jpg 669w, https:\/\/tubi.net\/wp-content\/uploads\/2018\/03\/27_Cor-700x467.jpg 700w, https:\/\/tubi.net\/wp-content\/uploads\/2018\/03\/27_Cor-768x512.jpg 768w, https:\/\/tubi.net\/wp-content\/uploads\/2018\/03\/27_Cor-800x533.jpg 800w, https:\/\/tubi.net\/wp-content\/uploads\/2018\/03\/27_Cor-940x627.jpg 940w, https:\/\/tubi.net\/wp-content\/uploads\/2018\/03\/27_Cor-1024x683.jpg 1024w, https:\/\/tubi.net\/wp-content\/uploads\/2018\/03\/27_Cor.jpg 1200w\" sizes=\"(max-width: 300px) 100vw, 300px\" \/><div class=\"fusion-rollover\">\n\t<div class=\"fusion-rollover-content\">\n\n\t\t\t\t\t\t\t\t\t\t\t\t\t\t<a class=\"fusion-rollover-link\" href=\"https:\/\/tubi.net\/fr\/prodotto\/conduites-dassainissement-avec-joint-mecanique-a-double-coquille-pour-tuyaux-anneles?portfolioCats=500%2C480\">COR +: Conduites d\u2019assainissement avec joint m\u00e9canique \u00e0 double coquille pour tuyaux annel\u00e9s<\/a>\n\t\t\t\n\t\t\t\t\t\t\t\t\t\t\t\t\t\t\n\t\t\t\t\t\t\t\t\n\t\t\t\t\t\t\t\t\t\t\t\t\t<div class=\"fusion-rollover-sep\"><\/div>\n\t\t\t\t\n\t\t\t\t\t\t\t\t\t\t\t\t\t\t\t\t\t\t<a class=\"fusion-rollover-gallery\" href=\"https:\/\/tubi.net\/wp-content\/uploads\/2018\/03\/27_Cor.jpg\" data-options=\"\" data-id=\"20769\" data-rel=\"iLightbox[gallery-rw-1]\" data-title=\"27_Cor+\" data-caption=\"\" rel=\"lightbox[12197]\">\n\t\t\t\t\t\tGallery\t\t\t\t\t<\/a>\n\t\t\t\t\t\t\t\t\t\t\t\t\t\t\n\t\t\n\t\t\t\t\t\t\t\t\n\t\t\t\t\t\t\t\t\n\t\t\n\t\t\t\t\t\t<a class=\"fusion-link-wrapper\" href=\"https:\/\/tubi.net\/fr\/prodotto\/conduites-dassainissement-avec-joint-mecanique-a-double-coquille-pour-tuyaux-anneles?portfolioCats=500%2C480\" aria-label=\"COR +: Conduites d\u2019assainissement avec joint m\u00e9canique \u00e0 double coquille pour tuyaux annel\u00e9s\"><\/a>\n\t<\/div>\n<\/div>\n<\/div>\n<div class=\"fusion-portfolio-content\"><h2 class=\"entry-title fusion-post-title\"><a href=\"https:\/\/tubi.net\/fr\/prodotto\/conduites-dassainissement-avec-joint-mecanique-a-double-coquille-pour-tuyaux-anneles?portfolioCats=500%2C480\">COR +: Conduites d\u2019assainissement avec joint m\u00e9canique \u00e0 double coquille pour tuyaux annel\u00e9s<\/a><\/h2><div class=\"fusion-portfolio-meta\"><a href=\"https:\/\/tubi.net\/fr\/portfolio_category\/hi-tech-fr\" rel=\"tag\">Hi-Tech<\/a>, <a href=\"https:\/\/tubi.net\/fr\/portfolio_category\/raccords-dechetteries\" rel=\"tag\">Raccords d\u00e9chetteries<\/a>, <a href=\"https:\/\/tubi.net\/fr\/portfolio_category\/raccords-evacuations\" rel=\"tag\">Raccords \u00e9vacuations<\/a>, <a href=\"https:\/\/tubi.net\/fr\/portfolio_category\/tuyaux-dechetteries\" rel=\"tag\">Tuyaux d\u00e9chetteries<\/a>, <a href=\"https:\/\/tubi.net\/fr\/portfolio_category\/tuyaux-evacuations\" rel=\"tag\">Tuyaux \u00e9vacuations<\/a>, <a href=\"https:\/\/tubi.net\/fr\/portfolio_category\/tuyaux-routes\" rel=\"tag\">Tuyaux routes<\/a><\/div><div class=\"fusion-post-content\"><\/div><\/div><\/div><\/article><article id=\"portfolio-1-post-12220\" class=\"fusion-portfolio-post regards-dechetteries regards-evacuations regards-services fusion-col-spacing post-12220\"><div class=\"fusion-portfolio-content-wrapper\" style=\"border:none;\"><span class=\"vcard rich-snippet-hidden\"><span class=\"fn\"><a href=\"https:\/\/tubi.net\/fr\/author\/admin-2tubinet\" title=\"Articles par Admin-2@tubiNet\" rel=\"author\">Admin-2@tubiNet<\/a><\/span><\/span><span class=\"updated rich-snippet-hidden\">2022-02-15T15:02:17+01:00<\/span><div  class=\"fusion-image-wrapper fusion-image-size-fixed\" aria-haspopup=\"true\">\n\t\t\t\t<img decoding=\"async\" width=\"300\" height=\"214\" src=\"https:\/\/tubi.net\/wp-content\/uploads\/2015\/08\/Pozzetto-in-PE-formati-da-tubi-DN1000-tubo-liscio-X-Currugato_7RID1-300x214.jpg\" class=\"attachment-portfolio-three size-portfolio-three wp-post-image\" alt=\"\" \/><div class=\"fusion-rollover\">\n\t<div class=\"fusion-rollover-content\">\n\n\t\t\t\t\t\t\t\t\t\t\t\t\t\t<a class=\"fusion-rollover-link\" href=\"https:\/\/tubi.net\/fr\/prodotto\/regards-en-pe-compose-de-tubes-lisses?portfolioCats=500%2C480\">Regards En PE Compos\u00e9s De Tubes Lisses<\/a>\n\t\t\t\n\t\t\t\t\t\t\t\t\n\t\t\n\t\t\t\t\t\t\t\t\n\t\t\t\t\t\t\t\t\n\t\t\n\t\t\t\t\t\t<a class=\"fusion-link-wrapper\" href=\"https:\/\/tubi.net\/fr\/prodotto\/regards-en-pe-compose-de-tubes-lisses?portfolioCats=500%2C480\" aria-label=\"Regards En PE Compos\u00e9s De Tubes Lisses\"><\/a>\n\t<\/div>\n<\/div>\n<\/div>\n<div class=\"fusion-portfolio-content\"><h2 class=\"entry-title fusion-post-title\"><a href=\"https:\/\/tubi.net\/fr\/prodotto\/regards-en-pe-compose-de-tubes-lisses?portfolioCats=500%2C480\">Regards En PE Compos\u00e9s De Tubes Lisses<\/a><\/h2><div class=\"fusion-portfolio-meta\"><a href=\"https:\/\/tubi.net\/fr\/portfolio_category\/regards-dechetteries\" rel=\"tag\">Regards d\u00e9chetteries<\/a>, <a href=\"https:\/\/tubi.net\/fr\/portfolio_category\/regards-evacuations\" rel=\"tag\">Regards \u00e9vacuations<\/a>, <a href=\"https:\/\/tubi.net\/fr\/portfolio_category\/regards-services\" rel=\"tag\">Regards services<\/a><\/div><div class=\"fusion-post-content\"><\/div><\/div><\/div><\/article><article id=\"portfolio-1-post-12171\" class=\"fusion-portfolio-post raccords-dechetteries raccords-thermohydraulique regards-evacuations fusion-col-spacing post-12171\"><div class=\"fusion-portfolio-content-wrapper\" style=\"border:none;\"><span class=\"vcard rich-snippet-hidden\"><span class=\"fn\"><a href=\"https:\/\/tubi.net\/fr\/author\/admin-2tubinet\" title=\"Articles par Admin-2@tubiNet\" rel=\"author\">Admin-2@tubiNet<\/a><\/span><\/span><span class=\"updated rich-snippet-hidden\">2022-12-21T19:35:35+01:00<\/span><div  class=\"fusion-image-wrapper fusion-image-size-fixed\" aria-haspopup=\"true\">\n\t\t\t\t<img decoding=\"async\" width=\"300\" height=\"214\" src=\"https:\/\/tubi.net\/wp-content\/uploads\/2025\/01\/3002-3DRID-20250129-300x214.jpg\" class=\"attachment-portfolio-three size-portfolio-three wp-post-image\" alt=\"\" \/><div class=\"fusion-rollover\">\n\t<div class=\"fusion-rollover-content\">\n\n\t\t\t\t\t\t\t\t\t\t\t\t\t\t<a class=\"fusion-rollover-link\" href=\"https:\/\/tubi.net\/fr\/prodotto\/raccords-moules-magnum-mm?portfolioCats=500%2C480\">Raccords Moul\u00e9s Magnum M\/M<\/a>\n\t\t\t\n\t\t\t\t\t\t\t\t\n\t\t\n\t\t\t\t\t\t\t\t\n\t\t\t\t\t\t\t\t\n\t\t\n\t\t\t\t\t\t<a class=\"fusion-link-wrapper\" href=\"https:\/\/tubi.net\/fr\/prodotto\/raccords-moules-magnum-mm?portfolioCats=500%2C480\" aria-label=\"Raccords Moul\u00e9s Magnum M\/M\"><\/a>\n\t<\/div>\n<\/div>\n<\/div>\n<div class=\"fusion-portfolio-content\"><h2 class=\"entry-title fusion-post-title\"><a href=\"https:\/\/tubi.net\/fr\/prodotto\/raccords-moules-magnum-mm?portfolioCats=500%2C480\">Raccords Moul\u00e9s Magnum M\/M<\/a><\/h2><div class=\"fusion-portfolio-meta\"><a href=\"https:\/\/tubi.net\/fr\/portfolio_category\/raccords-dechetteries\" rel=\"tag\">Raccords d\u00e9chetteries<\/a>, <a href=\"https:\/\/tubi.net\/fr\/portfolio_category\/raccords-thermohydraulique\" rel=\"tag\">Raccords thermohydraulique<\/a>, <a href=\"https:\/\/tubi.net\/fr\/portfolio_category\/regards-evacuations\" rel=\"tag\">Regards \u00e9vacuations<\/a><\/div><div class=\"fusion-post-content\"><\/div><\/div><\/div><\/article><article id=\"portfolio-1-post-12211\" class=\"fusion-portfolio-post raccords-dechetteries raccords-thermohydraulique regards-evacuations fusion-col-spacing post-12211\"><div class=\"fusion-portfolio-content-wrapper\" style=\"border:none;\"><span class=\"vcard rich-snippet-hidden\"><span class=\"fn\"><a href=\"https:\/\/tubi.net\/fr\/author\/admin-2tubinet\" title=\"Articles par Admin-2@tubiNet\" rel=\"author\">Admin-2@tubiNet<\/a><\/span><\/span><span class=\"updated rich-snippet-hidden\">2023-05-16T20:41:14+02:00<\/span><div  class=\"fusion-image-wrapper fusion-image-size-fixed\" aria-haspopup=\"true\">\n\t\t\t\t<img decoding=\"async\" width=\"300\" height=\"214\" src=\"https:\/\/tubi.net\/wp-content\/uploads\/2015\/12\/Cattura1-1-e1499778661917-300x214.jpg\" class=\"attachment-portfolio-three size-portfolio-three wp-post-image\" alt=\"\" \/><div class=\"fusion-rollover\">\n\t<div class=\"fusion-rollover-content\">\n\n\t\t\t\t\t\t\t\t\t\t\t\t\t\t<a class=\"fusion-rollover-link\" href=\"https:\/\/tubi.net\/fr\/prodotto\/raccords-moules-magnum-ff?portfolioCats=500%2C480\">Raccords Moul\u00e9s Magnum F\/F<\/a>\n\t\t\t\n\t\t\t\t\t\t\t\t\n\t\t\n\t\t\t\t\t\t\t\t\n\t\t\t\t\t\t\t\t\n\t\t\n\t\t\t\t\t\t<a class=\"fusion-link-wrapper\" href=\"https:\/\/tubi.net\/fr\/prodotto\/raccords-moules-magnum-ff?portfolioCats=500%2C480\" aria-label=\"Raccords Moul\u00e9s Magnum F\/F\"><\/a>\n\t<\/div>\n<\/div>\n<\/div>\n<div class=\"fusion-portfolio-content\"><h2 class=\"entry-title fusion-post-title\"><a href=\"https:\/\/tubi.net\/fr\/prodotto\/raccords-moules-magnum-ff?portfolioCats=500%2C480\">Raccords Moul\u00e9s Magnum F\/F<\/a><\/h2><div class=\"fusion-portfolio-meta\"><a href=\"https:\/\/tubi.net\/fr\/portfolio_category\/raccords-dechetteries\" rel=\"tag\">Raccords d\u00e9chetteries<\/a>, <a href=\"https:\/\/tubi.net\/fr\/portfolio_category\/raccords-thermohydraulique\" rel=\"tag\">Raccords thermohydraulique<\/a>, <a href=\"https:\/\/tubi.net\/fr\/portfolio_category\/regards-evacuations\" rel=\"tag\">Regards \u00e9vacuations<\/a><\/div><div class=\"fusion-post-content\"><\/div><\/div><\/div><\/article><article id=\"portfolio-1-post-12176\" class=\"fusion-portfolio-post raccords-dechetteries raccords-eau raccords-gaz raccords-irrigation fusion-col-spacing post-12176\"><div class=\"fusion-portfolio-content-wrapper\" style=\"border:none;\"><span class=\"vcard rich-snippet-hidden\"><span class=\"fn\"><a href=\"https:\/\/tubi.net\/fr\/author\/admin-2tubinet\" title=\"Articles par Admin-2@tubiNet\" rel=\"author\">Admin-2@tubiNet<\/a><\/span><\/span><span class=\"updated rich-snippet-hidden\">2022-06-17T10:31:24+02:00<\/span><div  class=\"fusion-image-wrapper fusion-image-size-fixed\" aria-haspopup=\"true\">\n\t\t\t\t<img decoding=\"async\" width=\"300\" height=\"214\" src=\"https:\/\/tubi.net\/wp-content\/uploads\/2015\/04\/RACCORDI-FORMATI-1-e1499778597585-300x214.jpg\" class=\"attachment-portfolio-three size-portfolio-three wp-post-image\" alt=\"\" \/><div class=\"fusion-rollover\">\n\t<div class=\"fusion-rollover-content\">\n\n\t\t\t\t\t\t\t\t\t\t\t\t\t\t<a class=\"fusion-rollover-link\" href=\"https:\/\/tubi.net\/fr\/prodotto\/raccords-moules-a-secteurs?portfolioCats=500%2C480\">Raccords Moul\u00e9s \u00e0 Secteurs<\/a>\n\t\t\t\n\t\t\t\t\t\t\t\t\n\t\t\n\t\t\t\t\t\t\t\t\n\t\t\t\t\t\t\t\t\n\t\t\n\t\t\t\t\t\t<a class=\"fusion-link-wrapper\" href=\"https:\/\/tubi.net\/fr\/prodotto\/raccords-moules-a-secteurs?portfolioCats=500%2C480\" aria-label=\"Raccords Moul\u00e9s \u00e0 Secteurs\"><\/a>\n\t<\/div>\n<\/div>\n<\/div>\n<div class=\"fusion-portfolio-content\"><h2 class=\"entry-title fusion-post-title\"><a href=\"https:\/\/tubi.net\/fr\/prodotto\/raccords-moules-a-secteurs?portfolioCats=500%2C480\">Raccords Moul\u00e9s \u00e0 Secteurs<\/a><\/h2><div class=\"fusion-portfolio-meta\"><a href=\"https:\/\/tubi.net\/fr\/portfolio_category\/raccords-dechetteries\" rel=\"tag\">Raccords d\u00e9chetteries<\/a>, <a href=\"https:\/\/tubi.net\/fr\/portfolio_category\/raccords-eau\" rel=\"tag\">Raccords eau<\/a>, <a href=\"https:\/\/tubi.net\/fr\/portfolio_category\/raccords-gaz\" rel=\"tag\">Raccords gaz<\/a>, <a href=\"https:\/\/tubi.net\/fr\/portfolio_category\/raccords-irrigation\" rel=\"tag\">Raccords irrigation<\/a><\/div><div class=\"fusion-post-content\"><\/div><\/div><\/div><\/article><article id=\"portfolio-1-post-12197\" class=\"fusion-portfolio-post raccords-dechetteries raccords-gaz raccords-irrigation raccords-thermohydraulique fusion-col-spacing post-12197\"><div class=\"fusion-portfolio-content-wrapper\" style=\"border:none;\"><span class=\"vcard rich-snippet-hidden\"><span class=\"fn\"><a href=\"https:\/\/tubi.net\/fr\/author\/admin-2tubinet\" title=\"Articles par Admin-2@tubiNet\" rel=\"author\">Admin-2@tubiNet<\/a><\/span><\/span><span class=\"updated rich-snippet-hidden\">2024-10-09T17:38:13+02:00<\/span><div  class=\"fusion-image-wrapper fusion-image-size-fixed\" aria-haspopup=\"true\">\n\t\t\t\t<img decoding=\"async\" width=\"300\" height=\"214\" src=\"https:\/\/tubi.net\/wp-content\/uploads\/2015\/04\/Raccordi-Stampati-a-Saldare-e-Flange-e1499778550203-300x214.jpg\" class=\"attachment-portfolio-three size-portfolio-three wp-post-image\" alt=\"\" \/><div class=\"fusion-rollover\">\n\t<div class=\"fusion-rollover-content\">\n\n\t\t\t\t\t\t\t\t\t\t\t\t\t\t<a class=\"fusion-rollover-link\" href=\"https:\/\/tubi.net\/fr\/prodotto\/raccords-injectes-a-souder?portfolioCats=500%2C480\">Raccords inject\u00e9s \u00e0 souder<\/a>\n\t\t\t\n\t\t\t\t\t\t\t\t\n\t\t\n\t\t\t\t\t\t\t\t\n\t\t\t\t\t\t\t\t\n\t\t\n\t\t\t\t\t\t<a class=\"fusion-link-wrapper\" href=\"https:\/\/tubi.net\/fr\/prodotto\/raccords-injectes-a-souder?portfolioCats=500%2C480\" aria-label=\"Raccords inject\u00e9s \u00e0 souder\"><\/a>\n\t<\/div>\n<\/div>\n<\/div>\n<div class=\"fusion-portfolio-content\"><h2 class=\"entry-title fusion-post-title\"><a href=\"https:\/\/tubi.net\/fr\/prodotto\/raccords-injectes-a-souder?portfolioCats=500%2C480\">Raccords inject\u00e9s \u00e0 souder<\/a><\/h2><div class=\"fusion-portfolio-meta\"><a href=\"https:\/\/tubi.net\/fr\/portfolio_category\/raccords-dechetteries\" rel=\"tag\">Raccords d\u00e9chetteries<\/a>, <a href=\"https:\/\/tubi.net\/fr\/portfolio_category\/raccords-gaz\" rel=\"tag\">Raccords gaz<\/a>, <a href=\"https:\/\/tubi.net\/fr\/portfolio_category\/raccords-irrigation\" rel=\"tag\">Raccords irrigation<\/a>, <a href=\"https:\/\/tubi.net\/fr\/portfolio_category\/raccords-thermohydraulique\" rel=\"tag\">Raccords thermohydraulique<\/a><\/div><div class=\"fusion-post-content\"><\/div><\/div><\/div><\/article><\/div><\/div><div class=\"fusion-clearfix\"><\/div><\/div><\/div><\/div><\/div>\n","protected":false},"excerpt":{"rendered":"","protected":false},"author":1,"featured_media":0,"parent":9611,"menu_order":4,"comment_status":"open","ping_status":"closed","template":"side-navigation.php","meta":{"_acf_changed":false,"footnotes":""},"class_list":["post-9627","page","type-page","status-publish","hentry"],"acf":[],"_links":{"self":[{"href":"https:\/\/tubi.net\/fr\/wp-json\/wp\/v2\/pages\/9627","targetHints":{"allow":["GET"]}}],"collection":[{"href":"https:\/\/tubi.net\/fr\/wp-json\/wp\/v2\/pages"}],"about":[{"href":"https:\/\/tubi.net\/fr\/wp-json\/wp\/v2\/types\/page"}],"author":[{"embeddable":true,"href":"https:\/\/tubi.net\/fr\/wp-json\/wp\/v2\/users\/1"}],"replies":[{"embeddable":true,"href":"https:\/\/tubi.net\/fr\/wp-json\/wp\/v2\/comments?post=9627"}],"version-history":[{"count":0,"href":"https:\/\/tubi.net\/fr\/wp-json\/wp\/v2\/pages\/9627\/revisions"}],"up":[{"embeddable":true,"href":"https:\/\/tubi.net\/fr\/wp-json\/wp\/v2\/pages\/9611"}],"wp:attachment":[{"href":"https:\/\/tubi.net\/fr\/wp-json\/wp\/v2\/media?parent=9627"}],"curies":[{"name":"wp","href":"https:\/\/api.w.org\/{rel}","templated":true}]}}