{"id":9656,"date":"2015-02-25T10:20:40","date_gmt":"2015-02-25T09:20:40","guid":{"rendered":"https:\/\/tubi.net\/applications\/applicazioni-gasdotti\/"},"modified":"2024-07-11T17:00:18","modified_gmt":"2024-07-11T15:00:18","slug":"tubes-de-gaz","status":"publish","type":"page","link":"https:\/\/tubi.net\/fr\/applications\/tubes-de-gaz","title":{"rendered":"Gazoducs"},"content":{"rendered":"<div class=\"fusion-fullwidth fullwidth-box fusion-builder-row-1 hundred-percent-fullwidth non-hundred-percent-height-scrolling\" style=\"--awb-border-radius-top-left:0px;--awb-border-radius-top-right:0px;--awb-border-radius-bottom-right:0px;--awb-border-radius-bottom-left:0px;--awb-overflow:visible;--awb-flex-wrap:wrap;\" ><div class=\"fusion-builder-row fusion-row\"><div class=\"fusion-layout-column fusion_builder_column fusion-builder-column-0 fusion_builder_column_1_1 1_1 fusion-one-full fusion-column-first fusion-column-last fusion-column-no-min-height\" style=\"--awb-bg-size:cover;--awb-margin-bottom:0px;\"><div class=\"fusion-column-wrapper fusion-flex-column-wrapper-legacy\"><style type=\"text\/css\">.fusion-portfolio-wrapper#fusion-portfolio-1 .fusion-portfolio-content{  text-align: left; }<\/style><div class=\"fusion-recent-works fusion-portfolio-element fusion-portfolio fusion-portfolio-1 fusion-portfolio-grid fusion-portfolio-paging-none fusion-portfolio-three fusion-portfolio-unboxed fusion-portfolio-text fusion-portfolio-rollover\" data-id=\"-rw-1\" data-columns=\"three\"><div><ul class=\"fusion-filters\" role=\"menu\" aria-label=\"Portfolio Filters\"><li role=\"presentation\" class=\"fusion-filter fusion-filter-all fusion-active\"><a href=\"#\" data-filter=\"*\" role=\"menuitem\">All<\/a><\/li><li role=\"presentation\" class=\"fusion-filter fusion-hidden\"><a href=\"#\" data-filter=\".raccords-gaz\" role=\"menuitem\">Raccords gaz<\/a><\/li><li role=\"presentation\" class=\"fusion-filter fusion-hidden\"><a href=\"#\" data-filter=\".tuyaux-conduites-de-gaz\" role=\"menuitem\">Tuyaux conduites de gaz<\/a><\/li><\/ul><\/div><style type=\"text\/css\">.fusion-portfolio-1 .fusion-portfolio-wrapper .fusion-col-spacing{padding:6px;}<\/style><div class=\"fusion-portfolio-wrapper\" id=\"fusion-portfolio-1\" data-picturesize=\"fixed\" data-pages=\"1\" style=\"margin:-6px;\"><article id=\"portfolio-1-post-21516\" class=\"fusion-portfolio-post tuyaux-anti-incendie tuyaux-aqueducs tuyaux-conduites-deau tuyaux-conduites-de-gaz tuyaux-dechetteries tuyaux-evacuations tuyaux-no-dig tuyaux-protection-cables fusion-col-spacing post-21516\"><div class=\"fusion-portfolio-content-wrapper\" style=\"border:none;\"><span class=\"vcard rich-snippet-hidden\"><span class=\"fn\"><a href=\"https:\/\/tubi.net\/fr\/author\/admin-2tubinet\" title=\"Articles par Admin-2@tubiNet\" rel=\"author\">Admin-2@tubiNet<\/a><\/span><\/span><span class=\"updated rich-snippet-hidden\">2026-01-12T10:18:13+01:00<\/span><div  class=\"fusion-image-wrapper fusion-image-size-fixed\" aria-haspopup=\"true\">\n\t\t\t\t<img decoding=\"async\" width=\"300\" height=\"214\" src=\"https:\/\/tubi.net\/wp-content\/uploads\/2021\/06\/tubiConPipeTracer-300x214.jpg\" class=\"attachment-portfolio-three size-portfolio-three wp-post-image\" alt=\"\" \/><div class=\"fusion-rollover\">\n\t<div class=\"fusion-rollover-content\">\n\n\t\t\t\t\t\t\t\t\t\t\t\t\t\t<a class=\"fusion-rollover-link\" href=\"https:\/\/tubi.net\/fr\/prodotto\/pipe-tracer-systeme-de-geo-referencement-pour-reseau-souterrain?portfolioCats=506%2C504%2C485%2C548\">Pipe tracer g\u00e9oref\u00e9rencement des infrastructures des r\u00e9seaux souterrains<\/a>\n\t\t\t\n\t\t\t\t\t\t\t\t\t\t\t\t\t\t\n\t\t\t\t\t\t\t\t\n\t\t\t\t\t\t\t\t\t\t\t\t\t<div class=\"fusion-rollover-sep\"><\/div>\n\t\t\t\t\n\t\t\t\t\t\t\t\t\t\t\t\t\t\t\t\t\t\t<a class=\"fusion-rollover-gallery\" href=\"https:\/\/tubi.net\/wp-content\/uploads\/2021\/06\/tubiConPipeTracer.jpg\" data-options=\"\" data-id=\"21516\" data-rel=\"iLightbox[gallery-rw-1]\" data-title=\"tubiConPipeTracer\" data-caption=\"\" rel=\"lightbox[12197]\">\n\t\t\t\t\t\tGallery\t\t\t\t\t<\/a>\n\t\t\t\t\t\t\t\t\t\t\t\t\t\t\n\t\t\n\t\t\t\t\t\t\t\t\n\t\t\t\t\t\t\t\t\n\t\t\n\t\t\t\t\t\t<a class=\"fusion-link-wrapper\" href=\"https:\/\/tubi.net\/fr\/prodotto\/pipe-tracer-systeme-de-geo-referencement-pour-reseau-souterrain?portfolioCats=506%2C504%2C485%2C548\" aria-label=\"Pipe tracer g\u00e9oref\u00e9rencement des infrastructures des r\u00e9seaux souterrains\"><\/a>\n\t<\/div>\n<\/div>\n<\/div>\n<div class=\"fusion-portfolio-content\"><h2 class=\"entry-title fusion-post-title\"><a href=\"https:\/\/tubi.net\/fr\/prodotto\/pipe-tracer-systeme-de-geo-referencement-pour-reseau-souterrain?portfolioCats=506%2C504%2C485%2C548\">Pipe tracer g\u00e9oref\u00e9rencement des infrastructures des r\u00e9seaux souterrains<\/a><\/h2><div class=\"fusion-portfolio-meta\"><a href=\"https:\/\/tubi.net\/fr\/portfolio_category\/tuyaux-anti-incendie\" rel=\"tag\">Tuyaux anti-incendie<\/a>, <a href=\"https:\/\/tubi.net\/fr\/portfolio_category\/tuyaux-aqueducs\" rel=\"tag\">Tuyaux Aqueducs<\/a>, <a href=\"https:\/\/tubi.net\/fr\/portfolio_category\/tuyaux-conduites-deau\" rel=\"tag\">Tuyaux Conduites d'eau<\/a>, <a href=\"https:\/\/tubi.net\/fr\/portfolio_category\/tuyaux-conduites-de-gaz\" rel=\"tag\">Tuyaux conduites de gaz<\/a>, <a href=\"https:\/\/tubi.net\/fr\/portfolio_category\/tuyaux-dechetteries\" rel=\"tag\">Tuyaux d\u00e9chetteries<\/a>, <a href=\"https:\/\/tubi.net\/fr\/portfolio_category\/tuyaux-evacuations\" rel=\"tag\">Tuyaux \u00e9vacuations<\/a>, <a href=\"https:\/\/tubi.net\/fr\/portfolio_category\/tuyaux-no-dig\" rel=\"tag\">Tuyaux No Dig<\/a>, <a href=\"https:\/\/tubi.net\/fr\/portfolio_category\/tuyaux-protection-cables\" rel=\"tag\">Tuyaux protection c\u00e2bles<\/a><\/div><div class=\"fusion-post-content\"><\/div><\/div><\/div><\/article><article id=\"portfolio-1-post-11999\" class=\"fusion-portfolio-post mgi-classe-a tube-epd tuyaux-conduites-de-gaz fusion-col-spacing post-11999\"><div class=\"fusion-portfolio-content-wrapper\" style=\"border:none;\"><span class=\"vcard rich-snippet-hidden\"><span class=\"fn\"><a href=\"https:\/\/tubi.net\/fr\/author\/admin-2tubinet\" title=\"Articles par Admin-2@tubiNet\" rel=\"author\">Admin-2@tubiNet<\/a><\/span><\/span><span class=\"updated rich-snippet-hidden\">2024-07-02T09:56:58+02:00<\/span><div  class=\"fusion-image-wrapper fusion-image-size-fixed\" aria-haspopup=\"true\">\n\t\t\t\t<img decoding=\"async\" width=\"300\" height=\"214\" src=\"https:\/\/tubi.net\/wp-content\/uploads\/2015\/02\/09_Tubo-PE100-RC-per-gas-\u201cEuroPAS-Evolution\u201d-GAS-300x214.jpg\" class=\"attachment-portfolio-three size-portfolio-three wp-post-image\" alt=\"\" \/><div class=\"fusion-rollover\">\n\t<div class=\"fusion-rollover-content\">\n\n\t\t\t\t\t\t\t\t\t\t\t\t\t\t<a class=\"fusion-rollover-link\" href=\"https:\/\/tubi.net\/fr\/prodotto\/tube-pe-100-pour-le-gaz?portfolioCats=506%2C504%2C485%2C548\">Tube PE 100 pour le gaz<\/a>\n\t\t\t\n\t\t\t\t\t\t\t\t\n\t\t\n\t\t\t\t\t\t\t\t\n\t\t\t\t\t\t\t\t\n\t\t\n\t\t\t\t\t\t<a class=\"fusion-link-wrapper\" href=\"https:\/\/tubi.net\/fr\/prodotto\/tube-pe-100-pour-le-gaz?portfolioCats=506%2C504%2C485%2C548\" aria-label=\"Tube PE 100 pour le gaz\"><\/a>\n\t<\/div>\n<\/div>\n<\/div>\n<div class=\"fusion-portfolio-content\"><h2 class=\"entry-title fusion-post-title\"><a href=\"https:\/\/tubi.net\/fr\/prodotto\/tube-pe-100-pour-le-gaz?portfolioCats=506%2C504%2C485%2C548\">Tube PE 100 pour le gaz<\/a><\/h2><div class=\"fusion-portfolio-meta\"><a href=\"https:\/\/tubi.net\/fr\/portfolio_category\/mgi-classe-a\" rel=\"tag\">MGI CLASSE A<\/a>, <a href=\"https:\/\/tubi.net\/fr\/portfolio_category\/tube-epd\" rel=\"tag\">Tube EPD<\/a>, <a href=\"https:\/\/tubi.net\/fr\/portfolio_category\/tuyaux-conduites-de-gaz\" rel=\"tag\">Tuyaux conduites de gaz<\/a><\/div><div class=\"fusion-post-content\"><\/div><\/div><\/div><\/article><article id=\"portfolio-1-post-11990\" class=\"fusion-portfolio-post mgi-classe-a tube-epd tuyaux-conduites-de-gaz tuyaux-no-dig fusion-col-spacing post-11990\"><div class=\"fusion-portfolio-content-wrapper\" style=\"border:none;\"><span class=\"vcard rich-snippet-hidden\"><span class=\"fn\"><a href=\"https:\/\/tubi.net\/fr\/author\/admin-2tubinet\" title=\"Articles par Admin-2@tubiNet\" rel=\"author\">Admin-2@tubiNet<\/a><\/span><\/span><span class=\"updated rich-snippet-hidden\">2024-07-02T10:02:05+02:00<\/span><div  class=\"fusion-image-wrapper fusion-image-size-fixed\" aria-haspopup=\"true\">\n\t\t\t\t<img decoding=\"async\" width=\"300\" height=\"200\" src=\"https:\/\/tubi.net\/wp-content\/uploads\/2024\/07\/Progetto-senza-titolo-10-300x200.jpg\" class=\"attachment-portfolio-three size-portfolio-three wp-post-image\" alt=\"\" srcset=\"https:\/\/tubi.net\/wp-content\/uploads\/2024\/07\/Progetto-senza-titolo-10-66x44.jpg 66w, https:\/\/tubi.net\/wp-content\/uploads\/2024\/07\/Progetto-senza-titolo-10-177x118.jpg 177w, https:\/\/tubi.net\/wp-content\/uploads\/2024\/07\/Progetto-senza-titolo-10-200x133.jpg 200w, https:\/\/tubi.net\/wp-content\/uploads\/2024\/07\/Progetto-senza-titolo-10-300x200.jpg 300w, https:\/\/tubi.net\/wp-content\/uploads\/2024\/07\/Progetto-senza-titolo-10-320x213.jpg 320w, https:\/\/tubi.net\/wp-content\/uploads\/2024\/07\/Progetto-senza-titolo-10-400x267.jpg 400w, https:\/\/tubi.net\/wp-content\/uploads\/2024\/07\/Progetto-senza-titolo-10-460x307.jpg 460w, https:\/\/tubi.net\/wp-content\/uploads\/2024\/07\/Progetto-senza-titolo-10-540x360.jpg 540w, https:\/\/tubi.net\/wp-content\/uploads\/2024\/07\/Progetto-senza-titolo-10-600x400.jpg 600w, https:\/\/tubi.net\/wp-content\/uploads\/2024\/07\/Progetto-senza-titolo-10-669x446.jpg 669w, https:\/\/tubi.net\/wp-content\/uploads\/2024\/07\/Progetto-senza-titolo-10-700x467.jpg 700w, https:\/\/tubi.net\/wp-content\/uploads\/2024\/07\/Progetto-senza-titolo-10-768x512.jpg 768w, https:\/\/tubi.net\/wp-content\/uploads\/2024\/07\/Progetto-senza-titolo-10-800x533.jpg 800w, https:\/\/tubi.net\/wp-content\/uploads\/2024\/07\/Progetto-senza-titolo-10-940x627.jpg 940w, https:\/\/tubi.net\/wp-content\/uploads\/2024\/07\/Progetto-senza-titolo-10-1024x683.jpg 1024w, https:\/\/tubi.net\/wp-content\/uploads\/2024\/07\/Progetto-senza-titolo-10.jpg 1200w\" sizes=\"(max-width: 300px) 100vw, 300px\" \/><div class=\"fusion-rollover\">\n\t<div class=\"fusion-rollover-content\">\n\n\t\t\t\t\t\t\t\t\t\t\t\t\t\t<a class=\"fusion-rollover-link\" href=\"https:\/\/tubi.net\/fr\/prodotto\/tubes-pe100-rc-pour-distribution-de-gaz-europas-evolution?portfolioCats=506%2C504%2C485%2C548\">Tubes PE100 RC type 1 pour distribution de gaz  \u00ab\u00a0Europas Evolution\u00a0\u00bb<\/a>\n\t\t\t\n\t\t\t\t\t\t\t\t\n\t\t\n\t\t\t\t\t\t\t\t\n\t\t\t\t\t\t\t\t\n\t\t\n\t\t\t\t\t\t<a class=\"fusion-link-wrapper\" href=\"https:\/\/tubi.net\/fr\/prodotto\/tubes-pe100-rc-pour-distribution-de-gaz-europas-evolution?portfolioCats=506%2C504%2C485%2C548\" aria-label=\"Tubes PE100 RC type 1 pour distribution de gaz  \u00ab\u00a0Europas Evolution\u00a0\u00bb\"><\/a>\n\t<\/div>\n<\/div>\n<\/div>\n<div class=\"fusion-portfolio-content\"><h2 class=\"entry-title fusion-post-title\"><a href=\"https:\/\/tubi.net\/fr\/prodotto\/tubes-pe100-rc-pour-distribution-de-gaz-europas-evolution?portfolioCats=506%2C504%2C485%2C548\">Tubes PE100 RC type 1 pour distribution de gaz  \u00ab\u00a0Europas Evolution\u00a0\u00bb<\/a><\/h2><div class=\"fusion-portfolio-meta\"><a href=\"https:\/\/tubi.net\/fr\/portfolio_category\/mgi-classe-a\" rel=\"tag\">MGI CLASSE A<\/a>, <a href=\"https:\/\/tubi.net\/fr\/portfolio_category\/tube-epd\" rel=\"tag\">Tube EPD<\/a>, <a href=\"https:\/\/tubi.net\/fr\/portfolio_category\/tuyaux-conduites-de-gaz\" rel=\"tag\">Tuyaux conduites de gaz<\/a>, <a href=\"https:\/\/tubi.net\/fr\/portfolio_category\/tuyaux-no-dig\" rel=\"tag\">Tuyaux No Dig<\/a><\/div><div class=\"fusion-post-content\"><\/div><\/div><\/div><\/article><article id=\"portfolio-1-post-11951\" class=\"fusion-portfolio-post mgi-classe-a tube-epd tuyaux-conduites-de-gaz tuyaux-no-dig fusion-col-spacing post-11951\"><div class=\"fusion-portfolio-content-wrapper\" style=\"border:none;\"><span class=\"vcard rich-snippet-hidden\"><span class=\"fn\"><a href=\"https:\/\/tubi.net\/fr\/author\/admin-2tubinet\" title=\"Articles par Admin-2@tubiNet\" rel=\"author\">Admin-2@tubiNet<\/a><\/span><\/span><span class=\"updated rich-snippet-hidden\">2024-07-02T09:57:45+02:00<\/span><div  class=\"fusion-image-wrapper fusion-image-size-fixed\" aria-haspopup=\"true\">\n\t\t\t\t<img decoding=\"async\" width=\"300\" height=\"200\" src=\"https:\/\/tubi.net\/wp-content\/uploads\/2024\/07\/Progetto-senza-titolo-11-300x200.jpg\" class=\"attachment-portfolio-three size-portfolio-three wp-post-image\" alt=\"\" srcset=\"https:\/\/tubi.net\/wp-content\/uploads\/2024\/07\/Progetto-senza-titolo-11-66x44.jpg 66w, https:\/\/tubi.net\/wp-content\/uploads\/2024\/07\/Progetto-senza-titolo-11-177x118.jpg 177w, https:\/\/tubi.net\/wp-content\/uploads\/2024\/07\/Progetto-senza-titolo-11-200x133.jpg 200w, https:\/\/tubi.net\/wp-content\/uploads\/2024\/07\/Progetto-senza-titolo-11-300x200.jpg 300w, https:\/\/tubi.net\/wp-content\/uploads\/2024\/07\/Progetto-senza-titolo-11-320x213.jpg 320w, https:\/\/tubi.net\/wp-content\/uploads\/2024\/07\/Progetto-senza-titolo-11-400x267.jpg 400w, https:\/\/tubi.net\/wp-content\/uploads\/2024\/07\/Progetto-senza-titolo-11-460x307.jpg 460w, https:\/\/tubi.net\/wp-content\/uploads\/2024\/07\/Progetto-senza-titolo-11-540x360.jpg 540w, https:\/\/tubi.net\/wp-content\/uploads\/2024\/07\/Progetto-senza-titolo-11-600x400.jpg 600w, https:\/\/tubi.net\/wp-content\/uploads\/2024\/07\/Progetto-senza-titolo-11-669x446.jpg 669w, https:\/\/tubi.net\/wp-content\/uploads\/2024\/07\/Progetto-senza-titolo-11-700x467.jpg 700w, https:\/\/tubi.net\/wp-content\/uploads\/2024\/07\/Progetto-senza-titolo-11-768x512.jpg 768w, https:\/\/tubi.net\/wp-content\/uploads\/2024\/07\/Progetto-senza-titolo-11-800x533.jpg 800w, https:\/\/tubi.net\/wp-content\/uploads\/2024\/07\/Progetto-senza-titolo-11-940x627.jpg 940w, https:\/\/tubi.net\/wp-content\/uploads\/2024\/07\/Progetto-senza-titolo-11-1024x683.jpg 1024w, https:\/\/tubi.net\/wp-content\/uploads\/2024\/07\/Progetto-senza-titolo-11.jpg 1200w\" sizes=\"(max-width: 300px) 100vw, 300px\" \/><div class=\"fusion-rollover\">\n\t<div class=\"fusion-rollover-content\">\n\n\t\t\t\t\t\t\t\t\t\t\t\t\t\t<a class=\"fusion-rollover-link\" href=\"https:\/\/tubi.net\/fr\/prodotto\/tubes-pe100-rc-pour-distribution-de-gaz-europas-safe10?portfolioCats=506%2C504%2C485%2C548\">Tubes PE100 RC type 2 pour distribution de gaz \u00ab\u00a0Europas Safe10\u00a0\u00bb<\/a>\n\t\t\t\n\t\t\t\t\t\t\t\t\n\t\t\n\t\t\t\t\t\t\t\t\n\t\t\t\t\t\t\t\t\n\t\t\n\t\t\t\t\t\t<a class=\"fusion-link-wrapper\" href=\"https:\/\/tubi.net\/fr\/prodotto\/tubes-pe100-rc-pour-distribution-de-gaz-europas-safe10?portfolioCats=506%2C504%2C485%2C548\" aria-label=\"Tubes PE100 RC type 2 pour distribution de gaz \u00ab\u00a0Europas Safe10\u00a0\u00bb\"><\/a>\n\t<\/div>\n<\/div>\n<\/div>\n<div class=\"fusion-portfolio-content\"><h2 class=\"entry-title fusion-post-title\"><a href=\"https:\/\/tubi.net\/fr\/prodotto\/tubes-pe100-rc-pour-distribution-de-gaz-europas-safe10?portfolioCats=506%2C504%2C485%2C548\">Tubes PE100 RC type 2 pour distribution de gaz \u00ab\u00a0Europas Safe10\u00a0\u00bb<\/a><\/h2><div class=\"fusion-portfolio-meta\"><a href=\"https:\/\/tubi.net\/fr\/portfolio_category\/mgi-classe-a\" rel=\"tag\">MGI CLASSE A<\/a>, <a href=\"https:\/\/tubi.net\/fr\/portfolio_category\/tube-epd\" rel=\"tag\">Tube EPD<\/a>, <a href=\"https:\/\/tubi.net\/fr\/portfolio_category\/tuyaux-conduites-de-gaz\" rel=\"tag\">Tuyaux conduites de gaz<\/a>, <a href=\"https:\/\/tubi.net\/fr\/portfolio_category\/tuyaux-no-dig\" rel=\"tag\">Tuyaux No Dig<\/a><\/div><div class=\"fusion-post-content\"><\/div><\/div><\/div><\/article><article id=\"portfolio-1-post-12176\" class=\"fusion-portfolio-post raccords-dechetteries raccords-eau raccords-gaz raccords-irrigation fusion-col-spacing post-12176\"><div class=\"fusion-portfolio-content-wrapper\" style=\"border:none;\"><span class=\"vcard rich-snippet-hidden\"><span class=\"fn\"><a href=\"https:\/\/tubi.net\/fr\/author\/admin-2tubinet\" title=\"Articles par Admin-2@tubiNet\" rel=\"author\">Admin-2@tubiNet<\/a><\/span><\/span><span class=\"updated rich-snippet-hidden\">2022-06-17T10:31:24+02:00<\/span><div  class=\"fusion-image-wrapper fusion-image-size-fixed\" aria-haspopup=\"true\">\n\t\t\t\t<img decoding=\"async\" width=\"300\" height=\"214\" src=\"https:\/\/tubi.net\/wp-content\/uploads\/2015\/04\/RACCORDI-FORMATI-1-e1499778597585-300x214.jpg\" class=\"attachment-portfolio-three size-portfolio-three wp-post-image\" alt=\"\" \/><div class=\"fusion-rollover\">\n\t<div class=\"fusion-rollover-content\">\n\n\t\t\t\t\t\t\t\t\t\t\t\t\t\t<a class=\"fusion-rollover-link\" href=\"https:\/\/tubi.net\/fr\/prodotto\/raccords-moules-a-secteurs?portfolioCats=506%2C504%2C485%2C548\">Raccords Moul\u00e9s \u00e0 Secteurs<\/a>\n\t\t\t\n\t\t\t\t\t\t\t\t\n\t\t\n\t\t\t\t\t\t\t\t\n\t\t\t\t\t\t\t\t\n\t\t\n\t\t\t\t\t\t<a class=\"fusion-link-wrapper\" href=\"https:\/\/tubi.net\/fr\/prodotto\/raccords-moules-a-secteurs?portfolioCats=506%2C504%2C485%2C548\" aria-label=\"Raccords Moul\u00e9s \u00e0 Secteurs\"><\/a>\n\t<\/div>\n<\/div>\n<\/div>\n<div class=\"fusion-portfolio-content\"><h2 class=\"entry-title fusion-post-title\"><a href=\"https:\/\/tubi.net\/fr\/prodotto\/raccords-moules-a-secteurs?portfolioCats=506%2C504%2C485%2C548\">Raccords Moul\u00e9s \u00e0 Secteurs<\/a><\/h2><div class=\"fusion-portfolio-meta\"><a href=\"https:\/\/tubi.net\/fr\/portfolio_category\/raccords-dechetteries\" rel=\"tag\">Raccords d\u00e9chetteries<\/a>, <a href=\"https:\/\/tubi.net\/fr\/portfolio_category\/raccords-eau\" rel=\"tag\">Raccords eau<\/a>, <a href=\"https:\/\/tubi.net\/fr\/portfolio_category\/raccords-gaz\" rel=\"tag\">Raccords gaz<\/a>, <a href=\"https:\/\/tubi.net\/fr\/portfolio_category\/raccords-irrigation\" rel=\"tag\">Raccords irrigation<\/a><\/div><div class=\"fusion-post-content\"><\/div><\/div><\/div><\/article><article id=\"portfolio-1-post-12188\" class=\"fusion-portfolio-post raccords-eau raccords-gaz fusion-col-spacing post-12188\"><div class=\"fusion-portfolio-content-wrapper\" style=\"border:none;\"><span class=\"vcard rich-snippet-hidden\"><span class=\"fn\"><a href=\"https:\/\/tubi.net\/fr\/author\/admin-2tubinet\" title=\"Articles par Admin-2@tubiNet\" rel=\"author\">Admin-2@tubiNet<\/a><\/span><\/span><span class=\"updated rich-snippet-hidden\">2024-10-09T17:40:10+02:00<\/span><div  class=\"fusion-image-wrapper fusion-image-size-fixed\" aria-haspopup=\"true\">\n\t\t\t\t<img decoding=\"async\" width=\"300\" height=\"214\" src=\"https:\/\/tubi.net\/wp-content\/uploads\/2015\/04\/RACCORDI-DI-TRANSIZIONE-1-300x214.jpg\" class=\"attachment-portfolio-three size-portfolio-three wp-post-image\" alt=\"\" \/><div class=\"fusion-rollover\">\n\t<div class=\"fusion-rollover-content\">\n\n\t\t\t\t\t\t\t\t\t\t\t\t\t\t<a class=\"fusion-rollover-link\" href=\"https:\/\/tubi.net\/fr\/prodotto\/raccords-de-transition?portfolioCats=506%2C504%2C485%2C548\">Raccords De Transition<\/a>\n\t\t\t\n\t\t\t\t\t\t\t\t\n\t\t\n\t\t\t\t\t\t\t\t\n\t\t\t\t\t\t\t\t\n\t\t\n\t\t\t\t\t\t<a class=\"fusion-link-wrapper\" href=\"https:\/\/tubi.net\/fr\/prodotto\/raccords-de-transition?portfolioCats=506%2C504%2C485%2C548\" aria-label=\"Raccords De Transition\"><\/a>\n\t<\/div>\n<\/div>\n<\/div>\n<div class=\"fusion-portfolio-content\"><h2 class=\"entry-title fusion-post-title\"><a href=\"https:\/\/tubi.net\/fr\/prodotto\/raccords-de-transition?portfolioCats=506%2C504%2C485%2C548\">Raccords De Transition<\/a><\/h2><div class=\"fusion-portfolio-meta\"><a href=\"https:\/\/tubi.net\/fr\/portfolio_category\/raccords-eau\" rel=\"tag\">Raccords eau<\/a>, <a href=\"https:\/\/tubi.net\/fr\/portfolio_category\/raccords-gaz\" rel=\"tag\">Raccords gaz<\/a><\/div><div class=\"fusion-post-content\"><\/div><\/div><\/div><\/article><article id=\"portfolio-1-post-12192\" class=\"fusion-portfolio-post raccords-eau raccords-gaz raccords-irrigation raccords-thermohydraulique fusion-col-spacing post-12192\"><div class=\"fusion-portfolio-content-wrapper\" style=\"border:none;\"><span class=\"vcard rich-snippet-hidden\"><span class=\"fn\"><a href=\"https:\/\/tubi.net\/fr\/author\/admin-2tubinet\" title=\"Articles par Admin-2@tubiNet\" rel=\"author\">Admin-2@tubiNet<\/a><\/span><\/span><span class=\"updated rich-snippet-hidden\">2024-10-09T17:34:53+02:00<\/span><div  class=\"fusion-image-wrapper fusion-image-size-fixed\" aria-haspopup=\"true\">\n\t\t\t\t<img decoding=\"async\" width=\"300\" height=\"214\" src=\"https:\/\/tubi.net\/wp-content\/uploads\/2015\/04\/RACCORDI-ELETTROSALDABILI-1-e1499778565239-300x214.jpg\" class=\"attachment-portfolio-three size-portfolio-three wp-post-image\" alt=\"\" \/><div class=\"fusion-rollover\">\n\t<div class=\"fusion-rollover-content\">\n\n\t\t\t\t\t\t\t\t\t\t\t\t\t\t<a class=\"fusion-rollover-link\" href=\"https:\/\/tubi.net\/fr\/prodotto\/raccords-a-electrofusion?portfolioCats=506%2C504%2C485%2C548\">Raccords \u00e0 \u00e9lectrofusion<\/a>\n\t\t\t\n\t\t\t\t\t\t\t\t\n\t\t\n\t\t\t\t\t\t\t\t\n\t\t\t\t\t\t\t\t\n\t\t\n\t\t\t\t\t\t<a class=\"fusion-link-wrapper\" href=\"https:\/\/tubi.net\/fr\/prodotto\/raccords-a-electrofusion?portfolioCats=506%2C504%2C485%2C548\" aria-label=\"Raccords \u00e0 \u00e9lectrofusion\"><\/a>\n\t<\/div>\n<\/div>\n<\/div>\n<div class=\"fusion-portfolio-content\"><h2 class=\"entry-title fusion-post-title\"><a href=\"https:\/\/tubi.net\/fr\/prodotto\/raccords-a-electrofusion?portfolioCats=506%2C504%2C485%2C548\">Raccords \u00e0 \u00e9lectrofusion<\/a><\/h2><div class=\"fusion-portfolio-meta\"><a href=\"https:\/\/tubi.net\/fr\/portfolio_category\/raccords-eau\" rel=\"tag\">Raccords eau<\/a>, <a href=\"https:\/\/tubi.net\/fr\/portfolio_category\/raccords-gaz\" rel=\"tag\">Raccords gaz<\/a>, <a href=\"https:\/\/tubi.net\/fr\/portfolio_category\/raccords-irrigation\" rel=\"tag\">Raccords irrigation<\/a>, <a href=\"https:\/\/tubi.net\/fr\/portfolio_category\/raccords-thermohydraulique\" rel=\"tag\">Raccords thermohydraulique<\/a><\/div><div class=\"fusion-post-content\"><\/div><\/div><\/div><\/article><article id=\"portfolio-1-post-12197\" class=\"fusion-portfolio-post raccords-dechetteries raccords-gaz raccords-irrigation raccords-thermohydraulique fusion-col-spacing post-12197\"><div class=\"fusion-portfolio-content-wrapper\" style=\"border:none;\"><span class=\"vcard rich-snippet-hidden\"><span class=\"fn\"><a href=\"https:\/\/tubi.net\/fr\/author\/admin-2tubinet\" title=\"Articles par Admin-2@tubiNet\" rel=\"author\">Admin-2@tubiNet<\/a><\/span><\/span><span class=\"updated rich-snippet-hidden\">2024-10-09T17:38:13+02:00<\/span><div  class=\"fusion-image-wrapper fusion-image-size-fixed\" aria-haspopup=\"true\">\n\t\t\t\t<img decoding=\"async\" width=\"300\" height=\"214\" src=\"https:\/\/tubi.net\/wp-content\/uploads\/2015\/04\/Raccordi-Stampati-a-Saldare-e-Flange-e1499778550203-300x214.jpg\" class=\"attachment-portfolio-three size-portfolio-three wp-post-image\" alt=\"\" \/><div class=\"fusion-rollover\">\n\t<div class=\"fusion-rollover-content\">\n\n\t\t\t\t\t\t\t\t\t\t\t\t\t\t<a class=\"fusion-rollover-link\" href=\"https:\/\/tubi.net\/fr\/prodotto\/raccords-injectes-a-souder?portfolioCats=506%2C504%2C485%2C548\">Raccords inject\u00e9s \u00e0 souder<\/a>\n\t\t\t\n\t\t\t\t\t\t\t\t\n\t\t\n\t\t\t\t\t\t\t\t\n\t\t\t\t\t\t\t\t\n\t\t\n\t\t\t\t\t\t<a class=\"fusion-link-wrapper\" href=\"https:\/\/tubi.net\/fr\/prodotto\/raccords-injectes-a-souder?portfolioCats=506%2C504%2C485%2C548\" aria-label=\"Raccords inject\u00e9s \u00e0 souder\"><\/a>\n\t<\/div>\n<\/div>\n<\/div>\n<div class=\"fusion-portfolio-content\"><h2 class=\"entry-title fusion-post-title\"><a href=\"https:\/\/tubi.net\/fr\/prodotto\/raccords-injectes-a-souder?portfolioCats=506%2C504%2C485%2C548\">Raccords inject\u00e9s \u00e0 souder<\/a><\/h2><div class=\"fusion-portfolio-meta\"><a href=\"https:\/\/tubi.net\/fr\/portfolio_category\/raccords-dechetteries\" rel=\"tag\">Raccords d\u00e9chetteries<\/a>, <a href=\"https:\/\/tubi.net\/fr\/portfolio_category\/raccords-gaz\" rel=\"tag\">Raccords gaz<\/a>, <a href=\"https:\/\/tubi.net\/fr\/portfolio_category\/raccords-irrigation\" rel=\"tag\">Raccords irrigation<\/a>, <a href=\"https:\/\/tubi.net\/fr\/portfolio_category\/raccords-thermohydraulique\" rel=\"tag\">Raccords thermohydraulique<\/a><\/div><div class=\"fusion-post-content\"><\/div><\/div><\/div><\/article><\/div><\/div><div class=\"fusion-clearfix\"><\/div><\/div><\/div><\/div><\/div>\n","protected":false},"excerpt":{"rendered":"","protected":false},"author":11,"featured_media":0,"parent":9611,"menu_order":11,"comment_status":"open","ping_status":"closed","template":"side-navigation.php","meta":{"_acf_changed":false,"footnotes":""},"class_list":["post-9656","page","type-page","status-publish","hentry"],"acf":[],"_links":{"self":[{"href":"https:\/\/tubi.net\/fr\/wp-json\/wp\/v2\/pages\/9656","targetHints":{"allow":["GET"]}}],"collection":[{"href":"https:\/\/tubi.net\/fr\/wp-json\/wp\/v2\/pages"}],"about":[{"href":"https:\/\/tubi.net\/fr\/wp-json\/wp\/v2\/types\/page"}],"author":[{"embeddable":true,"href":"https:\/\/tubi.net\/fr\/wp-json\/wp\/v2\/users\/11"}],"replies":[{"embeddable":true,"href":"https:\/\/tubi.net\/fr\/wp-json\/wp\/v2\/comments?post=9656"}],"version-history":[{"count":1,"href":"https:\/\/tubi.net\/fr\/wp-json\/wp\/v2\/pages\/9656\/revisions"}],"predecessor-version":[{"id":45737,"href":"https:\/\/tubi.net\/fr\/wp-json\/wp\/v2\/pages\/9656\/revisions\/45737"}],"up":[{"embeddable":true,"href":"https:\/\/tubi.net\/fr\/wp-json\/wp\/v2\/pages\/9611"}],"wp:attachment":[{"href":"https:\/\/tubi.net\/fr\/wp-json\/wp\/v2\/media?parent=9656"}],"curies":[{"name":"wp","href":"https:\/\/api.w.org\/{rel}","templated":true}]}}