{"id":9679,"date":"2015-02-25T15:51:57","date_gmt":"2015-02-25T14:51:57","guid":{"rendered":"https:\/\/tubi.net\/applications\/applicazioni-servizi\/"},"modified":"2021-05-24T16:21:28","modified_gmt":"2021-05-24T14:21:28","slug":"service","status":"publish","type":"page","link":"https:\/\/tubi.net\/fr\/applications\/service","title":{"rendered":"Service"},"content":{"rendered":"<div class=\"fusion-fullwidth fullwidth-box fusion-builder-row-1 hundred-percent-fullwidth non-hundred-percent-height-scrolling\" style=\"--awb-border-radius-top-left:0px;--awb-border-radius-top-right:0px;--awb-border-radius-bottom-right:0px;--awb-border-radius-bottom-left:0px;--awb-overflow:visible;--awb-flex-wrap:wrap;\" ><div class=\"fusion-builder-row fusion-row\"><div class=\"fusion-layout-column fusion_builder_column fusion-builder-column-0 fusion_builder_column_1_1 1_1 fusion-one-full fusion-column-first fusion-column-last fusion-column-no-min-height\" style=\"--awb-bg-size:cover;--awb-margin-bottom:0px;\"><div class=\"fusion-column-wrapper fusion-flex-column-wrapper-legacy\"><style type=\"text\/css\">.fusion-portfolio-wrapper#fusion-portfolio-1 .fusion-portfolio-content{  text-align: left; }<\/style><div class=\"fusion-recent-works fusion-portfolio-element fusion-portfolio fusion-portfolio-1 fusion-portfolio-grid fusion-portfolio-paging-none fusion-portfolio-three fusion-portfolio-unboxed fusion-portfolio-text fusion-portfolio-rollover\" data-id=\"-rw-1\" data-columns=\"three\"><div><ul class=\"fusion-filters\" role=\"menu\" aria-label=\"Portfolio Filters\"><li role=\"presentation\" class=\"fusion-filter fusion-filter-all fusion-active\"><a href=\"#\" data-filter=\"*\" role=\"menuitem\">All<\/a><\/li><li role=\"presentation\" class=\"fusion-filter fusion-hidden\"><a href=\"#\" data-filter=\".regards-services\" role=\"menuitem\">Regards services<\/a><\/li><\/ul><\/div><style type=\"text\/css\">.fusion-portfolio-1 .fusion-portfolio-wrapper .fusion-col-spacing{padding:6px;}<\/style><div class=\"fusion-portfolio-wrapper\" id=\"fusion-portfolio-1\" data-picturesize=\"fixed\" data-pages=\"1\" style=\"margin:-6px;\"><article id=\"portfolio-1-post-12217\" class=\"fusion-portfolio-post regards-evacuations regards-services fusion-col-spacing post-12217\"><div class=\"fusion-portfolio-content-wrapper\" style=\"border:none;\"><span class=\"vcard rich-snippet-hidden\"><span class=\"fn\"><\/span><\/span><span class=\"updated rich-snippet-hidden\">2021-05-24T13:06:38+02:00<\/span><div  class=\"fusion-image-wrapper fusion-image-size-fixed\" aria-haspopup=\"true\">\n\t\t\t\t<img decoding=\"async\" width=\"300\" height=\"214\" src=\"https:\/\/tubi.net\/wp-content\/uploads\/2015\/08\/prova-sezione1RID-300x214.jpg\" class=\"attachment-portfolio-three size-portfolio-three wp-post-image\" alt=\"pozzetti-in-pead\" \/><div class=\"fusion-rollover\">\n\t<div class=\"fusion-rollover-content\">\n\n\t\t\t\t\t\t\t\t\t\t\t\t\t\t<a class=\"fusion-rollover-link\" href=\"https:\/\/tubi.net\/fr\/prodotto\/regards-en-pe-compose-de-tubes-structures-de-type-spirale-2?portfolioCats=526%2C492\">Regards En PE Compos\u00e9s De Tubes Structur\u00e9s De Type Spirale<\/a>\n\t\t\t\n\t\t\t\t\t\t\t\t\n\t\t\n\t\t\t\t\t\t\t\t\n\t\t\t\t\t\t\t\t\n\t\t\n\t\t\t\t\t\t<a class=\"fusion-link-wrapper\" href=\"https:\/\/tubi.net\/fr\/prodotto\/regards-en-pe-compose-de-tubes-structures-de-type-spirale-2?portfolioCats=526%2C492\" aria-label=\"Regards En PE Compos\u00e9s De Tubes Structur\u00e9s De Type Spirale\"><\/a>\n\t<\/div>\n<\/div>\n<\/div>\n<div class=\"fusion-portfolio-content\"><h2 class=\"entry-title fusion-post-title\"><a href=\"https:\/\/tubi.net\/fr\/prodotto\/regards-en-pe-compose-de-tubes-structures-de-type-spirale-2?portfolioCats=526%2C492\">Regards En PE Compos\u00e9s De Tubes Structur\u00e9s De Type Spirale<\/a><\/h2><div class=\"fusion-portfolio-meta\"><a href=\"https:\/\/tubi.net\/fr\/portfolio_category\/regards-evacuations\" rel=\"tag\">Regards \u00e9vacuations<\/a>, <a href=\"https:\/\/tubi.net\/fr\/portfolio_category\/regards-services\" rel=\"tag\">Regards services<\/a><\/div><div class=\"fusion-post-content\"><\/div><\/div><\/div><\/article><article id=\"portfolio-1-post-12219\" class=\"fusion-portfolio-post regards-evacuations regards-services fusion-col-spacing post-12219\"><div class=\"fusion-portfolio-content-wrapper\" style=\"border:none;\"><span class=\"vcard rich-snippet-hidden\"><span class=\"fn\"><a href=\"https:\/\/tubi.net\/fr\/author\/admin-2tubinet\" title=\"Articles par Admin-2@tubiNet\" rel=\"author\">Admin-2@tubiNet<\/a><\/span><\/span><span class=\"updated rich-snippet-hidden\">2022-02-15T15:01:20+01:00<\/span><div  class=\"fusion-image-wrapper fusion-image-size-fixed\" aria-haspopup=\"true\">\n\t\t\t\t<img decoding=\"async\" width=\"300\" height=\"214\" src=\"https:\/\/tubi.net\/wp-content\/uploads\/2015\/08\/Pozzetto-in-PE-formati-da-tubi-strutturati-tipo-corrugato-DN1000-corrugato-X-Corrugato_1-300x214.jpg\" class=\"attachment-portfolio-three size-portfolio-three wp-post-image\" alt=\"\" \/><div class=\"fusion-rollover\">\n\t<div class=\"fusion-rollover-content\">\n\n\t\t\t\t\t\t\t\t\t\t\t\t\t\t<a class=\"fusion-rollover-link\" href=\"https:\/\/tubi.net\/fr\/prodotto\/regards-en-pe-compose-de-tubes-structures-de-type-annele?portfolioCats=526%2C492\">Regards En PE Compos\u00e9s De Tubes Structur\u00e9s De Type Annel\u00e9<\/a>\n\t\t\t\n\t\t\t\t\t\t\t\t\n\t\t\n\t\t\t\t\t\t\t\t\n\t\t\t\t\t\t\t\t\n\t\t\n\t\t\t\t\t\t<a class=\"fusion-link-wrapper\" href=\"https:\/\/tubi.net\/fr\/prodotto\/regards-en-pe-compose-de-tubes-structures-de-type-annele?portfolioCats=526%2C492\" aria-label=\"Regards En PE Compos\u00e9s De Tubes Structur\u00e9s De Type Annel\u00e9\"><\/a>\n\t<\/div>\n<\/div>\n<\/div>\n<div class=\"fusion-portfolio-content\"><h2 class=\"entry-title fusion-post-title\"><a href=\"https:\/\/tubi.net\/fr\/prodotto\/regards-en-pe-compose-de-tubes-structures-de-type-annele?portfolioCats=526%2C492\">Regards En PE Compos\u00e9s De Tubes Structur\u00e9s De Type Annel\u00e9<\/a><\/h2><div class=\"fusion-portfolio-meta\"><a href=\"https:\/\/tubi.net\/fr\/portfolio_category\/regards-evacuations\" rel=\"tag\">Regards \u00e9vacuations<\/a>, <a href=\"https:\/\/tubi.net\/fr\/portfolio_category\/regards-services\" rel=\"tag\">Regards services<\/a><\/div><div class=\"fusion-post-content\"><\/div><\/div><\/div><\/article><article id=\"portfolio-1-post-26128\" class=\"fusion-portfolio-post regards-evacuations regards-services fusion-col-spacing post-26128\"><div class=\"fusion-portfolio-content-wrapper\" style=\"border:none;\"><span class=\"vcard rich-snippet-hidden\"><span class=\"fn\"><a href=\"https:\/\/tubi.net\/fr\/author\/admin-2tubinet\" title=\"Articles par Admin-2@tubiNet\" rel=\"author\">Admin-2@tubiNet<\/a><\/span><\/span><span class=\"updated rich-snippet-hidden\">2022-02-15T14:59:56+01:00<\/span><div  class=\"fusion-image-wrapper fusion-image-size-fixed\" aria-haspopup=\"true\">\n\t\t\t\t<img decoding=\"async\" width=\"300\" height=\"214\" src=\"https:\/\/tubi.net\/wp-content\/uploads\/2015\/08\/prova-sezione1RID-300x214.jpg\" class=\"attachment-portfolio-three size-portfolio-three wp-post-image\" alt=\"pozzetti-in-pead\" \/><div class=\"fusion-rollover\">\n\t<div class=\"fusion-rollover-content\">\n\n\t\t\t\t\t\t\t\t\t\t\t\t\t\t<a class=\"fusion-rollover-link\" href=\"https:\/\/tubi.net\/fr\/prodotto\/regards-en-pe-compose-de-tubes-structures-de-type-spirale?portfolioCats=526%2C492\">Regards En PE Compos\u00e9s De Tubes Structur\u00e9s De Type Spirale<\/a>\n\t\t\t\n\t\t\t\t\t\t\t\t\n\t\t\n\t\t\t\t\t\t\t\t\n\t\t\t\t\t\t\t\t\n\t\t\n\t\t\t\t\t\t<a class=\"fusion-link-wrapper\" href=\"https:\/\/tubi.net\/fr\/prodotto\/regards-en-pe-compose-de-tubes-structures-de-type-spirale?portfolioCats=526%2C492\" aria-label=\"Regards En PE Compos\u00e9s De Tubes Structur\u00e9s De Type Spirale\"><\/a>\n\t<\/div>\n<\/div>\n<\/div>\n<div class=\"fusion-portfolio-content\"><h2 class=\"entry-title fusion-post-title\"><a href=\"https:\/\/tubi.net\/fr\/prodotto\/regards-en-pe-compose-de-tubes-structures-de-type-spirale?portfolioCats=526%2C492\">Regards En PE Compos\u00e9s De Tubes Structur\u00e9s De Type Spirale<\/a><\/h2><div class=\"fusion-portfolio-meta\"><a href=\"https:\/\/tubi.net\/fr\/portfolio_category\/regards-evacuations\" rel=\"tag\">Regards \u00e9vacuations<\/a>, <a href=\"https:\/\/tubi.net\/fr\/portfolio_category\/regards-services\" rel=\"tag\">Regards services<\/a><\/div><div class=\"fusion-post-content\"><\/div><\/div><\/div><\/article><article id=\"portfolio-1-post-12220\" class=\"fusion-portfolio-post regards-dechetteries regards-evacuations regards-services fusion-col-spacing post-12220\"><div class=\"fusion-portfolio-content-wrapper\" style=\"border:none;\"><span class=\"vcard rich-snippet-hidden\"><span class=\"fn\"><a href=\"https:\/\/tubi.net\/fr\/author\/admin-2tubinet\" title=\"Articles par Admin-2@tubiNet\" rel=\"author\">Admin-2@tubiNet<\/a><\/span><\/span><span class=\"updated rich-snippet-hidden\">2022-02-15T15:02:17+01:00<\/span><div  class=\"fusion-image-wrapper fusion-image-size-fixed\" aria-haspopup=\"true\">\n\t\t\t\t<img decoding=\"async\" width=\"300\" height=\"214\" src=\"https:\/\/tubi.net\/wp-content\/uploads\/2015\/08\/Pozzetto-in-PE-formati-da-tubi-DN1000-tubo-liscio-X-Currugato_7RID1-300x214.jpg\" class=\"attachment-portfolio-three size-portfolio-three wp-post-image\" alt=\"\" \/><div class=\"fusion-rollover\">\n\t<div class=\"fusion-rollover-content\">\n\n\t\t\t\t\t\t\t\t\t\t\t\t\t\t<a class=\"fusion-rollover-link\" href=\"https:\/\/tubi.net\/fr\/prodotto\/regards-en-pe-compose-de-tubes-lisses?portfolioCats=526%2C492\">Regards En PE Compos\u00e9s De Tubes Lisses<\/a>\n\t\t\t\n\t\t\t\t\t\t\t\t\n\t\t\n\t\t\t\t\t\t\t\t\n\t\t\t\t\t\t\t\t\n\t\t\n\t\t\t\t\t\t<a class=\"fusion-link-wrapper\" href=\"https:\/\/tubi.net\/fr\/prodotto\/regards-en-pe-compose-de-tubes-lisses?portfolioCats=526%2C492\" aria-label=\"Regards En PE Compos\u00e9s De Tubes Lisses\"><\/a>\n\t<\/div>\n<\/div>\n<\/div>\n<div class=\"fusion-portfolio-content\"><h2 class=\"entry-title fusion-post-title\"><a href=\"https:\/\/tubi.net\/fr\/prodotto\/regards-en-pe-compose-de-tubes-lisses?portfolioCats=526%2C492\">Regards En PE Compos\u00e9s De Tubes Lisses<\/a><\/h2><div class=\"fusion-portfolio-meta\"><a href=\"https:\/\/tubi.net\/fr\/portfolio_category\/regards-dechetteries\" rel=\"tag\">Regards d\u00e9chetteries<\/a>, <a href=\"https:\/\/tubi.net\/fr\/portfolio_category\/regards-evacuations\" rel=\"tag\">Regards \u00e9vacuations<\/a>, <a href=\"https:\/\/tubi.net\/fr\/portfolio_category\/regards-services\" rel=\"tag\">Regards services<\/a><\/div><div class=\"fusion-post-content\"><\/div><\/div><\/div><\/article><article id=\"portfolio-1-post-12224\" class=\"fusion-portfolio-post regards-evacuations regards-services fusion-col-spacing post-12224\"><div class=\"fusion-portfolio-content-wrapper\" style=\"border:none;\"><span class=\"vcard rich-snippet-hidden\"><span class=\"fn\"><a href=\"https:\/\/tubi.net\/fr\/author\/admin-2tubinet\" title=\"Articles par Admin-2@tubiNet\" rel=\"author\">Admin-2@tubiNet<\/a><\/span><\/span><span class=\"updated rich-snippet-hidden\">2022-09-07T12:32:45+02:00<\/span><div  class=\"fusion-image-wrapper fusion-image-size-fixed\" aria-haspopup=\"true\">\n\t\t\t\t<img decoding=\"async\" width=\"300\" height=\"214\" src=\"https:\/\/tubi.net\/wp-content\/uploads\/2015\/08\/19RID-e1442907000660-300x214.jpg\" class=\"attachment-portfolio-three size-portfolio-three wp-post-image\" alt=\"\" \/><div class=\"fusion-rollover\">\n\t<div class=\"fusion-rollover-content\">\n\n\t\t\t\t\t\t\t\t\t\t\t\t\t\t<a class=\"fusion-rollover-link\" href=\"https:\/\/tubi.net\/fr\/prodotto\/regards-moules-en-pe?portfolioCats=526%2C492\">Regards Moul\u00e9s en PE<\/a>\n\t\t\t\n\t\t\t\t\t\t\t\t\n\t\t\n\t\t\t\t\t\t\t\t\n\t\t\t\t\t\t\t\t\n\t\t\n\t\t\t\t\t\t<a class=\"fusion-link-wrapper\" href=\"https:\/\/tubi.net\/fr\/prodotto\/regards-moules-en-pe?portfolioCats=526%2C492\" aria-label=\"Regards Moul\u00e9s en PE\"><\/a>\n\t<\/div>\n<\/div>\n<\/div>\n<div class=\"fusion-portfolio-content\"><h2 class=\"entry-title fusion-post-title\"><a href=\"https:\/\/tubi.net\/fr\/prodotto\/regards-moules-en-pe?portfolioCats=526%2C492\">Regards Moul\u00e9s en PE<\/a><\/h2><div class=\"fusion-portfolio-meta\"><a href=\"https:\/\/tubi.net\/fr\/portfolio_category\/regards-evacuations\" rel=\"tag\">Regards \u00e9vacuations<\/a>, <a href=\"https:\/\/tubi.net\/fr\/portfolio_category\/regards-services\" rel=\"tag\">Regards services<\/a><\/div><div class=\"fusion-post-content\"><\/div><\/div><\/div><\/article><article id=\"portfolio-1-post-12245\" class=\"fusion-portfolio-post regards-electrique-telephonie regards-services fusion-col-spacing post-12245\"><div class=\"fusion-portfolio-content-wrapper\" style=\"border:none;\"><span class=\"vcard rich-snippet-hidden\"><span class=\"fn\"><\/span><\/span><span class=\"updated rich-snippet-hidden\">2015-12-17T10:52:43+01:00<\/span><div  class=\"fusion-image-wrapper fusion-image-size-fixed\" aria-haspopup=\"true\">\n\t\t\t\t<img decoding=\"async\" width=\"300\" height=\"214\" src=\"https:\/\/tubi.net\/wp-content\/uploads\/2014\/10\/pozzetto-con-tappo1-300x214.jpg\" class=\"attachment-portfolio-three size-portfolio-three wp-post-image\" alt=\"\" \/><div class=\"fusion-rollover\">\n\t<div class=\"fusion-rollover-content\">\n\n\t\t\t\t\t\t\t\t\t\t\t\t\t\t<a class=\"fusion-rollover-link\" href=\"https:\/\/tubi.net\/fr\/prodotto\/regards-monobloc-en-pe?portfolioCats=526%2C492\">Regards Monobloc En PE<\/a>\n\t\t\t\n\t\t\t\t\t\t\t\t\n\t\t\n\t\t\t\t\t\t\t\t\n\t\t\t\t\t\t\t\t\n\t\t\n\t\t\t\t\t\t<a class=\"fusion-link-wrapper\" href=\"https:\/\/tubi.net\/fr\/prodotto\/regards-monobloc-en-pe?portfolioCats=526%2C492\" aria-label=\"Regards Monobloc En PE\"><\/a>\n\t<\/div>\n<\/div>\n<\/div>\n<div class=\"fusion-portfolio-content\"><h2 class=\"entry-title fusion-post-title\"><a href=\"https:\/\/tubi.net\/fr\/prodotto\/regards-monobloc-en-pe?portfolioCats=526%2C492\">Regards Monobloc En PE<\/a><\/h2><div class=\"fusion-portfolio-meta\"><a href=\"https:\/\/tubi.net\/fr\/portfolio_category\/regards-electrique-telephonie\" rel=\"tag\">Regards \u00e9lectrique t\u00e9l\u00e9phonie<\/a>, <a href=\"https:\/\/tubi.net\/fr\/portfolio_category\/regards-services\" rel=\"tag\">Regards services<\/a><\/div><div class=\"fusion-post-content\"><\/div><\/div><\/div><\/article><\/div><\/div><div class=\"fusion-text fusion-text-1\"><\/div><div class=\"fusion-clearfix\"><\/div><\/div><\/div><\/div><\/div>\n","protected":false},"excerpt":{"rendered":"","protected":false},"author":1,"featured_media":0,"parent":9611,"menu_order":19,"comment_status":"open","ping_status":"closed","template":"side-navigation.php","meta":{"_acf_changed":false,"footnotes":""},"class_list":["post-9679","page","type-page","status-publish","hentry"],"acf":[],"_links":{"self":[{"href":"https:\/\/tubi.net\/fr\/wp-json\/wp\/v2\/pages\/9679","targetHints":{"allow":["GET"]}}],"collection":[{"href":"https:\/\/tubi.net\/fr\/wp-json\/wp\/v2\/pages"}],"about":[{"href":"https:\/\/tubi.net\/fr\/wp-json\/wp\/v2\/types\/page"}],"author":[{"embeddable":true,"href":"https:\/\/tubi.net\/fr\/wp-json\/wp\/v2\/users\/1"}],"replies":[{"embeddable":true,"href":"https:\/\/tubi.net\/fr\/wp-json\/wp\/v2\/comments?post=9679"}],"version-history":[{"count":0,"href":"https:\/\/tubi.net\/fr\/wp-json\/wp\/v2\/pages\/9679\/revisions"}],"up":[{"embeddable":true,"href":"https:\/\/tubi.net\/fr\/wp-json\/wp\/v2\/pages\/9611"}],"wp:attachment":[{"href":"https:\/\/tubi.net\/fr\/wp-json\/wp\/v2\/media?parent=9679"}],"curies":[{"name":"wp","href":"https:\/\/api.w.org\/{rel}","templated":true}]}}